{"id":1486,"date":"2026-01-10T02:42:21","date_gmt":"2026-01-10T02:42:21","guid":{"rendered":"https:\/\/www.czqunfa.com\/?post_type=product&#038;p=1486"},"modified":"2026-01-10T03:23:04","modified_gmt":"2026-01-10T03:23:04","slug":"ceramic-ice-cream-bowls-wholesale","status":"publish","type":"product","link":"https:\/\/www.czqunfa.com\/fr\/produit\/ceramic-ice-cream-bowls-wholesale\/","title":{"rendered":"Bols \u00e0 glace en c\u00e9ramique Wholesale, Bols ronds \u00e9maill\u00e9s Custom"},"content":{"rendered":"<div class=\"wp-block-columns is-layout-flex wp-container-core-columns-is-layout-9d6595d7 wp-block-columns-is-layout-flex\">\n<div class=\"wp-block-column is-layout-flow wp-block-column-is-layout-flow\">\n<h2 class=\"wp-block-heading\">Caract\u00e9ristiques du bol \u00e0 ramen personnalis\u00e9<\/h2>\n\n\n\n<ul class=\"wp-block-list\">\n<li><strong>Mat\u00e9riau c\u00e9ramique de haute qualit\u00e9 :<\/strong> Ces bols \u00e0 glace en c\u00e9ramique sont fabriqu\u00e9s \u00e0 partir de mati\u00e8res premi\u00e8res en c\u00e9ramique de haute qualit\u00e9 soigneusement s\u00e9lectionn\u00e9es, cuites \u00e0 haute temp\u00e9rature, ce qui donne une structure dense avec une excellente r\u00e9sistance \u00e0 la chaleur et au froid. Ils conviennent pour une utilisation r\u00e9p\u00e9t\u00e9e avec des aliments chauds et froids et r\u00e9pondent aux besoins d'une utilisation commerciale fr\u00e9quente.<\/li>\n\n\n\n<li><strong>Proc\u00e9d\u00e9 de gla\u00e7age color\u00e9, aspect stable :<\/strong> Ces bols \u00e0 glace en c\u00e9ramique utilisent un processus d'application de gla\u00e7ure de couleur mature, r\u00e9sultant en une surface de gla\u00e7ure uniforme et d\u00e9licate avec une couleur stable qui ne s'estompe pas facilement, convenant \u00e0 la personnalisation de la marque et \u00e0 l'approvisionnement en vrac \u00e0 long terme.<\/li>\n\n\n\n<li><strong>Gla\u00e7age lisse et facile \u00e0 nettoyer : <\/strong>Nos bols en c\u00e9ramique personnalis\u00e9s sont recouverts d'une gla\u00e7ure richement color\u00e9e, lisse et non tachante, rapide \u00e0 rincer et lavable au lave-vaisselle, ce qui permet d'\u00e9conomiser du temps et des efforts en mati\u00e8re d'entretien.<\/li>\n\n\n\n<li><strong>Application multi-sc\u00e8ne et multi-usage : <\/strong>Nos bols \u00e0 glace en c\u00e9ramique conviennent non seulement aux bols \u00e0 glace, mais aussi aux bols \u00e0 dessert, aux bols \u00e0 salade et aux bols \u00e0 ap\u00e9ritif, largement utilis\u00e9s dans les restaurants, les caf\u00e9s, les magasins de desserts et les circuits de vente au d\u00e9tail.<\/li>\n\n\n\n<li><strong>La production en gros et sur mesure est prise en charge :<\/strong> Ces bols \u00e0 glace en c\u00e9ramique offrent des services de personnalisation OEM\/ODM avec une quantit\u00e9 minimale de commande de 1000 pi\u00e8ces, ce qui convient aux propri\u00e9taires de marques, aux cha\u00eenes de restaurants et aux importateurs pour les achats en gros.<\/li>\n<\/ul>\n<\/div>\n\n\n\n<div class=\"wp-block-column is-layout-flow wp-block-column-is-layout-flow\">\n<figure class=\"wp-block-image size-full\"><img decoding=\"async\" width=\"800\" height=\"800\" src=\"https:\/\/www.czqunfa.com\/wp-content\/uploads\/2026\/01\/ceramic-ice-cream-bowls-wholesale-glazed-round-bowl-custom-2.webp\" alt=\"bols \u00e0 glace en c\u00e9ramique - bols en gros - bols ronds \u00e9maill\u00e9s - sur mesure - 2\" class=\"wp-image-1492\" srcset=\"https:\/\/www.czqunfa.com\/wp-content\/uploads\/2026\/01\/ceramic-ice-cream-bowls-wholesale-glazed-round-bowl-custom-2.webp 800w, https:\/\/www.czqunfa.com\/wp-content\/uploads\/2026\/01\/ceramic-ice-cream-bowls-wholesale-glazed-round-bowl-custom-2-300x300.webp 300w, https:\/\/www.czqunfa.com\/wp-content\/uploads\/2026\/01\/ceramic-ice-cream-bowls-wholesale-glazed-round-bowl-custom-2-150x150.webp 150w, https:\/\/www.czqunfa.com\/wp-content\/uploads\/2026\/01\/ceramic-ice-cream-bowls-wholesale-glazed-round-bowl-custom-2-768x768.webp 768w, https:\/\/www.czqunfa.com\/wp-content\/uploads\/2026\/01\/ceramic-ice-cream-bowls-wholesale-glazed-round-bowl-custom-2-12x12.webp 12w, https:\/\/www.czqunfa.com\/wp-content\/uploads\/2026\/01\/ceramic-ice-cream-bowls-wholesale-glazed-round-bowl-custom-2-600x600.webp 600w, https:\/\/www.czqunfa.com\/wp-content\/uploads\/2026\/01\/ceramic-ice-cream-bowls-wholesale-glazed-round-bowl-custom-2-100x100.webp 100w\" sizes=\"(max-width: 800px) 100vw, 800px\" \/><\/figure>\n<\/div>\n<\/div>\n\n\n\n<figure class=\"wp-block-gallery has-nested-images columns-default is-cropped wp-block-gallery-1 is-layout-flex wp-block-gallery-is-layout-flex\">\n<figure class=\"wp-block-image size-full\"><img decoding=\"async\" width=\"800\" height=\"800\" data-id=\"1495\" src=\"https:\/\/www.czqunfa.com\/wp-content\/uploads\/2026\/01\/ceramic-ice-cream-bowls-wholesale-glazed-round-bowl-custom-5.webp\" alt=\"bols \u00e0 glace en c\u00e9ramique - bols en gros - bols ronds \u00e9maill\u00e9s - sur mesure - 5\" class=\"wp-image-1495\" srcset=\"https:\/\/www.czqunfa.com\/wp-content\/uploads\/2026\/01\/ceramic-ice-cream-bowls-wholesale-glazed-round-bowl-custom-5.webp 800w, https:\/\/www.czqunfa.com\/wp-content\/uploads\/2026\/01\/ceramic-ice-cream-bowls-wholesale-glazed-round-bowl-custom-5-300x300.webp 300w, https:\/\/www.czqunfa.com\/wp-content\/uploads\/2026\/01\/ceramic-ice-cream-bowls-wholesale-glazed-round-bowl-custom-5-150x150.webp 150w, https:\/\/www.czqunfa.com\/wp-content\/uploads\/2026\/01\/ceramic-ice-cream-bowls-wholesale-glazed-round-bowl-custom-5-768x768.webp 768w, https:\/\/www.czqunfa.com\/wp-content\/uploads\/2026\/01\/ceramic-ice-cream-bowls-wholesale-glazed-round-bowl-custom-5-12x12.webp 12w, https:\/\/www.czqunfa.com\/wp-content\/uploads\/2026\/01\/ceramic-ice-cream-bowls-wholesale-glazed-round-bowl-custom-5-600x600.webp 600w, https:\/\/www.czqunfa.com\/wp-content\/uploads\/2026\/01\/ceramic-ice-cream-bowls-wholesale-glazed-round-bowl-custom-5-100x100.webp 100w\" sizes=\"(max-width: 800px) 100vw, 800px\" \/><\/figure>\n\n\n\n<figure class=\"wp-block-image size-full\"><img decoding=\"async\" width=\"800\" height=\"800\" data-id=\"1493\" src=\"https:\/\/www.czqunfa.com\/wp-content\/uploads\/2026\/01\/ceramic-ice-cream-bowls-wholesale-glazed-round-bowl-custom-3.webp\" alt=\"bols \u00e0 glace en c\u00e9ramique - bols en gros - bols ronds \u00e9maill\u00e9s - sur mesure - 3\" class=\"wp-image-1493\" srcset=\"https:\/\/www.czqunfa.com\/wp-content\/uploads\/2026\/01\/ceramic-ice-cream-bowls-wholesale-glazed-round-bowl-custom-3.webp 800w, https:\/\/www.czqunfa.com\/wp-content\/uploads\/2026\/01\/ceramic-ice-cream-bowls-wholesale-glazed-round-bowl-custom-3-300x300.webp 300w, https:\/\/www.czqunfa.com\/wp-content\/uploads\/2026\/01\/ceramic-ice-cream-bowls-wholesale-glazed-round-bowl-custom-3-150x150.webp 150w, https:\/\/www.czqunfa.com\/wp-content\/uploads\/2026\/01\/ceramic-ice-cream-bowls-wholesale-glazed-round-bowl-custom-3-768x768.webp 768w, https:\/\/www.czqunfa.com\/wp-content\/uploads\/2026\/01\/ceramic-ice-cream-bowls-wholesale-glazed-round-bowl-custom-3-12x12.webp 12w, https:\/\/www.czqunfa.com\/wp-content\/uploads\/2026\/01\/ceramic-ice-cream-bowls-wholesale-glazed-round-bowl-custom-3-600x600.webp 600w, https:\/\/www.czqunfa.com\/wp-content\/uploads\/2026\/01\/ceramic-ice-cream-bowls-wholesale-glazed-round-bowl-custom-3-100x100.webp 100w\" sizes=\"(max-width: 800px) 100vw, 800px\" \/><\/figure>\n<\/figure>","protected":false},"excerpt":{"rendered":"<p>Nous vous invitons \u00e0 acheter en gros ces bols \u00e0 glace en c\u00e9ramique, fabriqu\u00e9s \u00e0 partir d'une c\u00e9ramique de haute qualit\u00e9 et d'une technologie de gla\u00e7age color\u00e9. Ils offrent une r\u00e9sistance \u00e0 la chaleur et au froid et une apparence stable, convenant \u00e0 divers sc\u00e9narios de restauration tels que la cr\u00e8me glac\u00e9e, les desserts et les salades. Ils passent au lave-vaisselle, au micro-ondes et au four et r\u00e9pondent aux besoins commerciaux fr\u00e9quents. Ils constituent un choix id\u00e9al pour les marques de restauration, les d\u00e9taillants et les importateurs.<\/p>\n<h2>Bols \u00e0 glace en c\u00e9ramique Param\u00e8tre en gros<\/h2>\n<table border=\"0\" width=\"328\" cellspacing=\"0\" cellpadding=\"0\">\n<tbody>\n<tr>\n<td width=\"116\" height=\"17\">Fabricant<\/td>\n<td width=\"211\">QUNFA<\/td>\n<\/tr>\n<tr>\n<td width=\"116\" height=\"17\">Type de produit<\/td>\n<td>Bol en c\u00e9ramique<\/td>\n<\/tr>\n<tr>\n<td width=\"116\" height=\"17\">Num\u00e9ro de mod\u00e8le.<\/td>\n<td width=\"211\">QF18-260<\/td>\n<\/tr>\n<tr>\n<td width=\"116\" height=\"17\">Mat\u00e9riau<\/td>\n<td width=\"211\">Gr\u00e8s<\/td>\n<\/tr>\n<tr>\n<td width=\"116\" height=\"17\">Couleur<\/td>\n<td width=\"211\">Rouge, jaune, vert, bleu clair<\/td>\n<\/tr>\n<tr>\n<td width=\"116\" height=\"16\">Dimension<\/td>\n<td width=\"211\">15*15*9.4CM<\/td>\n<\/tr>\n<tr>\n<td width=\"116\" height=\"17\">Quantit\u00e9 minimale de commande<\/td>\n<td width=\"211\">1000 pi\u00e8ces<\/td>\n<\/tr>\n<tr>\n<td width=\"116\" height=\"17\">Personnalis\u00e9<\/td>\n<td width=\"211\">Couleur\/Taille\/Logo\/Emballage\/Forme<\/td>\n<\/tr>\n<\/tbody>\n<\/table>","protected":false},"featured_media":1494,"comment_status":"closed","ping_status":"closed","template":"","meta":{"_acf_changed":false},"product_brand":[],"product_cat":[20,36],"product_tag":[],"class_list":{"0":"post-1486","1":"product","2":"type-product","3":"status-publish","4":"has-post-thumbnail","6":"product_cat-dinnerware-supplier","7":"product_cat-ceramic-bowl-supplier","9":"first","10":"instock","11":"shipping-taxable","12":"product-type-simple"},"acf":[],"_links":{"self":[{"href":"https:\/\/www.czqunfa.com\/fr\/wp-json\/wp\/v2\/product\/1486","targetHints":{"allow":["GET"]}}],"collection":[{"href":"https:\/\/www.czqunfa.com\/fr\/wp-json\/wp\/v2\/product"}],"about":[{"href":"https:\/\/www.czqunfa.com\/fr\/wp-json\/wp\/v2\/types\/product"}],"replies":[{"embeddable":true,"href":"https:\/\/www.czqunfa.com\/fr\/wp-json\/wp\/v2\/comments?post=1486"}],"wp:featuredmedia":[{"embeddable":true,"href":"https:\/\/www.czqunfa.com\/fr\/wp-json\/wp\/v2\/media\/1494"}],"wp:attachment":[{"href":"https:\/\/www.czqunfa.com\/fr\/wp-json\/wp\/v2\/media?parent=1486"}],"wp:term":[{"taxonomy":"product_brand","embeddable":true,"href":"https:\/\/www.czqunfa.com\/fr\/wp-json\/wp\/v2\/product_brand?post=1486"},{"taxonomy":"product_cat","embeddable":true,"href":"https:\/\/www.czqunfa.com\/fr\/wp-json\/wp\/v2\/product_cat?post=1486"},{"taxonomy":"product_tag","embeddable":true,"href":"https:\/\/www.czqunfa.com\/fr\/wp-json\/wp\/v2\/product_tag?post=1486"}],"curies":[{"name":"wp","href":"https:\/\/api.w.org\/{rel}","templated":true}]}}