{"id":1463,"date":"2026-01-10T01:49:20","date_gmt":"2026-01-10T01:49:20","guid":{"rendered":"https:\/\/www.czqunfa.com\/?post_type=product&#038;p=1463"},"modified":"2026-01-10T02:35:18","modified_gmt":"2026-01-10T02:35:18","slug":"wholesale-ceramic-bowls","status":"publish","type":"product","link":"https:\/\/www.czqunfa.com\/fr\/produit\/wholesale-ceramic-bowls\/","title":{"rendered":"6.5\u2033 Wholesale Ceramic Bowls, Conical Deep Soup Bowl Supply"},"content":{"rendered":"<div class=\"wp-block-columns is-layout-flex wp-container-core-columns-is-layout-9d6595d7 wp-block-columns-is-layout-flex\">\n<div class=\"wp-block-column is-layout-flow wp-block-column-is-layout-flow\">\n<h2 class=\"wp-block-heading\">Caract\u00e9ristiques des bols en c\u00e9ramique en gros<\/h2>\n\n\n\n<ul class=\"wp-block-list\">\n<li><strong>Moderne et minimaliste, avec de multiples options de couleurs :<\/strong> Ces bols en c\u00e9ramique de gros offrent une vari\u00e9t\u00e9 de couleurs douces et contemporaines. Les bols coniques profonds associ\u00e9s \u00e0 une base grise uniforme cr\u00e9ent un \u00e9l\u00e9gant design bicolore, un style simple et polyvalent adapt\u00e9 \u00e0 divers espaces commerciaux (tels que les restaurants, les h\u00f4tels et les magasins d'alimentation l\u00e9g\u00e8re).<\/li>\n\n\n\n<li><strong>Mat\u00e9riau c\u00e9ramique de haute qualit\u00e9 :<\/strong> Ces bols en c\u00e9ramique de gros sont fabriqu\u00e9s \u00e0 partir de c\u00e9ramiques de haute qualit\u00e9 soigneusement s\u00e9lectionn\u00e9es, cuites \u00e0 haute temp\u00e9rature, ce qui donne une structure dense avec une excellente r\u00e9sistance \u00e0 la chaleur et au froid, adapt\u00e9e \u00e0 une utilisation \u00e0 long terme et \u00e0 haute fr\u00e9quence.<\/li>\n\n\n\n<li><strong>Conception conique \u00e0 bouche profonde : <\/strong>Ces bols en c\u00e9ramique de gros pr\u00e9sentent une forme conique classique, une grande capacit\u00e9 et une profondeur raisonnable, ce qui les rend id\u00e9aux pour servir des soupes, des nouilles et divers plats, r\u00e9pondant ainsi aux besoins des march\u00e9s de la restauration et de la vente au d\u00e9tail.<\/li>\n\n\n\n<li><strong>Surface facile \u00e0 nettoyer :<\/strong> Ce bol \u00e0 soupe profond est recouvert d'un gla\u00e7age lisse et d\u00e9licat, r\u00e9sistant aux taches d'huile et aux odeurs, ce qui facilite et acc\u00e9l\u00e8re le nettoyage. Il convient aussi bien \u00e0 la maison qu'au commerce.<\/li>\n\n\n\n<li><strong>S\u00fbr et durable :<\/strong> Ces bols en c\u00e9ramique peuvent \u00eatre utilis\u00e9s comme bol \u00e0 soupe, bol \u00e0 nouilles instantan\u00e9es, bol \u00e0 salade ou bol \u00e0 plat principal. Ils passent au lave-vaisselle, au micro-ondes et au four, r\u00e9pondant ainsi aux besoins pratiques de la restauration moderne et des achats en gros.<\/li>\n<\/ul>\n<\/div>\n\n\n\n<div class=\"wp-block-column is-layout-flow wp-block-column-is-layout-flow\">\n<figure class=\"wp-block-image size-full\"><img decoding=\"async\" width=\"800\" height=\"800\" src=\"https:\/\/www.czqunfa.com\/wp-content\/uploads\/2026\/01\/6-522-wholesale-ceramic-bowls-conical-deep-soup-bowl-supply-6.png\" alt=\"wholesale-ceramic-bowls-conical-deep-soup-bowl-supply-6\" class=\"wp-image-1469\" srcset=\"https:\/\/www.czqunfa.com\/wp-content\/uploads\/2026\/01\/6-522-wholesale-ceramic-bowls-conical-deep-soup-bowl-supply-6.png 800w, https:\/\/www.czqunfa.com\/wp-content\/uploads\/2026\/01\/6-522-wholesale-ceramic-bowls-conical-deep-soup-bowl-supply-6-300x300.png 300w, https:\/\/www.czqunfa.com\/wp-content\/uploads\/2026\/01\/6-522-wholesale-ceramic-bowls-conical-deep-soup-bowl-supply-6-150x150.png 150w, https:\/\/www.czqunfa.com\/wp-content\/uploads\/2026\/01\/6-522-wholesale-ceramic-bowls-conical-deep-soup-bowl-supply-6-768x768.png 768w, https:\/\/www.czqunfa.com\/wp-content\/uploads\/2026\/01\/6-522-wholesale-ceramic-bowls-conical-deep-soup-bowl-supply-6-12x12.png 12w, https:\/\/www.czqunfa.com\/wp-content\/uploads\/2026\/01\/6-522-wholesale-ceramic-bowls-conical-deep-soup-bowl-supply-6-600x600.png 600w, https:\/\/www.czqunfa.com\/wp-content\/uploads\/2026\/01\/6-522-wholesale-ceramic-bowls-conical-deep-soup-bowl-supply-6-100x100.png 100w\" sizes=\"(max-width: 800px) 100vw, 800px\" \/><\/figure>\n<\/div>\n<\/div>\n\n\n\n<figure class=\"wp-block-gallery has-nested-images columns-default is-cropped wp-block-gallery-1 is-layout-flex wp-block-gallery-is-layout-flex\">\n<figure class=\"wp-block-image size-full\"><img decoding=\"async\" width=\"800\" height=\"800\" data-id=\"1465\" src=\"https:\/\/www.czqunfa.com\/wp-content\/uploads\/2026\/01\/6-522-wholesale-ceramic-bowls-conical-deep-soup-bowl-supply-2.png\" alt=\"wholesale-ceramic-bowls-conical-deep-soup-bowl-supply-2\" class=\"wp-image-1465\" srcset=\"https:\/\/www.czqunfa.com\/wp-content\/uploads\/2026\/01\/6-522-wholesale-ceramic-bowls-conical-deep-soup-bowl-supply-2.png 800w, https:\/\/www.czqunfa.com\/wp-content\/uploads\/2026\/01\/6-522-wholesale-ceramic-bowls-conical-deep-soup-bowl-supply-2-300x300.png 300w, https:\/\/www.czqunfa.com\/wp-content\/uploads\/2026\/01\/6-522-wholesale-ceramic-bowls-conical-deep-soup-bowl-supply-2-150x150.png 150w, https:\/\/www.czqunfa.com\/wp-content\/uploads\/2026\/01\/6-522-wholesale-ceramic-bowls-conical-deep-soup-bowl-supply-2-768x768.png 768w, https:\/\/www.czqunfa.com\/wp-content\/uploads\/2026\/01\/6-522-wholesale-ceramic-bowls-conical-deep-soup-bowl-supply-2-12x12.png 12w, https:\/\/www.czqunfa.com\/wp-content\/uploads\/2026\/01\/6-522-wholesale-ceramic-bowls-conical-deep-soup-bowl-supply-2-600x600.png 600w, https:\/\/www.czqunfa.com\/wp-content\/uploads\/2026\/01\/6-522-wholesale-ceramic-bowls-conical-deep-soup-bowl-supply-2-100x100.png 100w\" sizes=\"(max-width: 800px) 100vw, 800px\" \/><\/figure>\n\n\n\n<figure class=\"wp-block-image size-full\"><img decoding=\"async\" width=\"800\" height=\"800\" data-id=\"1466\" src=\"https:\/\/www.czqunfa.com\/wp-content\/uploads\/2026\/01\/6-522-wholesale-ceramic-bowls-conical-deep-soup-bowl-supply-3.png\" alt=\"wholesale-ceramic-bowls-conical-deep-soup-bowl-supply-3\" class=\"wp-image-1466\" srcset=\"https:\/\/www.czqunfa.com\/wp-content\/uploads\/2026\/01\/6-522-wholesale-ceramic-bowls-conical-deep-soup-bowl-supply-3.png 800w, https:\/\/www.czqunfa.com\/wp-content\/uploads\/2026\/01\/6-522-wholesale-ceramic-bowls-conical-deep-soup-bowl-supply-3-300x300.png 300w, https:\/\/www.czqunfa.com\/wp-content\/uploads\/2026\/01\/6-522-wholesale-ceramic-bowls-conical-deep-soup-bowl-supply-3-150x150.png 150w, https:\/\/www.czqunfa.com\/wp-content\/uploads\/2026\/01\/6-522-wholesale-ceramic-bowls-conical-deep-soup-bowl-supply-3-768x768.png 768w, https:\/\/www.czqunfa.com\/wp-content\/uploads\/2026\/01\/6-522-wholesale-ceramic-bowls-conical-deep-soup-bowl-supply-3-12x12.png 12w, https:\/\/www.czqunfa.com\/wp-content\/uploads\/2026\/01\/6-522-wholesale-ceramic-bowls-conical-deep-soup-bowl-supply-3-600x600.png 600w, https:\/\/www.czqunfa.com\/wp-content\/uploads\/2026\/01\/6-522-wholesale-ceramic-bowls-conical-deep-soup-bowl-supply-3-100x100.png 100w\" sizes=\"(max-width: 800px) 100vw, 800px\" \/><\/figure>\n<\/figure>","protected":false},"excerpt":{"rendered":"<p>Nous vous invitons \u00e0 acheter en gros nos bols en c\u00e9ramique de forme conique de 6,5 pouces. Disponibles dans une vari\u00e9t\u00e9 de couleurs douces et modernes avec une base grise et un design simple. Fabriqu\u00e9s en c\u00e9ramique de haute qualit\u00e9, ils sont robustes et durables, avec une surface lisse facile \u00e0 nettoyer. Ils conviennent \u00e0 divers sc\u00e9narios commerciaux tels que les restaurants et les h\u00f4tels. Il s'agit d'une solution multifonctionnelle standardis\u00e9e pour servir les soupes, les salades, les nouilles et les desserts, et permet les achats en gros.<\/p>\n<h2>Param\u00e8tres des bols en c\u00e9ramique en gros<\/h2>\n<table border=\"0\" width=\"328\" cellspacing=\"0\" cellpadding=\"0\">\n<tbody>\n<tr>\n<td width=\"116\" height=\"16\">Fabricant<\/td>\n<td width=\"211\">QUNFA<\/td>\n<\/tr>\n<tr>\n<td width=\"116\" height=\"16\">Type de produit<\/td>\n<td width=\"211\">Bol \u00e0 soupe en c\u00e9ramique<\/td>\n<\/tr>\n<tr>\n<td width=\"116\" height=\"16\">Num\u00e9ro de mod\u00e8le.<\/td>\n<td width=\"211\">23-2195<\/td>\n<\/tr>\n<tr>\n<td width=\"116\" height=\"16\">Mat\u00e9riau<\/td>\n<td width=\"211\">Gr\u00e8s<\/td>\n<\/tr>\n<tr>\n<td width=\"116\" height=\"16\">Couleur<\/td>\n<td width=\"211\">Matte Hami couleur melon, blanc cr\u00e8me, violet, couleur chocolat, matte robin blue, matte banana milk color<\/td>\n<\/tr>\n<tr>\n<td width=\"116\" height=\"46\">Dimension<\/td>\n<td width=\"211\">16,8*16,8*8,5cm<\/td>\n<\/tr>\n<tr>\n<td width=\"116\" height=\"16\">Quantit\u00e9 minimale de commande<\/td>\n<td width=\"211\">1000 pi\u00e8ces<\/td>\n<\/tr>\n<tr>\n<td width=\"116\" height=\"16\">Personnalis\u00e9<\/td>\n<td width=\"211\">Couleur\/Taille\/Logo\/Emballage\/Forme<\/td>\n<\/tr>\n<\/tbody>\n<\/table>","protected":false},"featured_media":1464,"comment_status":"closed","ping_status":"closed","template":"","meta":{"_acf_changed":false},"product_brand":[],"product_cat":[20,36],"product_tag":[],"class_list":{"0":"post-1463","1":"product","2":"type-product","3":"status-publish","4":"has-post-thumbnail","6":"product_cat-dinnerware-supplier","7":"product_cat-ceramic-bowl-supplier","9":"first","10":"instock","11":"shipping-taxable","12":"product-type-simple"},"acf":[],"_links":{"self":[{"href":"https:\/\/www.czqunfa.com\/fr\/wp-json\/wp\/v2\/product\/1463","targetHints":{"allow":["GET"]}}],"collection":[{"href":"https:\/\/www.czqunfa.com\/fr\/wp-json\/wp\/v2\/product"}],"about":[{"href":"https:\/\/www.czqunfa.com\/fr\/wp-json\/wp\/v2\/types\/product"}],"replies":[{"embeddable":true,"href":"https:\/\/www.czqunfa.com\/fr\/wp-json\/wp\/v2\/comments?post=1463"}],"wp:featuredmedia":[{"embeddable":true,"href":"https:\/\/www.czqunfa.com\/fr\/wp-json\/wp\/v2\/media\/1464"}],"wp:attachment":[{"href":"https:\/\/www.czqunfa.com\/fr\/wp-json\/wp\/v2\/media?parent=1463"}],"wp:term":[{"taxonomy":"product_brand","embeddable":true,"href":"https:\/\/www.czqunfa.com\/fr\/wp-json\/wp\/v2\/product_brand?post=1463"},{"taxonomy":"product_cat","embeddable":true,"href":"https:\/\/www.czqunfa.com\/fr\/wp-json\/wp\/v2\/product_cat?post=1463"},{"taxonomy":"product_tag","embeddable":true,"href":"https:\/\/www.czqunfa.com\/fr\/wp-json\/wp\/v2\/product_tag?post=1463"}],"curies":[{"name":"wp","href":"https:\/\/api.w.org\/{rel}","templated":true}]}}