{"id":1240,"date":"2025-12-27T03:50:35","date_gmt":"2025-12-27T03:50:35","guid":{"rendered":"https:\/\/www.czqunfa.com\/?post_type=product&#038;p=1240"},"modified":"2025-12-27T06:57:10","modified_gmt":"2025-12-27T06:57:10","slug":"kitchen-utensil-holder-wholesale","status":"publish","type":"product","link":"https:\/\/www.czqunfa.com\/fr\/produit\/kitchen-utensil-holder-wholesale\/","title":{"rendered":"Vente en gros de porte-ustensiles de cuisine, pot en gr\u00e8s pour ustensiles en vrac"},"content":{"rendered":"<div class=\"wp-block-columns is-layout-flex wp-container-core-columns-is-layout-9d6595d7 wp-block-columns-is-layout-flex\">\n<div class=\"wp-block-column is-layout-flow wp-block-column-is-layout-flow\">\n<h2 class=\"wp-block-heading\">Caract\u00e9ristiques du support d'ustensiles de cuisine Wholesale<\/h2>\n\n\n\n<ul class=\"wp-block-list\">\n<li><strong>Flamingo Theme Design :<\/strong> Le motif de flamant rose avec des paillettes rouges sur une base en c\u00e9ramique rose p\u00e2le est un design mignon et vibrant sur ce porte-ustensiles de cuisine en gros. Ce design ing\u00e9nieux fait de ce porte-ustensiles de cuisine un outil pratique ainsi qu'un objet d\u00e9coratif pour illuminer votre cuisine, votre coin caf\u00e9 ou votre int\u00e9rieur.<\/li>\n\n\n\n<li><strong>Mat\u00e9riau c\u00e9ramique durable de haute qualit\u00e9 :<\/strong> Ce porte-ustensiles de cuisine en gros est fabriqu\u00e9 en c\u00e9ramique de haute qualit\u00e9, avec une texture solide et dense, adapt\u00e9e \u00e0 une durabilit\u00e9 \u00e0 long terme dans des environnements commerciaux ou domestiques.<\/li>\n\n\n\n<li><strong>Gla\u00e7age lisse, facile \u00e0 nettoyer : <\/strong>La surface \u00e9maill\u00e9e de ce porte-ustensiles de cuisine en gros est d\u00e9licate, r\u00e9sistante aux taches et aux rayures. Elle convient aux environnements de cuisine quotidiens et r\u00e9pond aux exigences pratiques des achats en gros.<\/li>\n\n\n\n<li><strong>Grande capacit\u00e9 :<\/strong> Notre pot \u00e0 ustensiles en gr\u00e8s a une forme cylindrique r\u00e9guli\u00e8re et un grand espace int\u00e9rieur, id\u00e9al pour ranger divers ustensiles de cuisine \u00e0 long manche (tels que spatules, cuill\u00e8res, fouets), de la vaisselle, ou comme r\u00e9cipient de rangement multifonctionnel pour les porte-stylos, les porte-pinceaux cosm\u00e9tiques, etc.<\/li>\n\n\n\n<li><strong>Convient aux march\u00e9s de gros et d'exportation :<\/strong> Notre offre de pots \u00e0 ustensiles en gr\u00e8s r\u00e9pond aux normes internationales en mati\u00e8re de c\u00e9ramiques de tous les jours et convient aux achats en gros, au commerce \u00e9lectronique transfrontalier et aux canaux de vente au d\u00e9tail hors ligne.<\/li>\n<\/ul>\n<\/div>\n\n\n\n<div class=\"wp-block-column is-layout-flow wp-block-column-is-layout-flow\">\n<figure class=\"wp-block-image size-full\"><img decoding=\"async\" width=\"800\" height=\"800\" src=\"https:\/\/www.czqunfa.com\/wp-content\/uploads\/2025\/12\/kitchen-utensil-holder-wholesale-stoneware-utensil-jar-bulk-1.webp\" alt=\"porte-ustensiles-de-cuisine-porte-vaisselle-en-gros-vaisselle-jarre-utensiles-en-gros-1\" class=\"wp-image-1248\" srcset=\"https:\/\/www.czqunfa.com\/wp-content\/uploads\/2025\/12\/kitchen-utensil-holder-wholesale-stoneware-utensil-jar-bulk-1.webp 800w, https:\/\/www.czqunfa.com\/wp-content\/uploads\/2025\/12\/kitchen-utensil-holder-wholesale-stoneware-utensil-jar-bulk-1-300x300.webp 300w, https:\/\/www.czqunfa.com\/wp-content\/uploads\/2025\/12\/kitchen-utensil-holder-wholesale-stoneware-utensil-jar-bulk-1-150x150.webp 150w, https:\/\/www.czqunfa.com\/wp-content\/uploads\/2025\/12\/kitchen-utensil-holder-wholesale-stoneware-utensil-jar-bulk-1-768x768.webp 768w, https:\/\/www.czqunfa.com\/wp-content\/uploads\/2025\/12\/kitchen-utensil-holder-wholesale-stoneware-utensil-jar-bulk-1-600x600.webp 600w, https:\/\/www.czqunfa.com\/wp-content\/uploads\/2025\/12\/kitchen-utensil-holder-wholesale-stoneware-utensil-jar-bulk-1-100x100.webp 100w\" sizes=\"(max-width: 800px) 100vw, 800px\" \/><\/figure>\n<\/div>\n<\/div>\n\n\n\n<figure class=\"wp-block-gallery has-nested-images columns-default is-cropped wp-block-gallery-1 is-layout-flex wp-block-gallery-is-layout-flex\">\n<figure class=\"wp-block-image size-full\"><img decoding=\"async\" width=\"800\" height=\"800\" data-id=\"1250\" src=\"https:\/\/www.czqunfa.com\/wp-content\/uploads\/2025\/12\/kitchen-utensil-holder-wholesale-stoneware-utensil-jar-bulk-3.webp\" alt=\"porte-ustensiles-de-cuisine-porte-vaisselle-en-gros-vaisselle-jarre-utensiles-en-gros-bulk-3\" class=\"wp-image-1250\" srcset=\"https:\/\/www.czqunfa.com\/wp-content\/uploads\/2025\/12\/kitchen-utensil-holder-wholesale-stoneware-utensil-jar-bulk-3.webp 800w, https:\/\/www.czqunfa.com\/wp-content\/uploads\/2025\/12\/kitchen-utensil-holder-wholesale-stoneware-utensil-jar-bulk-3-300x300.webp 300w, https:\/\/www.czqunfa.com\/wp-content\/uploads\/2025\/12\/kitchen-utensil-holder-wholesale-stoneware-utensil-jar-bulk-3-150x150.webp 150w, https:\/\/www.czqunfa.com\/wp-content\/uploads\/2025\/12\/kitchen-utensil-holder-wholesale-stoneware-utensil-jar-bulk-3-768x768.webp 768w, https:\/\/www.czqunfa.com\/wp-content\/uploads\/2025\/12\/kitchen-utensil-holder-wholesale-stoneware-utensil-jar-bulk-3-600x600.webp 600w, https:\/\/www.czqunfa.com\/wp-content\/uploads\/2025\/12\/kitchen-utensil-holder-wholesale-stoneware-utensil-jar-bulk-3-100x100.webp 100w\" sizes=\"(max-width: 800px) 100vw, 800px\" \/><\/figure>\n\n\n\n<figure class=\"wp-block-image size-full\"><img decoding=\"async\" width=\"800\" height=\"800\" data-id=\"1252\" src=\"https:\/\/www.czqunfa.com\/wp-content\/uploads\/2025\/12\/kitchen-utensil-holder-wholesale-stoneware-utensil-jar-bulk-5.webp\" alt=\"porte-ustensiles-de-cuisine-porte-vaisselle-en-gros-vaisselle-jarre-utensiles-en-gros-bulk-5\" class=\"wp-image-1252\" srcset=\"https:\/\/www.czqunfa.com\/wp-content\/uploads\/2025\/12\/kitchen-utensil-holder-wholesale-stoneware-utensil-jar-bulk-5.webp 800w, https:\/\/www.czqunfa.com\/wp-content\/uploads\/2025\/12\/kitchen-utensil-holder-wholesale-stoneware-utensil-jar-bulk-5-300x300.webp 300w, https:\/\/www.czqunfa.com\/wp-content\/uploads\/2025\/12\/kitchen-utensil-holder-wholesale-stoneware-utensil-jar-bulk-5-150x150.webp 150w, https:\/\/www.czqunfa.com\/wp-content\/uploads\/2025\/12\/kitchen-utensil-holder-wholesale-stoneware-utensil-jar-bulk-5-768x768.webp 768w, https:\/\/www.czqunfa.com\/wp-content\/uploads\/2025\/12\/kitchen-utensil-holder-wholesale-stoneware-utensil-jar-bulk-5-600x600.webp 600w, https:\/\/www.czqunfa.com\/wp-content\/uploads\/2025\/12\/kitchen-utensil-holder-wholesale-stoneware-utensil-jar-bulk-5-100x100.webp 100w\" sizes=\"(max-width: 800px) 100vw, 800px\" \/><\/figure>\n<\/figure>\n\n\n\n<p><\/p>","protected":false},"excerpt":{"rendered":"<p>Nous vous invitons \u00e0 acheter en gros notre porte-ustensiles de cuisine Flamingo, qui se compose d'un pot en c\u00e9ramique durable et droit de style \u00e9tain avec un design de flamant rose qui attire l'attention. Ce pot \u00e0 ustensiles en gr\u00e8s offre une grande capacit\u00e9, une structure stable et une finition \u00e9maill\u00e9e lisse, id\u00e9ale pour organiser les outils de cuisine dans les maisons, les restaurants et les h\u00f4tels. La personnalisation est possible pour la couleur, le logo et l'emballage, ce qui en fait un choix parfait pour les grossistes en cuisine, les marques d'articles m\u00e9nagers et les importateurs.<\/p>\n<h2>Porte-ustensiles de cuisine Param\u00e8tre de gros<\/h2>\n<table width=\"328\">\n<tbody>\n<tr>\n<td width=\"116\">Fabricant<\/td>\n<td width=\"211\">QUNFA<\/td>\n<\/tr>\n<tr>\n<td width=\"116\">Type de produit<\/td>\n<td>Porte-ustensiles<\/td>\n<\/tr>\n<tr>\n<td width=\"116\">Num\u00e9ro de mod\u00e8le.<\/td>\n<td width=\"211\">19-0184-1\u00a0<\/td>\n<\/tr>\n<tr>\n<td width=\"116\">Mat\u00e9riau<\/td>\n<td width=\"211\">Gr\u00e8s<\/td>\n<\/tr>\n<tr>\n<td width=\"116\">Couleur<\/td>\n<td width=\"211\">Rose<\/td>\n<\/tr>\n<tr>\n<td width=\"116\">Dimension<\/td>\n<td width=\"211\">10*10*17.3cm<\/td>\n<\/tr>\n<tr>\n<td width=\"116\">Quantit\u00e9 minimale de commande<\/td>\n<td width=\"211\">1000 pi\u00e8ces<\/td>\n<\/tr>\n<tr>\n<td width=\"116\">Personnalis\u00e9<\/td>\n<td width=\"211\">Couleur\/Taille\/Logo\/Emballage\/Forme<\/td>\n<\/tr>\n<\/tbody>\n<\/table>","protected":false},"featured_media":1253,"comment_status":"closed","ping_status":"closed","template":"","meta":{"_acf_changed":false},"product_brand":[],"product_cat":[21,17,47,24],"product_tag":[],"class_list":{"0":"post-1240","1":"product","2":"type-product","3":"status-publish","4":"has-post-thumbnail","6":"product_cat-ceramic-kitchenware-wholesale","7":"product_cat-home-garden-decor-wholesale","8":"product_cat-canister-supplier","9":"product_cat-utensil-holder-manufacturer","11":"first","12":"instock","13":"shipping-taxable","14":"product-type-simple"},"acf":[],"_links":{"self":[{"href":"https:\/\/www.czqunfa.com\/fr\/wp-json\/wp\/v2\/product\/1240","targetHints":{"allow":["GET"]}}],"collection":[{"href":"https:\/\/www.czqunfa.com\/fr\/wp-json\/wp\/v2\/product"}],"about":[{"href":"https:\/\/www.czqunfa.com\/fr\/wp-json\/wp\/v2\/types\/product"}],"replies":[{"embeddable":true,"href":"https:\/\/www.czqunfa.com\/fr\/wp-json\/wp\/v2\/comments?post=1240"}],"wp:featuredmedia":[{"embeddable":true,"href":"https:\/\/www.czqunfa.com\/fr\/wp-json\/wp\/v2\/media\/1253"}],"wp:attachment":[{"href":"https:\/\/www.czqunfa.com\/fr\/wp-json\/wp\/v2\/media?parent=1240"}],"wp:term":[{"taxonomy":"product_brand","embeddable":true,"href":"https:\/\/www.czqunfa.com\/fr\/wp-json\/wp\/v2\/product_brand?post=1240"},{"taxonomy":"product_cat","embeddable":true,"href":"https:\/\/www.czqunfa.com\/fr\/wp-json\/wp\/v2\/product_cat?post=1240"},{"taxonomy":"product_tag","embeddable":true,"href":"https:\/\/www.czqunfa.com\/fr\/wp-json\/wp\/v2\/product_tag?post=1240"}],"curies":[{"name":"wp","href":"https:\/\/api.w.org\/{rel}","templated":true}]}}