{"id":1213,"date":"2025-12-27T02:10:08","date_gmt":"2025-12-27T02:10:08","guid":{"rendered":"https:\/\/www.czqunfa.com\/?post_type=product&#038;p=1213"},"modified":"2025-12-27T02:21:34","modified_gmt":"2025-12-27T02:21:34","slug":"bulk-casserole-dishes","status":"publish","type":"product","link":"https:\/\/www.czqunfa.com\/fr\/produit\/bulk-casserole-dishes\/","title":{"rendered":"Plats \u00e0 gratin en vrac avec couvercle, marmite en c\u00e9ramique"},"content":{"rendered":"<div class=\"wp-block-columns is-layout-flex wp-container-core-columns-is-layout-9d6595d7 wp-block-columns-is-layout-flex\">\n<div class=\"wp-block-column is-layout-flow wp-block-column-is-layout-flow\">\n<h2 class=\"wp-block-heading\">Caract\u00e9ristiques des cocottes en vrac<\/h2>\n\n\n\n<ul class=\"wp-block-list\">\n<li><strong>Design artistique exclusif peint \u00e0 la main : <\/strong>Ces cocottes en vrac sont d\u00e9cor\u00e9es d'un motif d'abeilles vif et brillant, dans un style frais et peint \u00e0 la main, donnant une impression de naturel et de printemps. La d\u00e9coration sous gla\u00e7ure est r\u00e9sistante \u00e0 la d\u00e9coloration et am\u00e9liore l'esth\u00e9tique, ce qui permet de cr\u00e9er un look unique pour les restaurants \u00e0 th\u00e8me, les caf\u00e9s, les brunchs dans les h\u00f4tels, etc.<\/li>\n\n\n\n<li><strong>Couvercle complet pour mijoteuse : <\/strong>Ces cocottes en vrac sont livr\u00e9es avec un couvercle et un pot. Un bouton circulaire jaune vif sur le dessus du couvercle est coordonn\u00e9 avec la couleur de la casserole et permet de le soulever facilement. La casserole est munie d'une paire de poign\u00e9es sym\u00e9triques sur ses deux c\u00f4t\u00e9s pour faciliter sa manipulation. Dans l'ensemble, la forme est arrondie et \u00e9l\u00e9gante, pratique et belle.<\/li>\n\n\n\n<li><strong>Corps \u00e9paissi pour une dissipation uniforme de la chaleur :<\/strong> Ces cocottes en vrac sont dot\u00e9es d'un couvercle en c\u00e9ramique qui s'adapte pr\u00e9cis\u00e9ment au bord de la casserole. Le corps \u00e9pais de la casserole retient efficacement et conduit uniform\u00e9ment la chaleur, ce qui la rend adapt\u00e9e \u00e0 la cuisson lente, au braisage et au mijotage, am\u00e9liorant ainsi la consistance du produit final.<\/li>\n\n\n\n<li><strong>Mat\u00e9riau c\u00e9ramique de qualit\u00e9 commerciale :<\/strong> Nos cocottes en vrac sont fabriqu\u00e9es en c\u00e9ramique de haute qualit\u00e9, cuite \u00e0 haute temp\u00e9rature, ce qui leur conf\u00e8re une texture robuste et une excellente r\u00e9sistance aux chocs thermiques. Elles peuvent r\u00e9sister \u00e0 des temp\u00e9ratures \u00e9lev\u00e9es au four et au micro-ondes, r\u00e9pondant ainsi aux exigences de durabilit\u00e9 d'une utilisation fr\u00e9quente dans les cuisines commerciales.<\/li>\n\n\n\n<li><strong>Vente en gros et fabrication sur mesure :<\/strong> Notre offre de marmites en c\u00e9ramique permet de personnaliser la capacit\u00e9, la forme, le motif, le logo, l'\u00e9mail et l'emballage, cr\u00e9ant ainsi des s\u00e9ries exclusives de vaisselle adapt\u00e9es aux cha\u00eenes de restaurants, aux groupes h\u00f4teliers et aux propri\u00e9taires de marques qui effectuent des achats en gros.<\/li>\n<\/ul>\n<\/div>\n\n\n\n<div class=\"wp-block-column is-layout-flow wp-block-column-is-layout-flow\">\n<figure class=\"wp-block-image size-full\"><img decoding=\"async\" width=\"1000\" height=\"1000\" src=\"https:\/\/www.czqunfa.com\/wp-content\/uploads\/2025\/12\/bulk-casserole-dishes-with-lid-supply-ceramic-stockpot-5.webp\" alt=\"bulk-casserole-dishes-with-lid-supply-ceramic-stockpot-5\" class=\"wp-image-1218\" srcset=\"https:\/\/www.czqunfa.com\/wp-content\/uploads\/2025\/12\/bulk-casserole-dishes-with-lid-supply-ceramic-stockpot-5.webp 1000w, https:\/\/www.czqunfa.com\/wp-content\/uploads\/2025\/12\/bulk-casserole-dishes-with-lid-supply-ceramic-stockpot-5-300x300.webp 300w, https:\/\/www.czqunfa.com\/wp-content\/uploads\/2025\/12\/bulk-casserole-dishes-with-lid-supply-ceramic-stockpot-5-150x150.webp 150w, https:\/\/www.czqunfa.com\/wp-content\/uploads\/2025\/12\/bulk-casserole-dishes-with-lid-supply-ceramic-stockpot-5-768x768.webp 768w, https:\/\/www.czqunfa.com\/wp-content\/uploads\/2025\/12\/bulk-casserole-dishes-with-lid-supply-ceramic-stockpot-5-600x600.webp 600w, https:\/\/www.czqunfa.com\/wp-content\/uploads\/2025\/12\/bulk-casserole-dishes-with-lid-supply-ceramic-stockpot-5-100x100.webp 100w\" sizes=\"(max-width: 1000px) 100vw, 1000px\" \/><\/figure>\n<\/div>\n<\/div>\n\n\n\n<figure class=\"wp-block-gallery has-nested-images columns-default is-cropped wp-block-gallery-1 is-layout-flex wp-block-gallery-is-layout-flex\">\n<figure class=\"wp-block-image size-full\"><img decoding=\"async\" width=\"1000\" height=\"1000\" data-id=\"1214\" src=\"https:\/\/www.czqunfa.com\/wp-content\/uploads\/2025\/12\/bulk-casserole-dishes-with-lid-supply-ceramic-stockpot-1.webp\" alt=\"bulk-casserole-dishes-with-lid-supply-ceramic-stockpot-1\" class=\"wp-image-1214\" srcset=\"https:\/\/www.czqunfa.com\/wp-content\/uploads\/2025\/12\/bulk-casserole-dishes-with-lid-supply-ceramic-stockpot-1.webp 1000w, https:\/\/www.czqunfa.com\/wp-content\/uploads\/2025\/12\/bulk-casserole-dishes-with-lid-supply-ceramic-stockpot-1-300x300.webp 300w, https:\/\/www.czqunfa.com\/wp-content\/uploads\/2025\/12\/bulk-casserole-dishes-with-lid-supply-ceramic-stockpot-1-150x150.webp 150w, https:\/\/www.czqunfa.com\/wp-content\/uploads\/2025\/12\/bulk-casserole-dishes-with-lid-supply-ceramic-stockpot-1-768x768.webp 768w, https:\/\/www.czqunfa.com\/wp-content\/uploads\/2025\/12\/bulk-casserole-dishes-with-lid-supply-ceramic-stockpot-1-600x600.webp 600w, https:\/\/www.czqunfa.com\/wp-content\/uploads\/2025\/12\/bulk-casserole-dishes-with-lid-supply-ceramic-stockpot-1-100x100.webp 100w\" sizes=\"(max-width: 1000px) 100vw, 1000px\" \/><\/figure>\n\n\n\n<figure class=\"wp-block-image size-full\"><img decoding=\"async\" width=\"1000\" height=\"1000\" data-id=\"1215\" src=\"https:\/\/www.czqunfa.com\/wp-content\/uploads\/2025\/12\/bulk-casserole-dishes-with-lid-supply-ceramic-stockpot-2.webp\" alt=\"bulk-casserole-dishes-with-lid-supply-ceramic-stockpot-2\" class=\"wp-image-1215\" srcset=\"https:\/\/www.czqunfa.com\/wp-content\/uploads\/2025\/12\/bulk-casserole-dishes-with-lid-supply-ceramic-stockpot-2.webp 1000w, https:\/\/www.czqunfa.com\/wp-content\/uploads\/2025\/12\/bulk-casserole-dishes-with-lid-supply-ceramic-stockpot-2-300x300.webp 300w, https:\/\/www.czqunfa.com\/wp-content\/uploads\/2025\/12\/bulk-casserole-dishes-with-lid-supply-ceramic-stockpot-2-150x150.webp 150w, https:\/\/www.czqunfa.com\/wp-content\/uploads\/2025\/12\/bulk-casserole-dishes-with-lid-supply-ceramic-stockpot-2-768x768.webp 768w, https:\/\/www.czqunfa.com\/wp-content\/uploads\/2025\/12\/bulk-casserole-dishes-with-lid-supply-ceramic-stockpot-2-600x600.webp 600w, https:\/\/www.czqunfa.com\/wp-content\/uploads\/2025\/12\/bulk-casserole-dishes-with-lid-supply-ceramic-stockpot-2-100x100.webp 100w\" sizes=\"(max-width: 1000px) 100vw, 1000px\" \/><\/figure>\n<\/figure>\n\n\n\n<p><\/p>","protected":false},"excerpt":{"rendered":"<p>Nous vous invitons \u00e0 acheter ces cocottes en vrac, peintes \u00e0 la main avec des abeilles, con\u00e7ues pour les cuisines professionnelles, les restaurants et les h\u00f4tels. Fabriqu\u00e9es en c\u00e9ramique durable et r\u00e9sistante \u00e0 la chaleur, avec un couvercle assorti, elles assurent une distribution uniforme de la chaleur et une excellente r\u00e9tention de la chaleur pour la cuisson lente et le service. Disponible en gros avec des options personnalis\u00e9es, y compris la taille, la d\u00e9coration, le logo et l'emballage, id\u00e9al pour les acheteurs en gros, les marques de services alimentaires et les projets d'h\u00f4tellerie.<\/p>\n<h2>Casseroles en vrac avec couvercle Param\u00e8tre<\/h2>\n<table width=\"328\">\n<tbody>\n<tr>\n<td width=\"116\">Fabricant<\/td>\n<td width=\"211\">QUNFA<\/td>\n<\/tr>\n<tr>\n<td width=\"116\">Type de produit<\/td>\n<td>Casserole<\/td>\n<\/tr>\n<tr>\n<td width=\"116\">Num\u00e9ro de mod\u00e8le.<\/td>\n<td width=\"211\">T24-0427\u00a0<\/td>\n<\/tr>\n<tr>\n<td width=\"116\">Mat\u00e9riau<\/td>\n<td width=\"211\">Gr\u00e8s<\/td>\n<\/tr>\n<tr>\n<td width=\"116\">Couleur<\/td>\n<td width=\"211\">Blanc<\/td>\n<\/tr>\n<tr>\n<td width=\"116\">Dimension<\/td>\n<td width=\"211\">Corps : 16.3*11.9*5.5cm\u00a0 <br \/>Couvercle : 12.7*12.7*3.8cm\u00a0<\/td>\n<\/tr>\n<tr>\n<td width=\"116\">Quantit\u00e9 minimale de commande<\/td>\n<td width=\"211\">1000 pi\u00e8ces<\/td>\n<\/tr>\n<tr>\n<td width=\"116\">Personnalis\u00e9<\/td>\n<td width=\"211\">Couleur\/Taille\/Logo\/Emballage\/Forme<\/td>\n<\/tr>\n<\/tbody>\n<\/table>","protected":false},"featured_media":1219,"comment_status":"closed","ping_status":"closed","template":"","meta":{"_acf_changed":false},"product_brand":[],"product_cat":[22,28],"product_tag":[],"class_list":{"0":"post-1213","1":"product","2":"type-product","3":"status-publish","4":"has-post-thumbnail","6":"product_cat-bakeware-manufacturer","7":"product_cat-wholesale-casserole-dishes","9":"first","10":"instock","11":"shipping-taxable","12":"product-type-simple"},"acf":[],"_links":{"self":[{"href":"https:\/\/www.czqunfa.com\/fr\/wp-json\/wp\/v2\/product\/1213","targetHints":{"allow":["GET"]}}],"collection":[{"href":"https:\/\/www.czqunfa.com\/fr\/wp-json\/wp\/v2\/product"}],"about":[{"href":"https:\/\/www.czqunfa.com\/fr\/wp-json\/wp\/v2\/types\/product"}],"replies":[{"embeddable":true,"href":"https:\/\/www.czqunfa.com\/fr\/wp-json\/wp\/v2\/comments?post=1213"}],"wp:featuredmedia":[{"embeddable":true,"href":"https:\/\/www.czqunfa.com\/fr\/wp-json\/wp\/v2\/media\/1219"}],"wp:attachment":[{"href":"https:\/\/www.czqunfa.com\/fr\/wp-json\/wp\/v2\/media?parent=1213"}],"wp:term":[{"taxonomy":"product_brand","embeddable":true,"href":"https:\/\/www.czqunfa.com\/fr\/wp-json\/wp\/v2\/product_brand?post=1213"},{"taxonomy":"product_cat","embeddable":true,"href":"https:\/\/www.czqunfa.com\/fr\/wp-json\/wp\/v2\/product_cat?post=1213"},{"taxonomy":"product_tag","embeddable":true,"href":"https:\/\/www.czqunfa.com\/fr\/wp-json\/wp\/v2\/product_tag?post=1213"}],"curies":[{"name":"wp","href":"https:\/\/api.w.org\/{rel}","templated":true}]}}