{"id":1206,"date":"2025-12-26T10:05:01","date_gmt":"2025-12-26T10:05:01","guid":{"rendered":"https:\/\/www.czqunfa.com\/?post_type=product&#038;p=1206"},"modified":"2025-12-26T10:51:05","modified_gmt":"2025-12-26T10:51:05","slug":"custom-salt-and-pepper-shakers","status":"publish","type":"product","link":"https:\/\/www.czqunfa.com\/fr\/produit\/custom-salt-and-pepper-shakers\/","title":{"rendered":"Sali\u00e8res et poivri\u00e8res personnalis\u00e9es, pot en c\u00e9ramique en forme de c\u0153ur en vrac"},"content":{"rendered":"<div class=\"wp-block-columns is-layout-flex wp-container-core-columns-is-layout-9d6595d7 wp-block-columns-is-layout-flex\">\n<div class=\"wp-block-column is-layout-flow wp-block-column-is-layout-flow\">\n<h2 class=\"wp-block-heading\">Caract\u00e9ristiques des sali\u00e8res et poivri\u00e8res personnalis\u00e9es<\/h2>\n\n\n\n<ul class=\"wp-block-list\">\n<li><strong>Design en forme de c\u0153ur :<\/strong> Ces sali\u00e8res et poivri\u00e8res personnalis\u00e9es pr\u00e9sentent une forme de c\u0153ur classique avec des lignes arrondies et pleines et une couleur rouge vif vibrante et pure. Le design d\u00e9gage de la chaleur et de l'amour, ce qui am\u00e9liore consid\u00e9rablement l'attrait visuel et la valeur \u00e9motionnelle des tables \u00e0 manger, des comptoirs de cuisine ou des emballages de plats \u00e0 emporter. Ces sali\u00e8res conviennent donc particuli\u00e8rement aux restaurants \u00e0 th\u00e8me, aux caf\u00e9s, aux cadeaux de mariage ou aux promotions pour les f\u00eates.<\/li>\n\n\n\n<li><strong>Mat\u00e9riau c\u00e9ramique de premi\u00e8re qualit\u00e9 :<\/strong> Ces sali\u00e8res et poivri\u00e8res personnalis\u00e9es sont fabriqu\u00e9es en c\u00e9ramique haute densit\u00e9, ce qui les rend robustes et leur permet de r\u00e9sister aux variations de temp\u00e9rature de l'environnement de la cuisine, garantissant ainsi leur durabilit\u00e9 et leur r\u00e9sistance \u00e0 la casse, m\u00eame en cas d'utilisation commerciale fr\u00e9quente.<\/li>\n\n\n\n<li><strong>Fonction d'assaisonnement efficace et pratique :<\/strong> Ces sali\u00e8res et poivri\u00e8res personnalis\u00e9es sont con\u00e7ues avec une ouverture \u00e0 texture fine et \u00e0 trous multiples (g\u00e9n\u00e9ralement une ouverture avec plusieurs petits trous) qui permet de verser rapidement et de mani\u00e8re contr\u00f4l\u00e9e du sel, du poivre ou de la poudre de chili, applicable aux repas commerciaux rapides.<\/li>\n\n\n\n<li><strong>Nettoyage facile et entretien hygi\u00e9nique :<\/strong> La surface de ce pot en c\u00e9ramique pr\u00e9sente un gla\u00e7age lisse qui n'absorbe pas facilement les r\u00e9sidus d'huile et d'assaisonnement, ce qui facilite le lavage. Le produit est enti\u00e8rement compatible avec les lave-vaisselle commerciaux, assurant un nettoyage efficace et complet et une st\u00e9rilisation \u00e0 haute temp\u00e9rature, r\u00e9pondant aux normes d'hygi\u00e8ne des \u00e9tablissements commerciaux, et conservant son aspect impeccable pendant longtemps.<\/li>\n\n\n\n<li><strong>Stable Wholesale Supply : <\/strong>Ce pot en c\u00e9ramique en gros convient aux achats en vrac, aux h\u00f4tels, aux cha\u00eenes de restaurants, aux marques d'ameublement, au commerce \u00e9lectronique et aux canaux de distribution de cadeaux. Des services de personnalisation OEM\/ODM sont disponibles pour r\u00e9pondre aux besoins de diff\u00e9renciation des marques.<\/li>\n<\/ul>\n<\/div>\n\n\n\n<div class=\"wp-block-column is-layout-flow wp-block-column-is-layout-flow\">\n<figure class=\"wp-block-image size-full\"><img decoding=\"async\" width=\"800\" height=\"800\" src=\"https:\/\/www.czqunfa.com\/wp-content\/uploads\/2025\/12\/custom-salt-and-pepper-shakers-heart-shape-ceramic-jar-bulk-1.webp\" alt=\"custom-salt-and-pepper-shakers-heart-shape-ceramic-jar-bulk-1\" class=\"wp-image-1207\" srcset=\"https:\/\/www.czqunfa.com\/wp-content\/uploads\/2025\/12\/custom-salt-and-pepper-shakers-heart-shape-ceramic-jar-bulk-1.webp 800w, https:\/\/www.czqunfa.com\/wp-content\/uploads\/2025\/12\/custom-salt-and-pepper-shakers-heart-shape-ceramic-jar-bulk-1-300x300.webp 300w, https:\/\/www.czqunfa.com\/wp-content\/uploads\/2025\/12\/custom-salt-and-pepper-shakers-heart-shape-ceramic-jar-bulk-1-150x150.webp 150w, https:\/\/www.czqunfa.com\/wp-content\/uploads\/2025\/12\/custom-salt-and-pepper-shakers-heart-shape-ceramic-jar-bulk-1-768x768.webp 768w, https:\/\/www.czqunfa.com\/wp-content\/uploads\/2025\/12\/custom-salt-and-pepper-shakers-heart-shape-ceramic-jar-bulk-1-600x600.webp 600w, https:\/\/www.czqunfa.com\/wp-content\/uploads\/2025\/12\/custom-salt-and-pepper-shakers-heart-shape-ceramic-jar-bulk-1-100x100.webp 100w\" sizes=\"(max-width: 800px) 100vw, 800px\" \/><\/figure>\n<\/div>\n<\/div>\n\n\n\n<figure class=\"wp-block-gallery has-nested-images columns-default is-cropped wp-block-gallery-1 is-layout-flex wp-block-gallery-is-layout-flex\">\n<figure class=\"wp-block-image size-full\"><img decoding=\"async\" width=\"800\" height=\"800\" data-id=\"1208\" src=\"https:\/\/www.czqunfa.com\/wp-content\/uploads\/2025\/12\/custom-salt-and-pepper-shakers-heart-shape-ceramic-jar-bulk-2.webp\" alt=\"custom-salt-and-pepper-shakers-heart-shape-ceramic-jar-bulk-2\" class=\"wp-image-1208\" srcset=\"https:\/\/www.czqunfa.com\/wp-content\/uploads\/2025\/12\/custom-salt-and-pepper-shakers-heart-shape-ceramic-jar-bulk-2.webp 800w, https:\/\/www.czqunfa.com\/wp-content\/uploads\/2025\/12\/custom-salt-and-pepper-shakers-heart-shape-ceramic-jar-bulk-2-300x300.webp 300w, https:\/\/www.czqunfa.com\/wp-content\/uploads\/2025\/12\/custom-salt-and-pepper-shakers-heart-shape-ceramic-jar-bulk-2-150x150.webp 150w, https:\/\/www.czqunfa.com\/wp-content\/uploads\/2025\/12\/custom-salt-and-pepper-shakers-heart-shape-ceramic-jar-bulk-2-768x768.webp 768w, https:\/\/www.czqunfa.com\/wp-content\/uploads\/2025\/12\/custom-salt-and-pepper-shakers-heart-shape-ceramic-jar-bulk-2-600x600.webp 600w, https:\/\/www.czqunfa.com\/wp-content\/uploads\/2025\/12\/custom-salt-and-pepper-shakers-heart-shape-ceramic-jar-bulk-2-100x100.webp 100w\" sizes=\"(max-width: 800px) 100vw, 800px\" \/><\/figure>\n\n\n\n<figure class=\"wp-block-image size-full\"><img decoding=\"async\" width=\"800\" height=\"800\" data-id=\"1211\" src=\"https:\/\/www.czqunfa.com\/wp-content\/uploads\/2025\/12\/custom-salt-and-pepper-shakers-heart-shape-ceramic-jar-bulk-5.webp\" alt=\"custom-salt-and-pepper-shakers-heart-shape-ceramic-jar-bulk-5\" class=\"wp-image-1211\" srcset=\"https:\/\/www.czqunfa.com\/wp-content\/uploads\/2025\/12\/custom-salt-and-pepper-shakers-heart-shape-ceramic-jar-bulk-5.webp 800w, https:\/\/www.czqunfa.com\/wp-content\/uploads\/2025\/12\/custom-salt-and-pepper-shakers-heart-shape-ceramic-jar-bulk-5-300x300.webp 300w, https:\/\/www.czqunfa.com\/wp-content\/uploads\/2025\/12\/custom-salt-and-pepper-shakers-heart-shape-ceramic-jar-bulk-5-150x150.webp 150w, https:\/\/www.czqunfa.com\/wp-content\/uploads\/2025\/12\/custom-salt-and-pepper-shakers-heart-shape-ceramic-jar-bulk-5-768x768.webp 768w, https:\/\/www.czqunfa.com\/wp-content\/uploads\/2025\/12\/custom-salt-and-pepper-shakers-heart-shape-ceramic-jar-bulk-5-600x600.webp 600w, https:\/\/www.czqunfa.com\/wp-content\/uploads\/2025\/12\/custom-salt-and-pepper-shakers-heart-shape-ceramic-jar-bulk-5-100x100.webp 100w\" sizes=\"(max-width: 800px) 100vw, 800px\" \/><\/figure>\n<\/figure>\n\n\n\n<p><\/p>","protected":false},"excerpt":{"rendered":"<p>Nous vous invitons \u00e0 acheter nos sali\u00e8res et poivri\u00e8res personnalis\u00e9es, fabriqu\u00e9es en c\u00e9ramique de haute qualit\u00e9, avec une forme de c\u0153ur rouge vif frappante. Id\u00e9ales pour la personnalisation OEM\/ODM et l'achat en gros, ces sali\u00e8res en c\u00e9ramique sont parfaites pour les d\u00e9taillants, les marques d'articles de cuisine, les h\u00f4tels et les fournisseurs de cadeaux \u00e0 la recherche d'accessoires de cuisine durables, \u00e9l\u00e9gants et personnalisables.<\/p>\n<h2>Sali\u00e8res et poivri\u00e8res personnalis\u00e9es Param\u00e8tre<\/h2>\n<table width=\"328\">\n<tbody>\n<tr>\n<td width=\"116\">Fabricant<\/td>\n<td width=\"211\">QUNFA<\/td>\n<\/tr>\n<tr>\n<td width=\"116\">Type de produit<\/td>\n<td>Agitateur S&amp;P<\/td>\n<\/tr>\n<tr>\n<td width=\"116\">Num\u00e9ro de mod\u00e8le.<\/td>\n<td width=\"211\">23-2306-2\u00a0<\/td>\n<\/tr>\n<tr>\n<td width=\"116\">Mat\u00e9riau<\/td>\n<td width=\"211\">Gr\u00e8s<\/td>\n<\/tr>\n<tr>\n<td width=\"116\">Couleur<\/td>\n<td width=\"211\">Rouge<\/td>\n<\/tr>\n<tr>\n<td width=\"116\">Dimension<\/td>\n<td width=\"211\">5,2\u00d73,5x5CM<\/td>\n<\/tr>\n<tr>\n<td width=\"116\">Quantit\u00e9 minimale de commande<\/td>\n<td width=\"211\">1000 pi\u00e8ces<\/td>\n<\/tr>\n<tr>\n<td width=\"116\">Personnalis\u00e9<\/td>\n<td width=\"211\">Couleur\/Taille\/Logo\/Emballage\/Forme<\/td>\n<\/tr>\n<\/tbody>\n<\/table>","protected":false},"featured_media":1212,"comment_status":"closed","ping_status":"closed","template":"","meta":{"_acf_changed":false},"product_brand":[],"product_cat":[37,19],"product_tag":[],"class_list":{"0":"post-1206","1":"product","2":"type-product","3":"status-publish","4":"has-post-thumbnail","6":"product_cat-seasoning-shakers-wholesale","7":"product_cat-wholesale-serveware","9":"first","10":"instock","11":"shipping-taxable","12":"product-type-simple"},"acf":[],"_links":{"self":[{"href":"https:\/\/www.czqunfa.com\/fr\/wp-json\/wp\/v2\/product\/1206","targetHints":{"allow":["GET"]}}],"collection":[{"href":"https:\/\/www.czqunfa.com\/fr\/wp-json\/wp\/v2\/product"}],"about":[{"href":"https:\/\/www.czqunfa.com\/fr\/wp-json\/wp\/v2\/types\/product"}],"replies":[{"embeddable":true,"href":"https:\/\/www.czqunfa.com\/fr\/wp-json\/wp\/v2\/comments?post=1206"}],"wp:featuredmedia":[{"embeddable":true,"href":"https:\/\/www.czqunfa.com\/fr\/wp-json\/wp\/v2\/media\/1212"}],"wp:attachment":[{"href":"https:\/\/www.czqunfa.com\/fr\/wp-json\/wp\/v2\/media?parent=1206"}],"wp:term":[{"taxonomy":"product_brand","embeddable":true,"href":"https:\/\/www.czqunfa.com\/fr\/wp-json\/wp\/v2\/product_brand?post=1206"},{"taxonomy":"product_cat","embeddable":true,"href":"https:\/\/www.czqunfa.com\/fr\/wp-json\/wp\/v2\/product_cat?post=1206"},{"taxonomy":"product_tag","embeddable":true,"href":"https:\/\/www.czqunfa.com\/fr\/wp-json\/wp\/v2\/product_tag?post=1206"}],"curies":[{"name":"wp","href":"https:\/\/api.w.org\/{rel}","templated":true}]}}