{"id":1199,"date":"2025-12-26T09:18:11","date_gmt":"2025-12-26T09:18:11","guid":{"rendered":"https:\/\/www.czqunfa.com\/?post_type=product&#038;p=1199"},"modified":"2025-12-30T02:37:47","modified_gmt":"2025-12-30T02:37:47","slug":"factory-supply-utensil-holder","status":"publish","type":"product","link":"https:\/\/www.czqunfa.com\/fr\/produit\/factory-supply-utensil-holder\/","title":{"rendered":"Support pour ustensiles fourni par l'usine, pot en c\u00e9ramique en vrac avec support"},"content":{"rendered":"<div class=\"wp-block-columns is-layout-flex wp-container-core-columns-is-layout-9d6595d7 wp-block-columns-is-layout-flex\">\n<div class=\"wp-block-column is-layout-flow wp-block-column-is-layout-flow\">\n<h2 class=\"wp-block-heading\">Caract\u00e9ristiques du porte-ustensiles Factory Supply<\/h2>\n\n\n\n<ul class=\"wp-block-list\">\n<li><strong>Flamingo Artistic Design : <\/strong>Ces porte-ustensiles fournis par l'usine pr\u00e9sentent un \u00e9l\u00e9gant motif de ligne de flamant rose orange-rouge, un design minimaliste et moderne qui rehausse l'attrait visuel et l'ambiance th\u00e9matique des cuisines, des caf\u00e9s ou des espaces de vente au d\u00e9tail.<\/li>\n\n\n\n<li><strong>Conception modulaire de rangement combin\u00e9 :<\/strong> Ce porte-ustensiles d'usine est dot\u00e9 d'un cadre en m\u00e9tal noir qui accueille trois bocaux carr\u00e9s en c\u00e9ramique. Les poign\u00e9es situ\u00e9es de part et d'autre du cadre facilitent le transport. Id\u00e9al pour organiser efficacement les outils, la vaisselle ou les condiments dans les espaces commerciaux.<\/li>\n\n\n\n<li><strong>Flexibilit\u00e9 pour une utilisation s\u00e9par\u00e9e : <\/strong>Ces pots en c\u00e9ramique peuvent \u00eatre retir\u00e9s individuellement du cadre et utilis\u00e9s comme pots de rangement, porte-stylos ou petits pots de fleurs. Le cadre peut \u00e9galement \u00eatre utilis\u00e9 ind\u00e9pendamment comme plateau ou \u00e9tag\u00e8re de stockage, r\u00e9pondant ainsi \u00e0 divers sc\u00e9narios commerciaux et besoins d'affichage.<\/li>\n\n\n\n<li><strong>Mat\u00e9riau c\u00e9ramique durable et de haute qualit\u00e9 : <\/strong>Ces porte-ustensiles fournis par l'usine sont fabriqu\u00e9s avec des mat\u00e9riaux c\u00e9ramiques de haute qualit\u00e9, une structure solide, et ils conviennent pour une longue dur\u00e9e de vie.<\/li>\n\n\n\n<li><strong>Convient aux achats en gros et en masse : <\/strong>Ces pots en c\u00e9ramique en gros ont une structure uniforme, sont faciles \u00e0 emballer et \u00e0 transporter et conviennent aux supermarch\u00e9s, aux cha\u00eenes d'ameublement, aux fournisseurs de restaurants et aux canaux de commerce \u00e9lectronique.<\/li>\n<\/ul>\n<\/div>\n\n\n\n<div class=\"wp-block-column is-layout-flow wp-block-column-is-layout-flow\">\n<figure class=\"wp-block-image size-full\"><img decoding=\"async\" width=\"800\" height=\"800\" src=\"https:\/\/www.czqunfa.com\/wp-content\/uploads\/2025\/12\/wholesale-ceramic-spice-jars-factory-supply-utensil-holder-2.webp\" alt=\"Porte-ustensiles c\u00e9ramique en gros - pots d&#039;\u00e9pices - fourniture - porte-ustensiles - 2\" class=\"wp-image-1201\" srcset=\"https:\/\/www.czqunfa.com\/wp-content\/uploads\/2025\/12\/wholesale-ceramic-spice-jars-factory-supply-utensil-holder-2.webp 800w, https:\/\/www.czqunfa.com\/wp-content\/uploads\/2025\/12\/wholesale-ceramic-spice-jars-factory-supply-utensil-holder-2-300x300.webp 300w, https:\/\/www.czqunfa.com\/wp-content\/uploads\/2025\/12\/wholesale-ceramic-spice-jars-factory-supply-utensil-holder-2-150x150.webp 150w, https:\/\/www.czqunfa.com\/wp-content\/uploads\/2025\/12\/wholesale-ceramic-spice-jars-factory-supply-utensil-holder-2-768x768.webp 768w, https:\/\/www.czqunfa.com\/wp-content\/uploads\/2025\/12\/wholesale-ceramic-spice-jars-factory-supply-utensil-holder-2-600x600.webp 600w, https:\/\/www.czqunfa.com\/wp-content\/uploads\/2025\/12\/wholesale-ceramic-spice-jars-factory-supply-utensil-holder-2-100x100.webp 100w\" sizes=\"(max-width: 800px) 100vw, 800px\" \/><\/figure>\n<\/div>\n<\/div>\n\n\n\n<figure class=\"wp-block-gallery has-nested-images columns-default is-cropped wp-block-gallery-1 is-layout-flex wp-block-gallery-is-layout-flex\">\n<figure class=\"wp-block-image size-full\"><img decoding=\"async\" width=\"800\" height=\"800\" data-id=\"1202\" src=\"https:\/\/www.czqunfa.com\/wp-content\/uploads\/2025\/12\/wholesale-ceramic-spice-jars-factory-supply-utensil-holder-3.webp\" alt=\"Porte-ustensiles c\u00e9ramique en gros - pots d&#039;\u00e9pices - fourniture - porte-ustensiles - 3\" class=\"wp-image-1202\" srcset=\"https:\/\/www.czqunfa.com\/wp-content\/uploads\/2025\/12\/wholesale-ceramic-spice-jars-factory-supply-utensil-holder-3.webp 800w, https:\/\/www.czqunfa.com\/wp-content\/uploads\/2025\/12\/wholesale-ceramic-spice-jars-factory-supply-utensil-holder-3-300x300.webp 300w, https:\/\/www.czqunfa.com\/wp-content\/uploads\/2025\/12\/wholesale-ceramic-spice-jars-factory-supply-utensil-holder-3-150x150.webp 150w, https:\/\/www.czqunfa.com\/wp-content\/uploads\/2025\/12\/wholesale-ceramic-spice-jars-factory-supply-utensil-holder-3-768x768.webp 768w, https:\/\/www.czqunfa.com\/wp-content\/uploads\/2025\/12\/wholesale-ceramic-spice-jars-factory-supply-utensil-holder-3-600x600.webp 600w, https:\/\/www.czqunfa.com\/wp-content\/uploads\/2025\/12\/wholesale-ceramic-spice-jars-factory-supply-utensil-holder-3-100x100.webp 100w\" sizes=\"(max-width: 800px) 100vw, 800px\" \/><\/figure>\n\n\n\n<figure class=\"wp-block-image size-full\"><img decoding=\"async\" width=\"800\" height=\"800\" data-id=\"1204\" src=\"https:\/\/www.czqunfa.com\/wp-content\/uploads\/2025\/12\/wholesale-ceramic-spice-jars-factory-supply-utensil-holder-5.webp\" alt=\"grossiste-c\u00e9ramique-pots \u00e0 \u00e9pices-usine-fourniture-porte-ustensiles-5\" class=\"wp-image-1204\" srcset=\"https:\/\/www.czqunfa.com\/wp-content\/uploads\/2025\/12\/wholesale-ceramic-spice-jars-factory-supply-utensil-holder-5.webp 800w, https:\/\/www.czqunfa.com\/wp-content\/uploads\/2025\/12\/wholesale-ceramic-spice-jars-factory-supply-utensil-holder-5-300x300.webp 300w, https:\/\/www.czqunfa.com\/wp-content\/uploads\/2025\/12\/wholesale-ceramic-spice-jars-factory-supply-utensil-holder-5-150x150.webp 150w, https:\/\/www.czqunfa.com\/wp-content\/uploads\/2025\/12\/wholesale-ceramic-spice-jars-factory-supply-utensil-holder-5-768x768.webp 768w, https:\/\/www.czqunfa.com\/wp-content\/uploads\/2025\/12\/wholesale-ceramic-spice-jars-factory-supply-utensil-holder-5-600x600.webp 600w, https:\/\/www.czqunfa.com\/wp-content\/uploads\/2025\/12\/wholesale-ceramic-spice-jars-factory-supply-utensil-holder-5-100x100.webp 100w\" sizes=\"(max-width: 800px) 100vw, 800px\" \/><\/figure>\n<\/figure>\n\n\n\n<p><\/p>","protected":false},"excerpt":{"rendered":"<p>Bienvenue \u00e0 l'achat de nos porte-ustensiles d'usine et d'un cadre en m\u00e9tal noir avec poign\u00e9es. Le design unique du flamant rose est esth\u00e9tiquement plaisant et attire l'attention. Fabriqu\u00e9 en c\u00e9ramique \u00e9maill\u00e9e de haute qualit\u00e9, il est id\u00e9al pour les marques d'ustensiles de cuisine, les d\u00e9taillants en d\u00e9coration d'int\u00e9rieur et les fournisseurs du secteur de l'h\u00f4tellerie et de la restauration qui recherchent la personnalisation OEM\/ODM, les achats en gros et des solutions de stockage en c\u00e9ramique distinctives pour les march\u00e9s de la vente au d\u00e9tail et des services de restauration.<\/p>\n<h2>Param\u00e8tres du support d'ustensiles fourni par l'usine<\/h2>\n<table border=\"0\" width=\"328\" cellspacing=\"0\" cellpadding=\"0\">\n<tbody>\n<tr>\n<td width=\"116\" height=\"17\">Fabricant<\/td>\n<td width=\"211\">QUNFA<\/td>\n<\/tr>\n<tr>\n<td width=\"116\" height=\"17\">Type de produit<\/td>\n<td>Porte-ustensiles, bocal de rangement<\/td>\n<\/tr>\n<tr>\n<td width=\"116\" height=\"17\">Num\u00e9ro de mod\u00e8le.<\/td>\n<td width=\"211\">T20-0063<\/td>\n<\/tr>\n<tr>\n<td width=\"116\" height=\"17\">Mat\u00e9riau<\/td>\n<td width=\"211\">Gr\u00e8s<\/td>\n<\/tr>\n<tr>\n<td width=\"116\" height=\"17\">Couleur<\/td>\n<td width=\"211\">Blanc<\/td>\n<\/tr>\n<tr>\n<td width=\"116\" height=\"31\">Dimension<\/td>\n<td width=\"211\">Seau \u00e0 outils carr\u00e9 de 4\u2033 : 10.2*10.2*13.2cm<br \/>Cadre en fer : 38,3*11,7*15,3cm<\/td>\n<\/tr>\n<tr>\n<td width=\"116\" height=\"17\">Quantit\u00e9 minimale de commande<\/td>\n<td width=\"211\">1000 pi\u00e8ces<\/td>\n<\/tr>\n<tr>\n<td width=\"116\" height=\"17\">Personnalis\u00e9<\/td>\n<td width=\"211\">Couleur\/Taille\/Logo\/Emballage\/Forme<\/td>\n<\/tr>\n<\/tbody>\n<\/table>","protected":false},"featured_media":1200,"comment_status":"closed","ping_status":"closed","template":"","meta":{"_acf_changed":false},"product_brand":[],"product_cat":[21,24],"product_tag":[],"class_list":{"0":"post-1199","1":"product","2":"type-product","3":"status-publish","4":"has-post-thumbnail","6":"product_cat-ceramic-kitchenware-wholesale","7":"product_cat-utensil-holder-manufacturer","9":"first","10":"instock","11":"shipping-taxable","12":"product-type-simple"},"acf":[],"_links":{"self":[{"href":"https:\/\/www.czqunfa.com\/fr\/wp-json\/wp\/v2\/product\/1199","targetHints":{"allow":["GET"]}}],"collection":[{"href":"https:\/\/www.czqunfa.com\/fr\/wp-json\/wp\/v2\/product"}],"about":[{"href":"https:\/\/www.czqunfa.com\/fr\/wp-json\/wp\/v2\/types\/product"}],"replies":[{"embeddable":true,"href":"https:\/\/www.czqunfa.com\/fr\/wp-json\/wp\/v2\/comments?post=1199"}],"wp:featuredmedia":[{"embeddable":true,"href":"https:\/\/www.czqunfa.com\/fr\/wp-json\/wp\/v2\/media\/1200"}],"wp:attachment":[{"href":"https:\/\/www.czqunfa.com\/fr\/wp-json\/wp\/v2\/media?parent=1199"}],"wp:term":[{"taxonomy":"product_brand","embeddable":true,"href":"https:\/\/www.czqunfa.com\/fr\/wp-json\/wp\/v2\/product_brand?post=1199"},{"taxonomy":"product_cat","embeddable":true,"href":"https:\/\/www.czqunfa.com\/fr\/wp-json\/wp\/v2\/product_cat?post=1199"},{"taxonomy":"product_tag","embeddable":true,"href":"https:\/\/www.czqunfa.com\/fr\/wp-json\/wp\/v2\/product_tag?post=1199"}],"curies":[{"name":"wp","href":"https:\/\/api.w.org\/{rel}","templated":true}]}}