{"id":1186,"date":"2025-12-26T08:03:58","date_gmt":"2025-12-26T08:03:58","guid":{"rendered":"https:\/\/www.czqunfa.com\/?post_type=product&#038;p=1186"},"modified":"2025-12-26T08:55:56","modified_gmt":"2025-12-26T08:55:56","slug":"ceramic-mugs-wholesale","status":"publish","type":"product","link":"https:\/\/www.czqunfa.com\/fr\/produit\/ceramic-mugs-wholesale\/","title":{"rendered":"Vente en gros de tasses en c\u00e9ramique de 400 ml, fourniture de tasses en c\u00e9ramique gaufr\u00e9es"},"content":{"rendered":"<div class=\"wp-block-columns is-layout-flex wp-container-core-columns-is-layout-9d6595d7 wp-block-columns-is-layout-flex\">\n<div class=\"wp-block-column is-layout-flow wp-block-column-is-layout-flow\">\n<h2 class=\"wp-block-heading\">Caract\u00e9ristiques des tasses en c\u00e9ramique en gros<\/h2>\n\n\n\n<ul class=\"wp-block-list\">\n<li><strong>C\u00e9ramique durable de haute qualit\u00e9 : <\/strong>Ces mugs en c\u00e9ramique sont fabriqu\u00e9s \u00e0 partir de mati\u00e8res premi\u00e8res c\u00e9ramiques de qualit\u00e9 sup\u00e9rieure, ce qui leur conf\u00e8re une texture solide et une excellente r\u00e9sistance aux chocs thermiques. Ils peuvent supporter des changements de temp\u00e9rature fr\u00e9quents, r\u00e9pondre aux exigences d'utilisation intensive des environnements commerciaux et garantir une durabilit\u00e9 \u00e0 long terme.<\/li>\n\n\n\n<li><strong>Motif gaufr\u00e9 : <\/strong>Ces tasses en c\u00e9ramique en gros pr\u00e9sentent un design tridimensionnel en relief, ce qui permet d'obtenir des textures claires et une sensation d\u00e9licate, les distinguant des tasses en c\u00e9ramique plates ordinaires et les rendant plus adapt\u00e9es \u00e0 la personnalisation des marques et au march\u00e9 moyen-haut de gamme.<\/li>\n\n\n\n<li><strong>Esth\u00e9tique bicolore cr\u00e9ative :<\/strong> Ces tasses en c\u00e9ramique combinent un corps blanc pur avec un int\u00e9rieur color\u00e9 (jaune\/orange\/vert\/rose\/gris, etc.) dont les couleurs vives ressortent dans un style color-blocking audacieux, dans une coh\u00e9sion de s\u00e9rie facilement reconnaissable.<\/li>\n\n\n\n<li><strong>Recommandation sur le lavage des mains pour une plus grande long\u00e9vit\u00e9 :<\/strong> Il est recommand\u00e9 de laver ces mugs en c\u00e9ramique \u00e0 la main pour pr\u00e9server les d\u00e9tails en relief et la texture de l'\u00e9mail, ce qui les rend adapt\u00e9s aux boutiques de d\u00e9tail et au march\u00e9 des cadeaux.<\/li>\n\n\n\n<li><strong>Taille standardis\u00e9e et utilisation polyvalente :<\/strong> Ces gobelets en c\u00e9ramique de gros ont une capacit\u00e9 uniforme de 400 ml. Ils conviennent pour contenir diverses boissons chaudes et froides telles que l'eau, le caf\u00e9, le lait, le th\u00e9 et les jus, r\u00e9pondant ainsi aux divers besoins des caf\u00e9s, des restaurants, des h\u00f4tels, des bureaux et autres lieux.<\/li>\n\n\n\n<li><strong>Personnalisation possible :<\/strong> Ces tasses en c\u00e9ramique peuvent \u00eatre personnalis\u00e9es avec des motifs en relief, des logos, des couleurs, des effets de gla\u00e7age et des solutions d'emballage, afin de r\u00e9pondre aux besoins individuels des propri\u00e9taires de marques, des fournisseurs de cadeaux et des acheteurs de projets.<\/li>\n<\/ul>\n<\/div>\n\n\n\n<div class=\"wp-block-column is-layout-flow wp-block-column-is-layout-flow\">\n<figure class=\"wp-block-image size-full\"><img decoding=\"async\" width=\"1000\" height=\"1000\" src=\"https:\/\/www.czqunfa.com\/wp-content\/uploads\/2025\/12\/400ml-ceramic-mugs-wholesale-embossed-ceramic-cups-supply-11.webp\" alt=\"400ml-tasses en c\u00e9ramique-wholesale-embossed-ceramic-cups-supply-11\" class=\"wp-image-1188\" srcset=\"https:\/\/www.czqunfa.com\/wp-content\/uploads\/2025\/12\/400ml-ceramic-mugs-wholesale-embossed-ceramic-cups-supply-11.webp 1000w, https:\/\/www.czqunfa.com\/wp-content\/uploads\/2025\/12\/400ml-ceramic-mugs-wholesale-embossed-ceramic-cups-supply-11-300x300.webp 300w, https:\/\/www.czqunfa.com\/wp-content\/uploads\/2025\/12\/400ml-ceramic-mugs-wholesale-embossed-ceramic-cups-supply-11-150x150.webp 150w, https:\/\/www.czqunfa.com\/wp-content\/uploads\/2025\/12\/400ml-ceramic-mugs-wholesale-embossed-ceramic-cups-supply-11-768x768.webp 768w, https:\/\/www.czqunfa.com\/wp-content\/uploads\/2025\/12\/400ml-ceramic-mugs-wholesale-embossed-ceramic-cups-supply-11-600x600.webp 600w, https:\/\/www.czqunfa.com\/wp-content\/uploads\/2025\/12\/400ml-ceramic-mugs-wholesale-embossed-ceramic-cups-supply-11-100x100.webp 100w\" sizes=\"(max-width: 1000px) 100vw, 1000px\" \/><\/figure>\n<\/div>\n<\/div>\n\n\n\n<figure class=\"wp-block-gallery has-nested-images columns-default is-cropped wp-block-gallery-1 is-layout-flex wp-block-gallery-is-layout-flex\">\n<figure class=\"wp-block-image size-full\"><img decoding=\"async\" width=\"1000\" height=\"1000\" data-id=\"1189\" src=\"https:\/\/www.czqunfa.com\/wp-content\/uploads\/2025\/12\/400ml-ceramic-mugs-wholesale-embossed-ceramic-cups-supply-12.webp\" alt=\"400ml-tasses en c\u00e9ramique-wholesale-embossed-ceramic-cups-supply-12\" class=\"wp-image-1189\" srcset=\"https:\/\/www.czqunfa.com\/wp-content\/uploads\/2025\/12\/400ml-ceramic-mugs-wholesale-embossed-ceramic-cups-supply-12.webp 1000w, https:\/\/www.czqunfa.com\/wp-content\/uploads\/2025\/12\/400ml-ceramic-mugs-wholesale-embossed-ceramic-cups-supply-12-300x300.webp 300w, https:\/\/www.czqunfa.com\/wp-content\/uploads\/2025\/12\/400ml-ceramic-mugs-wholesale-embossed-ceramic-cups-supply-12-150x150.webp 150w, https:\/\/www.czqunfa.com\/wp-content\/uploads\/2025\/12\/400ml-ceramic-mugs-wholesale-embossed-ceramic-cups-supply-12-768x768.webp 768w, https:\/\/www.czqunfa.com\/wp-content\/uploads\/2025\/12\/400ml-ceramic-mugs-wholesale-embossed-ceramic-cups-supply-12-600x600.webp 600w, https:\/\/www.czqunfa.com\/wp-content\/uploads\/2025\/12\/400ml-ceramic-mugs-wholesale-embossed-ceramic-cups-supply-12-100x100.webp 100w\" sizes=\"(max-width: 1000px) 100vw, 1000px\" \/><\/figure>\n\n\n\n<figure class=\"wp-block-image size-full\"><img decoding=\"async\" width=\"1000\" height=\"1000\" data-id=\"1190\" src=\"https:\/\/www.czqunfa.com\/wp-content\/uploads\/2025\/12\/400ml-ceramic-mugs-wholesale-embossed-ceramic-cups-supply-13.webp\" alt=\"400ml-tasses en c\u00e9ramique-wholesale-embossed-ceramic-cups-supply-13\" class=\"wp-image-1190\" srcset=\"https:\/\/www.czqunfa.com\/wp-content\/uploads\/2025\/12\/400ml-ceramic-mugs-wholesale-embossed-ceramic-cups-supply-13.webp 1000w, https:\/\/www.czqunfa.com\/wp-content\/uploads\/2025\/12\/400ml-ceramic-mugs-wholesale-embossed-ceramic-cups-supply-13-300x300.webp 300w, https:\/\/www.czqunfa.com\/wp-content\/uploads\/2025\/12\/400ml-ceramic-mugs-wholesale-embossed-ceramic-cups-supply-13-150x150.webp 150w, https:\/\/www.czqunfa.com\/wp-content\/uploads\/2025\/12\/400ml-ceramic-mugs-wholesale-embossed-ceramic-cups-supply-13-768x768.webp 768w, https:\/\/www.czqunfa.com\/wp-content\/uploads\/2025\/12\/400ml-ceramic-mugs-wholesale-embossed-ceramic-cups-supply-13-600x600.webp 600w, https:\/\/www.czqunfa.com\/wp-content\/uploads\/2025\/12\/400ml-ceramic-mugs-wholesale-embossed-ceramic-cups-supply-13-100x100.webp 100w\" sizes=\"(max-width: 1000px) 100vw, 1000px\" \/><\/figure>\n<\/figure>\n\n\n\n<p><\/p>","protected":false},"excerpt":{"rendered":"<p>Nous vous invitons \u00e0 acheter en gros ces tasses en c\u00e9ramique de 400 ml au design gaufr\u00e9, fabriqu\u00e9es en gr\u00e8s durable pour une utilisation \u00e0 long terme. Ces tasses en c\u00e9ramique respectueuses de l'environnement peuvent \u00eatre personnalis\u00e9es (OEM\/ODM), y compris le logo, le motif, la couleur et l'emballage, ce qui les rend id\u00e9ales pour les h\u00f4tels, les caf\u00e9s, les cadeaux d'entreprise et les marques de vente au d\u00e9tail. Un fournisseur fiable de tasses en c\u00e9ramique gaufr\u00e9e pour les commandes en gros et les projets de marque priv\u00e9e.<\/p>\n<h2>Tasses en c\u00e9ramique Param\u00e8tre de vente en gros<\/h2>\n<table border=\"0\" width=\"328\" cellspacing=\"0\" cellpadding=\"0\">\n<tbody>\n<tr>\n<td width=\"116\" height=\"17\">Fabricant<\/td>\n<td width=\"211\">QUNFA<\/td>\n<\/tr>\n<tr>\n<td width=\"116\" height=\"17\">Type de produit<\/td>\n<td>Tasse et mug<\/td>\n<\/tr>\n<tr>\n<td width=\"116\" height=\"17\">Num\u00e9ro de mod\u00e8le.<\/td>\n<td width=\"211\">QF22-117<\/td>\n<\/tr>\n<tr>\n<td width=\"116\" height=\"17\">Mat\u00e9riau<\/td>\n<td width=\"211\">Gr\u00e8s<\/td>\n<\/tr>\n<tr>\n<td width=\"116\" height=\"76\">Couleur<\/td>\n<td width=\"211\">Rose \u00e0 l'int\u00e9rieur et blanc \u00e0 l'ext\u00e9rieur, vert \u00e0 l'int\u00e9rieur et blanc \u00e0 l'ext\u00e9rieur, bleu \u00e0 l'int\u00e9rieur et blanc \u00e0 l'ext\u00e9rieur, orange \u00e0 l'int\u00e9rieur et blanc \u00e0 l'ext\u00e9rieur, gris \u00e0 l'int\u00e9rieur et blanc \u00e0 l'ext\u00e9rieur, jaune \u00e0 l'int\u00e9rieur et blanc \u00e0 l'ext\u00e9rieur.<\/td>\n<\/tr>\n<tr>\n<td width=\"116\" height=\"16\">Dimension<\/td>\n<td width=\"211\">13.7*9.6*11.5CM<\/td>\n<\/tr>\n<tr>\n<td width=\"116\" height=\"17\">Quantit\u00e9 minimale de commande<\/td>\n<td width=\"211\">1000 pi\u00e8ces<\/td>\n<\/tr>\n<tr>\n<td width=\"116\" height=\"17\">Personnalis\u00e9<\/td>\n<td width=\"211\">Couleur\/Taille\/Logo\/Emballage\/Forme<\/td>\n<\/tr>\n<\/tbody>\n<\/table>","protected":false},"featured_media":1192,"comment_status":"closed","ping_status":"closed","template":"","meta":{"_acf_changed":false},"product_brand":[],"product_cat":[18,44],"product_tag":[],"class_list":{"0":"post-1186","1":"product","2":"type-product","3":"status-publish","4":"has-post-thumbnail","6":"product_cat-drinkware-supplier","7":"product_cat-wholesale-cups-and-mugs","9":"first","10":"instock","11":"shipping-taxable","12":"product-type-simple"},"acf":[],"_links":{"self":[{"href":"https:\/\/www.czqunfa.com\/fr\/wp-json\/wp\/v2\/product\/1186","targetHints":{"allow":["GET"]}}],"collection":[{"href":"https:\/\/www.czqunfa.com\/fr\/wp-json\/wp\/v2\/product"}],"about":[{"href":"https:\/\/www.czqunfa.com\/fr\/wp-json\/wp\/v2\/types\/product"}],"replies":[{"embeddable":true,"href":"https:\/\/www.czqunfa.com\/fr\/wp-json\/wp\/v2\/comments?post=1186"}],"wp:featuredmedia":[{"embeddable":true,"href":"https:\/\/www.czqunfa.com\/fr\/wp-json\/wp\/v2\/media\/1192"}],"wp:attachment":[{"href":"https:\/\/www.czqunfa.com\/fr\/wp-json\/wp\/v2\/media?parent=1186"}],"wp:term":[{"taxonomy":"product_brand","embeddable":true,"href":"https:\/\/www.czqunfa.com\/fr\/wp-json\/wp\/v2\/product_brand?post=1186"},{"taxonomy":"product_cat","embeddable":true,"href":"https:\/\/www.czqunfa.com\/fr\/wp-json\/wp\/v2\/product_cat?post=1186"},{"taxonomy":"product_tag","embeddable":true,"href":"https:\/\/www.czqunfa.com\/fr\/wp-json\/wp\/v2\/product_tag?post=1186"}],"curies":[{"name":"wp","href":"https:\/\/api.w.org\/{rel}","templated":true}]}}