{"id":1176,"date":"2025-12-26T07:32:23","date_gmt":"2025-12-26T07:32:23","guid":{"rendered":"https:\/\/www.czqunfa.com\/?post_type=product&#038;p=1176"},"modified":"2025-12-27T02:39:21","modified_gmt":"2025-12-27T02:39:21","slug":"wholesale-ceramic-dinnerware","status":"publish","type":"product","link":"https:\/\/www.czqunfa.com\/fr\/produit\/wholesale-ceramic-dinnerware\/","title":{"rendered":"Vaisselle en c\u00e9ramique en gros, vaisselle avec motifs personnalis\u00e9s"},"content":{"rendered":"<div class=\"wp-block-columns is-layout-flex wp-container-core-columns-is-layout-9d6595d7 wp-block-columns-is-layout-flex\">\n<div class=\"wp-block-column is-layout-flow wp-block-column-is-layout-flow\">\n<h2 class=\"wp-block-heading\">Caract\u00e9ristiques de la vaisselle en c\u00e9ramique vendue en gros<\/h2>\n\n\n\n<ul class=\"wp-block-list\">\n<li><strong>Style artistique turc :<\/strong> Inspir\u00e9e de l'art c\u00e9ramique traditionnel turc, cette vaisselle en c\u00e9ramique vendue en gros est \u00e9maill\u00e9e dans une palette de couleurs unique compos\u00e9e de bleu, blanc, rouge et jaune. Les motifs repr\u00e9sentent des fleurs d\u00e9licates, des \u00e9l\u00e9ments g\u00e9om\u00e9triques et naturels (branches, feuilles et montagnes). Son aspect unique et complet illumine v\u00e9ritablement l'ambiance culturelle et l'apparence de la salle \u00e0 manger.<\/li>\n\n\n\n<li><strong>Suite commerciale compl\u00e8te :<\/strong> Cette gamme de vaisselle en c\u00e9ramique comprend des assiettes \u00e0 dessert de 14 cm et des bols \u00e0 soupe\/salade de 19 cm. Une seule gamme de produits couvre tous vos besoins pour pr\u00e9senter vos entr\u00e9es, plats principaux, soupes, boissons et desserts, permettant ainsi aux restaurants et h\u00f4tels d'acheter et d'assortir leur vaisselle en une seule fois.<\/li>\n\n\n\n<li><strong>Mat\u00e9riau c\u00e9ramique durable et de haute qualit\u00e9 : <\/strong>Fabriqu\u00e9e en c\u00e9ramique haute densit\u00e9, cette vaisselle en c\u00e9ramique vendue en gros est robuste et r\u00e9sistante aux chocs thermiques, ce qui la rend adapt\u00e9e \u00e0 une utilisation fr\u00e9quente et aux fluctuations de temp\u00e9rature dans les cuisines professionnelles, et lui assure une longue dur\u00e9e de vie.<\/li>\n\n\n\n<li><strong>Performances sup\u00e9rieures et facilit\u00e9 de nettoyage :<\/strong> Ces surfaces de vaisselle personnalis\u00e9es sont recouvertes d'un vernis lisse qui r\u00e9siste aux taches, ce qui facilite le lavage \u00e0 la main et permet un nettoyage et une d\u00e9sinfection efficaces au lave-vaisselle. Les faibles co\u00fbts d'entretien garantissent qu'elles restent brillantes et comme neuves pendant longtemps.<\/li>\n\n\n\n<li><strong>Motifs et tailles hautement personnalisables :<\/strong> Ces articles de table personnalis\u00e9s permettent aux clients B2B de personnaliser les motifs et les combinaisons de couleurs de leur vaisselle en fonction du positionnement de leur marque. Il est \u00e9galement possible d'ajuster la taille de certains produits, ce qui les rend id\u00e9aux pour cr\u00e9er une image de marque unique, des chambres d'h\u00f4tel \u00e0 th\u00e8me ou des restaurants sp\u00e9cialis\u00e9s.<\/li>\n<\/ul>\n<\/div>\n\n\n\n<div class=\"wp-block-column is-layout-flow wp-block-column-is-layout-flow\">\n<figure class=\"wp-block-image size-full\"><img decoding=\"async\" width=\"800\" height=\"800\" src=\"https:\/\/www.czqunfa.com\/wp-content\/uploads\/2025\/12\/turkish-style-wholesale-ceramic-dinnerware-custom-pattern-tableware-3.webp\" alt=\"Vaisselle en c\u00e9ramique de style turc vendue en gros, motifs personnalis\u00e9s, vaisselle de table 3\" class=\"wp-image-1180\" srcset=\"https:\/\/www.czqunfa.com\/wp-content\/uploads\/2025\/12\/turkish-style-wholesale-ceramic-dinnerware-custom-pattern-tableware-3.webp 800w, https:\/\/www.czqunfa.com\/wp-content\/uploads\/2025\/12\/turkish-style-wholesale-ceramic-dinnerware-custom-pattern-tableware-3-300x300.webp 300w, https:\/\/www.czqunfa.com\/wp-content\/uploads\/2025\/12\/turkish-style-wholesale-ceramic-dinnerware-custom-pattern-tableware-3-150x150.webp 150w, https:\/\/www.czqunfa.com\/wp-content\/uploads\/2025\/12\/turkish-style-wholesale-ceramic-dinnerware-custom-pattern-tableware-3-768x768.webp 768w, https:\/\/www.czqunfa.com\/wp-content\/uploads\/2025\/12\/turkish-style-wholesale-ceramic-dinnerware-custom-pattern-tableware-3-600x600.webp 600w, https:\/\/www.czqunfa.com\/wp-content\/uploads\/2025\/12\/turkish-style-wholesale-ceramic-dinnerware-custom-pattern-tableware-3-100x100.webp 100w\" sizes=\"(max-width: 800px) 100vw, 800px\" \/><\/figure>\n<\/div>\n<\/div>\n\n\n\n<figure class=\"wp-block-gallery has-nested-images columns-default is-cropped wp-block-gallery-1 is-layout-flex wp-block-gallery-is-layout-flex\">\n<figure class=\"wp-block-image size-full\"><img decoding=\"async\" width=\"800\" height=\"800\" data-id=\"1179\" src=\"https:\/\/www.czqunfa.com\/wp-content\/uploads\/2025\/12\/turkish-style-wholesale-ceramic-dinnerware-custom-pattern-tableware-2.webp\" alt=\"vaisselle-de-table-en-c\u00e9ramique-de-style-turc-en-gros-motifs-personnalis\u00e9s-vaisselle-2\" class=\"wp-image-1179\" srcset=\"https:\/\/www.czqunfa.com\/wp-content\/uploads\/2025\/12\/turkish-style-wholesale-ceramic-dinnerware-custom-pattern-tableware-2.webp 800w, https:\/\/www.czqunfa.com\/wp-content\/uploads\/2025\/12\/turkish-style-wholesale-ceramic-dinnerware-custom-pattern-tableware-2-300x300.webp 300w, https:\/\/www.czqunfa.com\/wp-content\/uploads\/2025\/12\/turkish-style-wholesale-ceramic-dinnerware-custom-pattern-tableware-2-150x150.webp 150w, https:\/\/www.czqunfa.com\/wp-content\/uploads\/2025\/12\/turkish-style-wholesale-ceramic-dinnerware-custom-pattern-tableware-2-768x768.webp 768w, https:\/\/www.czqunfa.com\/wp-content\/uploads\/2025\/12\/turkish-style-wholesale-ceramic-dinnerware-custom-pattern-tableware-2-600x600.webp 600w, https:\/\/www.czqunfa.com\/wp-content\/uploads\/2025\/12\/turkish-style-wholesale-ceramic-dinnerware-custom-pattern-tableware-2-100x100.webp 100w\" sizes=\"(max-width: 800px) 100vw, 800px\" \/><\/figure>\n\n\n\n<figure class=\"wp-block-image size-full\"><img decoding=\"async\" width=\"800\" height=\"800\" data-id=\"1181\" src=\"https:\/\/www.czqunfa.com\/wp-content\/uploads\/2025\/12\/turkish-style-wholesale-ceramic-dinnerware-custom-pattern-tableware-4.webp\" alt=\"vaisselle-en-c\u00e9ramique-de-style-turc-en-gros-motifs-personnalis\u00e9s-vaisselle-4\" class=\"wp-image-1181\" srcset=\"https:\/\/www.czqunfa.com\/wp-content\/uploads\/2025\/12\/turkish-style-wholesale-ceramic-dinnerware-custom-pattern-tableware-4.webp 800w, https:\/\/www.czqunfa.com\/wp-content\/uploads\/2025\/12\/turkish-style-wholesale-ceramic-dinnerware-custom-pattern-tableware-4-300x300.webp 300w, https:\/\/www.czqunfa.com\/wp-content\/uploads\/2025\/12\/turkish-style-wholesale-ceramic-dinnerware-custom-pattern-tableware-4-150x150.webp 150w, https:\/\/www.czqunfa.com\/wp-content\/uploads\/2025\/12\/turkish-style-wholesale-ceramic-dinnerware-custom-pattern-tableware-4-768x768.webp 768w, https:\/\/www.czqunfa.com\/wp-content\/uploads\/2025\/12\/turkish-style-wholesale-ceramic-dinnerware-custom-pattern-tableware-4-600x600.webp 600w, https:\/\/www.czqunfa.com\/wp-content\/uploads\/2025\/12\/turkish-style-wholesale-ceramic-dinnerware-custom-pattern-tableware-4-100x100.webp 100w\" sizes=\"(max-width: 800px) 100vw, 800px\" \/><\/figure>\n<\/figure>\n\n\n\n<p><\/p>","protected":false},"excerpt":{"rendered":"<p>Bienvenue pour acheter cette vaisselle en c\u00e9ramique de style turc en gros, caract\u00e9ris\u00e9e par des motifs traditionnels riches et des designs personnalisables. Fabriqu\u00e9e en c\u00e9ramique durable cuite \u00e0 haute temp\u00e9rature, cette vaisselle \u00e0 motifs prend en charge les services OEM\/ODM, y compris les couleurs personnalis\u00e9es, les motifs et l'impression de logos. Id\u00e9ale pour les importateurs, les marques, les h\u00f4tels, les restaurants et les d\u00e9taillants \u00e0 la recherche de vaisselle en c\u00e9ramique distinctive et de haute qualit\u00e9 pour un achat en gros.<\/p>\n<h2>Param\u00e8tres des articles de vaisselle en c\u00e9ramique vendus en gros<\/h2>\n<table width=\"328\">\n<tbody>\n<tr>\n<td width=\"116\">Fabricant<\/td>\n<td width=\"211\">QUNFA<\/td>\n<\/tr>\n<tr>\n<td width=\"116\">Type de produit<\/td>\n<td>Service de vaisselle<\/td>\n<\/tr>\n<tr>\n<td width=\"116\">Num\u00e9ro de mod\u00e8le.<\/td>\n<td width=\"211\">2433BL<\/td>\n<\/tr>\n<tr>\n<td width=\"116\">Mat\u00e9riau<\/td>\n<td width=\"211\">Gr\u00e8s<\/td>\n<\/tr>\n<tr>\n<td width=\"116\">Couleur<\/td>\n<td width=\"211\">Bleu<\/td>\n<\/tr>\n<tr>\n<td width=\"116\">Dimension<\/td>\n<td width=\"211\">\u00a0Assiette 8 pouces : 20,3 x 20,3 x 1,9 cm<br \/>10,5 pouces : 26,7 x 26,7 x 3,5 cm<br \/>Bol rond de 7,5 pouces : 19,1 x 19,1 x 4,8 cm<br \/>Tasse de 14 oz : 12,7 x 9,8 x 9 cm<br \/>Assiette ronde 5,6 pouces : 14,3 x 14,3 x 6,7 cm<\/td>\n<\/tr>\n<tr>\n<td width=\"116\">Quantit\u00e9 minimale de commande<\/td>\n<td width=\"211\">1000 pi\u00e8ces<\/td>\n<\/tr>\n<tr>\n<td width=\"116\">Personnalis\u00e9<\/td>\n<td width=\"211\">Couleur\/Taille\/Logo\/Emballage\/Forme<\/td>\n<\/tr>\n<\/tbody>\n<\/table>","protected":false},"featured_media":1182,"comment_status":"closed","ping_status":"closed","template":"","meta":{"_acf_changed":false},"product_brand":[],"product_cat":[20,25],"product_tag":[],"class_list":{"0":"post-1176","1":"product","2":"type-product","3":"status-publish","4":"has-post-thumbnail","6":"product_cat-dinnerware-supplier","7":"product_cat-dinner-set-supplier","9":"first","10":"instock","11":"shipping-taxable","12":"product-type-simple"},"acf":[],"_links":{"self":[{"href":"https:\/\/www.czqunfa.com\/fr\/wp-json\/wp\/v2\/product\/1176","targetHints":{"allow":["GET"]}}],"collection":[{"href":"https:\/\/www.czqunfa.com\/fr\/wp-json\/wp\/v2\/product"}],"about":[{"href":"https:\/\/www.czqunfa.com\/fr\/wp-json\/wp\/v2\/types\/product"}],"replies":[{"embeddable":true,"href":"https:\/\/www.czqunfa.com\/fr\/wp-json\/wp\/v2\/comments?post=1176"}],"wp:featuredmedia":[{"embeddable":true,"href":"https:\/\/www.czqunfa.com\/fr\/wp-json\/wp\/v2\/media\/1182"}],"wp:attachment":[{"href":"https:\/\/www.czqunfa.com\/fr\/wp-json\/wp\/v2\/media?parent=1176"}],"wp:term":[{"taxonomy":"product_brand","embeddable":true,"href":"https:\/\/www.czqunfa.com\/fr\/wp-json\/wp\/v2\/product_brand?post=1176"},{"taxonomy":"product_cat","embeddable":true,"href":"https:\/\/www.czqunfa.com\/fr\/wp-json\/wp\/v2\/product_cat?post=1176"},{"taxonomy":"product_tag","embeddable":true,"href":"https:\/\/www.czqunfa.com\/fr\/wp-json\/wp\/v2\/product_tag?post=1176"}],"curies":[{"name":"wp","href":"https:\/\/api.w.org\/{rel}","templated":true}]}}