{"id":1159,"date":"2025-12-26T06:37:10","date_gmt":"2025-12-26T06:37:10","guid":{"rendered":"https:\/\/www.czqunfa.com\/?post_type=product&#038;p=1159"},"modified":"2025-12-26T07:09:51","modified_gmt":"2025-12-26T07:09:51","slug":"wholesale-pet-bowls","status":"publish","type":"product","link":"https:\/\/www.czqunfa.com\/fr\/produit\/wholesale-pet-bowls\/","title":{"rendered":"Gamelles pour animaux en gros, gamelles en c\u00e9ramique pour chiens en vrac avec support en fer"},"content":{"rendered":"<div class=\"wp-block-columns is-layout-flex wp-container-core-columns-is-layout-9d6595d7 wp-block-columns-is-layout-flex\">\n<div class=\"wp-block-column is-layout-flow wp-block-column-is-layout-flow\">\n<h2 class=\"wp-block-heading\">Caract\u00e9ristiques des bols pour animaux de compagnie en gros<\/h2>\n\n\n\n<ul class=\"wp-block-list\">\n<li><strong>Bols en c\u00e9ramique de haute qualit\u00e9, sans danger pour les aliments : <\/strong>Ces bols pour animaux de compagnie sont fabriqu\u00e9s en c\u00e9ramique de premi\u00e8re qualit\u00e9 soigneusement s\u00e9lectionn\u00e9e, dense et robuste avec une surface lisse, offrant une excellente r\u00e9sistance \u00e0 la chaleur et au froid, et sont s\u00fbrs, inodores et durables.<\/li>\n\n\n\n<li><strong>Conception de l'alimentation par levage saine :<\/strong> Ces gamelles pour animaux de compagnie sont dot\u00e9es d'un support arqu\u00e9 en fer noir robuste qui \u00e9l\u00e8ve la gamelle \u00e0 une hauteur appropri\u00e9e (environ 9 cm), ce qui aide les animaux de compagnie \u00e0 maintenir une position vert\u00e9brale naturelle pendant qu'ils mangent, favorisant ainsi la digestion et r\u00e9duisant la tension du cou.<\/li>\n\n\n\n<li><strong>Des cloisons fonctionnelles et des messages intelligents : <\/strong>Ces bols pour animaux de compagnie en gros sont dot\u00e9s d'un double bol qui permet de distinguer clairement les fonctions \u201cboire\u201d et \u201cassoiff\u00e9\u201d. Les bols pr\u00e9sentent \u00e9galement des motifs de pattes accrocheurs pour guider les animaux et les amuser.<\/li>\n\n\n\n<li><strong>Conception stable, s\u00fbre et antid\u00e9rapante :<\/strong> Ces gamelles pour chiens en c\u00e9ramique sont dot\u00e9es d'un support en fer stable, antid\u00e9rapant et r\u00e9sistant. Le fond plat de la gamelle en c\u00e9ramique assure sa stabilit\u00e9 et l'emp\u00eache de basculer pendant que l'animal mange.<\/li>\n\n\n\n<li><strong>Grande capacit\u00e9 : <\/strong>Ces gamelles en c\u00e9ramique ont une capacit\u00e9 de 1000 ml et r\u00e9pondent aux besoins quotidiens des foyers avec plusieurs animaux, des animaleries, des h\u00f4tels pour animaux et d'autres \u00e9tablissements commerciaux accueillant des chiens ou des chats de taille moyenne \u00e0 grande.<\/li>\n<\/ul>\n<\/div>\n\n\n\n<div class=\"wp-block-column is-layout-flow wp-block-column-is-layout-flow\">\n<figure class=\"wp-block-image size-full\"><img decoding=\"async\" width=\"960\" height=\"960\" src=\"https:\/\/www.czqunfa.com\/wp-content\/uploads\/2025\/12\/wholesale-pet-bowls-bulk-ceramic-dog-bowls-with-iron-arched-support-2.webp\" alt=\"wholesale-pet-bowls-bulk-ceramic-dog-bowls-with-iron-arched-support-2\" class=\"wp-image-1161\" srcset=\"https:\/\/www.czqunfa.com\/wp-content\/uploads\/2025\/12\/wholesale-pet-bowls-bulk-ceramic-dog-bowls-with-iron-arched-support-2.webp 960w, https:\/\/www.czqunfa.com\/wp-content\/uploads\/2025\/12\/wholesale-pet-bowls-bulk-ceramic-dog-bowls-with-iron-arched-support-2-300x300.webp 300w, https:\/\/www.czqunfa.com\/wp-content\/uploads\/2025\/12\/wholesale-pet-bowls-bulk-ceramic-dog-bowls-with-iron-arched-support-2-150x150.webp 150w, https:\/\/www.czqunfa.com\/wp-content\/uploads\/2025\/12\/wholesale-pet-bowls-bulk-ceramic-dog-bowls-with-iron-arched-support-2-768x768.webp 768w, https:\/\/www.czqunfa.com\/wp-content\/uploads\/2025\/12\/wholesale-pet-bowls-bulk-ceramic-dog-bowls-with-iron-arched-support-2-600x600.webp 600w, https:\/\/www.czqunfa.com\/wp-content\/uploads\/2025\/12\/wholesale-pet-bowls-bulk-ceramic-dog-bowls-with-iron-arched-support-2-100x100.webp 100w\" sizes=\"(max-width: 960px) 100vw, 960px\" \/><\/figure>\n<\/div>\n<\/div>\n\n\n\n<figure class=\"wp-block-gallery has-nested-images columns-default is-cropped wp-block-gallery-1 is-layout-flex wp-block-gallery-is-layout-flex\">\n<figure class=\"wp-block-image size-full\"><img decoding=\"async\" width=\"960\" height=\"960\" data-id=\"1162\" src=\"https:\/\/www.czqunfa.com\/wp-content\/uploads\/2025\/12\/wholesale-pet-bowls-bulk-ceramic-dog-bowls-with-iron-arched-support-3.webp\" alt=\"wholesale-pet-bowls-bulk-ceramic-dog-bowls-with-iron-arched-support-3\" class=\"wp-image-1162\" srcset=\"https:\/\/www.czqunfa.com\/wp-content\/uploads\/2025\/12\/wholesale-pet-bowls-bulk-ceramic-dog-bowls-with-iron-arched-support-3.webp 960w, https:\/\/www.czqunfa.com\/wp-content\/uploads\/2025\/12\/wholesale-pet-bowls-bulk-ceramic-dog-bowls-with-iron-arched-support-3-300x300.webp 300w, https:\/\/www.czqunfa.com\/wp-content\/uploads\/2025\/12\/wholesale-pet-bowls-bulk-ceramic-dog-bowls-with-iron-arched-support-3-150x150.webp 150w, https:\/\/www.czqunfa.com\/wp-content\/uploads\/2025\/12\/wholesale-pet-bowls-bulk-ceramic-dog-bowls-with-iron-arched-support-3-768x768.webp 768w, https:\/\/www.czqunfa.com\/wp-content\/uploads\/2025\/12\/wholesale-pet-bowls-bulk-ceramic-dog-bowls-with-iron-arched-support-3-600x600.webp 600w, https:\/\/www.czqunfa.com\/wp-content\/uploads\/2025\/12\/wholesale-pet-bowls-bulk-ceramic-dog-bowls-with-iron-arched-support-3-100x100.webp 100w\" sizes=\"(max-width: 960px) 100vw, 960px\" \/><\/figure>\n\n\n\n<figure class=\"wp-block-image size-full\"><img decoding=\"async\" width=\"960\" height=\"960\" data-id=\"1163\" src=\"https:\/\/www.czqunfa.com\/wp-content\/uploads\/2025\/12\/wholesale-pet-bowls-bulk-ceramic-dog-bowls-with-iron-arched-support-4.webp\" alt=\"wholesale-pet-bowls-bulk-ceramic-dog-bowls-with-iron-arched-support-4\" class=\"wp-image-1163\" srcset=\"https:\/\/www.czqunfa.com\/wp-content\/uploads\/2025\/12\/wholesale-pet-bowls-bulk-ceramic-dog-bowls-with-iron-arched-support-4.webp 960w, https:\/\/www.czqunfa.com\/wp-content\/uploads\/2025\/12\/wholesale-pet-bowls-bulk-ceramic-dog-bowls-with-iron-arched-support-4-300x300.webp 300w, https:\/\/www.czqunfa.com\/wp-content\/uploads\/2025\/12\/wholesale-pet-bowls-bulk-ceramic-dog-bowls-with-iron-arched-support-4-150x150.webp 150w, https:\/\/www.czqunfa.com\/wp-content\/uploads\/2025\/12\/wholesale-pet-bowls-bulk-ceramic-dog-bowls-with-iron-arched-support-4-768x768.webp 768w, https:\/\/www.czqunfa.com\/wp-content\/uploads\/2025\/12\/wholesale-pet-bowls-bulk-ceramic-dog-bowls-with-iron-arched-support-4-600x600.webp 600w, https:\/\/www.czqunfa.com\/wp-content\/uploads\/2025\/12\/wholesale-pet-bowls-bulk-ceramic-dog-bowls-with-iron-arched-support-4-100x100.webp 100w\" sizes=\"(max-width: 960px) 100vw, 960px\" \/><\/figure>\n<\/figure>\n\n\n\n<p><\/p>","protected":false},"excerpt":{"rendered":"<p>Bienvenue \u00e0 l'achat de ces gamelles pour animaux de compagnie en gros avec support arqu\u00e9 en fer, parfaites pour une utilisation \u00e0 long terme, stable, et une alimentation sur\u00e9lev\u00e9e. Cette gamelle pour chien en c\u00e9ramique en gros a un bol en c\u00e9ramique qui est amovible et un support en fer qui est solide, peut s'adapter \u00e0 diff\u00e9rentes situations d'alimentation, parfait pour les marques d'animaux, les distributeurs et les d\u00e9taillants sur le march\u00e9 de gros qui veulent fournir aux clients des solutions d'alimentation de haute qualit\u00e9 et personnalisables.<\/p>\n<h2>Bols pour animaux de compagnie en gros Param\u00e8tre<\/h2>\n<table border=\"0\" width=\"328\" cellspacing=\"0\" cellpadding=\"0\">\n<tbody>\n<tr>\n<td width=\"116\" height=\"17\">Fabricant<\/td>\n<td width=\"211\">QUNFA<\/td>\n<\/tr>\n<tr>\n<td width=\"116\" height=\"17\">Type de produit<\/td>\n<td>Bols sur\u00e9lev\u00e9s pour animaux de compagnie, bols doubles pour animaux de compagnie<\/td>\n<\/tr>\n<tr>\n<td width=\"116\" height=\"17\">Num\u00e9ro de mod\u00e8le.<\/td>\n<td width=\"211\">QF22CW-25<\/td>\n<\/tr>\n<tr>\n<td width=\"116\" height=\"17\">Mat\u00e9riau<\/td>\n<td width=\"211\">Gr\u00e8s<\/td>\n<\/tr>\n<tr>\n<td width=\"116\" height=\"17\">Couleur<\/td>\n<td width=\"211\">Blanc<\/td>\n<\/tr>\n<tr>\n<td width=\"116\" height=\"31\">Dimension<\/td>\n<td width=\"211\">Bol : 15.5*15.5*6.5CM<br \/>Socle en fer : 34.3*16*9CM<\/td>\n<\/tr>\n<tr>\n<td width=\"116\" height=\"17\">Quantit\u00e9 minimale de commande<\/td>\n<td width=\"211\">1000 pi\u00e8ces<\/td>\n<\/tr>\n<tr>\n<td width=\"116\" height=\"17\">Personnalis\u00e9<\/td>\n<td width=\"211\">Couleur\/Taille\/Logo\/Emballage\/Forme<\/td>\n<\/tr>\n<\/tbody>\n<\/table>","protected":false},"featured_media":1165,"comment_status":"closed","ping_status":"closed","template":"","meta":{"_acf_changed":false},"product_brand":[],"product_cat":[16,52,51],"product_tag":[],"class_list":{"0":"post-1159","1":"product","2":"type-product","3":"status-publish","4":"has-post-thumbnail","6":"product_cat-pet-bowl-manufacturer","7":"product_cat-double-pet-bowl-factory","8":"product_cat-raised-pet-bowls-wholesale","10":"first","11":"instock","12":"shipping-taxable","13":"product-type-simple"},"acf":[],"_links":{"self":[{"href":"https:\/\/www.czqunfa.com\/fr\/wp-json\/wp\/v2\/product\/1159","targetHints":{"allow":["GET"]}}],"collection":[{"href":"https:\/\/www.czqunfa.com\/fr\/wp-json\/wp\/v2\/product"}],"about":[{"href":"https:\/\/www.czqunfa.com\/fr\/wp-json\/wp\/v2\/types\/product"}],"replies":[{"embeddable":true,"href":"https:\/\/www.czqunfa.com\/fr\/wp-json\/wp\/v2\/comments?post=1159"}],"wp:featuredmedia":[{"embeddable":true,"href":"https:\/\/www.czqunfa.com\/fr\/wp-json\/wp\/v2\/media\/1165"}],"wp:attachment":[{"href":"https:\/\/www.czqunfa.com\/fr\/wp-json\/wp\/v2\/media?parent=1159"}],"wp:term":[{"taxonomy":"product_brand","embeddable":true,"href":"https:\/\/www.czqunfa.com\/fr\/wp-json\/wp\/v2\/product_brand?post=1159"},{"taxonomy":"product_cat","embeddable":true,"href":"https:\/\/www.czqunfa.com\/fr\/wp-json\/wp\/v2\/product_cat?post=1159"},{"taxonomy":"product_tag","embeddable":true,"href":"https:\/\/www.czqunfa.com\/fr\/wp-json\/wp\/v2\/product_tag?post=1159"}],"curies":[{"name":"wp","href":"https:\/\/api.w.org\/{rel}","templated":true}]}}