{"id":1149,"date":"2025-12-25T10:24:57","date_gmt":"2025-12-25T10:24:57","guid":{"rendered":"https:\/\/www.tongdeceramic.com\/?post_type=product&#038;p=1149"},"modified":"2025-12-27T09:48:34","modified_gmt":"2025-12-27T09:48:34","slug":"wholesale-flower-pots","status":"publish","type":"product","link":"https:\/\/www.czqunfa.com\/fr\/produit\/wholesale-flower-pots\/","title":{"rendered":"Vente en gros de pots de fleurs, pots de jardin d\u00e9coratifs en c\u00e9ramique en vrac"},"content":{"rendered":"<div class=\"wp-block-columns is-layout-flex wp-container-core-columns-is-layout-9d6595d7 wp-block-columns-is-layout-flex\">\n<div class=\"wp-block-column is-layout-flow wp-block-column-is-layout-flow\">\n<h2 class=\"wp-block-heading\">Caract\u00e9ristiques des pots de fleurs en gros<\/h2>\n\n\n\n<ul class=\"wp-block-list\">\n<li><strong>Mat\u00e9riau c\u00e9ramique de premi\u00e8re qualit\u00e9 et durable :<\/strong> Ces pots de fleurs en gros sont fabriqu\u00e9s en c\u00e9ramique de haute densit\u00e9 et cuits \u00e0 haute temp\u00e9rature, ce qui donne une structure robuste avec une excellente r\u00e9sistance \u00e0 la chaleur et au froid et aux intemp\u00e9ries, adapt\u00e9e \u00e0 une utilisation \u00e0 long terme \u00e0 l'int\u00e9rieur et \u00e0 l'ext\u00e9rieur.<\/li>\n\n\n\n<li><strong>Glace lisse, facile \u00e0 nettoyer et \u00e0 entretenir :<\/strong> La couche d'\u00e9mail d\u00e9licate et lisse des pots de fleurs en gros n'attire pas facilement les taches et le calcaire, ce qui facilite le nettoyage quotidien et r\u00e9duit les co\u00fbts d'entretien dans les entreprises commerciales.<\/li>\n\n\n\n<li><strong>Combiner la d\u00e9coration et la praticit\u00e9 : <\/strong>Ces pots de fleurs en gros, d'aspect simple mais textur\u00e9, conviennent pour les cours, les balcons, les expositions de plantes d'int\u00e9rieur et les am\u00e9nagements paysagers commerciaux, am\u00e9liorant l'esth\u00e9tique g\u00e9n\u00e9rale de l'espace.<\/li>\n\n\n\n<li><strong>Poign\u00e9es pratiques :<\/strong> Ces pots de jardin en c\u00e9ramique en vrac sont \u00e9quip\u00e9s de poign\u00e9es sym\u00e9triques des deux c\u00f4t\u00e9s pour faciliter leur manipulation et leur mise en place. La conception verticale standardis\u00e9e permet un empilage stable, ce qui \u00e9conomise consid\u00e9rablement l'espace de stockage et de logistique.<\/li>\n\n\n\n<li><strong>Plusieurs tailles disponibles : <\/strong>Ces pots de jardin en c\u00e9ramique en vrac conviennent \u00e0 la pr\u00e9sentation d'une vari\u00e9t\u00e9 de fleurs, de verdure et de plantes ornementales. R\u00e9pondant aux besoins de diff\u00e9rentes plantes, ils conviennent aux grossistes en pots de fleurs, aux marques de jardinage, au commerce \u00e9lectronique transfrontalier et aux cha\u00eenes de vente au d\u00e9tail pour la vente en gros et la personnalisation.<\/li>\n<\/ul>\n<\/div>\n\n\n\n<div class=\"wp-block-column is-layout-flow wp-block-column-is-layout-flow\">\n<figure class=\"wp-block-image size-full\"><img decoding=\"async\" width=\"1000\" height=\"1000\" src=\"https:\/\/www.czqunfa.com\/wp-content\/uploads\/2025\/12\/wholesale-flower-pots-decorative-ceramic-garden-pot-in-bulk-3.webp\" alt=\"grossiste-pots-de-fleurs-pots-de-jardin-en-c\u00e9ramique-d\u00e9coratifs-en-bulk-3\" class=\"wp-image-1155\" srcset=\"https:\/\/www.czqunfa.com\/wp-content\/uploads\/2025\/12\/wholesale-flower-pots-decorative-ceramic-garden-pot-in-bulk-3.webp 1000w, https:\/\/www.czqunfa.com\/wp-content\/uploads\/2025\/12\/wholesale-flower-pots-decorative-ceramic-garden-pot-in-bulk-3-300x300.webp 300w, https:\/\/www.czqunfa.com\/wp-content\/uploads\/2025\/12\/wholesale-flower-pots-decorative-ceramic-garden-pot-in-bulk-3-150x150.webp 150w, https:\/\/www.czqunfa.com\/wp-content\/uploads\/2025\/12\/wholesale-flower-pots-decorative-ceramic-garden-pot-in-bulk-3-768x768.webp 768w, https:\/\/www.czqunfa.com\/wp-content\/uploads\/2025\/12\/wholesale-flower-pots-decorative-ceramic-garden-pot-in-bulk-3-600x600.webp 600w, https:\/\/www.czqunfa.com\/wp-content\/uploads\/2025\/12\/wholesale-flower-pots-decorative-ceramic-garden-pot-in-bulk-3-100x100.webp 100w\" sizes=\"(max-width: 1000px) 100vw, 1000px\" \/><\/figure>\n<\/div>\n<\/div>\n\n\n\n<figure class=\"wp-block-gallery has-nested-images columns-default is-cropped wp-block-gallery-1 is-layout-flex wp-block-gallery-is-layout-flex\">\n<figure class=\"wp-block-image size-full\"><img decoding=\"async\" width=\"1000\" height=\"1000\" data-id=\"1153\" src=\"https:\/\/www.czqunfa.com\/wp-content\/uploads\/2025\/12\/wholesale-flower-pots-decorative-ceramic-garden-pot-in-bulk-1.webp\" alt=\"grossiste-pots-de-fleurs-pots-de-jardin-en-c\u00e9ramique-d\u00e9coratifs-en-vrac-1\" class=\"wp-image-1153\" srcset=\"https:\/\/www.czqunfa.com\/wp-content\/uploads\/2025\/12\/wholesale-flower-pots-decorative-ceramic-garden-pot-in-bulk-1.webp 1000w, https:\/\/www.czqunfa.com\/wp-content\/uploads\/2025\/12\/wholesale-flower-pots-decorative-ceramic-garden-pot-in-bulk-1-300x300.webp 300w, https:\/\/www.czqunfa.com\/wp-content\/uploads\/2025\/12\/wholesale-flower-pots-decorative-ceramic-garden-pot-in-bulk-1-150x150.webp 150w, https:\/\/www.czqunfa.com\/wp-content\/uploads\/2025\/12\/wholesale-flower-pots-decorative-ceramic-garden-pot-in-bulk-1-768x768.webp 768w, https:\/\/www.czqunfa.com\/wp-content\/uploads\/2025\/12\/wholesale-flower-pots-decorative-ceramic-garden-pot-in-bulk-1-600x600.webp 600w, https:\/\/www.czqunfa.com\/wp-content\/uploads\/2025\/12\/wholesale-flower-pots-decorative-ceramic-garden-pot-in-bulk-1-100x100.webp 100w\" sizes=\"(max-width: 1000px) 100vw, 1000px\" \/><\/figure>\n\n\n\n<figure class=\"wp-block-image size-full\"><img decoding=\"async\" width=\"1000\" height=\"1000\" data-id=\"1157\" src=\"https:\/\/www.czqunfa.com\/wp-content\/uploads\/2025\/12\/wholesale-flower-pots-decorative-ceramic-garden-pot-in-bulk-5.webp\" alt=\"grossiste-pots-de-fleurs-pots-de-jardin-en-c\u00e9ramique-d\u00e9coratifs-en-bulk-5\" class=\"wp-image-1157\" srcset=\"https:\/\/www.czqunfa.com\/wp-content\/uploads\/2025\/12\/wholesale-flower-pots-decorative-ceramic-garden-pot-in-bulk-5.webp 1000w, https:\/\/www.czqunfa.com\/wp-content\/uploads\/2025\/12\/wholesale-flower-pots-decorative-ceramic-garden-pot-in-bulk-5-300x300.webp 300w, https:\/\/www.czqunfa.com\/wp-content\/uploads\/2025\/12\/wholesale-flower-pots-decorative-ceramic-garden-pot-in-bulk-5-150x150.webp 150w, https:\/\/www.czqunfa.com\/wp-content\/uploads\/2025\/12\/wholesale-flower-pots-decorative-ceramic-garden-pot-in-bulk-5-768x768.webp 768w, https:\/\/www.czqunfa.com\/wp-content\/uploads\/2025\/12\/wholesale-flower-pots-decorative-ceramic-garden-pot-in-bulk-5-600x600.webp 600w, https:\/\/www.czqunfa.com\/wp-content\/uploads\/2025\/12\/wholesale-flower-pots-decorative-ceramic-garden-pot-in-bulk-5-100x100.webp 100w\" sizes=\"(max-width: 1000px) 100vw, 1000px\" \/><\/figure>\n<\/figure>\n\n\n\n<p><\/p>","protected":false},"excerpt":{"rendered":"<p>Nos pots de fleurs en gros sont fabriqu\u00e9s en gr\u00e8s de haute qualit\u00e9 et sont con\u00e7us pour durer, se nettoyer facilement et \u00eatre utilis\u00e9s \u00e0 long terme \u00e0 l'int\u00e9rieur ou \u00e0 l'ext\u00e9rieur. Disponibles en plusieurs tailles, ces pots de fleurs en c\u00e9ramique sont id\u00e9aux pour les jardineries, les d\u00e9taillants, les h\u00f4tels et les projets d'am\u00e9nagement paysager. Ils peuvent \u00eatre command\u00e9s en gros et personnalis\u00e9s en OEM\/ODM.<\/p>\n<h2>Param\u00e8tres des pots de fleurs en gros<\/h2>\n<table width=\"328\">\n<tbody>\n<tr>\n<td width=\"116\">Fabricant<\/td>\n<td width=\"211\">QUNFA<\/td>\n<\/tr>\n<tr>\n<td width=\"116\">Type de produit<\/td>\n<td>Pot de fleurs<\/td>\n<\/tr>\n<tr>\n<td width=\"116\">Num\u00e9ro de mod\u00e8le.<\/td>\n<td width=\"211\">\u00a0QF14-308<\/td>\n<\/tr>\n<tr>\n<td width=\"116\">Mat\u00e9riau<\/td>\n<td width=\"211\">Gr\u00e8s<\/td>\n<\/tr>\n<tr>\n<td width=\"116\">Couleur<\/td>\n<td width=\"211\">Personnalis\u00e9<\/td>\n<\/tr>\n<tr>\n<td width=\"116\">Dimension<\/td>\n<td width=\"211\">M:17.5*12.18*25.5CM<br \/>S:16*16*25.5CM<\/td>\n<\/tr>\n<tr>\n<td width=\"116\">Quantit\u00e9 minimale de commande<\/td>\n<td width=\"211\">1000 pi\u00e8ces<\/td>\n<\/tr>\n<tr>\n<td width=\"116\">Personnalis\u00e9<\/td>\n<td width=\"211\">Couleur\/Taille\/Logo\/Emballage\/Forme<\/td>\n<\/tr>\n<\/tbody>\n<\/table>","protected":false},"featured_media":1158,"comment_status":"closed","ping_status":"closed","template":"","meta":{"_acf_changed":false},"product_brand":[],"product_cat":[17,46],"product_tag":[],"class_list":{"0":"post-1149","1":"product","2":"type-product","3":"status-publish","4":"has-post-thumbnail","6":"product_cat-home-garden-decor-wholesale","7":"product_cat-ceramic-vase-supplier","9":"first","10":"instock","11":"shipping-taxable","12":"product-type-simple"},"acf":[],"_links":{"self":[{"href":"https:\/\/www.czqunfa.com\/fr\/wp-json\/wp\/v2\/product\/1149","targetHints":{"allow":["GET"]}}],"collection":[{"href":"https:\/\/www.czqunfa.com\/fr\/wp-json\/wp\/v2\/product"}],"about":[{"href":"https:\/\/www.czqunfa.com\/fr\/wp-json\/wp\/v2\/types\/product"}],"replies":[{"embeddable":true,"href":"https:\/\/www.czqunfa.com\/fr\/wp-json\/wp\/v2\/comments?post=1149"}],"wp:featuredmedia":[{"embeddable":true,"href":"https:\/\/www.czqunfa.com\/fr\/wp-json\/wp\/v2\/media\/1158"}],"wp:attachment":[{"href":"https:\/\/www.czqunfa.com\/fr\/wp-json\/wp\/v2\/media?parent=1149"}],"wp:term":[{"taxonomy":"product_brand","embeddable":true,"href":"https:\/\/www.czqunfa.com\/fr\/wp-json\/wp\/v2\/product_brand?post=1149"},{"taxonomy":"product_cat","embeddable":true,"href":"https:\/\/www.czqunfa.com\/fr\/wp-json\/wp\/v2\/product_cat?post=1149"},{"taxonomy":"product_tag","embeddable":true,"href":"https:\/\/www.czqunfa.com\/fr\/wp-json\/wp\/v2\/product_tag?post=1149"}],"curies":[{"name":"wp","href":"https:\/\/api.w.org\/{rel}","templated":true}]}}