{"id":1058,"date":"2025-12-25T02:26:06","date_gmt":"2025-12-25T02:26:06","guid":{"rendered":"https:\/\/www.tongdeceramic.com\/?post_type=product&#038;p=1058"},"modified":"2025-12-25T03:30:04","modified_gmt":"2025-12-25T03:30:04","slug":"custom-ramekin","status":"publish","type":"product","link":"https:\/\/www.czqunfa.com\/fr\/produit\/custom-ramekin\/","title":{"rendered":"Ramekin personnalis\u00e9 unique, moules \u00e0 g\u00e2teaux en c\u00e9ramique, lot de 2 en gros"},"content":{"rendered":"<div class=\"wp-block-columns is-layout-flex wp-container-core-columns-is-layout-9d6595d7 wp-block-columns-is-layout-flex\">\n<div class=\"wp-block-column is-layout-flow wp-block-column-is-layout-flow\">\n<h2 class=\"wp-block-heading\">Caract\u00e9ristiques du ramequin personnalis\u00e9<\/h2>\n\n\n\n<ul class=\"wp-block-list\">\n<li><strong>C\u00e9ramique durable de haute qualit\u00e9 :<\/strong> Ce ramequin personnalis\u00e9 est fabriqu\u00e9 en gr\u00e8s de haute qualit\u00e9 ; il a une texture robuste et une grande r\u00e9sistance aux chocs thermiques. Il est suffisamment durable pour supporter des temp\u00e9ratures \u00e9lev\u00e9es au four et au micro-ondes.<\/li>\n\n\n\n<li><strong>Designs amusants \u00e0 deux th\u00e8mes : <\/strong>Ce ramequin personnalis\u00e9 comprend deux motifs uniques (2 au total). L'un pr\u00e9sente un motif ludique de fant\u00f4me et de citrouille, adapt\u00e9 \u00e0 Halloween ou \u00e0 des f\u00eates \u00e0 th\u00e8me ; l'autre pr\u00e9sente un motif simple et moderne de rayures rouges et jaunes, avec des couleurs vives et \u00e9clatantes. Les deux styles r\u00e9pondent \u00e0 des besoins esth\u00e9tiques et occasionnels diff\u00e9rents.<\/li>\n\n\n\n<li><strong>Nettoyage facile de qualit\u00e9 commerciale :<\/strong> Ce ramequin personnalis\u00e9 pr\u00e9sente un gla\u00e7age lisse \u00e0 l'int\u00e9rieur et \u00e0 l'ext\u00e9rieur, ce qui le rend r\u00e9sistant aux taches et permet un rin\u00e7age facile et rapide. De plus, il peut \u00eatre lav\u00e9 au lave-vaisselle, ce qui facilite le nettoyage et convient parfaitement \u00e0 un usage commercial intensif.<\/li>\n\n\n\n<li><strong>Petite bo\u00eete polyvalente :<\/strong> Gr\u00e2ce \u00e0 sa forme cylindrique et \u00e0 son couvercle ouvert, cet ensemble de tasses \u00e0 g\u00e2teau en c\u00e9ramique est parfait pour pr\u00e9parer une portion unique de g\u00e2teau, de pudding au chocolat, de cr\u00e8me p\u00e2tissi\u00e8re ou de souffl\u00e9. Ils peuvent \u00eatre utilis\u00e9s comme coupes \u00e0 salade, bols \u00e0 go\u00fbter, ou m\u00eame comme ar\u00f4mes de plat.<\/li>\n\n\n\n<li><strong>Ensemble en gros Avantages :<\/strong> Ce ramequin personnalis\u00e9, vendu en lot de deux, offre une option d'achat rentable pour les clients B2B tels que les caf\u00e9s, les boulangeries et les restaurants. Le design standardis\u00e9 facilite la cr\u00e9ation de menus s\u00e9rialis\u00e9s ou de cadeaux promotionnels.<\/li>\n<\/ul>\n<\/div>\n\n\n\n<div class=\"wp-block-column is-layout-flow wp-block-column-is-layout-flow\">\n<figure class=\"wp-block-image size-full\"><img decoding=\"async\" width=\"800\" height=\"800\" src=\"https:\/\/www.czqunfa.com\/wp-content\/uploads\/2025\/12\/unique-custom-ramekin-ceramic-cake-cups-wholesale-set-of-2-5.webp\" alt=\"unique-custom-ramekin-ceramic-cake-cups-wholesale-set-of-2-5\" class=\"wp-image-1063\" srcset=\"https:\/\/www.czqunfa.com\/wp-content\/uploads\/2025\/12\/unique-custom-ramekin-ceramic-cake-cups-wholesale-set-of-2-5.webp 800w, https:\/\/www.czqunfa.com\/wp-content\/uploads\/2025\/12\/unique-custom-ramekin-ceramic-cake-cups-wholesale-set-of-2-5-300x300.webp 300w, https:\/\/www.czqunfa.com\/wp-content\/uploads\/2025\/12\/unique-custom-ramekin-ceramic-cake-cups-wholesale-set-of-2-5-150x150.webp 150w, https:\/\/www.czqunfa.com\/wp-content\/uploads\/2025\/12\/unique-custom-ramekin-ceramic-cake-cups-wholesale-set-of-2-5-768x768.webp 768w, https:\/\/www.czqunfa.com\/wp-content\/uploads\/2025\/12\/unique-custom-ramekin-ceramic-cake-cups-wholesale-set-of-2-5-600x600.webp 600w, https:\/\/www.czqunfa.com\/wp-content\/uploads\/2025\/12\/unique-custom-ramekin-ceramic-cake-cups-wholesale-set-of-2-5-100x100.webp 100w\" sizes=\"(max-width: 800px) 100vw, 800px\" \/><\/figure>\n<\/div>\n<\/div>\n\n\n\n<figure class=\"wp-block-gallery has-nested-images columns-default is-cropped wp-block-gallery-1 is-layout-flex wp-block-gallery-is-layout-flex\">\n<figure class=\"wp-block-image size-full\"><img decoding=\"async\" width=\"800\" height=\"800\" data-id=\"1060\" src=\"https:\/\/www.czqunfa.com\/wp-content\/uploads\/2025\/12\/unique-custom-ramekin-ceramic-cake-cups-wholesale-set-of-2-2.webp\" alt=\"unique-custom-ramekin-ceramic-cake-cups-wholesale-set-of-2-2\" class=\"wp-image-1060\" srcset=\"https:\/\/www.czqunfa.com\/wp-content\/uploads\/2025\/12\/unique-custom-ramekin-ceramic-cake-cups-wholesale-set-of-2-2.webp 800w, https:\/\/www.czqunfa.com\/wp-content\/uploads\/2025\/12\/unique-custom-ramekin-ceramic-cake-cups-wholesale-set-of-2-2-300x300.webp 300w, https:\/\/www.czqunfa.com\/wp-content\/uploads\/2025\/12\/unique-custom-ramekin-ceramic-cake-cups-wholesale-set-of-2-2-150x150.webp 150w, https:\/\/www.czqunfa.com\/wp-content\/uploads\/2025\/12\/unique-custom-ramekin-ceramic-cake-cups-wholesale-set-of-2-2-768x768.webp 768w, https:\/\/www.czqunfa.com\/wp-content\/uploads\/2025\/12\/unique-custom-ramekin-ceramic-cake-cups-wholesale-set-of-2-2-600x600.webp 600w, https:\/\/www.czqunfa.com\/wp-content\/uploads\/2025\/12\/unique-custom-ramekin-ceramic-cake-cups-wholesale-set-of-2-2-100x100.webp 100w\" sizes=\"(max-width: 800px) 100vw, 800px\" \/><\/figure>\n\n\n\n<figure class=\"wp-block-image size-full\"><img decoding=\"async\" width=\"800\" height=\"800\" data-id=\"1062\" src=\"https:\/\/www.czqunfa.com\/wp-content\/uploads\/2025\/12\/unique-custom-ramekin-ceramic-cake-cups-wholesale-set-of-2-4.webp\" alt=\"unique-custom-ramekin-ceramic-cake-cups-wholesale-set-of-2-4\" class=\"wp-image-1062\" srcset=\"https:\/\/www.czqunfa.com\/wp-content\/uploads\/2025\/12\/unique-custom-ramekin-ceramic-cake-cups-wholesale-set-of-2-4.webp 800w, https:\/\/www.czqunfa.com\/wp-content\/uploads\/2025\/12\/unique-custom-ramekin-ceramic-cake-cups-wholesale-set-of-2-4-300x300.webp 300w, https:\/\/www.czqunfa.com\/wp-content\/uploads\/2025\/12\/unique-custom-ramekin-ceramic-cake-cups-wholesale-set-of-2-4-150x150.webp 150w, https:\/\/www.czqunfa.com\/wp-content\/uploads\/2025\/12\/unique-custom-ramekin-ceramic-cake-cups-wholesale-set-of-2-4-768x768.webp 768w, https:\/\/www.czqunfa.com\/wp-content\/uploads\/2025\/12\/unique-custom-ramekin-ceramic-cake-cups-wholesale-set-of-2-4-600x600.webp 600w, https:\/\/www.czqunfa.com\/wp-content\/uploads\/2025\/12\/unique-custom-ramekin-ceramic-cake-cups-wholesale-set-of-2-4-100x100.webp 100w\" sizes=\"(max-width: 800px) 100vw, 800px\" \/><\/figure>\n<\/figure>\n\n\n\n<p><\/p>","protected":false},"excerpt":{"rendered":"<p>Bienvenue dans ce ramequin personnalis\u00e9 en c\u00e9ramique de gr\u00e8s de haute qualit\u00e9, qui r\u00e9siste bien \u00e0 la chaleur et au froid. La finition lisse et glac\u00e9e est facile \u00e0 nettoyer. Ces coupes \u00e0 g\u00e2teaux en c\u00e9ramique sont parfaites pour la p\u00e2tisserie, les desserts et la restauration. Propos\u00e9s en blanc et en couleurs personnalis\u00e9es, les services OEM\/ODM sont disponibles pour les restaurants, les boulangeries, les h\u00f4tels et les acheteurs en gros.<\/p>\n<h2>Param\u00e8tre de ramequin personnalis\u00e9 unique<\/h2>\n<table border=\"0\" width=\"328\" cellspacing=\"0\" cellpadding=\"0\">\n<tbody>\n<tr>\n<td width=\"116\" height=\"16\">Fabricant<\/td>\n<td width=\"211\">QUNFA<\/td>\n<\/tr>\n<tr>\n<td width=\"116\" height=\"16\">Type de produit<\/td>\n<td width=\"211\">Ramequin<\/td>\n<\/tr>\n<tr>\n<td width=\"116\" height=\"16\">Num\u00e9ro de mod\u00e8le.<\/td>\n<td width=\"211\">22-0161W-V146<\/td>\n<\/tr>\n<tr>\n<td width=\"116\" height=\"16\">Mat\u00e9riau<\/td>\n<td width=\"211\">Gr\u00e8s<\/td>\n<\/tr>\n<tr>\n<td width=\"116\" height=\"16\">Couleur<\/td>\n<td width=\"211\">Blanc, Personnalis\u00e9<\/td>\n<\/tr>\n<tr>\n<td width=\"116\" height=\"16\">Dimension<\/td>\n<td width=\"211\">7,6*7,6*5,1CM<\/td>\n<\/tr>\n<tr>\n<td width=\"116\" height=\"16\">Quantit\u00e9 minimale de commande<\/td>\n<td width=\"211\">1000 pi\u00e8ces<\/td>\n<\/tr>\n<tr>\n<td width=\"116\" height=\"16\">Personnalis\u00e9<\/td>\n<td width=\"211\">Couleur\/Taille\/Logo\/Emballage\/Forme<\/td>\n<\/tr>\n<\/tbody>\n<\/table>","protected":false},"featured_media":1064,"comment_status":"closed","ping_status":"closed","template":"","meta":{"_acf_changed":false},"product_brand":[],"product_cat":[22,29],"product_tag":[],"class_list":{"0":"post-1058","1":"product","2":"type-product","3":"status-publish","4":"has-post-thumbnail","6":"product_cat-bakeware-manufacturer","7":"product_cat-wholesale-ramekins","9":"first","10":"instock","11":"shipping-taxable","12":"product-type-simple"},"acf":[],"_links":{"self":[{"href":"https:\/\/www.czqunfa.com\/fr\/wp-json\/wp\/v2\/product\/1058","targetHints":{"allow":["GET"]}}],"collection":[{"href":"https:\/\/www.czqunfa.com\/fr\/wp-json\/wp\/v2\/product"}],"about":[{"href":"https:\/\/www.czqunfa.com\/fr\/wp-json\/wp\/v2\/types\/product"}],"replies":[{"embeddable":true,"href":"https:\/\/www.czqunfa.com\/fr\/wp-json\/wp\/v2\/comments?post=1058"}],"wp:featuredmedia":[{"embeddable":true,"href":"https:\/\/www.czqunfa.com\/fr\/wp-json\/wp\/v2\/media\/1064"}],"wp:attachment":[{"href":"https:\/\/www.czqunfa.com\/fr\/wp-json\/wp\/v2\/media?parent=1058"}],"wp:term":[{"taxonomy":"product_brand","embeddable":true,"href":"https:\/\/www.czqunfa.com\/fr\/wp-json\/wp\/v2\/product_brand?post=1058"},{"taxonomy":"product_cat","embeddable":true,"href":"https:\/\/www.czqunfa.com\/fr\/wp-json\/wp\/v2\/product_cat?post=1058"},{"taxonomy":"product_tag","embeddable":true,"href":"https:\/\/www.czqunfa.com\/fr\/wp-json\/wp\/v2\/product_tag?post=1058"}],"curies":[{"name":"wp","href":"https:\/\/api.w.org\/{rel}","templated":true}]}}