{"id":994,"date":"2025-12-24T10:21:43","date_gmt":"2025-12-24T10:21:43","guid":{"rendered":"https:\/\/www.tongdeceramic.com\/?post_type=product&#038;p=994"},"modified":"2025-12-25T03:34:05","modified_gmt":"2025-12-25T03:34:05","slug":"ceramic-ramekins-wholesale","status":"publish","type":"product","link":"https:\/\/www.czqunfa.com\/es\/producto\/ceramic-ramekins-wholesale\/","title":{"rendered":"Moldes redondos de cer\u00e1mica de 3 pulgadas al por mayor con impresi\u00f3n para cocina"},"content":{"rendered":"<div class=\"wp-block-columns is-layout-flex wp-container-core-columns-is-layout-9d6595d7 wp-block-columns-is-layout-flex\">\n<div class=\"wp-block-column is-layout-flow wp-block-column-is-layout-flow\">\n<h2 class=\"wp-block-heading\">Caracter\u00edsticas de los recipientes de cer\u00e1mica al por mayor<\/h2>\n\n\n\n<ul class=\"wp-block-list\">\n<li><strong>Material cer\u00e1mico de alta calidad:<\/strong> Estos ramequines de cer\u00e1mica al por mayor est\u00e1n compuestos de cer\u00e1mica de alta calidad, que es densa y robusta, con buena resistencia al calor y al fr\u00edo y larga vida \u00fatil.<\/li>\n\n\n\n<li><strong>Dise\u00f1os divertidos y \u00fanicos: <\/strong>Estos ramekins de cer\u00e1mica al por mayor presentan 2 dise\u00f1os: una versi\u00f3n negra con una calavera blanca y las palabras \u201cBONE APP\u00c9TIT\u201d, y una versi\u00f3n naranja con la silueta de un gato negro. Los dise\u00f1os \u00fanicos y divertidos son perfectos para Halloween y\/o fiestas tem\u00e1ticas.<\/li>\n\n\n\n<li><strong>Tama\u00f1o compacto y pr\u00e1ctico:<\/strong> Estos moldes a granel tienen forma cil\u00edndrica, son peque\u00f1os y exquisitos, y resultan adecuados para preparar postres de una sola raci\u00f3n o contener peque\u00f1os aperitivos. El dise\u00f1o apilable ahorra espacio de almacenamiento en la cocina.<\/li>\n\n\n\n<li><strong>Utensilio de cocina multifuncional:<\/strong> Estos moldes de cer\u00e1mica al por mayor pueden utilizarse no s\u00f3lo como moldes para tartas, mousses y otros postres, sino tambi\u00e9n como tazas para pudding, ensaladeras y recipientes para aperitivos, ofreciendo usos vers\u00e1tiles.<\/li>\n\n\n\n<li><strong>F\u00e1cil de limpiar y apto para la cocina:<\/strong> Estos moldes de cer\u00e1mica al por mayor presentan superficies interiores y exteriores lisas y f\u00e1ciles de limpiar, y son aptos para el lavavajillas, el microondas y el horno, por lo que calentarlos y limpiarlos resulta muy sencillo.<\/li>\n<\/ul>\n<\/div>\n\n\n\n<div class=\"wp-block-column is-layout-flow wp-block-column-is-layout-flow\">\n<figure class=\"wp-block-image size-full\"><img decoding=\"async\" width=\"800\" height=\"800\" src=\"https:\/\/www.czqunfa.com\/wp-content\/uploads\/2025\/12\/322-round-ceramic-ramekins-wholesale-with-printed-for-kitchen-use-6.webp\" alt=\"calabazas de cer\u00e1mica redondas con estampado para uso en cocina-6\" class=\"wp-image-1055\" srcset=\"https:\/\/www.czqunfa.com\/wp-content\/uploads\/2025\/12\/322-round-ceramic-ramekins-wholesale-with-printed-for-kitchen-use-6.webp 800w, https:\/\/www.czqunfa.com\/wp-content\/uploads\/2025\/12\/322-round-ceramic-ramekins-wholesale-with-printed-for-kitchen-use-6-300x300.webp 300w, https:\/\/www.czqunfa.com\/wp-content\/uploads\/2025\/12\/322-round-ceramic-ramekins-wholesale-with-printed-for-kitchen-use-6-150x150.webp 150w, https:\/\/www.czqunfa.com\/wp-content\/uploads\/2025\/12\/322-round-ceramic-ramekins-wholesale-with-printed-for-kitchen-use-6-768x768.webp 768w, https:\/\/www.czqunfa.com\/wp-content\/uploads\/2025\/12\/322-round-ceramic-ramekins-wholesale-with-printed-for-kitchen-use-6-600x600.webp 600w, https:\/\/www.czqunfa.com\/wp-content\/uploads\/2025\/12\/322-round-ceramic-ramekins-wholesale-with-printed-for-kitchen-use-6-100x100.webp 100w\" sizes=\"(max-width: 800px) 100vw, 800px\" \/><\/figure>\n<\/div>\n<\/div>\n\n\n\n<figure class=\"wp-block-gallery has-nested-images columns-default is-cropped wp-block-gallery-1 is-layout-flex wp-block-gallery-is-layout-flex\">\n<figure class=\"wp-block-image size-full\"><img decoding=\"async\" width=\"800\" height=\"800\" data-id=\"1051\" src=\"https:\/\/www.czqunfa.com\/wp-content\/uploads\/2025\/12\/322-round-ceramic-ramekins-wholesale-with-printed-for-kitchen-use-2.webp\" alt=\"3 calabazas redondas de cer\u00e1mica al por mayor con estampado para uso en cocina-2\" class=\"wp-image-1051\" srcset=\"https:\/\/www.czqunfa.com\/wp-content\/uploads\/2025\/12\/322-round-ceramic-ramekins-wholesale-with-printed-for-kitchen-use-2.webp 800w, https:\/\/www.czqunfa.com\/wp-content\/uploads\/2025\/12\/322-round-ceramic-ramekins-wholesale-with-printed-for-kitchen-use-2-300x300.webp 300w, https:\/\/www.czqunfa.com\/wp-content\/uploads\/2025\/12\/322-round-ceramic-ramekins-wholesale-with-printed-for-kitchen-use-2-150x150.webp 150w, https:\/\/www.czqunfa.com\/wp-content\/uploads\/2025\/12\/322-round-ceramic-ramekins-wholesale-with-printed-for-kitchen-use-2-768x768.webp 768w, https:\/\/www.czqunfa.com\/wp-content\/uploads\/2025\/12\/322-round-ceramic-ramekins-wholesale-with-printed-for-kitchen-use-2-600x600.webp 600w, https:\/\/www.czqunfa.com\/wp-content\/uploads\/2025\/12\/322-round-ceramic-ramekins-wholesale-with-printed-for-kitchen-use-2-100x100.webp 100w\" sizes=\"(max-width: 800px) 100vw, 800px\" \/><\/figure>\n\n\n\n<figure class=\"wp-block-image size-full\"><img decoding=\"async\" width=\"800\" height=\"800\" data-id=\"1053\" src=\"https:\/\/www.czqunfa.com\/wp-content\/uploads\/2025\/12\/322-round-ceramic-ramekins-wholesale-with-printed-for-kitchen-use-4.webp\" alt=\"calabazas redondas de cer\u00e1mica al por mayor con estampado para uso en la cocina-4\" class=\"wp-image-1053\" srcset=\"https:\/\/www.czqunfa.com\/wp-content\/uploads\/2025\/12\/322-round-ceramic-ramekins-wholesale-with-printed-for-kitchen-use-4.webp 800w, https:\/\/www.czqunfa.com\/wp-content\/uploads\/2025\/12\/322-round-ceramic-ramekins-wholesale-with-printed-for-kitchen-use-4-300x300.webp 300w, https:\/\/www.czqunfa.com\/wp-content\/uploads\/2025\/12\/322-round-ceramic-ramekins-wholesale-with-printed-for-kitchen-use-4-150x150.webp 150w, https:\/\/www.czqunfa.com\/wp-content\/uploads\/2025\/12\/322-round-ceramic-ramekins-wholesale-with-printed-for-kitchen-use-4-768x768.webp 768w, https:\/\/www.czqunfa.com\/wp-content\/uploads\/2025\/12\/322-round-ceramic-ramekins-wholesale-with-printed-for-kitchen-use-4-600x600.webp 600w, https:\/\/www.czqunfa.com\/wp-content\/uploads\/2025\/12\/322-round-ceramic-ramekins-wholesale-with-printed-for-kitchen-use-4-100x100.webp 100w\" sizes=\"(max-width: 800px) 100vw, 800px\" \/><\/figure>\n<\/figure>\n\n\n\n<p><\/p>","protected":false},"excerpt":{"rendered":"<p>Bienvenido a comprar estos ramekins redondos de cer\u00e1mica de 3 pulgadas al por mayor. Fabricados en cer\u00e1mica de gres de alta calidad, son resistentes, duraderos y seguros para su uso en microondas, horno y lavavajillas. El esmalte suave es f\u00e1cil de limpiar, y su tama\u00f1o compacto los hace ideales para salsas, postres y productos horneados. Impresi\u00f3n personalizada disponible; estos ramequines de cer\u00e1mica personalizados los convierten en una opci\u00f3n ideal para la venta al por mayor de utensilios de cocina y servicios alimentarios.<\/p>\n<h2>Ramequines de Cer\u00e1mica Redondos Mayorista de Par\u00e1metros<\/h2>\n<table border=\"0\" width=\"328\" cellspacing=\"0\" cellpadding=\"0\">\n<tbody>\n<tr>\n<td width=\"116\" height=\"16\">Fabricante<\/td>\n<td width=\"211\">QUNFA<\/td>\n<\/tr>\n<tr>\n<td width=\"116\" height=\"16\">Tipo de producto<\/td>\n<td width=\"211\">Ramekin<\/td>\n<\/tr>\n<tr>\n<td width=\"116\" height=\"16\">N.\u00ba de modelo.<\/td>\n<td width=\"211\">22-0161<\/td>\n<\/tr>\n<tr>\n<td width=\"116\" height=\"16\">Material<\/td>\n<td width=\"211\">Gres<\/td>\n<\/tr>\n<tr>\n<td width=\"116\" height=\"16\">Color<\/td>\n<td width=\"211\">Negro,Naranja<\/td>\n<\/tr>\n<tr>\n<td width=\"116\" height=\"16\">Dimensi\u00f3n<\/td>\n<td width=\"211\">7,6*7,6*5,1CM<\/td>\n<\/tr>\n<tr>\n<td width=\"116\" height=\"16\">Cantidad m\u00ednima de pedido<\/td>\n<td width=\"211\">1000 unidades<\/td>\n<\/tr>\n<tr>\n<td width=\"116\" height=\"16\">Personalizado<\/td>\n<td width=\"211\">Color\/Tama\u00f1o\/Logotipo\/Embalaje\/Forma<\/td>\n<\/tr>\n<\/tbody>\n<\/table>","protected":false},"featured_media":1050,"comment_status":"closed","ping_status":"closed","template":"","meta":{"_acf_changed":false},"product_brand":[],"product_cat":[22,29],"product_tag":[],"class_list":{"0":"post-994","1":"product","2":"type-product","3":"status-publish","4":"has-post-thumbnail","6":"product_cat-bakeware-manufacturer","7":"product_cat-wholesale-ramekins","9":"first","10":"instock","11":"shipping-taxable","12":"product-type-simple"},"acf":[],"_links":{"self":[{"href":"https:\/\/www.czqunfa.com\/es\/wp-json\/wp\/v2\/product\/994","targetHints":{"allow":["GET"]}}],"collection":[{"href":"https:\/\/www.czqunfa.com\/es\/wp-json\/wp\/v2\/product"}],"about":[{"href":"https:\/\/www.czqunfa.com\/es\/wp-json\/wp\/v2\/types\/product"}],"replies":[{"embeddable":true,"href":"https:\/\/www.czqunfa.com\/es\/wp-json\/wp\/v2\/comments?post=994"}],"wp:featuredmedia":[{"embeddable":true,"href":"https:\/\/www.czqunfa.com\/es\/wp-json\/wp\/v2\/media\/1050"}],"wp:attachment":[{"href":"https:\/\/www.czqunfa.com\/es\/wp-json\/wp\/v2\/media?parent=994"}],"wp:term":[{"taxonomy":"product_brand","embeddable":true,"href":"https:\/\/www.czqunfa.com\/es\/wp-json\/wp\/v2\/product_brand?post=994"},{"taxonomy":"product_cat","embeddable":true,"href":"https:\/\/www.czqunfa.com\/es\/wp-json\/wp\/v2\/product_cat?post=994"},{"taxonomy":"product_tag","embeddable":true,"href":"https:\/\/www.czqunfa.com\/es\/wp-json\/wp\/v2\/product_tag?post=994"}],"curies":[{"name":"wp","href":"https:\/\/api.w.org\/{rel}","templated":true}]}}