{"id":430,"date":"2025-12-22T08:27:35","date_gmt":"2025-12-22T08:27:35","guid":{"rendered":"https:\/\/www.tongdeceramic.com\/?post_type=product&#038;p=430"},"modified":"2025-12-25T03:32:09","modified_gmt":"2025-12-25T03:32:09","slug":"wholesale-soup-bowls","status":"publish","type":"product","link":"https:\/\/www.czqunfa.com\/es\/producto\/wholesale-soup-bowls\/","title":{"rendered":"Venta al por mayor de cuencos para sopa con dos asas, cuencos de cer\u00e1mica a granel"},"content":{"rendered":"<div class=\"wp-block-columns is-layout-flex wp-container-core-columns-is-layout-9d6595d7 wp-block-columns-is-layout-flex\">\n<div class=\"wp-block-column is-layout-flow wp-block-column-is-layout-flow\">\n<h2 class=\"wp-block-heading\">Caracter\u00edsticas de los cuencos para sopa al por mayor<\/h2>\n\n\n\n<ul class=\"wp-block-list\">\n<li><strong>Material cer\u00e1mico de alta calidad:<\/strong> Estos cuencos para sopa al por mayor est\u00e1n fabricados con cer\u00e1mica selecta de primera calidad, son resistentes y duraderos, tienen una excelente resistencia al calor y al fr\u00edo, y se adaptan a diversos entornos de temperatura.<\/li>\n\n\n\n<li><strong>Dise\u00f1o f\u00e1cil de limpiar:<\/strong> Estos cuencos de sopa al por mayor tienen una superficie lisa y delicada; las manchas no se adhieren f\u00e1cilmente, son f\u00e1ciles de enjuagar y mantener limpios, adecuados tanto para el uso dom\u00e9stico diario como para el uso comercial.<\/li>\n\n\n\n<li><strong>Dise\u00f1o con doble asa: <\/strong>Estos cuencos para sopa al por mayor, con un dise\u00f1o ergon\u00f3mico de doble asa, son estables al sujetarlos y especialmente adecuados para contener sopas calientes, guisos y otros alimentos a alta temperatura, lo que mejora la seguridad y la comodidad a la hora de comer.<\/li>\n\n\n\n<li><strong>Usos multifuncionales:<\/strong> Nuestros cuencos de cer\u00e1mica a granel son adecuados para una amplia gama de ocasiones, no solo como cuencos para sopa y ensalada, sino tambi\u00e9n para servir fideos instant\u00e1neos, postres, etc., satisfaciendo as\u00ed diversas necesidades de catering.<\/li>\n\n\n\n<li><strong>Compatible con electrodom\u00e9sticos de cocina:<\/strong> Nuestros cuencos de cer\u00e1mica personalizados son aptos para lavavajillas, microondas y hornos, lo que los hace muy pr\u00e1cticos para calentar, limpiar y almacenar alimentos, mejorando su facilidad de uso y satisfaciendo las necesidades multifuncionales de las cocinas modernas.<\/li>\n<\/ul>\n<\/div>\n\n\n\n<div class=\"wp-block-column is-layout-flow wp-block-column-is-layout-flow\">\n<figure class=\"wp-block-image size-full\"><img decoding=\"async\" width=\"1000\" height=\"1000\" src=\"https:\/\/www.czqunfa.com\/wp-content\/uploads\/2025\/12\/wholesale-soup-bowls-with-double-handles-ceramic-bowls-bulk-5.webp\" alt=\"Venta al por mayor de cuencos de sopa con doble asa, cuencos de cer\u00e1mica a granel, 5 unidades.\" class=\"wp-image-596\" srcset=\"https:\/\/www.czqunfa.com\/wp-content\/uploads\/2025\/12\/wholesale-soup-bowls-with-double-handles-ceramic-bowls-bulk-5.webp 1000w, https:\/\/www.czqunfa.com\/wp-content\/uploads\/2025\/12\/wholesale-soup-bowls-with-double-handles-ceramic-bowls-bulk-5-300x300.webp 300w, https:\/\/www.czqunfa.com\/wp-content\/uploads\/2025\/12\/wholesale-soup-bowls-with-double-handles-ceramic-bowls-bulk-5-150x150.webp 150w, https:\/\/www.czqunfa.com\/wp-content\/uploads\/2025\/12\/wholesale-soup-bowls-with-double-handles-ceramic-bowls-bulk-5-768x768.webp 768w, https:\/\/www.czqunfa.com\/wp-content\/uploads\/2025\/12\/wholesale-soup-bowls-with-double-handles-ceramic-bowls-bulk-5-600x600.webp 600w, https:\/\/www.czqunfa.com\/wp-content\/uploads\/2025\/12\/wholesale-soup-bowls-with-double-handles-ceramic-bowls-bulk-5-100x100.webp 100w\" sizes=\"(max-width: 1000px) 100vw, 1000px\" \/><\/figure>\n<\/div>\n<\/div>\n\n\n\n<figure class=\"wp-block-gallery has-nested-images columns-default is-cropped wp-block-gallery-1 is-layout-flex wp-block-gallery-is-layout-flex\">\n<figure class=\"wp-block-image size-full\"><img decoding=\"async\" width=\"1000\" height=\"1000\" data-id=\"595\" src=\"https:\/\/www.czqunfa.com\/wp-content\/uploads\/2025\/12\/wholesale-soup-bowls-with-double-handles-ceramic-bowls-bulk-4.webp\" alt=\"Venta al por mayor de cuencos de sopa con doble asa, cuencos de cer\u00e1mica a granel, 4 unidades.\" class=\"wp-image-595\" srcset=\"https:\/\/www.czqunfa.com\/wp-content\/uploads\/2025\/12\/wholesale-soup-bowls-with-double-handles-ceramic-bowls-bulk-4.webp 1000w, https:\/\/www.czqunfa.com\/wp-content\/uploads\/2025\/12\/wholesale-soup-bowls-with-double-handles-ceramic-bowls-bulk-4-300x300.webp 300w, https:\/\/www.czqunfa.com\/wp-content\/uploads\/2025\/12\/wholesale-soup-bowls-with-double-handles-ceramic-bowls-bulk-4-150x150.webp 150w, https:\/\/www.czqunfa.com\/wp-content\/uploads\/2025\/12\/wholesale-soup-bowls-with-double-handles-ceramic-bowls-bulk-4-768x768.webp 768w, https:\/\/www.czqunfa.com\/wp-content\/uploads\/2025\/12\/wholesale-soup-bowls-with-double-handles-ceramic-bowls-bulk-4-600x600.webp 600w, https:\/\/www.czqunfa.com\/wp-content\/uploads\/2025\/12\/wholesale-soup-bowls-with-double-handles-ceramic-bowls-bulk-4-100x100.webp 100w\" sizes=\"(max-width: 1000px) 100vw, 1000px\" \/><\/figure>\n\n\n\n<figure class=\"wp-block-image size-full\"><img decoding=\"async\" width=\"1000\" height=\"1000\" data-id=\"593\" src=\"https:\/\/www.czqunfa.com\/wp-content\/uploads\/2025\/12\/wholesale-soup-bowls-with-double-handles-ceramic-bowls-bulk-2.webp\" alt=\"Venta al por mayor de cuencos de sopa con doble asa, cuencos de cer\u00e1mica a granel, 2 unidades.\" class=\"wp-image-593\" srcset=\"https:\/\/www.czqunfa.com\/wp-content\/uploads\/2025\/12\/wholesale-soup-bowls-with-double-handles-ceramic-bowls-bulk-2.webp 1000w, https:\/\/www.czqunfa.com\/wp-content\/uploads\/2025\/12\/wholesale-soup-bowls-with-double-handles-ceramic-bowls-bulk-2-300x300.webp 300w, https:\/\/www.czqunfa.com\/wp-content\/uploads\/2025\/12\/wholesale-soup-bowls-with-double-handles-ceramic-bowls-bulk-2-150x150.webp 150w, https:\/\/www.czqunfa.com\/wp-content\/uploads\/2025\/12\/wholesale-soup-bowls-with-double-handles-ceramic-bowls-bulk-2-768x768.webp 768w, https:\/\/www.czqunfa.com\/wp-content\/uploads\/2025\/12\/wholesale-soup-bowls-with-double-handles-ceramic-bowls-bulk-2-600x600.webp 600w, https:\/\/www.czqunfa.com\/wp-content\/uploads\/2025\/12\/wholesale-soup-bowls-with-double-handles-ceramic-bowls-bulk-2-100x100.webp 100w\" sizes=\"(max-width: 1000px) 100vw, 1000px\" \/><\/figure>\n<\/figure>\n\n\n\n<p><\/p>","protected":false},"excerpt":{"rendered":"<p>Bienvenido a la compra de estos cuencos apilables para sopa al por mayor de 20 oz, que cuentan con asas dobles fabricadas en gres resistente, lo que les confiere una excelente resistencia al calor y un rendimiento duradero. Los cuencos est\u00e1n fabricados con un acabado esmaltado liso, por lo que son f\u00e1ciles de limpiar para sopas, fideos, guisos, ensaladas, etc., y tambi\u00e9n son adecuados para la venta al por mayor, restaurantes, hoteles, catering y todo tipo de usos comerciales.<\/p>\n<h2>Par\u00e1metros de los cuencos de sopa al por mayor<\/h2>\n<table border=\"0\" width=\"328\" cellspacing=\"0\" cellpadding=\"0\">\n<tbody>\n<tr>\n<td width=\"116\" height=\"16\">Fabricante<\/td>\n<td width=\"211\">QUNFA<\/td>\n<\/tr>\n<tr>\n<td width=\"116\" height=\"16\">Tipo de producto<\/td>\n<td width=\"211\">Cuenco para sopa<\/td>\n<\/tr>\n<tr>\n<td width=\"116\" height=\"16\">N.\u00ba de modelo.<\/td>\n<td width=\"211\">QF22-116<\/td>\n<\/tr>\n<tr>\n<td width=\"116\" height=\"16\">Material<\/td>\n<td width=\"211\">Gres<\/td>\n<\/tr>\n<tr>\n<td width=\"116\" height=\"31\">Color<\/td>\n<td width=\"211\">Blanco, color caramelo, verde bosque, color uva, negro, azul marino.<\/td>\n<\/tr>\n<tr>\n<td width=\"116\" height=\"16\">Dimensi\u00f3n<\/td>\n<td width=\"211\">19,1 x 13,4 x 6,3 cm<\/td>\n<\/tr>\n<tr>\n<td width=\"116\" height=\"16\">Cantidad m\u00ednima de pedido<\/td>\n<td width=\"211\">1000 unidades<\/td>\n<\/tr>\n<tr>\n<td width=\"116\" height=\"16\">Personalizado<\/td>\n<td width=\"211\">Color\/Tama\u00f1o\/Logotipo\/Embalaje\/Forma<\/td>\n<\/tr>\n<\/tbody>\n<\/table>","protected":false},"featured_media":594,"comment_status":"closed","ping_status":"closed","template":"","meta":{"_acf_changed":false},"product_brand":[],"product_cat":[20,36],"product_tag":[],"class_list":{"0":"post-430","1":"product","2":"type-product","3":"status-publish","4":"has-post-thumbnail","6":"product_cat-dinnerware-supplier","7":"product_cat-ceramic-bowl-supplier","9":"first","10":"instock","11":"shipping-taxable","12":"product-type-simple"},"acf":[],"_links":{"self":[{"href":"https:\/\/www.czqunfa.com\/es\/wp-json\/wp\/v2\/product\/430","targetHints":{"allow":["GET"]}}],"collection":[{"href":"https:\/\/www.czqunfa.com\/es\/wp-json\/wp\/v2\/product"}],"about":[{"href":"https:\/\/www.czqunfa.com\/es\/wp-json\/wp\/v2\/types\/product"}],"replies":[{"embeddable":true,"href":"https:\/\/www.czqunfa.com\/es\/wp-json\/wp\/v2\/comments?post=430"}],"wp:featuredmedia":[{"embeddable":true,"href":"https:\/\/www.czqunfa.com\/es\/wp-json\/wp\/v2\/media\/594"}],"wp:attachment":[{"href":"https:\/\/www.czqunfa.com\/es\/wp-json\/wp\/v2\/media?parent=430"}],"wp:term":[{"taxonomy":"product_brand","embeddable":true,"href":"https:\/\/www.czqunfa.com\/es\/wp-json\/wp\/v2\/product_brand?post=430"},{"taxonomy":"product_cat","embeddable":true,"href":"https:\/\/www.czqunfa.com\/es\/wp-json\/wp\/v2\/product_cat?post=430"},{"taxonomy":"product_tag","embeddable":true,"href":"https:\/\/www.czqunfa.com\/es\/wp-json\/wp\/v2\/product_tag?post=430"}],"curies":[{"name":"wp","href":"https:\/\/api.w.org\/{rel}","templated":true}]}}