{"id":2149,"date":"2026-04-18T01:46:34","date_gmt":"2026-04-18T01:46:34","guid":{"rendered":"https:\/\/www.czqunfa.com\/?post_type=product&#038;p=2149"},"modified":"2026-04-18T01:46:35","modified_gmt":"2026-04-18T01:46:35","slug":"wholesale-ceramic-cupcake-pan","status":"publish","type":"product","link":"https:\/\/www.czqunfa.com\/es\/producto\/wholesale-ceramic-cupcake-pan\/","title":{"rendered":"Mayorista Molde de Ceramica para Magdalenas, Molde de Ceramica para Magdalenas 6 unidades"},"content":{"rendered":"<div class=\"wp-block-columns is-layout-flex wp-container-core-columns-is-layout-9d6595d7 wp-block-columns-is-layout-flex\">\n<div class=\"wp-block-column is-layout-flow wp-block-column-is-layout-flow\">\n<h2 class=\"wp-block-heading\">Caracter\u00edsticas del molde de cer\u00e1mica para magdalenas al por mayor<\/h2>\n\n\n\n<ul class=\"wp-block-list\">\n<li><strong>Bandeja de horno de seis rejillas, horneado eficiente:<\/strong> Nuestro molde de cer\u00e1mica para magdalenas al por mayor tiene un dise\u00f1o de seis rejillas que nos permite hornear 6 magdalenas de tama\u00f1o normal a la vez, lo que mejora mucho la eficiencia de horneado. Adecuado para uso familiar o para la producci\u00f3n comercial en masa.<\/li>\n\n\n\n<li><strong>Hecho de cer\u00e1mica de alta calidad, transferencia de calor uniforme: <\/strong>Nuestro molde para magdalenas de cer\u00e1mica al por mayor est\u00e1 hecho de cer\u00e1mica de alta calidad, la transferencia de calor es estable y uniforme, evitando que cualquier parte de la tarta se queme o quede a medio cocer, asegur\u00e1ndose de que cada magdalena quede dorada y suave.<\/li>\n\n\n\n<li><strong>Tama\u00f1o medio, proporci\u00f3n adecuada:<\/strong> Con una longitud y una relaci\u00f3n anchura\/altura medias, el molde de cer\u00e1mica a medida para 6 magdalenas cabe en la mayor\u00eda de los hornos dom\u00e9sticos, ya que tiene suficiente profundidad para que la masa se expanda y evitar que se desborde.<\/li>\n\n\n\n<li><strong>F\u00e1cil de sacar y lavar:<\/strong> La superficie es plana y lisa, el molde de cer\u00e1mica personalizado para 6 magdalenas tiene un buen efecto antiadherente, lo que facilita sacar el pastel despu\u00e9s de hornearlo, y tambi\u00e9n se puede lavar directamente en el lavavajillas.<\/li>\n\n\n\n<li><strong>Alta resistencia al calor y diversas funciones:<\/strong> Nuestro molde de cer\u00e1mica para magdalenas al por mayor puede resistir altas temperaturas en el horno (normalmente por encima de 200 grados cent\u00edgrados), lo que no s\u00f3lo sirve para hornear magdalenas, sino tambi\u00e9n para hacer mini tartas de queso, magdalenas o tartas de huevo.<\/li>\n<\/ul>\n<\/div>\n\n\n\n<div class=\"wp-block-column is-layout-flow wp-block-column-is-layout-flow\">\n<figure class=\"wp-block-image size-full\"><img decoding=\"async\" width=\"1000\" height=\"1000\" src=\"https:\/\/www.czqunfa.com\/wp-content\/uploads\/2026\/04\/cupcake-baking-pan-1.webp\" alt=\"mayorista-ceramica-cupcake-pan-custom-ceramica-6-muffin-pan-1\" class=\"wp-image-2145\" srcset=\"https:\/\/www.czqunfa.com\/wp-content\/uploads\/2026\/04\/cupcake-baking-pan-1.webp 1000w, https:\/\/www.czqunfa.com\/wp-content\/uploads\/2026\/04\/cupcake-baking-pan-1-300x300.webp 300w, https:\/\/www.czqunfa.com\/wp-content\/uploads\/2026\/04\/cupcake-baking-pan-1-150x150.webp 150w, https:\/\/www.czqunfa.com\/wp-content\/uploads\/2026\/04\/cupcake-baking-pan-1-768x768.webp 768w, https:\/\/www.czqunfa.com\/wp-content\/uploads\/2026\/04\/cupcake-baking-pan-1-12x12.webp 12w, https:\/\/www.czqunfa.com\/wp-content\/uploads\/2026\/04\/cupcake-baking-pan-1-600x600.webp 600w, https:\/\/www.czqunfa.com\/wp-content\/uploads\/2026\/04\/cupcake-baking-pan-1-100x100.webp 100w\" sizes=\"(max-width: 1000px) 100vw, 1000px\" \/><\/figure>\n<\/div>\n<\/div>\n\n\n\n<figure class=\"wp-block-gallery has-nested-images columns-default is-cropped wp-block-gallery-1 is-layout-flex wp-block-gallery-is-layout-flex\">\n<figure class=\"wp-block-image size-full\"><img decoding=\"async\" width=\"1000\" height=\"1000\" data-id=\"2147\" src=\"https:\/\/www.czqunfa.com\/wp-content\/uploads\/2026\/04\/cupcake-baking-pan-3.webp\" alt=\"molde para magdalenas-3\" class=\"wp-image-2147\" srcset=\"https:\/\/www.czqunfa.com\/wp-content\/uploads\/2026\/04\/cupcake-baking-pan-3.webp 1000w, https:\/\/www.czqunfa.com\/wp-content\/uploads\/2026\/04\/cupcake-baking-pan-3-300x300.webp 300w, https:\/\/www.czqunfa.com\/wp-content\/uploads\/2026\/04\/cupcake-baking-pan-3-150x150.webp 150w, https:\/\/www.czqunfa.com\/wp-content\/uploads\/2026\/04\/cupcake-baking-pan-3-768x768.webp 768w, https:\/\/www.czqunfa.com\/wp-content\/uploads\/2026\/04\/cupcake-baking-pan-3-12x12.webp 12w, https:\/\/www.czqunfa.com\/wp-content\/uploads\/2026\/04\/cupcake-baking-pan-3-600x600.webp 600w, https:\/\/www.czqunfa.com\/wp-content\/uploads\/2026\/04\/cupcake-baking-pan-3-100x100.webp 100w\" sizes=\"(max-width: 1000px) 100vw, 1000px\" \/><\/figure>\n\n\n\n<figure class=\"wp-block-image size-full\"><img decoding=\"async\" width=\"1000\" height=\"1000\" data-id=\"2148\" src=\"https:\/\/www.czqunfa.com\/wp-content\/uploads\/2026\/04\/cupcake-baking-pan-4.webp\" alt=\"molde para magdalenas-4\" class=\"wp-image-2148\" srcset=\"https:\/\/www.czqunfa.com\/wp-content\/uploads\/2026\/04\/cupcake-baking-pan-4.webp 1000w, https:\/\/www.czqunfa.com\/wp-content\/uploads\/2026\/04\/cupcake-baking-pan-4-300x300.webp 300w, https:\/\/www.czqunfa.com\/wp-content\/uploads\/2026\/04\/cupcake-baking-pan-4-150x150.webp 150w, https:\/\/www.czqunfa.com\/wp-content\/uploads\/2026\/04\/cupcake-baking-pan-4-768x768.webp 768w, https:\/\/www.czqunfa.com\/wp-content\/uploads\/2026\/04\/cupcake-baking-pan-4-12x12.webp 12w, https:\/\/www.czqunfa.com\/wp-content\/uploads\/2026\/04\/cupcake-baking-pan-4-600x600.webp 600w, https:\/\/www.czqunfa.com\/wp-content\/uploads\/2026\/04\/cupcake-baking-pan-4-100x100.webp 100w\" sizes=\"(max-width: 1000px) 100vw, 1000px\" \/><\/figure>\n<\/figure>\n\n\n\n<p><\/p>","protected":false},"excerpt":{"rendered":"<p>Bienvenido a comprar nuestra bandeja de cer\u00e1mica para magdalenas al por mayor. Esta bandeja de cer\u00e1mica para magdalenas de seis rejillas (30,6\u00d719,9\u00d74,8 cm) est\u00e1 especialmente dise\u00f1ada para hornear 6 magdalenas o cupcakes perfectos a la vez. Fabricada con material cer\u00e1mico de alta calidad, se calienta uniformemente. No s\u00f3lo es adecuado para hacer magdalenas, sino que tambi\u00e9n se puede utilizar para hornear tartas de queso, mini tartas o postres congelados. Es un compa\u00f1ero ideal para hornos dom\u00e9sticos y freidoras de aire.<\/p>\n<h2>Par\u00e1metros al por mayor de moldes de cer\u00e1mica para magdalenas<\/h2>\n<table width=\"328\">\n<tbody>\n<tr>\n<td width=\"116\">Fabricante<\/td>\n<td width=\"211\">QUNFA<\/td>\n<\/tr>\n<tr>\n<td width=\"116\">Tipo de producto<\/td>\n<td width=\"211\">\u00a0molde de cer\u00e1mica para magdalenas<\/td>\n<\/tr>\n<tr>\n<td width=\"116\">N.\u00ba de modelo.<\/td>\n<td width=\"211\">\u00a024-0446-3<\/td>\n<\/tr>\n<tr>\n<td width=\"116\">Material<\/td>\n<td width=\"211\">Gres<\/td>\n<\/tr>\n<tr>\n<td width=\"116\">Color<\/td>\n<td width=\"211\">Beige<\/td>\n<\/tr>\n<tr>\n<td width=\"116\">Dimensi\u00f3n<\/td>\n<td width=\"211\">30,6*19,9*4,8 CM<\/td>\n<\/tr>\n<tr>\n<td width=\"116\">Cantidad m\u00ednima de pedido<\/td>\n<td width=\"211\">1000 unidades<\/td>\n<\/tr>\n<tr>\n<td width=\"116\">Personalizado<\/td>\n<td width=\"211\">Color\/Tama\u00f1o\/Logotipo\/Embalaje\/Forma<\/td>\n<\/tr>\n<\/tbody>\n<\/table>","protected":false},"featured_media":2146,"comment_status":"closed","ping_status":"closed","template":"","meta":{"_acf_changed":false},"product_brand":[],"product_cat":[22,23],"product_tag":[],"class_list":{"0":"post-2149","1":"product","2":"type-product","3":"status-publish","4":"has-post-thumbnail","6":"product_cat-bakeware-manufacturer","7":"product_cat-wholesale-baking-dishes","9":"first","10":"instock","11":"shipping-taxable","12":"product-type-simple"},"acf":[],"_links":{"self":[{"href":"https:\/\/www.czqunfa.com\/es\/wp-json\/wp\/v2\/product\/2149","targetHints":{"allow":["GET"]}}],"collection":[{"href":"https:\/\/www.czqunfa.com\/es\/wp-json\/wp\/v2\/product"}],"about":[{"href":"https:\/\/www.czqunfa.com\/es\/wp-json\/wp\/v2\/types\/product"}],"replies":[{"embeddable":true,"href":"https:\/\/www.czqunfa.com\/es\/wp-json\/wp\/v2\/comments?post=2149"}],"wp:featuredmedia":[{"embeddable":true,"href":"https:\/\/www.czqunfa.com\/es\/wp-json\/wp\/v2\/media\/2146"}],"wp:attachment":[{"href":"https:\/\/www.czqunfa.com\/es\/wp-json\/wp\/v2\/media?parent=2149"}],"wp:term":[{"taxonomy":"product_brand","embeddable":true,"href":"https:\/\/www.czqunfa.com\/es\/wp-json\/wp\/v2\/product_brand?post=2149"},{"taxonomy":"product_cat","embeddable":true,"href":"https:\/\/www.czqunfa.com\/es\/wp-json\/wp\/v2\/product_cat?post=2149"},{"taxonomy":"product_tag","embeddable":true,"href":"https:\/\/www.czqunfa.com\/es\/wp-json\/wp\/v2\/product_tag?post=2149"}],"curies":[{"name":"wp","href":"https:\/\/api.w.org\/{rel}","templated":true}]}}