{"id":2136,"date":"2026-04-18T03:09:05","date_gmt":"2026-04-18T03:09:05","guid":{"rendered":"https:\/\/www.czqunfa.com\/?post_type=product&#038;p=2136"},"modified":"2026-04-18T03:09:07","modified_gmt":"2026-04-18T03:09:07","slug":"ceramic-baking-pans-wholesale","status":"publish","type":"product","link":"https:\/\/www.czqunfa.com\/es\/producto\/ceramic-baking-pans-wholesale\/","title":{"rendered":"Sartenes de Ceramica al por mayor, Suministros de restaurante Bakeware"},"content":{"rendered":"<div class=\"wp-block-columns is-layout-flex wp-container-core-columns-is-layout-9d6595d7 wp-block-columns-is-layout-flex\">\n<div class=\"wp-block-column is-layout-flow wp-block-column-is-layout-flow\">\n<h2 class=\"wp-block-heading\">Caracter\u00edsticas de los moldes de cer\u00e1mica al por mayor<\/h2>\n\n\n\n<ul class=\"wp-block-list\">\n<li><strong>Esmalte pintado a mano: <\/strong>Estos moldes de cer\u00e1mica al por mayor de gran tama\u00f1o est\u00e1n pintados a mano con motivos de flores silvestres y mariposas, y presentan un ambiente de estilo rural c\u00e1lido y natural. Su estilo de dise\u00f1o se sit\u00faa entre lo moderno y lo natural, con una textura c\u00e1lida y artesanal, que a\u00f1ade una capa de encanto a su mesa de comedor o de reposter\u00eda.<\/li>\n\n\n\n<li><strong>Combinaci\u00f3n flexible de doble tama\u00f1o: <\/strong>Estas bandejas de cer\u00e1mica para hornear al por mayor en dos tama\u00f1os distintos, pueden acomodar varios productos horneados y tama\u00f1os de horno; el dise\u00f1o admite el apilamiento vertical para formar una estructura de exhibici\u00f3n de dos niveles, por lo que es ideal para la comercializaci\u00f3n en tiendas y \u00e1reas de buffet para mejorar el atractivo del producto.<\/li>\n\n\n\n<li><strong>Material cer\u00e1mico de primera calidad: <\/strong>Estos moldes de cer\u00e1mica para hornear al por mayor est\u00e1n fabricados con cer\u00e1mica de alta densidad, resistente a las altas temperaturas y a los cambios bruscos de temperatura, no propensa a agrietarse ni deformarse, y duradera.<\/li>\n\n\n\n<li><strong>Antiadherente y f\u00e1cil de limpiar:<\/strong> Las superficies interior y exterior de los utensilios para hornear de suministros para restaurantes son lisas con esmalte, no se adhieren a las manchas de aceite y son f\u00e1ciles de limpiar, aptas para lavavajillas.<\/li>\n\n\n\n<li><strong>Usos vers\u00e1tiles:<\/strong> Los utensilios de reposter\u00eda con tapa para restaurantes no s\u00f3lo son adecuados para hornear pasteles y pan, sino que tambi\u00e9n sirven como bandejas para hornear, ensaladeras o platos de cena, por lo que son ideales para reuniones familiares, restaurantes, panader\u00edas y otras ocasiones.<\/li>\n<\/ul>\n<\/div>\n\n\n\n<div class=\"wp-block-column is-layout-flow wp-block-column-is-layout-flow\">\n<figure class=\"wp-block-image size-full\"><img decoding=\"async\" width=\"1000\" height=\"1000\" src=\"https:\/\/www.czqunfa.com\/wp-content\/uploads\/2026\/04\/ceramic-baking-pans-wholesale-restaurant-supply-bakeware-with-lid-6.webp\" alt=\"bandejas de cer\u00e1mica para hornear al por mayor para restaurantes con tapa 6\" class=\"wp-image-2210\" srcset=\"https:\/\/www.czqunfa.com\/wp-content\/uploads\/2026\/04\/ceramic-baking-pans-wholesale-restaurant-supply-bakeware-with-lid-6.webp 1000w, https:\/\/www.czqunfa.com\/wp-content\/uploads\/2026\/04\/ceramic-baking-pans-wholesale-restaurant-supply-bakeware-with-lid-6-300x300.webp 300w, https:\/\/www.czqunfa.com\/wp-content\/uploads\/2026\/04\/ceramic-baking-pans-wholesale-restaurant-supply-bakeware-with-lid-6-150x150.webp 150w, https:\/\/www.czqunfa.com\/wp-content\/uploads\/2026\/04\/ceramic-baking-pans-wholesale-restaurant-supply-bakeware-with-lid-6-768x768.webp 768w, https:\/\/www.czqunfa.com\/wp-content\/uploads\/2026\/04\/ceramic-baking-pans-wholesale-restaurant-supply-bakeware-with-lid-6-12x12.webp 12w, https:\/\/www.czqunfa.com\/wp-content\/uploads\/2026\/04\/ceramic-baking-pans-wholesale-restaurant-supply-bakeware-with-lid-6-600x600.webp 600w, https:\/\/www.czqunfa.com\/wp-content\/uploads\/2026\/04\/ceramic-baking-pans-wholesale-restaurant-supply-bakeware-with-lid-6-100x100.webp 100w\" sizes=\"(max-width: 1000px) 100vw, 1000px\" \/><\/figure>\n<\/div>\n<\/div>\n\n\n\n<figure class=\"wp-block-gallery has-nested-images columns-default is-cropped wp-block-gallery-1 is-layout-flex wp-block-gallery-is-layout-flex\">\n<figure class=\"wp-block-image size-full\"><img decoding=\"async\" width=\"1000\" height=\"1000\" data-id=\"2209\" src=\"https:\/\/www.czqunfa.com\/wp-content\/uploads\/2026\/04\/ceramic-baking-pans-wholesale-restaurant-supply-bakeware-with-lid-5.webp\" alt=\"bandejas de cer\u00e1mica para hornear al por mayor para restaurantes con tapa-5\" class=\"wp-image-2209\" srcset=\"https:\/\/www.czqunfa.com\/wp-content\/uploads\/2026\/04\/ceramic-baking-pans-wholesale-restaurant-supply-bakeware-with-lid-5.webp 1000w, https:\/\/www.czqunfa.com\/wp-content\/uploads\/2026\/04\/ceramic-baking-pans-wholesale-restaurant-supply-bakeware-with-lid-5-300x300.webp 300w, https:\/\/www.czqunfa.com\/wp-content\/uploads\/2026\/04\/ceramic-baking-pans-wholesale-restaurant-supply-bakeware-with-lid-5-150x150.webp 150w, https:\/\/www.czqunfa.com\/wp-content\/uploads\/2026\/04\/ceramic-baking-pans-wholesale-restaurant-supply-bakeware-with-lid-5-768x768.webp 768w, https:\/\/www.czqunfa.com\/wp-content\/uploads\/2026\/04\/ceramic-baking-pans-wholesale-restaurant-supply-bakeware-with-lid-5-12x12.webp 12w, https:\/\/www.czqunfa.com\/wp-content\/uploads\/2026\/04\/ceramic-baking-pans-wholesale-restaurant-supply-bakeware-with-lid-5-600x600.webp 600w, https:\/\/www.czqunfa.com\/wp-content\/uploads\/2026\/04\/ceramic-baking-pans-wholesale-restaurant-supply-bakeware-with-lid-5-100x100.webp 100w\" sizes=\"(max-width: 1000px) 100vw, 1000px\" \/><\/figure>\n\n\n\n<figure class=\"wp-block-image size-full\"><img decoding=\"async\" width=\"1000\" height=\"1000\" data-id=\"2211\" src=\"https:\/\/www.czqunfa.com\/wp-content\/uploads\/2026\/04\/ceramic-baking-pans-wholesale-restaurant-supply-bakeware-with-lid-7.webp\" alt=\"bandejas de cer\u00e1mica para hornear al por mayor para restaurantes con tapa-7\" class=\"wp-image-2211\" srcset=\"https:\/\/www.czqunfa.com\/wp-content\/uploads\/2026\/04\/ceramic-baking-pans-wholesale-restaurant-supply-bakeware-with-lid-7.webp 1000w, https:\/\/www.czqunfa.com\/wp-content\/uploads\/2026\/04\/ceramic-baking-pans-wholesale-restaurant-supply-bakeware-with-lid-7-300x300.webp 300w, https:\/\/www.czqunfa.com\/wp-content\/uploads\/2026\/04\/ceramic-baking-pans-wholesale-restaurant-supply-bakeware-with-lid-7-150x150.webp 150w, https:\/\/www.czqunfa.com\/wp-content\/uploads\/2026\/04\/ceramic-baking-pans-wholesale-restaurant-supply-bakeware-with-lid-7-768x768.webp 768w, https:\/\/www.czqunfa.com\/wp-content\/uploads\/2026\/04\/ceramic-baking-pans-wholesale-restaurant-supply-bakeware-with-lid-7-12x12.webp 12w, https:\/\/www.czqunfa.com\/wp-content\/uploads\/2026\/04\/ceramic-baking-pans-wholesale-restaurant-supply-bakeware-with-lid-7-600x600.webp 600w, https:\/\/www.czqunfa.com\/wp-content\/uploads\/2026\/04\/ceramic-baking-pans-wholesale-restaurant-supply-bakeware-with-lid-7-100x100.webp 100w\" sizes=\"(max-width: 1000px) 100vw, 1000px\" \/><\/figure>\n<\/figure>\n\n\n\n<p><\/p>","protected":false},"excerpt":{"rendered":"<p>Bienvenido a comprar al por mayor estos moldes rectangulares de cer\u00e1mica para hornear, dise\u00f1ados para cocinas comerciales y cadenas de panader\u00edas. Est\u00e1n hechos de gres de alta calidad y tienen un dibujo de mariposas pintado a mano en la superficie. Estos moldes se pueden utilizar en hornos microondas, hornos y lavavajillas y son muy duraderos. Son perfectas para la compra al por mayor, la personalizaci\u00f3n de series de vajillas, as\u00ed como para la reposter\u00eda dom\u00e9stica y comercial.<\/p>\n<h2>Moldes de cer\u00e1mica al por mayor Par\u00e1metros<\/h2>\n<table width=\"328\">\n<tbody>\n<tr>\n<td width=\"116\">Fabricante<\/td>\n<td width=\"211\">QUNFA<\/td>\n<\/tr>\n<tr>\n<td width=\"116\">Tipo de producto<\/td>\n<td width=\"211\">\u00a0molde de cer\u00e1mica para magdalenas<\/td>\n<\/tr>\n<tr>\n<td width=\"116\">N.\u00ba de modelo.<\/td>\n<td width=\"211\">\u00a0T24-0418\/T24-0419<\/td>\n<\/tr>\n<tr>\n<td width=\"116\">Material<\/td>\n<td width=\"211\">Gres<\/td>\n<\/tr>\n<tr>\n<td width=\"116\">Color<\/td>\n<td width=\"211\">Beige<\/td>\n<\/tr>\n<tr>\n<td width=\"116\">Dimensi\u00f3n<\/td>\n<td width=\"211\">S\uff1aTapa: 29,8*18*1cm;<br \/>Cuerpo: 27,4*18,2*6 cm <br \/>M\uff1aTapa: 33,5\u00d723,5\u00d71,2cm;<br \/>Cuerpo: 32,7x23x8cm<\/td>\n<\/tr>\n<tr>\n<td width=\"116\">Cantidad m\u00ednima de pedido<\/td>\n<td width=\"211\">1000 unidades<\/td>\n<\/tr>\n<tr>\n<td width=\"116\">Personalizado<\/td>\n<td width=\"211\">Color\/Tama\u00f1o\/Logotipo\/Embalaje\/Forma<\/td>\n<\/tr>\n<\/tbody>\n<\/table>","protected":false},"featured_media":2212,"comment_status":"closed","ping_status":"closed","template":"","meta":{"_acf_changed":false},"product_brand":[],"product_cat":[22,23],"product_tag":[],"class_list":{"0":"post-2136","1":"product","2":"type-product","3":"status-publish","4":"has-post-thumbnail","6":"product_cat-bakeware-manufacturer","7":"product_cat-wholesale-baking-dishes","9":"first","10":"instock","11":"shipping-taxable","12":"product-type-simple"},"acf":[],"_links":{"self":[{"href":"https:\/\/www.czqunfa.com\/es\/wp-json\/wp\/v2\/product\/2136","targetHints":{"allow":["GET"]}}],"collection":[{"href":"https:\/\/www.czqunfa.com\/es\/wp-json\/wp\/v2\/product"}],"about":[{"href":"https:\/\/www.czqunfa.com\/es\/wp-json\/wp\/v2\/types\/product"}],"replies":[{"embeddable":true,"href":"https:\/\/www.czqunfa.com\/es\/wp-json\/wp\/v2\/comments?post=2136"}],"wp:featuredmedia":[{"embeddable":true,"href":"https:\/\/www.czqunfa.com\/es\/wp-json\/wp\/v2\/media\/2212"}],"wp:attachment":[{"href":"https:\/\/www.czqunfa.com\/es\/wp-json\/wp\/v2\/media?parent=2136"}],"wp:term":[{"taxonomy":"product_brand","embeddable":true,"href":"https:\/\/www.czqunfa.com\/es\/wp-json\/wp\/v2\/product_brand?post=2136"},{"taxonomy":"product_cat","embeddable":true,"href":"https:\/\/www.czqunfa.com\/es\/wp-json\/wp\/v2\/product_cat?post=2136"},{"taxonomy":"product_tag","embeddable":true,"href":"https:\/\/www.czqunfa.com\/es\/wp-json\/wp\/v2\/product_tag?post=2136"}],"curies":[{"name":"wp","href":"https:\/\/api.w.org\/{rel}","templated":true}]}}