{"id":1885,"date":"2026-02-10T09:11:13","date_gmt":"2026-02-10T09:11:13","guid":{"rendered":"https:\/\/www.czqunfa.com\/?post_type=product&#038;p=1885"},"modified":"2026-02-10T09:11:17","modified_gmt":"2026-02-10T09:11:17","slug":"wholesale-ramen-bowls","status":"publish","type":"product","link":"https:\/\/www.czqunfa.com\/es\/producto\/wholesale-ramen-bowls\/","title":{"rendered":"Mayorista Tazones de Ramen, Tazones de Sopa de Cer\u00e1mica con Asa a Granel"},"content":{"rendered":"<div class=\"wp-block-columns is-layout-flex wp-container-core-columns-is-layout-9d6595d7 wp-block-columns-is-layout-flex\">\n<div class=\"wp-block-column is-layout-flow wp-block-column-is-layout-flow\">\n<h2 class=\"wp-block-heading\">Caracter\u00edsticas de los cuencos de ramen al por mayor<\/h2>\n\n\n\n<ul class=\"wp-block-list\">\n<li><strong>Mango de dise\u00f1o \u00fanico: <\/strong>Los cuencos para ramen al por mayor presentan un sofisticado mango de una sola pieza que no s\u00f3lo presume de un dise\u00f1o \u00fanico, sino que tambi\u00e9n proporciona un agarre excelente y resistente al calor. Este dise\u00f1o permite servir la sopa y los fideos calientes de forma segura y c\u00f3moda, lo que lo hace muy competitivo en el sector de la restauraci\u00f3n.<\/li>\n\n\n\n<li><strong>Cer\u00e1mica duradera de primera calidad:<\/strong> Los cuencos para ramen al por mayor est\u00e1n fabricados con cer\u00e1mica de primera calidad cuidadosamente seleccionada y cocida a altas temperaturas. Este cuenco ofrece una durabilidad y una resistencia excepcionales a las fluctuaciones de temperatura, lo que le permite soportar una limpieza y un uso comercial frecuentes, reduciendo los costes de desgaste.<\/li>\n\n\n\n<li><strong>Aplicaci\u00f3n vers\u00e1til:<\/strong> La profundidad y el di\u00e1metro perfectamente proporcionados lo hacen ideal no s\u00f3lo como cuenco para sopa y fideos instant\u00e1neos, sino tambi\u00e9n como cuenco para ensalada o postre para hornear.<\/li>\n\n\n\n<li><strong>Certificaci\u00f3n de seguridad integral:<\/strong> Los cuencos para ramen al por mayor son aptos para lavavajillas, microondas y horno, y cumplen las normas internacionales de seguridad alimentaria.<\/li>\n\n\n\n<li><strong>Temas personalizados y envases de regalo:<\/strong> Nuestros cuencos hondos con asa a granel est\u00e1n disponibles en varios estilos visuales, incluidos los rom\u00e1nticos temas \u201cLove\u201d y los estampados bohemios, y se presentan en elegantes cajas de regalo, lo que los convierte en la mejor opci\u00f3n para recuerdos de boda, promociones de vacaciones y regalos de marca personalizados.<\/li>\n\n\n\n<li><strong>Suministro al por mayor y a la exportaci\u00f3n:<\/strong> Nuestros cuencos soperos con asa a granel tienen una capacidad de producci\u00f3n en masa estable con un embalaje de exportaci\u00f3n seguro. Ideal para importadores, distribuidores, cadenas de supermercados, proveedores de hoteles y vendedores de comercio electr\u00f3nico que buscan fabricantes de cuencos de cer\u00e1mica fiables.<\/li>\n<\/ul>\n<\/div>\n\n\n\n<div class=\"wp-block-column is-layout-flow wp-block-column-is-layout-flow\">\n<figure class=\"wp-block-image size-full\"><img decoding=\"async\" width=\"800\" height=\"800\" src=\"https:\/\/www.czqunfa.com\/wp-content\/uploads\/2026\/02\/wholesale-ramen-bowls-colored-soup-bowls-with-handle-bulk-1.webp\" alt=\"mayorista-ramen-bowls-colored-soup-bowls-with-handle-bulk-1\" class=\"wp-image-1886\" srcset=\"https:\/\/www.czqunfa.com\/wp-content\/uploads\/2026\/02\/wholesale-ramen-bowls-colored-soup-bowls-with-handle-bulk-1.webp 800w, https:\/\/www.czqunfa.com\/wp-content\/uploads\/2026\/02\/wholesale-ramen-bowls-colored-soup-bowls-with-handle-bulk-1-300x300.webp 300w, https:\/\/www.czqunfa.com\/wp-content\/uploads\/2026\/02\/wholesale-ramen-bowls-colored-soup-bowls-with-handle-bulk-1-150x150.webp 150w, https:\/\/www.czqunfa.com\/wp-content\/uploads\/2026\/02\/wholesale-ramen-bowls-colored-soup-bowls-with-handle-bulk-1-768x768.webp 768w, https:\/\/www.czqunfa.com\/wp-content\/uploads\/2026\/02\/wholesale-ramen-bowls-colored-soup-bowls-with-handle-bulk-1-12x12.webp 12w, https:\/\/www.czqunfa.com\/wp-content\/uploads\/2026\/02\/wholesale-ramen-bowls-colored-soup-bowls-with-handle-bulk-1-600x600.webp 600w, https:\/\/www.czqunfa.com\/wp-content\/uploads\/2026\/02\/wholesale-ramen-bowls-colored-soup-bowls-with-handle-bulk-1-100x100.webp 100w\" sizes=\"(max-width: 800px) 100vw, 800px\" \/><\/figure>\n<\/div>\n<\/div>\n\n\n\n<figure class=\"wp-block-gallery has-nested-images columns-default is-cropped wp-block-gallery-1 is-layout-flex wp-block-gallery-is-layout-flex\">\n<figure class=\"wp-block-image size-full\"><img decoding=\"async\" width=\"800\" height=\"800\" data-id=\"1890\" src=\"https:\/\/www.czqunfa.com\/wp-content\/uploads\/2026\/02\/wholesale-ramen-bowls-colored-soup-bowls-with-handle-bulk-5.webp\" alt=\"mayorista-ramen-bowls-colored-soup-bowls-with-handle-bulk-5\" class=\"wp-image-1890\" srcset=\"https:\/\/www.czqunfa.com\/wp-content\/uploads\/2026\/02\/wholesale-ramen-bowls-colored-soup-bowls-with-handle-bulk-5.webp 800w, https:\/\/www.czqunfa.com\/wp-content\/uploads\/2026\/02\/wholesale-ramen-bowls-colored-soup-bowls-with-handle-bulk-5-300x300.webp 300w, https:\/\/www.czqunfa.com\/wp-content\/uploads\/2026\/02\/wholesale-ramen-bowls-colored-soup-bowls-with-handle-bulk-5-150x150.webp 150w, https:\/\/www.czqunfa.com\/wp-content\/uploads\/2026\/02\/wholesale-ramen-bowls-colored-soup-bowls-with-handle-bulk-5-768x768.webp 768w, https:\/\/www.czqunfa.com\/wp-content\/uploads\/2026\/02\/wholesale-ramen-bowls-colored-soup-bowls-with-handle-bulk-5-12x12.webp 12w, https:\/\/www.czqunfa.com\/wp-content\/uploads\/2026\/02\/wholesale-ramen-bowls-colored-soup-bowls-with-handle-bulk-5-600x600.webp 600w, https:\/\/www.czqunfa.com\/wp-content\/uploads\/2026\/02\/wholesale-ramen-bowls-colored-soup-bowls-with-handle-bulk-5-100x100.webp 100w\" sizes=\"(max-width: 800px) 100vw, 800px\" \/><\/figure>\n\n\n\n<figure class=\"wp-block-image size-full\"><img decoding=\"async\" width=\"800\" height=\"800\" data-id=\"1889\" src=\"https:\/\/www.czqunfa.com\/wp-content\/uploads\/2026\/02\/wholesale-ramen-bowls-colored-soup-bowls-with-handle-bulk-4.webp\" alt=\"mayorista-ramen-bowls-colored-soup-bowls-with-handle-bulk-4\" class=\"wp-image-1889\" srcset=\"https:\/\/www.czqunfa.com\/wp-content\/uploads\/2026\/02\/wholesale-ramen-bowls-colored-soup-bowls-with-handle-bulk-4.webp 800w, https:\/\/www.czqunfa.com\/wp-content\/uploads\/2026\/02\/wholesale-ramen-bowls-colored-soup-bowls-with-handle-bulk-4-300x300.webp 300w, https:\/\/www.czqunfa.com\/wp-content\/uploads\/2026\/02\/wholesale-ramen-bowls-colored-soup-bowls-with-handle-bulk-4-150x150.webp 150w, https:\/\/www.czqunfa.com\/wp-content\/uploads\/2026\/02\/wholesale-ramen-bowls-colored-soup-bowls-with-handle-bulk-4-768x768.webp 768w, https:\/\/www.czqunfa.com\/wp-content\/uploads\/2026\/02\/wholesale-ramen-bowls-colored-soup-bowls-with-handle-bulk-4-12x12.webp 12w, https:\/\/www.czqunfa.com\/wp-content\/uploads\/2026\/02\/wholesale-ramen-bowls-colored-soup-bowls-with-handle-bulk-4-600x600.webp 600w, https:\/\/www.czqunfa.com\/wp-content\/uploads\/2026\/02\/wholesale-ramen-bowls-colored-soup-bowls-with-handle-bulk-4-100x100.webp 100w\" sizes=\"(max-width: 800px) 100vw, 800px\" \/><\/figure>\n<\/figure>","protected":false},"excerpt":{"rendered":"<p>Bienvenido a comprar nuestros cuencos de ramen al por mayor con asas, con juegos de regalo de ensaladera de colores vibrantes con embalaje de caja de regalo de primera calidad. Ideal para recuerdos de boda, vajilla de restaurante y mercados de regalos al por menor. Fabricados en cer\u00e1mica alimentaria de alta cocci\u00f3n, estos cuencos duraderos y decorativos son perfectos para mayoristas, importadores y proveedores de eventos que buscan soluciones de regalo en cer\u00e1mica de alta calidad.<\/p>\n<h2>Venta al por mayor de cuencos de ramen Par\u00e1metros<\/h2>\n<table border=\"0\" width=\"328\" cellspacing=\"0\" cellpadding=\"0\">\n<tbody>\n<tr>\n<td width=\"116\" height=\"17\">Fabricante<\/td>\n<td width=\"211\">QUNFA<\/td>\n<\/tr>\n<tr>\n<td width=\"116\" height=\"17\">Tipo de producto<\/td>\n<td>Cuenco<\/td>\n<\/tr>\n<tr>\n<td width=\"116\" height=\"17\">N.\u00ba de modelo.<\/td>\n<td>1963-14<\/td>\n<\/tr>\n<tr>\n<td width=\"116\" height=\"17\">Material<\/td>\n<td width=\"211\">Gres<\/td>\n<\/tr>\n<tr>\n<td width=\"116\" height=\"17\">Color<\/td>\n<td width=\"211\">Blanco, Rojo, Personalizado<\/td>\n<\/tr>\n<tr>\n<td width=\"116\" height=\"16\">Patr\u00f3n<\/td>\n<td width=\"211\">Coraz\u00f3n<\/td>\n<\/tr>\n<tr>\n<td width=\"116\" height=\"16\">Dimensi\u00f3n<\/td>\n<td width=\"211\">21.5*14.5*7CM<\/td>\n<\/tr>\n<tr>\n<td width=\"116\" height=\"17\">Cantidad m\u00ednima de pedido<\/td>\n<td width=\"211\">1000 unidades<\/td>\n<\/tr>\n<tr>\n<td width=\"116\" height=\"17\">Personalizado<\/td>\n<td width=\"211\">Color\/Tama\u00f1o\/Logotipo\/Embalaje\/Forma<\/td>\n<\/tr>\n<\/tbody>\n<\/table>","protected":false},"featured_media":1891,"comment_status":"closed","ping_status":"closed","template":"","meta":{"_acf_changed":false},"product_brand":[],"product_cat":[20,36],"product_tag":[],"class_list":{"0":"post-1885","1":"product","2":"type-product","3":"status-publish","4":"has-post-thumbnail","6":"product_cat-dinnerware-supplier","7":"product_cat-ceramic-bowl-supplier","9":"first","10":"instock","11":"shipping-taxable","12":"product-type-simple"},"acf":[],"_links":{"self":[{"href":"https:\/\/www.czqunfa.com\/es\/wp-json\/wp\/v2\/product\/1885","targetHints":{"allow":["GET"]}}],"collection":[{"href":"https:\/\/www.czqunfa.com\/es\/wp-json\/wp\/v2\/product"}],"about":[{"href":"https:\/\/www.czqunfa.com\/es\/wp-json\/wp\/v2\/types\/product"}],"replies":[{"embeddable":true,"href":"https:\/\/www.czqunfa.com\/es\/wp-json\/wp\/v2\/comments?post=1885"}],"wp:featuredmedia":[{"embeddable":true,"href":"https:\/\/www.czqunfa.com\/es\/wp-json\/wp\/v2\/media\/1891"}],"wp:attachment":[{"href":"https:\/\/www.czqunfa.com\/es\/wp-json\/wp\/v2\/media?parent=1885"}],"wp:term":[{"taxonomy":"product_brand","embeddable":true,"href":"https:\/\/www.czqunfa.com\/es\/wp-json\/wp\/v2\/product_brand?post=1885"},{"taxonomy":"product_cat","embeddable":true,"href":"https:\/\/www.czqunfa.com\/es\/wp-json\/wp\/v2\/product_cat?post=1885"},{"taxonomy":"product_tag","embeddable":true,"href":"https:\/\/www.czqunfa.com\/es\/wp-json\/wp\/v2\/product_tag?post=1885"}],"curies":[{"name":"wp","href":"https:\/\/api.w.org\/{rel}","templated":true}]}}