{"id":1878,"date":"2026-02-10T08:36:57","date_gmt":"2026-02-10T08:36:57","guid":{"rendered":"https:\/\/www.czqunfa.com\/?post_type=product&#038;p=1878"},"modified":"2026-02-10T08:36:58","modified_gmt":"2026-02-10T08:36:58","slug":"wholesale-ceramic-serving-bowls","status":"publish","type":"product","link":"https:\/\/www.czqunfa.com\/es\/producto\/wholesale-ceramic-serving-bowls\/","title":{"rendered":"Mayorista Tazones Altos de Cer\u00e1mica con Estampado Polaco de Colores"},"content":{"rendered":"<div class=\"wp-block-columns is-layout-flex wp-container-core-columns-is-layout-9d6595d7 wp-block-columns-is-layout-flex\">\n<div class=\"wp-block-column is-layout-flow wp-block-column-is-layout-flow\">\n<h2 class=\"wp-block-heading\">Caracter\u00edsticas de Tall Wholesale Ceramic Serving Bowls<\/h2>\n\n\n\n<ul class=\"wp-block-list\">\n<li><strong>Estructura profunda en forma de cubo:<\/strong> El cuerpo de los cuencos de cer\u00e1mica para servir al por mayor es m\u00e1s ancho en la parte superior y m\u00e1s estrecho en la inferior, lo que proporciona una amplia profundidad. Esta forma es ideal para servir alimentos con caldo, como sopa de fideos o ensalada. La base elevada y engrosada a\u00edsla eficazmente del calor, evitando que se da\u00f1en las encimeras.<\/li>\n\n\n\n<li><strong>C\u00f3nica de f\u00e1cil apilamiento:<\/strong> El refinado dise\u00f1o hexagonal del borde de los cuencos de cer\u00e1mica para servir al por mayor y la curva ligeramente inclinada de las paredes laterales permiten apilar de forma estable cuencos del mismo tama\u00f1o, lo que supone un importante ahorro de espacio de almacenamiento y exposici\u00f3n para los clientes B2B.<\/li>\n\n\n\n<li><strong>Material cer\u00e1mico de primera calidad:<\/strong> Estos cuencos de cer\u00e1mica al por mayor est\u00e1n fabricados en cer\u00e1mica de alta calidad. Estos cuencos altos para servir son resistentes al calor y est\u00e1n dise\u00f1ados para un uso prolongado. Son populares con los alimentos calientes y fr\u00edos y son los m\u00e1s adecuados para las cocinas comerciales y servicios de alimentos.<\/li>\n\n\n\n<li><strong>Dise\u00f1o con estampado polaco de colores: <\/strong>Nuestros cuencos para suministros de restaurantes, con vibrantes estampados de estilo polaco, ofrecen una presentaci\u00f3n llamativa que realza la configuraci\u00f3n de la mesa. Perfectos para restaurantes, servicios de catering y colecciones de vajilla para minoristas que buscan un atractivo visual \u00fanico.<\/li>\n\n\n\n<li><strong>Uso polivalente:<\/strong> Nuestros cuencos para restaurantes est\u00e1n dise\u00f1ados para ser vers\u00e1tiles. Disponibles en cuatro tama\u00f1os para satisfacer una gran variedad de necesidades, desde raciones individuales de fideos instant\u00e1neos y sopas hasta ensaladas de tama\u00f1o familiar, son ideales como cuencos para sopa, cuencos para ramen, cuencos para ensaladas, cuencos para fideos o cuencos grandes para cereales.<\/li>\n<\/ul>\n<\/div>\n\n\n\n<div class=\"wp-block-column is-layout-flow wp-block-column-is-layout-flow\">\n<figure class=\"wp-block-image size-full\"><img decoding=\"async\" width=\"800\" height=\"800\" src=\"https:\/\/www.czqunfa.com\/wp-content\/uploads\/2026\/02\/tall-wholesale-ceramic-serving-bowls-with-polish-print-4.webp\" alt=\"tazones altos para servir de cer\u00e1mica al por mayor con estampado en polvo-4\" class=\"wp-image-1882\" srcset=\"https:\/\/www.czqunfa.com\/wp-content\/uploads\/2026\/02\/tall-wholesale-ceramic-serving-bowls-with-polish-print-4.webp 800w, https:\/\/www.czqunfa.com\/wp-content\/uploads\/2026\/02\/tall-wholesale-ceramic-serving-bowls-with-polish-print-4-300x300.webp 300w, https:\/\/www.czqunfa.com\/wp-content\/uploads\/2026\/02\/tall-wholesale-ceramic-serving-bowls-with-polish-print-4-150x150.webp 150w, https:\/\/www.czqunfa.com\/wp-content\/uploads\/2026\/02\/tall-wholesale-ceramic-serving-bowls-with-polish-print-4-768x768.webp 768w, https:\/\/www.czqunfa.com\/wp-content\/uploads\/2026\/02\/tall-wholesale-ceramic-serving-bowls-with-polish-print-4-12x12.webp 12w, https:\/\/www.czqunfa.com\/wp-content\/uploads\/2026\/02\/tall-wholesale-ceramic-serving-bowls-with-polish-print-4-600x600.webp 600w, https:\/\/www.czqunfa.com\/wp-content\/uploads\/2026\/02\/tall-wholesale-ceramic-serving-bowls-with-polish-print-4-100x100.webp 100w\" sizes=\"(max-width: 800px) 100vw, 800px\" \/><\/figure>\n<\/div>\n<\/div>\n\n\n\n<figure class=\"wp-block-gallery has-nested-images columns-default is-cropped wp-block-gallery-1 is-layout-flex wp-block-gallery-is-layout-flex\">\n<figure class=\"wp-block-image size-full\"><img decoding=\"async\" width=\"800\" height=\"800\" data-id=\"1883\" src=\"https:\/\/www.czqunfa.com\/wp-content\/uploads\/2026\/02\/tall-wholesale-ceramic-serving-bowls-with-polish-print-5.webp\" alt=\"tazones altos para servir de cer\u00e1mica al por mayor con estampado en polvo 5\" class=\"wp-image-1883\" srcset=\"https:\/\/www.czqunfa.com\/wp-content\/uploads\/2026\/02\/tall-wholesale-ceramic-serving-bowls-with-polish-print-5.webp 800w, https:\/\/www.czqunfa.com\/wp-content\/uploads\/2026\/02\/tall-wholesale-ceramic-serving-bowls-with-polish-print-5-300x300.webp 300w, https:\/\/www.czqunfa.com\/wp-content\/uploads\/2026\/02\/tall-wholesale-ceramic-serving-bowls-with-polish-print-5-150x150.webp 150w, https:\/\/www.czqunfa.com\/wp-content\/uploads\/2026\/02\/tall-wholesale-ceramic-serving-bowls-with-polish-print-5-768x768.webp 768w, https:\/\/www.czqunfa.com\/wp-content\/uploads\/2026\/02\/tall-wholesale-ceramic-serving-bowls-with-polish-print-5-12x12.webp 12w, https:\/\/www.czqunfa.com\/wp-content\/uploads\/2026\/02\/tall-wholesale-ceramic-serving-bowls-with-polish-print-5-600x600.webp 600w, https:\/\/www.czqunfa.com\/wp-content\/uploads\/2026\/02\/tall-wholesale-ceramic-serving-bowls-with-polish-print-5-100x100.webp 100w\" sizes=\"(max-width: 800px) 100vw, 800px\" \/><\/figure>\n\n\n\n<figure class=\"wp-block-image size-full\"><img decoding=\"async\" width=\"800\" height=\"800\" data-id=\"1880\" src=\"https:\/\/www.czqunfa.com\/wp-content\/uploads\/2026\/02\/tall-wholesale-ceramic-serving-bowls-with-polish-print-2.webp\" alt=\"tazones altos para servir de cer\u00e1mica al por mayor con estampado de polaco-2\" class=\"wp-image-1880\" srcset=\"https:\/\/www.czqunfa.com\/wp-content\/uploads\/2026\/02\/tall-wholesale-ceramic-serving-bowls-with-polish-print-2.webp 800w, https:\/\/www.czqunfa.com\/wp-content\/uploads\/2026\/02\/tall-wholesale-ceramic-serving-bowls-with-polish-print-2-300x300.webp 300w, https:\/\/www.czqunfa.com\/wp-content\/uploads\/2026\/02\/tall-wholesale-ceramic-serving-bowls-with-polish-print-2-150x150.webp 150w, https:\/\/www.czqunfa.com\/wp-content\/uploads\/2026\/02\/tall-wholesale-ceramic-serving-bowls-with-polish-print-2-768x768.webp 768w, https:\/\/www.czqunfa.com\/wp-content\/uploads\/2026\/02\/tall-wholesale-ceramic-serving-bowls-with-polish-print-2-12x12.webp 12w, https:\/\/www.czqunfa.com\/wp-content\/uploads\/2026\/02\/tall-wholesale-ceramic-serving-bowls-with-polish-print-2-600x600.webp 600w, https:\/\/www.czqunfa.com\/wp-content\/uploads\/2026\/02\/tall-wholesale-ceramic-serving-bowls-with-polish-print-2-100x100.webp 100w\" sizes=\"(max-width: 800px) 100vw, 800px\" \/><\/figure>\n<\/figure>","protected":false},"excerpt":{"rendered":"<p>Bienvenido a comprar nuestros boles altos de cer\u00e1mica al por mayor con estampado polaco de colores, fabricados en cer\u00e1mica de primera calidad para una mayor durabilidad y resistencia al calor. Con vibrantes patrones decorativos y m\u00faltiples opciones de tama\u00f1o, estos cuencos son ideales para servir sopa, fideos, ensaladas, y m\u00e1s en restaurantes, hoteles y catering. Perfecta soluci\u00f3n de vajilla al por mayor para el servicio de comidas y compradores al por menor.<\/p>\n<h2>Mayorista Tazones de Cer\u00e1mica para Servir Par\u00e1metros<\/h2>\n<table border=\"0\" width=\"328\" cellspacing=\"0\" cellpadding=\"0\">\n<tbody>\n<tr>\n<td width=\"116\" height=\"17\">Fabricante<\/td>\n<td width=\"211\">QUNFA<\/td>\n<\/tr>\n<tr>\n<td width=\"116\" height=\"17\">Tipo de producto<\/td>\n<td>Cuenco<\/td>\n<\/tr>\n<tr>\n<td width=\"116\" height=\"17\">N.\u00ba de modelo.<\/td>\n<td>23-2161<\/td>\n<\/tr>\n<tr>\n<td width=\"116\" height=\"17\">Material<\/td>\n<td width=\"211\">Gres<\/td>\n<\/tr>\n<tr>\n<td width=\"116\" height=\"16\">Patr\u00f3n<\/td>\n<td width=\"211\">Impresi\u00f3n en polaco<\/td>\n<\/tr>\n<tr>\n<td width=\"116\" height=\"61\">Dimensi\u00f3n<\/td>\n<td width=\"211\">5.1\u201dbowl:13.2*13.2*6.2cm<br \/>5.5 \u201dbol:14*14*6.8cm<br \/>Bol de 6\u201d:15*15*7cm <br \/>6.2\u201dbowl:15.6*15.6*7cm<\/td>\n<\/tr>\n<tr>\n<td width=\"116\" height=\"17\">Cantidad m\u00ednima de pedido<\/td>\n<td width=\"211\">1000 unidades<\/td>\n<\/tr>\n<tr>\n<td width=\"116\" height=\"17\">Personalizado<\/td>\n<td width=\"211\">Color\/Tama\u00f1o\/Logotipo\/Embalaje\/Forma<\/td>\n<\/tr>\n<\/tbody>\n<\/table>","protected":false},"featured_media":1879,"comment_status":"closed","ping_status":"closed","template":"","meta":{"_acf_changed":false},"product_brand":[],"product_cat":[20,36],"product_tag":[],"class_list":{"0":"post-1878","1":"product","2":"type-product","3":"status-publish","4":"has-post-thumbnail","6":"product_cat-dinnerware-supplier","7":"product_cat-ceramic-bowl-supplier","9":"first","10":"instock","11":"shipping-taxable","12":"product-type-simple"},"acf":[],"_links":{"self":[{"href":"https:\/\/www.czqunfa.com\/es\/wp-json\/wp\/v2\/product\/1878","targetHints":{"allow":["GET"]}}],"collection":[{"href":"https:\/\/www.czqunfa.com\/es\/wp-json\/wp\/v2\/product"}],"about":[{"href":"https:\/\/www.czqunfa.com\/es\/wp-json\/wp\/v2\/types\/product"}],"replies":[{"embeddable":true,"href":"https:\/\/www.czqunfa.com\/es\/wp-json\/wp\/v2\/comments?post=1878"}],"wp:featuredmedia":[{"embeddable":true,"href":"https:\/\/www.czqunfa.com\/es\/wp-json\/wp\/v2\/media\/1879"}],"wp:attachment":[{"href":"https:\/\/www.czqunfa.com\/es\/wp-json\/wp\/v2\/media?parent=1878"}],"wp:term":[{"taxonomy":"product_brand","embeddable":true,"href":"https:\/\/www.czqunfa.com\/es\/wp-json\/wp\/v2\/product_brand?post=1878"},{"taxonomy":"product_cat","embeddable":true,"href":"https:\/\/www.czqunfa.com\/es\/wp-json\/wp\/v2\/product_cat?post=1878"},{"taxonomy":"product_tag","embeddable":true,"href":"https:\/\/www.czqunfa.com\/es\/wp-json\/wp\/v2\/product_tag?post=1878"}],"curies":[{"name":"wp","href":"https:\/\/api.w.org\/{rel}","templated":true}]}}