{"id":1871,"date":"2026-02-10T08:00:51","date_gmt":"2026-02-10T08:00:51","guid":{"rendered":"https:\/\/www.czqunfa.com\/?post_type=product&#038;p=1871"},"modified":"2026-02-10T08:00:54","modified_gmt":"2026-02-10T08:00:54","slug":"wholesale-ceramic-snack-bowl-set","status":"publish","type":"product","link":"https:\/\/www.czqunfa.com\/es\/producto\/wholesale-ceramic-snack-bowl-set\/","title":{"rendered":"Mayorista Set Taz\u00f3n de Cer\u00e1mica con Bandeja de Madera para Fiesta"},"content":{"rendered":"<div class=\"wp-block-columns is-layout-flex wp-container-core-columns-is-layout-9d6595d7 wp-block-columns-is-layout-flex\">\n<div class=\"wp-block-column is-layout-flow wp-block-column-is-layout-flow\">\n<h2 class=\"wp-block-heading\">Caracter\u00edsticas del Juego de Snack Bowl de Cer\u00e1mica al por mayor<\/h2>\n\n\n\n<ul class=\"wp-block-list\">\n<li><strong>Material cer\u00e1mico de calidad alimentaria: <\/strong>Fabricado en cer\u00e1mica de alta calidad, sin plomo y no t\u00f3xica, este juego de cuencos de cer\u00e1mica para aperitivos al por mayor es duradero, resistente a las astillas y de uso comercial.<\/li>\n\n\n\n<li><strong>Bandeja de madera natural para una presentaci\u00f3n elegante:<\/strong> Este juego de cuencos de cer\u00e1mica para aperitivos al por mayor viene con una bandeja de madera maciza para servir que mantiene los cuencos bien organizados. El aspecto natural y la textura crean un ambiente c\u00e1lido y elegante, una excelente opci\u00f3n para restaurantes, hoteles, catering y bandejas de fiesta.<\/li>\n\n\n\n<li><strong>Soluci\u00f3n de porciones multicompartimento:<\/strong> Este juego de cuencos de cer\u00e1mica para aperitivos al por mayor es perfecto para servir aperitivos, frutos secos, salsas, caramelos, aceitunas, postres o aperitivos. La presentaci\u00f3n dividida mejora la visualizaci\u00f3n de los alimentos y evita que se mezclen los sabores.<\/li>\n\n\n\n<li><strong>F\u00e1cil de limpiar y mantener: <\/strong>La superficie de estos cuencos de cer\u00e1mica personalizados es de cer\u00e1mica lisa esmaltada, resistente a las manchas y apta para el lavavajillas. La bandeja de madera tiene un acabado resistente a la humedad y f\u00e1cil de limpiar.<\/li>\n\n\n\n<li><strong>Suministro a granel para compradores comerciales:<\/strong> Estos cuencos de cer\u00e1mica personalizados proporcionan un suministro estable al por mayor para supermercados, marcas de utensilios de cocina, distribuidores, organizadores de eventos y compradores de regalos promocionales. MOQ flexible y capacidad de producci\u00f3n escalable disponible.<\/li>\n<\/ul>\n<\/div>\n\n\n\n<div class=\"wp-block-column is-layout-flow wp-block-column-is-layout-flow\">\n<figure class=\"wp-block-image size-full\"><img decoding=\"async\" width=\"800\" height=\"800\" src=\"https:\/\/www.czqunfa.com\/wp-content\/uploads\/2026\/02\/wholesale-ceramic-snack-bowl-set-with-wooden-tray-for-party-3.webp\" alt=\"mayorista-ceramica-snack-bowl-set-con-bandeja-de-madera-para-fiesta-3\" class=\"wp-image-1874\" srcset=\"https:\/\/www.czqunfa.com\/wp-content\/uploads\/2026\/02\/wholesale-ceramic-snack-bowl-set-with-wooden-tray-for-party-3.webp 800w, https:\/\/www.czqunfa.com\/wp-content\/uploads\/2026\/02\/wholesale-ceramic-snack-bowl-set-with-wooden-tray-for-party-3-300x300.webp 300w, https:\/\/www.czqunfa.com\/wp-content\/uploads\/2026\/02\/wholesale-ceramic-snack-bowl-set-with-wooden-tray-for-party-3-150x150.webp 150w, https:\/\/www.czqunfa.com\/wp-content\/uploads\/2026\/02\/wholesale-ceramic-snack-bowl-set-with-wooden-tray-for-party-3-768x768.webp 768w, https:\/\/www.czqunfa.com\/wp-content\/uploads\/2026\/02\/wholesale-ceramic-snack-bowl-set-with-wooden-tray-for-party-3-12x12.webp 12w, https:\/\/www.czqunfa.com\/wp-content\/uploads\/2026\/02\/wholesale-ceramic-snack-bowl-set-with-wooden-tray-for-party-3-600x600.webp 600w, https:\/\/www.czqunfa.com\/wp-content\/uploads\/2026\/02\/wholesale-ceramic-snack-bowl-set-with-wooden-tray-for-party-3-100x100.webp 100w\" sizes=\"(max-width: 800px) 100vw, 800px\" \/><\/figure>\n<\/div>\n<\/div>\n\n\n\n<figure class=\"wp-block-gallery has-nested-images columns-default is-cropped wp-block-gallery-1 is-layout-flex wp-block-gallery-is-layout-flex\">\n<figure class=\"wp-block-image size-full\"><img decoding=\"async\" width=\"800\" height=\"800\" data-id=\"1872\" src=\"https:\/\/www.czqunfa.com\/wp-content\/uploads\/2026\/02\/wholesale-ceramic-snack-bowl-set-with-wooden-tray-for-party-1.webp\" alt=\"mayorista-ceramica-snack-bowl-set-con-bandeja-de-madera-para-fiesta-1\" class=\"wp-image-1872\" srcset=\"https:\/\/www.czqunfa.com\/wp-content\/uploads\/2026\/02\/wholesale-ceramic-snack-bowl-set-with-wooden-tray-for-party-1.webp 800w, https:\/\/www.czqunfa.com\/wp-content\/uploads\/2026\/02\/wholesale-ceramic-snack-bowl-set-with-wooden-tray-for-party-1-300x300.webp 300w, https:\/\/www.czqunfa.com\/wp-content\/uploads\/2026\/02\/wholesale-ceramic-snack-bowl-set-with-wooden-tray-for-party-1-150x150.webp 150w, https:\/\/www.czqunfa.com\/wp-content\/uploads\/2026\/02\/wholesale-ceramic-snack-bowl-set-with-wooden-tray-for-party-1-768x768.webp 768w, https:\/\/www.czqunfa.com\/wp-content\/uploads\/2026\/02\/wholesale-ceramic-snack-bowl-set-with-wooden-tray-for-party-1-12x12.webp 12w, https:\/\/www.czqunfa.com\/wp-content\/uploads\/2026\/02\/wholesale-ceramic-snack-bowl-set-with-wooden-tray-for-party-1-600x600.webp 600w, https:\/\/www.czqunfa.com\/wp-content\/uploads\/2026\/02\/wholesale-ceramic-snack-bowl-set-with-wooden-tray-for-party-1-100x100.webp 100w\" sizes=\"(max-width: 800px) 100vw, 800px\" \/><\/figure>\n\n\n\n<figure class=\"wp-block-image size-full\"><img decoding=\"async\" width=\"800\" height=\"800\" data-id=\"1875\" src=\"https:\/\/www.czqunfa.com\/wp-content\/uploads\/2026\/02\/wholesale-ceramic-snack-bowl-set-with-wooden-tray-for-party-4.webp\" alt=\"mayorista-ceramica-snack-bowl-set-con-bandeja-de-madera-para-fiesta-4\" class=\"wp-image-1875\" srcset=\"https:\/\/www.czqunfa.com\/wp-content\/uploads\/2026\/02\/wholesale-ceramic-snack-bowl-set-with-wooden-tray-for-party-4.webp 800w, https:\/\/www.czqunfa.com\/wp-content\/uploads\/2026\/02\/wholesale-ceramic-snack-bowl-set-with-wooden-tray-for-party-4-300x300.webp 300w, https:\/\/www.czqunfa.com\/wp-content\/uploads\/2026\/02\/wholesale-ceramic-snack-bowl-set-with-wooden-tray-for-party-4-150x150.webp 150w, https:\/\/www.czqunfa.com\/wp-content\/uploads\/2026\/02\/wholesale-ceramic-snack-bowl-set-with-wooden-tray-for-party-4-768x768.webp 768w, https:\/\/www.czqunfa.com\/wp-content\/uploads\/2026\/02\/wholesale-ceramic-snack-bowl-set-with-wooden-tray-for-party-4-12x12.webp 12w, https:\/\/www.czqunfa.com\/wp-content\/uploads\/2026\/02\/wholesale-ceramic-snack-bowl-set-with-wooden-tray-for-party-4-600x600.webp 600w, https:\/\/www.czqunfa.com\/wp-content\/uploads\/2026\/02\/wholesale-ceramic-snack-bowl-set-with-wooden-tray-for-party-4-100x100.webp 100w\" sizes=\"(max-width: 800px) 100vw, 800px\" \/><\/figure>\n<\/figure>","protected":false},"excerpt":{"rendered":"<p>Bienvenido a comprar al por mayor este set de cuencos de cer\u00e1mica para aperitivos con bandeja de madera, que combina materiales ecol\u00f3gicos con una presentaci\u00f3n elegante, por lo que es ideal para fiestas, catering, restaurantes y ventas al por menor. Hecho de cer\u00e1mica de calidad alimentaria con una bandeja de servir de madera natural, este conjunto es ideal para frutos secos, salsas, postres y aperitivos. Ofrecemos una personalizaci\u00f3n completa, incluyendo logotipo, color, tama\u00f1o y embalaje, apoyamos la venta al por mayor y de marca propia.<\/p>\n<h2>Venta al por mayor de cer\u00e1mica Snack Bowl Set Par\u00e1metros<\/h2>\n<table border=\"0\" width=\"328\" cellspacing=\"0\" cellpadding=\"0\">\n<tbody>\n<tr>\n<td width=\"116\" height=\"17\">Fabricante<\/td>\n<td width=\"211\">QUNFA<\/td>\n<\/tr>\n<tr>\n<td width=\"116\" height=\"17\">Tipo de producto<\/td>\n<td>Cuenco<\/td>\n<\/tr>\n<tr>\n<td width=\"116\" height=\"17\">N.\u00ba de modelo.<\/td>\n<td>23-0130<\/td>\n<\/tr>\n<tr>\n<td width=\"116\" height=\"17\">Material<\/td>\n<td width=\"211\">Gres<\/td>\n<\/tr>\n<tr>\n<td width=\"116\" height=\"17\">Color<\/td>\n<td width=\"211\">Blanco<\/td>\n<\/tr>\n<tr>\n<td width=\"116\" height=\"31\">Dimensi\u00f3n<\/td>\n<td width=\"211\">cuenco:.11.8*11.8*7cm<br \/>palet de madera:36*11,7*1,2cm<\/td>\n<\/tr>\n<tr>\n<td width=\"116\" height=\"17\">Cantidad m\u00ednima de pedido<\/td>\n<td width=\"211\">1000 unidades<\/td>\n<\/tr>\n<tr>\n<td width=\"116\" height=\"17\">Personalizado<\/td>\n<td width=\"211\">Color\/Tama\u00f1o\/Logotipo\/Embalaje\/Forma<\/td>\n<\/tr>\n<\/tbody>\n<\/table>","protected":false},"featured_media":1876,"comment_status":"closed","ping_status":"closed","template":"","meta":{"_acf_changed":false},"product_brand":[],"product_cat":[20,36],"product_tag":[],"class_list":{"0":"post-1871","1":"product","2":"type-product","3":"status-publish","4":"has-post-thumbnail","6":"product_cat-dinnerware-supplier","7":"product_cat-ceramic-bowl-supplier","9":"first","10":"instock","11":"shipping-taxable","12":"product-type-simple"},"acf":[],"_links":{"self":[{"href":"https:\/\/www.czqunfa.com\/es\/wp-json\/wp\/v2\/product\/1871","targetHints":{"allow":["GET"]}}],"collection":[{"href":"https:\/\/www.czqunfa.com\/es\/wp-json\/wp\/v2\/product"}],"about":[{"href":"https:\/\/www.czqunfa.com\/es\/wp-json\/wp\/v2\/types\/product"}],"replies":[{"embeddable":true,"href":"https:\/\/www.czqunfa.com\/es\/wp-json\/wp\/v2\/comments?post=1871"}],"wp:featuredmedia":[{"embeddable":true,"href":"https:\/\/www.czqunfa.com\/es\/wp-json\/wp\/v2\/media\/1876"}],"wp:attachment":[{"href":"https:\/\/www.czqunfa.com\/es\/wp-json\/wp\/v2\/media?parent=1871"}],"wp:term":[{"taxonomy":"product_brand","embeddable":true,"href":"https:\/\/www.czqunfa.com\/es\/wp-json\/wp\/v2\/product_brand?post=1871"},{"taxonomy":"product_cat","embeddable":true,"href":"https:\/\/www.czqunfa.com\/es\/wp-json\/wp\/v2\/product_cat?post=1871"},{"taxonomy":"product_tag","embeddable":true,"href":"https:\/\/www.czqunfa.com\/es\/wp-json\/wp\/v2\/product_tag?post=1871"}],"curies":[{"name":"wp","href":"https:\/\/api.w.org\/{rel}","templated":true}]}}