{"id":1843,"date":"2026-02-09T11:13:00","date_gmt":"2026-02-09T11:13:00","guid":{"rendered":"https:\/\/www.czqunfa.com\/?post_type=product&#038;p=1843"},"modified":"2026-02-09T11:13:02","modified_gmt":"2026-02-09T11:13:02","slug":"wholesale-kitchen-canisters","status":"publish","type":"product","link":"https:\/\/www.czqunfa.com\/es\/producto\/wholesale-kitchen-canisters\/","title":{"rendered":"Mayorista Botes de Cocina, Tarros de Cer\u00e1mica a Granel para Conservar Alimentos"},"content":{"rendered":"<div class=\"wp-block-columns is-layout-flex wp-container-core-columns-is-layout-9d6595d7 wp-block-columns-is-layout-flex\">\n<div class=\"wp-block-column is-layout-flow wp-block-column-is-layout-flow\">\n<h2 class=\"wp-block-heading\">Caracter\u00edsticas de los botes de cocina al por mayor<\/h2>\n\n\n\n<ul class=\"wp-block-list\">\n<li><strong>Material cer\u00e1mico de calidad alimentaria: <\/strong>Estos botes de cocina al por mayor est\u00e1n fabricados con cer\u00e1mica de alta calidad, sin plomo y no t\u00f3xica. Estos tarros de cer\u00e1mica para almacenar alimentos son seguros para almacenar alimentos secos como caf\u00e9, t\u00e9, az\u00facar, harina, pasta, especias y aperitivos.<\/li>\n\n\n\n<li><strong>Dise\u00f1o de alto valor:<\/strong> Nuestros tarros de cer\u00e1mica con tapa para almacenar alimentos a granel, de delicado color rosa, combinados con la exquisita tapa en relieve con nudo de lazo, crean un fuerte impacto visual en las estanter\u00edas, encajando perfectamente con las tendencias actuales de decoraci\u00f3n \u201cgirly\u201d y \u201cdopamine\u201d para el hogar.<\/li>\n\n\n\n<li><strong>Tapa herm\u00e9tica para conservar la frescura:<\/strong> Estos botes de cocina al por mayor est\u00e1n equipados con una tapa herm\u00e9ticamente cerrada, que puede evitar que los ingredientes sean invadidos por la humedad, el aire y los insectos, y mantener los alimentos frescos durante m\u00e1s tiempo.<\/li>\n\n\n\n<li><strong>F\u00e1cil de limpiar y resistente a los olores:<\/strong> Estos botes de cocina al por mayor presentan un interior esmaltado que es liso, no absorbe olores y se limpia f\u00e1cilmente.<\/li>\n\n\n\n<li>Embalaje seguro a granel para mayoristas: Nuestros tarros de cer\u00e1mica a granel para el almacenamiento de alimentos con tapas embalaje profesional para la exportaci\u00f3n garantiza un transporte seguro para los pedidos a granel, adecuado para los vendedores de comercio electr\u00f3nico, mayoristas e importadores.<\/li>\n\n\n\n<li><strong>Directo de f\u00e1brica y a escala:<\/strong> Estos botes de cocina al por mayor de Qunfa Ceramics, hacemos hincapi\u00e9 en la producci\u00f3n directa de f\u00e1brica, eliminando intermediarios para garantizar precios al por mayor competitivos y plazos de entrega estables, lo que nos hace ideales para proyectos de adquisici\u00f3n a gran escala.<\/li>\n<\/ul>\n<\/div>\n\n\n\n<div class=\"wp-block-column is-layout-flow wp-block-column-is-layout-flow\">\n<figure class=\"wp-block-image size-full\"><img decoding=\"async\" width=\"1000\" height=\"1000\" src=\"https:\/\/www.czqunfa.com\/wp-content\/uploads\/2026\/02\/wholesale-kitchen-canisters-bulk-ceramic-food-storage-jars-5.webp\" alt=\"mayorista-cocina-botes-botellas-ceramica-almacenamiento-alimentos-5\" class=\"wp-image-1848\" srcset=\"https:\/\/www.czqunfa.com\/wp-content\/uploads\/2026\/02\/wholesale-kitchen-canisters-bulk-ceramic-food-storage-jars-5.webp 1000w, https:\/\/www.czqunfa.com\/wp-content\/uploads\/2026\/02\/wholesale-kitchen-canisters-bulk-ceramic-food-storage-jars-5-300x300.webp 300w, https:\/\/www.czqunfa.com\/wp-content\/uploads\/2026\/02\/wholesale-kitchen-canisters-bulk-ceramic-food-storage-jars-5-150x150.webp 150w, https:\/\/www.czqunfa.com\/wp-content\/uploads\/2026\/02\/wholesale-kitchen-canisters-bulk-ceramic-food-storage-jars-5-768x768.webp 768w, https:\/\/www.czqunfa.com\/wp-content\/uploads\/2026\/02\/wholesale-kitchen-canisters-bulk-ceramic-food-storage-jars-5-12x12.webp 12w, https:\/\/www.czqunfa.com\/wp-content\/uploads\/2026\/02\/wholesale-kitchen-canisters-bulk-ceramic-food-storage-jars-5-600x600.webp 600w, https:\/\/www.czqunfa.com\/wp-content\/uploads\/2026\/02\/wholesale-kitchen-canisters-bulk-ceramic-food-storage-jars-5-100x100.webp 100w\" sizes=\"(max-width: 1000px) 100vw, 1000px\" \/><\/figure>\n<\/div>\n<\/div>\n\n\n\n<figure class=\"wp-block-gallery has-nested-images columns-default is-cropped wp-block-gallery-1 is-layout-flex wp-block-gallery-is-layout-flex\">\n<figure class=\"wp-block-image size-full\"><img decoding=\"async\" width=\"1000\" height=\"1000\" data-id=\"1847\" src=\"https:\/\/www.czqunfa.com\/wp-content\/uploads\/2026\/02\/wholesale-kitchen-canisters-bulk-ceramic-food-storage-jars-4.webp\" alt=\"mayorista-cocina-botes-botellas-ceramica-para-almacenamiento-de-alimentos-4\" class=\"wp-image-1847\" srcset=\"https:\/\/www.czqunfa.com\/wp-content\/uploads\/2026\/02\/wholesale-kitchen-canisters-bulk-ceramic-food-storage-jars-4.webp 1000w, https:\/\/www.czqunfa.com\/wp-content\/uploads\/2026\/02\/wholesale-kitchen-canisters-bulk-ceramic-food-storage-jars-4-300x300.webp 300w, https:\/\/www.czqunfa.com\/wp-content\/uploads\/2026\/02\/wholesale-kitchen-canisters-bulk-ceramic-food-storage-jars-4-150x150.webp 150w, https:\/\/www.czqunfa.com\/wp-content\/uploads\/2026\/02\/wholesale-kitchen-canisters-bulk-ceramic-food-storage-jars-4-768x768.webp 768w, https:\/\/www.czqunfa.com\/wp-content\/uploads\/2026\/02\/wholesale-kitchen-canisters-bulk-ceramic-food-storage-jars-4-12x12.webp 12w, https:\/\/www.czqunfa.com\/wp-content\/uploads\/2026\/02\/wholesale-kitchen-canisters-bulk-ceramic-food-storage-jars-4-600x600.webp 600w, https:\/\/www.czqunfa.com\/wp-content\/uploads\/2026\/02\/wholesale-kitchen-canisters-bulk-ceramic-food-storage-jars-4-100x100.webp 100w\" sizes=\"(max-width: 1000px) 100vw, 1000px\" \/><\/figure>\n\n\n\n<figure class=\"wp-block-image size-full\"><img decoding=\"async\" width=\"1000\" height=\"1000\" data-id=\"1845\" src=\"https:\/\/www.czqunfa.com\/wp-content\/uploads\/2026\/02\/wholesale-kitchen-canisters-bulk-ceramic-food-storage-jars-2.webp\" alt=\"venta al por mayor-cocina-botes-botellas-ceramica-para-almacenar-alimentos-2\" class=\"wp-image-1845\" srcset=\"https:\/\/www.czqunfa.com\/wp-content\/uploads\/2026\/02\/wholesale-kitchen-canisters-bulk-ceramic-food-storage-jars-2.webp 1000w, https:\/\/www.czqunfa.com\/wp-content\/uploads\/2026\/02\/wholesale-kitchen-canisters-bulk-ceramic-food-storage-jars-2-300x300.webp 300w, https:\/\/www.czqunfa.com\/wp-content\/uploads\/2026\/02\/wholesale-kitchen-canisters-bulk-ceramic-food-storage-jars-2-150x150.webp 150w, https:\/\/www.czqunfa.com\/wp-content\/uploads\/2026\/02\/wholesale-kitchen-canisters-bulk-ceramic-food-storage-jars-2-768x768.webp 768w, https:\/\/www.czqunfa.com\/wp-content\/uploads\/2026\/02\/wholesale-kitchen-canisters-bulk-ceramic-food-storage-jars-2-12x12.webp 12w, https:\/\/www.czqunfa.com\/wp-content\/uploads\/2026\/02\/wholesale-kitchen-canisters-bulk-ceramic-food-storage-jars-2-600x600.webp 600w, https:\/\/www.czqunfa.com\/wp-content\/uploads\/2026\/02\/wholesale-kitchen-canisters-bulk-ceramic-food-storage-jars-2-100x100.webp 100w\" sizes=\"(max-width: 1000px) 100vw, 1000px\" \/><\/figure>\n<\/figure>\n\n\n\n<p><\/p>","protected":false},"excerpt":{"rendered":"<p>Bienvenido a comprar nuestros botes de cocina al por mayor con impresi\u00f3n personalizada, que son soluciones de cer\u00e1mica ideales para almacenar alimentos como caf\u00e9, t\u00e9, az\u00facar e ingredientes secos. Fabricados en cer\u00e1mica de calidad alimentaria y con tapas herm\u00e9ticas, estos tarros de cer\u00e1mica a granel mantienen el contenido fresco y mejoran la organizaci\u00f3n de la cocina. Admiten personalizaci\u00f3n OEM\/ODM, lo que los hace perfectos para minoristas, marcas de utensilios de cocina, supermercados y proyectos de regalos promocionales.<\/p>\n<h2>Venta al por mayor de botes de cocina Par\u00e1metros<\/h2>\n<table width=\"328\">\n<tbody>\n<tr>\n<td width=\"116\">Fabricante<\/td>\n<td width=\"211\">QUNFA<\/td>\n<\/tr>\n<tr>\n<td width=\"116\">Tipo de producto<\/td>\n<td>Tarro de almacenamiento<\/td>\n<\/tr>\n<tr>\n<td width=\"116\">N.\u00ba de modelo.<\/td>\n<td>T25-0013\u00a0<\/td>\n<\/tr>\n<tr>\n<td width=\"116\">Material<\/td>\n<td width=\"211\">Gres<\/td>\n<\/tr>\n<tr>\n<td width=\"116\">Color<\/td>\n<td width=\"211\">Rosa<\/td>\n<\/tr>\n<tr>\n<td width=\"116\">Dimensi\u00f3n<\/td>\n<td width=\"211\">\u00a0Tarro:15\u00d715\u00d716,7cm<br \/>\u00a0Tapa:10.3\u00d710.3\u00d77cm<\/td>\n<\/tr>\n<tr>\n<td width=\"116\">Cantidad m\u00ednima de pedido<\/td>\n<td width=\"211\">1000 unidades<\/td>\n<\/tr>\n<tr>\n<td width=\"116\">Personalizado<\/td>\n<td width=\"211\">Color\/Tama\u00f1o\/Logotipo\/Embalaje\/Forma<\/td>\n<\/tr>\n<\/tbody>\n<\/table>","protected":false},"featured_media":1846,"comment_status":"closed","ping_status":"closed","template":"","meta":{"_acf_changed":false},"product_brand":[],"product_cat":[17,47],"product_tag":[],"class_list":{"0":"post-1843","1":"product","2":"type-product","3":"status-publish","4":"has-post-thumbnail","6":"product_cat-home-garden-decor-wholesale","7":"product_cat-canister-supplier","9":"first","10":"instock","11":"shipping-taxable","12":"product-type-simple"},"acf":[],"_links":{"self":[{"href":"https:\/\/www.czqunfa.com\/es\/wp-json\/wp\/v2\/product\/1843","targetHints":{"allow":["GET"]}}],"collection":[{"href":"https:\/\/www.czqunfa.com\/es\/wp-json\/wp\/v2\/product"}],"about":[{"href":"https:\/\/www.czqunfa.com\/es\/wp-json\/wp\/v2\/types\/product"}],"replies":[{"embeddable":true,"href":"https:\/\/www.czqunfa.com\/es\/wp-json\/wp\/v2\/comments?post=1843"}],"wp:featuredmedia":[{"embeddable":true,"href":"https:\/\/www.czqunfa.com\/es\/wp-json\/wp\/v2\/media\/1846"}],"wp:attachment":[{"href":"https:\/\/www.czqunfa.com\/es\/wp-json\/wp\/v2\/media?parent=1843"}],"wp:term":[{"taxonomy":"product_brand","embeddable":true,"href":"https:\/\/www.czqunfa.com\/es\/wp-json\/wp\/v2\/product_brand?post=1843"},{"taxonomy":"product_cat","embeddable":true,"href":"https:\/\/www.czqunfa.com\/es\/wp-json\/wp\/v2\/product_cat?post=1843"},{"taxonomy":"product_tag","embeddable":true,"href":"https:\/\/www.czqunfa.com\/es\/wp-json\/wp\/v2\/product_tag?post=1843"}],"curies":[{"name":"wp","href":"https:\/\/api.w.org\/{rel}","templated":true}]}}