{"id":1842,"date":"2026-02-09T10:51:53","date_gmt":"2026-02-09T10:51:53","guid":{"rendered":"https:\/\/www.czqunfa.com\/?post_type=product&#038;p=1842"},"modified":"2026-02-09T10:58:24","modified_gmt":"2026-02-09T10:58:24","slug":"custom-storage-jar","status":"publish","type":"product","link":"https:\/\/www.czqunfa.com\/es\/producto\/custom-storage-jar\/","title":{"rendered":"Tarro de Cer\u00e1mica con Forma de Animal, Mayorista de Tarros de Cer\u00e1mica"},"content":{"rendered":"<div class=\"wp-block-columns is-layout-flex wp-container-core-columns-is-layout-9d6595d7 wp-block-columns-is-layout-flex\">\n<div class=\"wp-block-column is-layout-flow wp-block-column-is-layout-flow\">\n<h2 class=\"wp-block-heading\">Caracter\u00edsticas de Custom Storage Jar<\/h2>\n\n\n\n<ul class=\"wp-block-list\">\n<li><strong>Set de regalo de 3 piezas:<\/strong> Estos tarros de almacenamiento personalizados se venden como un conjunto coordinado de tres tarros de animales, lo que aumenta el valor del producto y lo hace ideal para paquetes de regalo al por menor y promociones de temporada.<\/li>\n\n\n\n<li><strong>M\u00e1xima facilidad de limpieza: <\/strong>Nuestros botes de cer\u00e1mica al por mayor est\u00e1n fabricados con cer\u00e1mica sin plomo y presentan una superficie esmaltada densa y lisa, f\u00e1cil de limpiar y resistente a olores y manchas, que mantiene un aspecto como nuevo durante mucho tiempo.<\/li>\n\n\n\n<li><strong>Dise\u00f1o \u00fanico en forma de animal:<\/strong> Estos tarros de almacenamiento personalizados con un divertido dise\u00f1o en forma de animal aportan un gran impacto visual y valor de venta al por menor. Ideales para envases de regalo, series de decoraci\u00f3n del hogar y l\u00edneas tem\u00e1ticas de velas o alimentos, permiten a las marcas brillar en los estantes de las tiendas.<\/li>\n\n\n\n<li><strong>Aplicaci\u00f3n multifuncional:<\/strong> Estos tarros de almacenamiento personalizados con tapa est\u00e1n dise\u00f1ados para un uso vers\u00e1til, incluido el llenado de velas, almacenamiento de cera, granos de caf\u00e9, t\u00e9, az\u00facar, especias y almacenamiento de aperitivos. Adecuados para marcas de velas, proveedores de alimentos y minoristas de estilo de vida.<\/li>\n\n\n\n<li><strong>Servicio de personalizaci\u00f3n OEM y ODM:<\/strong> Nuestros botes de cer\u00e1mica al por mayor admiten formas, colores, logotipos, calcoman\u00edas y soluciones de envasado personalizados. Ayudamos a las marcas a crear colecciones exclusivas de tarros de cer\u00e1mica de marca propia.<\/li>\n<\/ul>\n<\/div>\n\n\n\n<div class=\"wp-block-column is-layout-flow wp-block-column-is-layout-flow\">\n<figure class=\"wp-block-image size-full\"><img decoding=\"async\" width=\"750\" height=\"750\" src=\"https:\/\/www.czqunfa.com\/wp-content\/uploads\/2026\/02\/wholesale-ceramic-jars-with-lids-set-custom-storage-jar-1.webp\" alt=\"tarro de cer\u00e1mica con forma de animal al por mayor-1\" class=\"wp-image-1830\" srcset=\"https:\/\/www.czqunfa.com\/wp-content\/uploads\/2026\/02\/wholesale-ceramic-jars-with-lids-set-custom-storage-jar-1.webp 750w, https:\/\/www.czqunfa.com\/wp-content\/uploads\/2026\/02\/wholesale-ceramic-jars-with-lids-set-custom-storage-jar-1-300x300.webp 300w, https:\/\/www.czqunfa.com\/wp-content\/uploads\/2026\/02\/wholesale-ceramic-jars-with-lids-set-custom-storage-jar-1-150x150.webp 150w, https:\/\/www.czqunfa.com\/wp-content\/uploads\/2026\/02\/wholesale-ceramic-jars-with-lids-set-custom-storage-jar-1-12x12.webp 12w, https:\/\/www.czqunfa.com\/wp-content\/uploads\/2026\/02\/wholesale-ceramic-jars-with-lids-set-custom-storage-jar-1-600x600.webp 600w, https:\/\/www.czqunfa.com\/wp-content\/uploads\/2026\/02\/wholesale-ceramic-jars-with-lids-set-custom-storage-jar-1-100x100.webp 100w\" sizes=\"(max-width: 750px) 100vw, 750px\" \/><\/figure>\n<\/div>\n<\/div>\n\n\n\n<figure class=\"wp-block-gallery has-nested-images columns-default is-cropped wp-block-gallery-1 is-layout-flex wp-block-gallery-is-layout-flex\">\n<figure class=\"wp-block-image size-full\"><img decoding=\"async\" width=\"750\" height=\"750\" data-id=\"1833\" src=\"https:\/\/www.czqunfa.com\/wp-content\/uploads\/2026\/02\/wholesale-ceramic-jars-with-lids-set-custom-storage-jar-4.webp\" alt=\"mayorista de tarros de cer\u00e1mica con forma de animal 4\" class=\"wp-image-1833\" srcset=\"https:\/\/www.czqunfa.com\/wp-content\/uploads\/2026\/02\/wholesale-ceramic-jars-with-lids-set-custom-storage-jar-4.webp 750w, https:\/\/www.czqunfa.com\/wp-content\/uploads\/2026\/02\/wholesale-ceramic-jars-with-lids-set-custom-storage-jar-4-300x300.webp 300w, https:\/\/www.czqunfa.com\/wp-content\/uploads\/2026\/02\/wholesale-ceramic-jars-with-lids-set-custom-storage-jar-4-150x150.webp 150w, https:\/\/www.czqunfa.com\/wp-content\/uploads\/2026\/02\/wholesale-ceramic-jars-with-lids-set-custom-storage-jar-4-12x12.webp 12w, https:\/\/www.czqunfa.com\/wp-content\/uploads\/2026\/02\/wholesale-ceramic-jars-with-lids-set-custom-storage-jar-4-600x600.webp 600w, https:\/\/www.czqunfa.com\/wp-content\/uploads\/2026\/02\/wholesale-ceramic-jars-with-lids-set-custom-storage-jar-4-100x100.webp 100w\" sizes=\"(max-width: 750px) 100vw, 750px\" \/><\/figure>\n\n\n\n<figure class=\"wp-block-image size-full\"><img decoding=\"async\" width=\"750\" height=\"750\" data-id=\"1832\" src=\"https:\/\/www.czqunfa.com\/wp-content\/uploads\/2026\/02\/wholesale-ceramic-jars-with-lids-set-custom-storage-jar-3.webp\" alt=\"mayorista de tarros de cer\u00e1mica con forma de animal-3\" class=\"wp-image-1832\" srcset=\"https:\/\/www.czqunfa.com\/wp-content\/uploads\/2026\/02\/wholesale-ceramic-jars-with-lids-set-custom-storage-jar-3.webp 750w, https:\/\/www.czqunfa.com\/wp-content\/uploads\/2026\/02\/wholesale-ceramic-jars-with-lids-set-custom-storage-jar-3-300x300.webp 300w, https:\/\/www.czqunfa.com\/wp-content\/uploads\/2026\/02\/wholesale-ceramic-jars-with-lids-set-custom-storage-jar-3-150x150.webp 150w, https:\/\/www.czqunfa.com\/wp-content\/uploads\/2026\/02\/wholesale-ceramic-jars-with-lids-set-custom-storage-jar-3-12x12.webp 12w, https:\/\/www.czqunfa.com\/wp-content\/uploads\/2026\/02\/wholesale-ceramic-jars-with-lids-set-custom-storage-jar-3-600x600.webp 600w, https:\/\/www.czqunfa.com\/wp-content\/uploads\/2026\/02\/wholesale-ceramic-jars-with-lids-set-custom-storage-jar-3-100x100.webp 100w\" sizes=\"(max-width: 750px) 100vw, 750px\" \/><\/figure>\n<\/figure>\n\n\n\n<p><\/p>","protected":false},"excerpt":{"rendered":"<p>Le invitamos a adquirir nuestro juego de 3 tarros personalizados con forma de animal, fabricados en cer\u00e1mica ecol\u00f3gica apta para uso alimentario. Cada tarro cuenta con una tapa herm\u00e9tica, una cocci\u00f3n duradera a altas temperaturas y dise\u00f1os de animales decorativos que aumentan el valor de la exposici\u00f3n minorista. Ofrecemos suministro a granel con personalizaci\u00f3n OEM\/ODM flexible para satisfacer sus necesidades globales de abastecimiento y marca.<\/p>\n<h2>Par\u00e1metro de tarro de almacenamiento personalizado<\/h2>\n<table width=\"328\">\n<tbody>\n<tr>\n<td width=\"116\">Fabricante<\/td>\n<td width=\"211\">QUNFA<\/td>\n<\/tr>\n<tr>\n<td width=\"116\">Tipo de producto<\/td>\n<td>Tarro de almacenamiento<\/td>\n<\/tr>\n<tr>\n<td width=\"116\">N.\u00ba de modelo.<\/td>\n<td>\u00a0QFS17-284W-1<\/td>\n<\/tr>\n<tr>\n<td width=\"116\">Material<\/td>\n<td width=\"211\">Gres<\/td>\n<\/tr>\n<tr>\n<td width=\"116\">Color<\/td>\n<td width=\"211\">Negro<\/td>\n<\/tr>\n<tr>\n<td width=\"116\">Dimensi\u00f3n<\/td>\n<td width=\"211\">L: Cuerpo 16.5*16.5*16.8cm, Cubierta :13.5*13.5*10.3cm<br \/>M: Cuerpo 15*15*15cm, Cubierta :12.5*12.5*9.5cm<br \/>S: Cuerpo 11*11*13cm, Tapa :9*9*8cm<\/td>\n<\/tr>\n<tr>\n<td width=\"116\">Cantidad m\u00ednima de pedido<\/td>\n<td width=\"211\">1000 unidades<\/td>\n<\/tr>\n<tr>\n<td width=\"116\">Personalizado<\/td>\n<td width=\"211\">Color\/Tama\u00f1o\/Logotipo\/Embalaje\/Forma<\/td>\n<\/tr>\n<\/tbody>\n<\/table>","protected":false},"featured_media":1835,"comment_status":"closed","ping_status":"closed","template":"","meta":{"_acf_changed":false},"product_brand":[],"product_cat":[17,48,47],"product_tag":[],"class_list":{"0":"post-1842","1":"product","2":"type-product","3":"status-publish","4":"has-post-thumbnail","6":"product_cat-home-garden-decor-wholesale","7":"product_cat-wholesale-candle-containers","8":"product_cat-canister-supplier","10":"first","11":"instock","12":"shipping-taxable","13":"product-type-simple"},"acf":[],"_links":{"self":[{"href":"https:\/\/www.czqunfa.com\/es\/wp-json\/wp\/v2\/product\/1842","targetHints":{"allow":["GET"]}}],"collection":[{"href":"https:\/\/www.czqunfa.com\/es\/wp-json\/wp\/v2\/product"}],"about":[{"href":"https:\/\/www.czqunfa.com\/es\/wp-json\/wp\/v2\/types\/product"}],"replies":[{"embeddable":true,"href":"https:\/\/www.czqunfa.com\/es\/wp-json\/wp\/v2\/comments?post=1842"}],"wp:featuredmedia":[{"embeddable":true,"href":"https:\/\/www.czqunfa.com\/es\/wp-json\/wp\/v2\/media\/1835"}],"wp:attachment":[{"href":"https:\/\/www.czqunfa.com\/es\/wp-json\/wp\/v2\/media?parent=1842"}],"wp:term":[{"taxonomy":"product_brand","embeddable":true,"href":"https:\/\/www.czqunfa.com\/es\/wp-json\/wp\/v2\/product_brand?post=1842"},{"taxonomy":"product_cat","embeddable":true,"href":"https:\/\/www.czqunfa.com\/es\/wp-json\/wp\/v2\/product_cat?post=1842"},{"taxonomy":"product_tag","embeddable":true,"href":"https:\/\/www.czqunfa.com\/es\/wp-json\/wp\/v2\/product_tag?post=1842"}],"curies":[{"name":"wp","href":"https:\/\/api.w.org\/{rel}","templated":true}]}}