{"id":1829,"date":"2026-02-09T10:36:03","date_gmt":"2026-02-09T10:36:03","guid":{"rendered":"https:\/\/www.czqunfa.com\/?post_type=product&#038;p=1829"},"modified":"2026-02-09T10:36:05","modified_gmt":"2026-02-09T10:36:05","slug":"wholesale-ceramic-jars-with-lids","status":"publish","type":"product","link":"https:\/\/www.czqunfa.com\/es\/producto\/wholesale-ceramic-jars-with-lids\/","title":{"rendered":"Mayorista Tarros de Cer\u00e1mica con Tapa, Tarro de Almacenaje Personalizado 3 Piezas"},"content":{"rendered":"<div class=\"wp-block-columns is-layout-flex wp-container-core-columns-is-layout-9d6595d7 wp-block-columns-is-layout-flex\">\n<div class=\"wp-block-column is-layout-flow wp-block-column-is-layout-flow\">\n<h2 class=\"wp-block-heading\">Caracter\u00edsticas de los tarros de cer\u00e1mica con tapa al por mayor<\/h2>\n\n\n\n<ul class=\"wp-block-list\">\n<li><strong>Set de regalo de 3 piezas: <\/strong>Estos tarros de cer\u00e1mica con tapa al por mayor se venden como un conjunto coordinado de tres tarros de animales, lo que aumenta el valor del producto y lo hace ideal para paquetes de regalo al por menor y promociones de temporada.<\/li>\n\n\n\n<li><strong>Dise\u00f1o creativo en forma de animal:<\/strong> Estos tarros de cer\u00e1mica al por mayor con tapa est\u00e1n dise\u00f1ados con formas de animales, lo que resulta interesante y simp\u00e1tico; puede aportar diversi\u00f3n a su vida. Ideales para envases de regalo, colecciones de decoraci\u00f3n del hogar o l\u00edneas de alimentaci\u00f3n, ayudan a las marcas a destacar en los estantes de las tiendas.<\/li>\n\n\n\n<li><strong>Uso multifuncional: <\/strong>Estos tarros de cer\u00e1mica con tapa al por mayor pueden utilizarse para m\u00faltiples fines y son adecuados para velas, almacenamiento de cera, caf\u00e9 en grano, t\u00e9, az\u00facar, especias y aperitivos. Ideales para marcas de velas, productores de alimentos y minoristas de estilo de vida.<\/li>\n\n\n\n<li><strong>Material de calidad alimentaria y respetuoso con el medio ambiente:<\/strong> Estos tarros de almacenamiento personalizados est\u00e1n fabricados con cer\u00e1mica de alta calidad, sin plomo y no t\u00f3xica, segura para el contacto directo con alimentos. Una soluci\u00f3n de envasado sostenible y reutilizable en l\u00ednea con las tendencias ecol\u00f3gicas del mercado.<\/li>\n\n\n\n<li><strong>Tapa herm\u00e9tica para mayor frescura:<\/strong> Estos tarros de almacenamiento personalizados vienen con una tapa ajustada que ayuda a preservar el aroma y la frescura a la vez que protege el contenido de la humedad y el polvo, ideal tanto para velas como para almacenar alimentos secos.<\/li>\n\n\n\n<li><strong>Suministro al por mayor a granel:<\/strong> Estos tarros de cer\u00e1mica con tapa al por mayor est\u00e1n disponibles en grandes cantidades para mayoristas, distribuidores y propietarios de marcas. Los precios de f\u00e1brica competitivos ayudan a optimizar los costes de adquisici\u00f3n.<\/li>\n<\/ul>\n<\/div>\n\n\n\n<div class=\"wp-block-column is-layout-flow wp-block-column-is-layout-flow\">\n<figure class=\"wp-block-image size-full\"><img decoding=\"async\" width=\"960\" height=\"960\" src=\"https:\/\/www.czqunfa.com\/wp-content\/uploads\/2026\/02\/wholesale-ceramic-jars-with-lids-set-custom-storage-jar-8.webp\" alt=\"mayorista-tarros-de-ceramica-con-tapa-juego-tarro-de-almacenamiento-personalizado-8\" class=\"wp-image-1837\" srcset=\"https:\/\/www.czqunfa.com\/wp-content\/uploads\/2026\/02\/wholesale-ceramic-jars-with-lids-set-custom-storage-jar-8.webp 960w, https:\/\/www.czqunfa.com\/wp-content\/uploads\/2026\/02\/wholesale-ceramic-jars-with-lids-set-custom-storage-jar-8-300x300.webp 300w, https:\/\/www.czqunfa.com\/wp-content\/uploads\/2026\/02\/wholesale-ceramic-jars-with-lids-set-custom-storage-jar-8-150x150.webp 150w, https:\/\/www.czqunfa.com\/wp-content\/uploads\/2026\/02\/wholesale-ceramic-jars-with-lids-set-custom-storage-jar-8-768x768.webp 768w, https:\/\/www.czqunfa.com\/wp-content\/uploads\/2026\/02\/wholesale-ceramic-jars-with-lids-set-custom-storage-jar-8-12x12.webp 12w, https:\/\/www.czqunfa.com\/wp-content\/uploads\/2026\/02\/wholesale-ceramic-jars-with-lids-set-custom-storage-jar-8-600x600.webp 600w, https:\/\/www.czqunfa.com\/wp-content\/uploads\/2026\/02\/wholesale-ceramic-jars-with-lids-set-custom-storage-jar-8-100x100.webp 100w\" sizes=\"(max-width: 960px) 100vw, 960px\" \/><\/figure>\n<\/div>\n<\/div>\n\n\n\n<figure class=\"wp-block-gallery has-nested-images columns-default is-cropped wp-block-gallery-1 is-layout-flex wp-block-gallery-is-layout-flex\">\n<figure class=\"wp-block-image size-full\"><img decoding=\"async\" width=\"960\" height=\"960\" data-id=\"1838\" src=\"https:\/\/www.czqunfa.com\/wp-content\/uploads\/2026\/02\/wholesale-ceramic-jars-with-lids-set-custom-storage-jar-9.webp\" alt=\"mayorista-tarros-de-ceramica-con-tapa-juego-tarro-de-almacenamiento-personalizado-9\" class=\"wp-image-1838\" srcset=\"https:\/\/www.czqunfa.com\/wp-content\/uploads\/2026\/02\/wholesale-ceramic-jars-with-lids-set-custom-storage-jar-9.webp 960w, https:\/\/www.czqunfa.com\/wp-content\/uploads\/2026\/02\/wholesale-ceramic-jars-with-lids-set-custom-storage-jar-9-300x300.webp 300w, https:\/\/www.czqunfa.com\/wp-content\/uploads\/2026\/02\/wholesale-ceramic-jars-with-lids-set-custom-storage-jar-9-150x150.webp 150w, https:\/\/www.czqunfa.com\/wp-content\/uploads\/2026\/02\/wholesale-ceramic-jars-with-lids-set-custom-storage-jar-9-768x768.webp 768w, https:\/\/www.czqunfa.com\/wp-content\/uploads\/2026\/02\/wholesale-ceramic-jars-with-lids-set-custom-storage-jar-9-12x12.webp 12w, https:\/\/www.czqunfa.com\/wp-content\/uploads\/2026\/02\/wholesale-ceramic-jars-with-lids-set-custom-storage-jar-9-600x600.webp 600w, https:\/\/www.czqunfa.com\/wp-content\/uploads\/2026\/02\/wholesale-ceramic-jars-with-lids-set-custom-storage-jar-9-100x100.webp 100w\" sizes=\"(max-width: 960px) 100vw, 960px\" \/><\/figure>\n\n\n\n<figure class=\"wp-block-image size-full\"><img decoding=\"async\" width=\"960\" height=\"960\" data-id=\"1840\" src=\"https:\/\/www.czqunfa.com\/wp-content\/uploads\/2026\/02\/wholesale-ceramic-jars-with-lids-set-custom-storage-jar-11.webp\" alt=\"mayorista-tarros-de-ceramica-con-tapa-juego-tarro-de-almacenamiento-personalizado-11\" class=\"wp-image-1840\" srcset=\"https:\/\/www.czqunfa.com\/wp-content\/uploads\/2026\/02\/wholesale-ceramic-jars-with-lids-set-custom-storage-jar-11.webp 960w, https:\/\/www.czqunfa.com\/wp-content\/uploads\/2026\/02\/wholesale-ceramic-jars-with-lids-set-custom-storage-jar-11-300x300.webp 300w, https:\/\/www.czqunfa.com\/wp-content\/uploads\/2026\/02\/wholesale-ceramic-jars-with-lids-set-custom-storage-jar-11-150x150.webp 150w, https:\/\/www.czqunfa.com\/wp-content\/uploads\/2026\/02\/wholesale-ceramic-jars-with-lids-set-custom-storage-jar-11-768x768.webp 768w, https:\/\/www.czqunfa.com\/wp-content\/uploads\/2026\/02\/wholesale-ceramic-jars-with-lids-set-custom-storage-jar-11-12x12.webp 12w, https:\/\/www.czqunfa.com\/wp-content\/uploads\/2026\/02\/wholesale-ceramic-jars-with-lids-set-custom-storage-jar-11-600x600.webp 600w, https:\/\/www.czqunfa.com\/wp-content\/uploads\/2026\/02\/wholesale-ceramic-jars-with-lids-set-custom-storage-jar-11-100x100.webp 100w\" sizes=\"(max-width: 960px) 100vw, 960px\" \/><\/figure>\n<\/figure>\n\n\n\n<p><\/p>","protected":false},"excerpt":{"rendered":"<p>Bienvenido a comprar nuestro juego de 3 tarros de cer\u00e1mica al por mayor con forma de animal y tapa, dise\u00f1ado para un uso multifuncional, incluida la fabricaci\u00f3n de velas y el almacenamiento de alimentos. Fabricados en cer\u00e1mica ecol\u00f3gica apta para uso alimentario, estos tarros cuentan con tapas herm\u00e9ticas, cocci\u00f3n duradera a altas temperaturas y un encantador atractivo decorativo que realza el valor de la exposici\u00f3n minorista. Ofrecemos un suministro flexible a granel y servicios de personalizaci\u00f3n OEM\/ODM para satisfacer las necesidades globales de abastecimiento.<\/p>\n<h2>Mayorista Tarros de Cer\u00e1mica con Tapa Par\u00e1metro<\/h2>\n<table width=\"328\">\n<tbody>\n<tr>\n<td width=\"116\">Fabricante<\/td>\n<td width=\"211\">QUNFA<\/td>\n<\/tr>\n<tr>\n<td width=\"116\">Tipo de producto<\/td>\n<td>Tarro de almacenamiento<\/td>\n<\/tr>\n<tr>\n<td width=\"116\">N.\u00ba de modelo.<\/td>\n<td>\u00a0QFS17-284W\u00a0<\/td>\n<\/tr>\n<tr>\n<td width=\"116\">Material<\/td>\n<td width=\"211\">Gres<\/td>\n<\/tr>\n<tr>\n<td width=\"116\">Color<\/td>\n<td width=\"211\">Beige<\/td>\n<\/tr>\n<tr>\n<td width=\"116\">Dimensi\u00f3n<\/td>\n<td width=\"211\">L: Cuerpo 16.5*16.5*16.8cm, Cubierta :13.5*13.5*10.3cm<br \/>M: Cuerpo 15*15*15cm, Cubierta :12.5*12.5*9.5cm<br \/>S: Cuerpo 11*11*13cm, Tapa :9*9*8cm<\/td>\n<\/tr>\n<tr>\n<td width=\"116\">Cantidad m\u00ednima de pedido<\/td>\n<td width=\"211\">1000 unidades<\/td>\n<\/tr>\n<tr>\n<td width=\"116\">Personalizado<\/td>\n<td width=\"211\">Color\/Tama\u00f1o\/Logotipo\/Embalaje\/Forma<\/td>\n<\/tr>\n<\/tbody>\n<\/table>","protected":false},"featured_media":1836,"comment_status":"closed","ping_status":"closed","template":"","meta":{"_acf_changed":false},"product_brand":[],"product_cat":[17,48,47],"product_tag":[],"class_list":{"0":"post-1829","1":"product","2":"type-product","3":"status-publish","4":"has-post-thumbnail","6":"product_cat-home-garden-decor-wholesale","7":"product_cat-wholesale-candle-containers","8":"product_cat-canister-supplier","10":"first","11":"instock","12":"shipping-taxable","13":"product-type-simple"},"acf":[],"_links":{"self":[{"href":"https:\/\/www.czqunfa.com\/es\/wp-json\/wp\/v2\/product\/1829","targetHints":{"allow":["GET"]}}],"collection":[{"href":"https:\/\/www.czqunfa.com\/es\/wp-json\/wp\/v2\/product"}],"about":[{"href":"https:\/\/www.czqunfa.com\/es\/wp-json\/wp\/v2\/types\/product"}],"replies":[{"embeddable":true,"href":"https:\/\/www.czqunfa.com\/es\/wp-json\/wp\/v2\/comments?post=1829"}],"wp:featuredmedia":[{"embeddable":true,"href":"https:\/\/www.czqunfa.com\/es\/wp-json\/wp\/v2\/media\/1836"}],"wp:attachment":[{"href":"https:\/\/www.czqunfa.com\/es\/wp-json\/wp\/v2\/media?parent=1829"}],"wp:term":[{"taxonomy":"product_brand","embeddable":true,"href":"https:\/\/www.czqunfa.com\/es\/wp-json\/wp\/v2\/product_brand?post=1829"},{"taxonomy":"product_cat","embeddable":true,"href":"https:\/\/www.czqunfa.com\/es\/wp-json\/wp\/v2\/product_cat?post=1829"},{"taxonomy":"product_tag","embeddable":true,"href":"https:\/\/www.czqunfa.com\/es\/wp-json\/wp\/v2\/product_tag?post=1829"}],"curies":[{"name":"wp","href":"https:\/\/api.w.org\/{rel}","templated":true}]}}