{"id":1821,"date":"2026-02-09T09:50:06","date_gmt":"2026-02-09T09:50:06","guid":{"rendered":"https:\/\/www.czqunfa.com\/?post_type=product&#038;p=1821"},"modified":"2026-02-09T10:04:33","modified_gmt":"2026-02-09T10:04:33","slug":"wholesale-spice-jars-with-lids","status":"publish","type":"product","link":"https:\/\/www.czqunfa.com\/es\/producto\/wholesale-spice-jars-with-lids\/","title":{"rendered":"Mayorista Tarros de Especias con Tapa, Tarros de Cer\u00e1mica para Condimentos al por Mayor"},"content":{"rendered":"<div class=\"wp-block-columns is-layout-flex wp-container-core-columns-is-layout-9d6595d7 wp-block-columns-is-layout-flex\">\n<div class=\"wp-block-column is-layout-flow wp-block-column-is-layout-flow\">\n<h2 class=\"wp-block-heading\">Caracter\u00edsticas de los tarros de especias con tapa al por mayor<\/h2>\n\n\n\n<ul class=\"wp-block-list\">\n<li><strong>Material de cer\u00e1mica esmaltada de primera calidad:<\/strong> Estos tarros de especias al por mayor con tapa est\u00e1n fabricados en cer\u00e1mica esmaltada de alta calidad. Estos tarros de especias ofrecen una excelente durabilidad, resistencia a la humedad y almacenamiento seguro para los alimentos, ideal para la conservaci\u00f3n de condimentos a largo plazo en entornos comerciales y minoristas.<\/li>\n\n\n\n<li><strong>Dise\u00f1o de tapa herm\u00e9tica para mayor frescura:<\/strong> El tarro de cer\u00e1mica para condimentos a granel viene con una tapa ajustada que ayuda a mantener la sal, la pimienta, el az\u00facar, las hierbas y las especias secas y libres de contaminaci\u00f3n, favoreciendo las operaciones higi\u00e9nicas en la cocina.<\/li>\n\n\n\n<li><strong>Almacenamiento vers\u00e1til y organizaci\u00f3n del espacio: <\/strong>Estos tarros de especias al por mayor con tapa est\u00e1n hechos para la cocina contempor\u00e1nea. Es ideal para guardar condimentos (sal, az\u00facar, pimienta). Su bonito dise\u00f1o tambi\u00e9n lo convierte en un art\u00edculo decorativo para el hogar; es un art\u00edculo imprescindible para decorar su cocina.<\/li>\n\n\n\n<li><strong>Elegante atractivo decorativo:<\/strong> Los tarros de cer\u00e1mica para condimentos a granel con un suave acabado esmaltado, combinados con formas modernas o cl\u00e1sicas, hacen de los tarros herramientas funcionales de almacenamiento y atractivas piezas de decoraci\u00f3n para encimeras o mesas de comedor.<\/li>\n\n\n\n<li><strong>Suministro a granel para compradores B2B:<\/strong> Estos tarros de especias con tapa al por mayor tienen una capacidad de producci\u00f3n en masa estable, lo que garantiza una calidad constante, precios al por mayor competitivos y una entrega de exportaci\u00f3n mundial fiable.<\/li>\n<\/ul>\n<\/div>\n\n\n\n<div class=\"wp-block-column is-layout-flow wp-block-column-is-layout-flow\">\n<figure class=\"wp-block-image size-full\"><img decoding=\"async\" width=\"1024\" height=\"1024\" src=\"https:\/\/www.czqunfa.com\/wp-content\/uploads\/2026\/02\/wholesale-spice-jars-with-lids-ceramic-seasoning-jar-bulk-2.webp\" alt=\"venta al por mayor de tarros de especias con tapa - tarros de cer\u00e1mica para aderezo - tarro - bulto 2\" class=\"wp-image-1823\" srcset=\"https:\/\/www.czqunfa.com\/wp-content\/uploads\/2026\/02\/wholesale-spice-jars-with-lids-ceramic-seasoning-jar-bulk-2.webp 1024w, https:\/\/www.czqunfa.com\/wp-content\/uploads\/2026\/02\/wholesale-spice-jars-with-lids-ceramic-seasoning-jar-bulk-2-300x300.webp 300w, https:\/\/www.czqunfa.com\/wp-content\/uploads\/2026\/02\/wholesale-spice-jars-with-lids-ceramic-seasoning-jar-bulk-2-150x150.webp 150w, https:\/\/www.czqunfa.com\/wp-content\/uploads\/2026\/02\/wholesale-spice-jars-with-lids-ceramic-seasoning-jar-bulk-2-768x768.webp 768w, https:\/\/www.czqunfa.com\/wp-content\/uploads\/2026\/02\/wholesale-spice-jars-with-lids-ceramic-seasoning-jar-bulk-2-12x12.webp 12w, https:\/\/www.czqunfa.com\/wp-content\/uploads\/2026\/02\/wholesale-spice-jars-with-lids-ceramic-seasoning-jar-bulk-2-600x600.webp 600w, https:\/\/www.czqunfa.com\/wp-content\/uploads\/2026\/02\/wholesale-spice-jars-with-lids-ceramic-seasoning-jar-bulk-2-100x100.webp 100w\" sizes=\"(max-width: 1024px) 100vw, 1024px\" \/><\/figure>\n<\/div>\n<\/div>\n\n\n\n<figure class=\"wp-block-gallery has-nested-images columns-default is-cropped wp-block-gallery-1 is-layout-flex wp-block-gallery-is-layout-flex\">\n<figure class=\"wp-block-image size-full\"><img decoding=\"async\" width=\"1000\" height=\"1000\" data-id=\"1826\" src=\"https:\/\/www.czqunfa.com\/wp-content\/uploads\/2026\/02\/wholesale-spice-jars-with-lids-ceramic-seasoning-jar-bulk-5.webp\" alt=\"venta al por mayor - tarros de especias con tapa - tarros de cer\u00e1mica para condimentos - tarros - granel 5\" class=\"wp-image-1826\" srcset=\"https:\/\/www.czqunfa.com\/wp-content\/uploads\/2026\/02\/wholesale-spice-jars-with-lids-ceramic-seasoning-jar-bulk-5.webp 1000w, https:\/\/www.czqunfa.com\/wp-content\/uploads\/2026\/02\/wholesale-spice-jars-with-lids-ceramic-seasoning-jar-bulk-5-300x300.webp 300w, https:\/\/www.czqunfa.com\/wp-content\/uploads\/2026\/02\/wholesale-spice-jars-with-lids-ceramic-seasoning-jar-bulk-5-150x150.webp 150w, https:\/\/www.czqunfa.com\/wp-content\/uploads\/2026\/02\/wholesale-spice-jars-with-lids-ceramic-seasoning-jar-bulk-5-768x768.webp 768w, https:\/\/www.czqunfa.com\/wp-content\/uploads\/2026\/02\/wholesale-spice-jars-with-lids-ceramic-seasoning-jar-bulk-5-12x12.webp 12w, https:\/\/www.czqunfa.com\/wp-content\/uploads\/2026\/02\/wholesale-spice-jars-with-lids-ceramic-seasoning-jar-bulk-5-600x600.webp 600w, https:\/\/www.czqunfa.com\/wp-content\/uploads\/2026\/02\/wholesale-spice-jars-with-lids-ceramic-seasoning-jar-bulk-5-100x100.webp 100w\" sizes=\"(max-width: 1000px) 100vw, 1000px\" \/><\/figure>\n\n\n\n<figure class=\"wp-block-image size-full\"><img decoding=\"async\" width=\"1000\" height=\"1000\" data-id=\"1827\" src=\"https:\/\/www.czqunfa.com\/wp-content\/uploads\/2026\/02\/wholesale-spice-jars-with-lids-ceramic-seasoning-jar-bulk-6.webp\" alt=\"venta al por mayor de tarros de especias con tapa - tarros de cer\u00e1mica para condimentar - tarros - granel 6\" class=\"wp-image-1827\" srcset=\"https:\/\/www.czqunfa.com\/wp-content\/uploads\/2026\/02\/wholesale-spice-jars-with-lids-ceramic-seasoning-jar-bulk-6.webp 1000w, https:\/\/www.czqunfa.com\/wp-content\/uploads\/2026\/02\/wholesale-spice-jars-with-lids-ceramic-seasoning-jar-bulk-6-300x300.webp 300w, https:\/\/www.czqunfa.com\/wp-content\/uploads\/2026\/02\/wholesale-spice-jars-with-lids-ceramic-seasoning-jar-bulk-6-150x150.webp 150w, https:\/\/www.czqunfa.com\/wp-content\/uploads\/2026\/02\/wholesale-spice-jars-with-lids-ceramic-seasoning-jar-bulk-6-768x768.webp 768w, https:\/\/www.czqunfa.com\/wp-content\/uploads\/2026\/02\/wholesale-spice-jars-with-lids-ceramic-seasoning-jar-bulk-6-12x12.webp 12w, https:\/\/www.czqunfa.com\/wp-content\/uploads\/2026\/02\/wholesale-spice-jars-with-lids-ceramic-seasoning-jar-bulk-6-600x600.webp 600w, https:\/\/www.czqunfa.com\/wp-content\/uploads\/2026\/02\/wholesale-spice-jars-with-lids-ceramic-seasoning-jar-bulk-6-100x100.webp 100w\" sizes=\"(max-width: 1000px) 100vw, 1000px\" \/><\/figure>\n<\/figure>\n\n\n\n<p><\/p>","protected":false},"excerpt":{"rendered":"<p>Bienvenido a comprar estos tarros de especias al por mayor con tapa que son duraderos, seguros para los alimentos, y soluciones de almacenamiento de condimentos dise\u00f1ados para compradores al por mayor. Ideales para almacenar sal, pimienta, az\u00facar y especias, estos tarros de cer\u00e1mica para condimentos cuentan con cierre herm\u00e9tico, dise\u00f1os personalizables y acabados decorativos, perfectos para la organizaci\u00f3n de la cocina, la hosteler\u00eda y las colecciones de decoraci\u00f3n del hogar de marca propia.<\/p>\n<h2>Mayorista Tarros de especias con tapa Par\u00e1metros<\/h2>\n<table border=\"0\" width=\"328\" cellspacing=\"0\" cellpadding=\"0\">\n<tbody>\n<tr>\n<td width=\"116\" height=\"17\">Fabricante<\/td>\n<td width=\"211\">QUNFA<\/td>\n<\/tr>\n<tr>\n<td width=\"116\" height=\"17\">Tipo de producto<\/td>\n<td>Agitador S&amp;P, tarro de almacenamiento<\/td>\n<\/tr>\n<tr>\n<td width=\"116\" height=\"17\">N.\u00ba de modelo.<\/td>\n<td>T24-0332<\/td>\n<\/tr>\n<tr>\n<td width=\"116\" height=\"17\">Material<\/td>\n<td width=\"211\">Gres<\/td>\n<\/tr>\n<tr>\n<td width=\"116\" height=\"17\">Color<\/td>\n<td width=\"211\">Beige<\/td>\n<\/tr>\n<tr>\n<td width=\"116\" height=\"16\">Patr\u00f3n<\/td>\n<td width=\"211\">Mariposa<\/td>\n<\/tr>\n<tr>\n<td width=\"116\" height=\"31\">Dimensi\u00f3n<\/td>\n<td width=\"211\">Cuerpo:10x10x8,5cm<br \/>tapa:5,5*5,5*4cm<\/td>\n<\/tr>\n<tr>\n<td width=\"116\" height=\"17\">Cantidad m\u00ednima de pedido<\/td>\n<td width=\"211\">1000 unidades<\/td>\n<\/tr>\n<tr>\n<td width=\"116\" height=\"17\">Personalizado<\/td>\n<td width=\"211\">Color\/Tama\u00f1o\/Logotipo\/Embalaje\/Forma<\/td>\n<\/tr>\n<\/tbody>\n<\/table>","protected":false},"featured_media":1822,"comment_status":"closed","ping_status":"closed","template":"","meta":{"_acf_changed":false},"product_brand":[],"product_cat":[37,17,19,47],"product_tag":[],"class_list":{"0":"post-1821","1":"product","2":"type-product","3":"status-publish","4":"has-post-thumbnail","6":"product_cat-seasoning-shakers-wholesale","7":"product_cat-home-garden-decor-wholesale","8":"product_cat-wholesale-serveware","9":"product_cat-canister-supplier","11":"first","12":"instock","13":"shipping-taxable","14":"product-type-simple"},"acf":[],"_links":{"self":[{"href":"https:\/\/www.czqunfa.com\/es\/wp-json\/wp\/v2\/product\/1821","targetHints":{"allow":["GET"]}}],"collection":[{"href":"https:\/\/www.czqunfa.com\/es\/wp-json\/wp\/v2\/product"}],"about":[{"href":"https:\/\/www.czqunfa.com\/es\/wp-json\/wp\/v2\/types\/product"}],"replies":[{"embeddable":true,"href":"https:\/\/www.czqunfa.com\/es\/wp-json\/wp\/v2\/comments?post=1821"}],"wp:featuredmedia":[{"embeddable":true,"href":"https:\/\/www.czqunfa.com\/es\/wp-json\/wp\/v2\/media\/1822"}],"wp:attachment":[{"href":"https:\/\/www.czqunfa.com\/es\/wp-json\/wp\/v2\/media?parent=1821"}],"wp:term":[{"taxonomy":"product_brand","embeddable":true,"href":"https:\/\/www.czqunfa.com\/es\/wp-json\/wp\/v2\/product_brand?post=1821"},{"taxonomy":"product_cat","embeddable":true,"href":"https:\/\/www.czqunfa.com\/es\/wp-json\/wp\/v2\/product_cat?post=1821"},{"taxonomy":"product_tag","embeddable":true,"href":"https:\/\/www.czqunfa.com\/es\/wp-json\/wp\/v2\/product_tag?post=1821"}],"curies":[{"name":"wp","href":"https:\/\/api.w.org\/{rel}","templated":true}]}}