{"id":1794,"date":"2026-02-10T06:41:03","date_gmt":"2026-02-10T06:41:03","guid":{"rendered":"https:\/\/www.czqunfa.com\/?post_type=product&#038;p=1794"},"modified":"2026-02-10T06:41:04","modified_gmt":"2026-02-10T06:41:04","slug":"bulk-gravy-boats","status":"publish","type":"product","link":"https:\/\/www.czqunfa.com\/es\/producto\/bulk-gravy-boats\/","title":{"rendered":"Salseras a Granel, Salsera de Cer\u00e1mica Personalizada Pintada a Mano"},"content":{"rendered":"<div class=\"wp-block-columns is-layout-flex wp-container-core-columns-is-layout-9d6595d7 wp-block-columns-is-layout-flex\">\n<div class=\"wp-block-column is-layout-flow wp-block-column-is-layout-flow\">\n<h2 class=\"wp-block-heading\">Caracter\u00edsticas de los Gravy Boats a granel<\/h2>\n\n\n\n<p><strong>Dise\u00f1o de abejas y flores: <\/strong>Estas salseras a granel est\u00e1n adornadas con motivos pintados a mano de abejas, flores rosas y hojas verdes. Los bordes y el asa de color amarillo brillante combinan con la suave cer\u00e1mica blanca general, a\u00f1adiendo un toque de color a la mesa de comedor diaria.<\/p>\n\n\n\n<p><strong>Material cer\u00e1mico duradero y f\u00e1cil de limpiar:<\/strong> Estas salseras a granel est\u00e1n hechas de gres de alta calidad, que es duradero y f\u00e1cil de limpiar. El excelente glaseado se puede utilizar con seguridad para los alimentos, as\u00ed que no dude en utilizarlo.<\/p>\n\n\n\n<p><strong>Vertido suave y sin fugas:<\/strong> El pico de las salseras a granel ha sido cuidadosamente dise\u00f1ado. Al verter la salsa, \u00e9sta fluye suave y ordenadamente, con un cierre limpio y ordenado que no deja goteos ni fugas, manteniendo la mesa de comedor siempre ordenada.<\/p>\n\n\n\n<p><strong>Base ancha con propiedades antideslizantes y antical\u00f3ricas:<\/strong> La base est\u00e1 ensanchada y tratada para conseguir un efecto antideslizante, garantizando un buen aislamiento t\u00e9rmico. Incluso cuando se sujeta salsa picante, puede agarrarse con seguridad sin quemarse ni derramarse.<\/p>\n\n\n\n<p><strong>Escenario de uso: <\/strong>Nuestra salsera de cer\u00e1mica personalizada, para acompa\u00f1ar las tostadas del desayuno, servir con whisky y nata para el t\u00e9 de la tarde, o rociar salsa sobre la carne a la parrilla para una cena familiar, la elegante forma curva y la detallada decoraci\u00f3n de la salsera pueden realzar sutilmente el ambiente de la cena, convirtiendo una comida ordinaria en una experiencia memorable.<\/p>\n<\/div>\n\n\n\n<div class=\"wp-block-column is-layout-flow wp-block-column-is-layout-flow\">\n<figure class=\"wp-block-image size-full is-resized\"><img decoding=\"async\" width=\"1000\" height=\"1000\" src=\"https:\/\/www.czqunfa.com\/wp-content\/uploads\/2026\/02\/bulk-gravy-boats-1.webp\" alt=\"bulk-gravy-boats-pintado-a-mano-barco-de-salsa-de-ceramica-personalizado-1\" class=\"wp-image-1795\" style=\"width:308px;height:auto\" srcset=\"https:\/\/www.czqunfa.com\/wp-content\/uploads\/2026\/02\/bulk-gravy-boats-1.webp 1000w, https:\/\/www.czqunfa.com\/wp-content\/uploads\/2026\/02\/bulk-gravy-boats-1-300x300.webp 300w, https:\/\/www.czqunfa.com\/wp-content\/uploads\/2026\/02\/bulk-gravy-boats-1-150x150.webp 150w, https:\/\/www.czqunfa.com\/wp-content\/uploads\/2026\/02\/bulk-gravy-boats-1-768x768.webp 768w, https:\/\/www.czqunfa.com\/wp-content\/uploads\/2026\/02\/bulk-gravy-boats-1-12x12.webp 12w, https:\/\/www.czqunfa.com\/wp-content\/uploads\/2026\/02\/bulk-gravy-boats-1-600x600.webp 600w, https:\/\/www.czqunfa.com\/wp-content\/uploads\/2026\/02\/bulk-gravy-boats-1-100x100.webp 100w\" sizes=\"(max-width: 1000px) 100vw, 1000px\" \/><\/figure>\n<\/div>\n<\/div>\n\n\n\n<div class=\"wp-block-columns is-layout-flex wp-container-core-columns-is-layout-9d6595d7 wp-block-columns-is-layout-flex\">\n<div class=\"wp-block-column is-layout-flow wp-block-column-is-layout-flow\">\n<figure class=\"wp-block-image size-full\"><img decoding=\"async\" width=\"1000\" height=\"1000\" src=\"https:\/\/www.czqunfa.com\/wp-content\/uploads\/2026\/02\/bulk-gravy-boats-3.webp\" alt=\"salseras a granel-3\" class=\"wp-image-1797\" srcset=\"https:\/\/www.czqunfa.com\/wp-content\/uploads\/2026\/02\/bulk-gravy-boats-3.webp 1000w, https:\/\/www.czqunfa.com\/wp-content\/uploads\/2026\/02\/bulk-gravy-boats-3-300x300.webp 300w, https:\/\/www.czqunfa.com\/wp-content\/uploads\/2026\/02\/bulk-gravy-boats-3-150x150.webp 150w, https:\/\/www.czqunfa.com\/wp-content\/uploads\/2026\/02\/bulk-gravy-boats-3-768x768.webp 768w, https:\/\/www.czqunfa.com\/wp-content\/uploads\/2026\/02\/bulk-gravy-boats-3-12x12.webp 12w, https:\/\/www.czqunfa.com\/wp-content\/uploads\/2026\/02\/bulk-gravy-boats-3-600x600.webp 600w, https:\/\/www.czqunfa.com\/wp-content\/uploads\/2026\/02\/bulk-gravy-boats-3-100x100.webp 100w\" sizes=\"(max-width: 1000px) 100vw, 1000px\" \/><\/figure>\n<\/div>\n\n\n\n<div class=\"wp-block-column is-layout-flow wp-block-column-is-layout-flow\">\n<figure class=\"wp-block-image size-full\"><img decoding=\"async\" width=\"1000\" height=\"1000\" src=\"https:\/\/www.czqunfa.com\/wp-content\/uploads\/2026\/02\/bulk-gravy-boats-4.webp\" alt=\"salseras a granel-4\" class=\"wp-image-1798\" srcset=\"https:\/\/www.czqunfa.com\/wp-content\/uploads\/2026\/02\/bulk-gravy-boats-4.webp 1000w, https:\/\/www.czqunfa.com\/wp-content\/uploads\/2026\/02\/bulk-gravy-boats-4-300x300.webp 300w, https:\/\/www.czqunfa.com\/wp-content\/uploads\/2026\/02\/bulk-gravy-boats-4-150x150.webp 150w, https:\/\/www.czqunfa.com\/wp-content\/uploads\/2026\/02\/bulk-gravy-boats-4-768x768.webp 768w, https:\/\/www.czqunfa.com\/wp-content\/uploads\/2026\/02\/bulk-gravy-boats-4-12x12.webp 12w, https:\/\/www.czqunfa.com\/wp-content\/uploads\/2026\/02\/bulk-gravy-boats-4-600x600.webp 600w, https:\/\/www.czqunfa.com\/wp-content\/uploads\/2026\/02\/bulk-gravy-boats-4-100x100.webp 100w\" sizes=\"(max-width: 1000px) 100vw, 1000px\" \/><\/figure>\n<\/div>\n<\/div>","protected":false},"excerpt":{"rendered":"<p>Le invitamos a comprar nuestras salseras a granel, fabricadas en cer\u00e1mica segura para uso alimentario y dotadas de una estructura resistente al calor y antideslizante, junto con un pico vertedor optimizado. Tambi\u00e9n ofrecemos servicios de personalizaci\u00f3n de lotes y venta al por mayor de salseras para restaurantes y hoteles. Apoyamos la impresi\u00f3n de etiquetas y la personalizaci\u00f3n de colores exclusivos. Esperamos establecer una cooperaci\u00f3n a largo plazo con usted.<\/p>\n<h2>Par\u00e1metros de Gravy Boats a granel<\/h2>\n<table border=\"0\" width=\"505\" cellspacing=\"0\" cellpadding=\"0\">\n<tbody>\n<tr>\n<td width=\"179\" height=\"20\">Fabricante<\/td>\n<td width=\"325\">QUNFA<\/td>\n<\/tr>\n<tr>\n<td width=\"179\" height=\"20\">Tipo de producto<\/td>\n<td width=\"325\">Gravy Boats<\/td>\n<\/tr>\n<tr>\n<td width=\"179\" height=\"20\">N.\u00ba de modelo.<\/td>\n<td width=\"325\">1919-30<\/td>\n<\/tr>\n<tr>\n<td width=\"179\" height=\"20\">Material<\/td>\n<td width=\"325\">Gres<\/td>\n<\/tr>\n<tr>\n<td width=\"179\" height=\"18\">Patr\u00f3n<\/td>\n<td width=\"325\">Abeja<\/td>\n<\/tr>\n<tr>\n<td width=\"179\" height=\"36\">Dimensi\u00f3n<\/td>\n<td width=\"325\">19x11x9,5cm<\/td>\n<\/tr>\n<tr>\n<td width=\"179\" height=\"18\">Peso<\/td>\n<td width=\"325\">400g<\/td>\n<\/tr>\n<tr>\n<td width=\"179\" height=\"18\">Cantidad m\u00ednima de pedido<\/td>\n<td width=\"325\">1000 unidades<\/td>\n<\/tr>\n<tr>\n<td width=\"179\" height=\"18\">Personalizado<\/td>\n<td width=\"325\">Color\/Tama\u00f1o\/Logotipo\/Embalaje\/Forma<\/td>\n<\/tr>\n<\/tbody>\n<\/table>","protected":false},"featured_media":1800,"comment_status":"closed","ping_status":"closed","template":"","meta":{"_acf_changed":false},"product_brand":[],"product_cat":[19,39],"product_tag":[],"class_list":{"0":"post-1794","1":"product","2":"type-product","3":"status-publish","4":"has-post-thumbnail","6":"product_cat-wholesale-serveware","7":"product_cat-gravy-boat-supplier","9":"first","10":"instock","11":"shipping-taxable","12":"product-type-simple"},"acf":[],"_links":{"self":[{"href":"https:\/\/www.czqunfa.com\/es\/wp-json\/wp\/v2\/product\/1794","targetHints":{"allow":["GET"]}}],"collection":[{"href":"https:\/\/www.czqunfa.com\/es\/wp-json\/wp\/v2\/product"}],"about":[{"href":"https:\/\/www.czqunfa.com\/es\/wp-json\/wp\/v2\/types\/product"}],"replies":[{"embeddable":true,"href":"https:\/\/www.czqunfa.com\/es\/wp-json\/wp\/v2\/comments?post=1794"}],"wp:featuredmedia":[{"embeddable":true,"href":"https:\/\/www.czqunfa.com\/es\/wp-json\/wp\/v2\/media\/1800"}],"wp:attachment":[{"href":"https:\/\/www.czqunfa.com\/es\/wp-json\/wp\/v2\/media?parent=1794"}],"wp:term":[{"taxonomy":"product_brand","embeddable":true,"href":"https:\/\/www.czqunfa.com\/es\/wp-json\/wp\/v2\/product_brand?post=1794"},{"taxonomy":"product_cat","embeddable":true,"href":"https:\/\/www.czqunfa.com\/es\/wp-json\/wp\/v2\/product_cat?post=1794"},{"taxonomy":"product_tag","embeddable":true,"href":"https:\/\/www.czqunfa.com\/es\/wp-json\/wp\/v2\/product_tag?post=1794"}],"curies":[{"name":"wp","href":"https:\/\/api.w.org\/{rel}","templated":true}]}}