{"id":1787,"date":"2026-02-10T04:03:09","date_gmt":"2026-02-10T04:03:09","guid":{"rendered":"https:\/\/www.czqunfa.com\/?post_type=product&#038;p=1787"},"modified":"2026-02-10T04:03:13","modified_gmt":"2026-02-10T04:03:13","slug":"wholesale-butter-dish","status":"publish","type":"product","link":"https:\/\/www.czqunfa.com\/es\/producto\/wholesale-butter-dish\/","title":{"rendered":"Mayorista Mantequera, Mantequera de Cer\u00e1mica a Granel Pintada a Mano"},"content":{"rendered":"<div class=\"wp-block-columns is-layout-flex wp-container-core-columns-is-layout-9d6595d7 wp-block-columns-is-layout-flex\">\n<div class=\"wp-block-column is-layout-flow wp-block-column-is-layout-flow\">\n<h2 class=\"wp-block-heading\">Caracter\u00edsticas de la mantequera al por mayor<\/h2>\n\n\n\n<p><strong>Cer\u00e1mica alimentaria:<\/strong> La mantequera al por mayor est\u00e1 fabricada en cer\u00e1mica de alta calidad y presenta un esmalte suave y transparente. No contiene plomo ni es t\u00f3xica, por lo que es ideal para conservar la mantequilla de forma segura. El esmalte es brillante y f\u00e1cil de limpiar. Las manchas se eliminan con un simple trapo. Es f\u00e1cil de mantener despu\u00e9s de su uso.<\/p>\n\n\n\n<p><strong>Con dise\u00f1o de tapa:<\/strong> La tapa de la mantequera al por mayor se ajusta herm\u00e9ticamente para evitar la entrada de polvo, y adem\u00e1s preserva la humedad y el sabor de la mantequilla, haciendo que est\u00e9 blanda y no se seque. Es f\u00e1cil de conseguir para el desayuno o el t\u00e9 de la tarde, o para hornear, donde hay que asegurarse de que el sabor no se vea comprometido.<\/p>\n\n\n\n<p><strong>Dise\u00f1o pintado a mano:<\/strong> Con una exquisita artesan\u00eda, la mantequera al por mayor est\u00e1 decorada con flores, abejas y brillantes dibujos amarillos en los bordes, que pueden aportar calidez y sensaciones naturales a su mesa de comedor o cocina.<\/p>\n\n\n\n<p><strong>Dise\u00f1o sencillo que ahorra espacio: <\/strong>La forma rectangular de la bandeja para mantequilla a medida puede colocarse f\u00e1cilmente en la encimera de la cocina, la mesa del comedor o el armario. Capacidad media para un bloque est\u00e1ndar de mantequilla, ligera y f\u00e1cil de transportar. Tambi\u00e9n funciona en espacios de cocina peque\u00f1os.<\/p>\n\n\n\n<p><strong>Gran capacidad y tama\u00f1o pr\u00e1ctico:<\/strong> Dise\u00f1ado para alojar barras o bloques de mantequilla est\u00e1ndar, adecuado para restaurantes, panader\u00edas, hoteles y uso dom\u00e9stico.<\/p>\n<\/div>\n\n\n\n<div class=\"wp-block-column is-layout-flow wp-block-column-is-layout-flow\">\n<figure class=\"wp-block-image size-full is-resized\"><img decoding=\"async\" width=\"1000\" height=\"1000\" src=\"https:\/\/www.czqunfa.com\/wp-content\/uploads\/2026\/02\/wholesale-butter-dish-1.webp\" alt=\"mayorista-mantequera-batea-mantequera-ceramica-pintada-a-mano-1\" class=\"wp-image-1788\" style=\"width:308px;height:auto\" srcset=\"https:\/\/www.czqunfa.com\/wp-content\/uploads\/2026\/02\/wholesale-butter-dish-1.webp 1000w, https:\/\/www.czqunfa.com\/wp-content\/uploads\/2026\/02\/wholesale-butter-dish-1-300x300.webp 300w, https:\/\/www.czqunfa.com\/wp-content\/uploads\/2026\/02\/wholesale-butter-dish-1-150x150.webp 150w, https:\/\/www.czqunfa.com\/wp-content\/uploads\/2026\/02\/wholesale-butter-dish-1-768x768.webp 768w, https:\/\/www.czqunfa.com\/wp-content\/uploads\/2026\/02\/wholesale-butter-dish-1-12x12.webp 12w, https:\/\/www.czqunfa.com\/wp-content\/uploads\/2026\/02\/wholesale-butter-dish-1-600x600.webp 600w, https:\/\/www.czqunfa.com\/wp-content\/uploads\/2026\/02\/wholesale-butter-dish-1-100x100.webp 100w\" sizes=\"(max-width: 1000px) 100vw, 1000px\" \/><\/figure>\n<\/div>\n<\/div>\n\n\n\n<div class=\"wp-block-columns is-layout-flex wp-container-core-columns-is-layout-9d6595d7 wp-block-columns-is-layout-flex\">\n<div class=\"wp-block-column is-layout-flow wp-block-column-is-layout-flow\">\n<figure class=\"wp-block-image size-full\"><img decoding=\"async\" width=\"1000\" height=\"1000\" src=\"https:\/\/www.czqunfa.com\/wp-content\/uploads\/2026\/02\/wholesale-butter-dish-5.webp\" alt=\"mayorista mantequera-5\" class=\"wp-image-1792\" srcset=\"https:\/\/www.czqunfa.com\/wp-content\/uploads\/2026\/02\/wholesale-butter-dish-5.webp 1000w, https:\/\/www.czqunfa.com\/wp-content\/uploads\/2026\/02\/wholesale-butter-dish-5-300x300.webp 300w, https:\/\/www.czqunfa.com\/wp-content\/uploads\/2026\/02\/wholesale-butter-dish-5-150x150.webp 150w, https:\/\/www.czqunfa.com\/wp-content\/uploads\/2026\/02\/wholesale-butter-dish-5-768x768.webp 768w, https:\/\/www.czqunfa.com\/wp-content\/uploads\/2026\/02\/wholesale-butter-dish-5-12x12.webp 12w, https:\/\/www.czqunfa.com\/wp-content\/uploads\/2026\/02\/wholesale-butter-dish-5-600x600.webp 600w, https:\/\/www.czqunfa.com\/wp-content\/uploads\/2026\/02\/wholesale-butter-dish-5-100x100.webp 100w\" sizes=\"(max-width: 1000px) 100vw, 1000px\" \/><\/figure>\n<\/div>\n\n\n\n<div class=\"wp-block-column is-layout-flow wp-block-column-is-layout-flow\">\n<figure class=\"wp-block-image size-full\"><img decoding=\"async\" width=\"1000\" height=\"1000\" src=\"https:\/\/www.czqunfa.com\/wp-content\/uploads\/2026\/02\/wholesale-butter-dish-6.webp\" alt=\"mayorista mantequera-6\" class=\"wp-image-1793\" srcset=\"https:\/\/www.czqunfa.com\/wp-content\/uploads\/2026\/02\/wholesale-butter-dish-6.webp 1000w, https:\/\/www.czqunfa.com\/wp-content\/uploads\/2026\/02\/wholesale-butter-dish-6-300x300.webp 300w, https:\/\/www.czqunfa.com\/wp-content\/uploads\/2026\/02\/wholesale-butter-dish-6-150x150.webp 150w, https:\/\/www.czqunfa.com\/wp-content\/uploads\/2026\/02\/wholesale-butter-dish-6-768x768.webp 768w, https:\/\/www.czqunfa.com\/wp-content\/uploads\/2026\/02\/wholesale-butter-dish-6-12x12.webp 12w, https:\/\/www.czqunfa.com\/wp-content\/uploads\/2026\/02\/wholesale-butter-dish-6-600x600.webp 600w, https:\/\/www.czqunfa.com\/wp-content\/uploads\/2026\/02\/wholesale-butter-dish-6-100x100.webp 100w\" sizes=\"(max-width: 1000px) 100vw, 1000px\" \/><\/figure>\n<\/div>\n<\/div>","protected":false},"excerpt":{"rendered":"<p>Le invitamos a adquirir nuestras mantequeras al por mayor, fabricadas en gres de alta calidad y con un bonito dise\u00f1o de abejas pintado a mano. El esmalte utilizado es apto para uso alimentario y seguro. El dise\u00f1o rectangular es sencillo y elegante. La tapa curvada bien ajustada impide eficazmente la entrada de polvo, retiene la humedad y el sabor de la mantequilla, Ideal para minoristas, marcas de utensilios de cocina, restaurantes y mayoristas de regalos. Garantiza que la exquisitez permanezca intacta.<\/p>\n<h2>Par\u00e1metros al por mayor de mantequeras<\/h2>\n<table border=\"0\" width=\"505\" cellspacing=\"0\" cellpadding=\"0\">\n<tbody>\n<tr>\n<td width=\"179\" height=\"20\">Fabricante<\/td>\n<td width=\"325\">QUNFA<\/td>\n<\/tr>\n<tr>\n<td width=\"179\" height=\"20\">Tipo de producto<\/td>\n<td width=\"325\">Mantequera<\/td>\n<\/tr>\n<tr>\n<td width=\"179\" height=\"20\">N.\u00ba de modelo.<\/td>\n<td width=\"325\">T24-0469<\/td>\n<\/tr>\n<tr>\n<td width=\"179\" height=\"20\">Material<\/td>\n<td width=\"325\">Gres<\/td>\n<\/tr>\n<tr>\n<td width=\"179\" height=\"18\">Patr\u00f3n<\/td>\n<td width=\"325\">Abeja<\/td>\n<\/tr>\n<tr>\n<td width=\"179\" height=\"36\">Dimensi\u00f3n<\/td>\n<td width=\"325\">Plato:19.7*11.4*2.5cm<br \/>Tapa:6.3*9.4*8.5cm<\/td>\n<\/tr>\n<tr>\n<td width=\"179\" height=\"18\">Peso<\/td>\n<td width=\"325\">710g<\/td>\n<\/tr>\n<tr>\n<td width=\"179\" height=\"18\">Cantidad m\u00ednima de pedido<\/td>\n<td width=\"325\">1000 unidades<\/td>\n<\/tr>\n<tr>\n<td width=\"179\" height=\"18\">Personalizado<\/td>\n<td width=\"325\">Color\/Tama\u00f1o\/Logotipo\/Embalaje\/Forma<\/td>\n<\/tr>\n<\/tbody>\n<\/table>","protected":false},"featured_media":1788,"comment_status":"closed","ping_status":"closed","template":"","meta":{"_acf_changed":false},"product_brand":[],"product_cat":[19,40],"product_tag":[],"class_list":{"0":"post-1787","1":"product","2":"type-product","3":"status-publish","4":"has-post-thumbnail","6":"product_cat-wholesale-serveware","7":"product_cat-butter-dish-supplier","9":"first","10":"instock","11":"shipping-taxable","12":"product-type-simple"},"acf":[],"_links":{"self":[{"href":"https:\/\/www.czqunfa.com\/es\/wp-json\/wp\/v2\/product\/1787","targetHints":{"allow":["GET"]}}],"collection":[{"href":"https:\/\/www.czqunfa.com\/es\/wp-json\/wp\/v2\/product"}],"about":[{"href":"https:\/\/www.czqunfa.com\/es\/wp-json\/wp\/v2\/types\/product"}],"replies":[{"embeddable":true,"href":"https:\/\/www.czqunfa.com\/es\/wp-json\/wp\/v2\/comments?post=1787"}],"wp:featuredmedia":[{"embeddable":true,"href":"https:\/\/www.czqunfa.com\/es\/wp-json\/wp\/v2\/media\/1788"}],"wp:attachment":[{"href":"https:\/\/www.czqunfa.com\/es\/wp-json\/wp\/v2\/media?parent=1787"}],"wp:term":[{"taxonomy":"product_brand","embeddable":true,"href":"https:\/\/www.czqunfa.com\/es\/wp-json\/wp\/v2\/product_brand?post=1787"},{"taxonomy":"product_cat","embeddable":true,"href":"https:\/\/www.czqunfa.com\/es\/wp-json\/wp\/v2\/product_cat?post=1787"},{"taxonomy":"product_tag","embeddable":true,"href":"https:\/\/www.czqunfa.com\/es\/wp-json\/wp\/v2\/product_tag?post=1787"}],"curies":[{"name":"wp","href":"https:\/\/api.w.org\/{rel}","templated":true}]}}