{"id":1786,"date":"2026-02-09T07:39:01","date_gmt":"2026-02-09T07:39:01","guid":{"rendered":"https:\/\/www.czqunfa.com\/?post_type=product&#038;p=1786"},"modified":"2026-02-09T07:39:03","modified_gmt":"2026-02-09T07:39:03","slug":"bulk-ceramic-mugs","status":"publish","type":"product","link":"https:\/\/www.czqunfa.com\/es\/producto\/bulk-ceramic-mugs\/","title":{"rendered":"Tazas de Cer\u00e1mica a Granel con Cuchara, Taza Conejo en Relieve Pintada a Mano"},"content":{"rendered":"<div class=\"wp-block-columns is-layout-flex wp-container-core-columns-is-layout-9d6595d7 wp-block-columns-is-layout-flex\">\n<div class=\"wp-block-column is-layout-flow wp-block-column-is-layout-flow\">\n<h2 class=\"wp-block-heading\">Caracter\u00edsticas de las tazas de cer\u00e1mica a granel con cuchara<\/h2>\n\n\n\n<ul class=\"wp-block-list\">\n<li><strong>Dise\u00f1o en relieve pintado a mano:<\/strong> Estas tazas de cer\u00e1mica a granel presentan un dise\u00f1o de conejo en relieve tridimensional, combinado con artesan\u00eda pintada a mano, que ofrece una fuerte sensaci\u00f3n de profundidad y un gran reconocimiento. Son especialmente adecuadas para regalos navide\u00f1os, colaboraciones de propiedad intelectual, merchandising de marca y mercados minoristas creativos.<\/li>\n\n\n\n<li><strong>Juego de taza y cuchara Dise\u00f1o:<\/strong> Estas tazas de cer\u00e1mica a granel vienen con una cuchara de cer\u00e1mica a juego, un dise\u00f1o integrado que aumenta el valor del producto y el atractivo como regalo. Adecuadas para diversos usos, como caf\u00e9, leche, cacao caliente y avena, aumentan el atractivo de la venta al por menor.<\/li>\n\n\n\n<li><strong>Extremadamente f\u00e1cil de limpiar, dura como nuevo:<\/strong> Estas tazas de cer\u00e1mica a granel utilizan un esmalte suave, sin plomo y apto para uso alimentario, que las hace f\u00e1ciles de limpiar y resistentes a las manchas. Incluso las zonas en relieve pintadas a mano est\u00e1n cubiertas con un fino esmalte, lo que garantiza que no queden manchas dif\u00edciles de limpiar.<\/li>\n\n\n\n<li><strong>Seguro y duradero: <\/strong>Las tazas de cer\u00e1mica al por mayor son seguras para lavavajillas, microondas y horno, tambi\u00e9n son de grado alimenticio, lo que significa que puede utilizarlo sin preocuparse por la seguridad alimentaria y el servicio post-venta.<\/li>\n\n\n\n<li><strong>Servicios exclusivos de personalizaci\u00f3n B2B:<\/strong> Estas tazas de cer\u00e1mica al por mayor admiten la personalizaci\u00f3n de im\u00e1genes de animales, ajustes de color e impresi\u00f3n del logotipo de la marca. Como f\u00e1brica de origen, Qunfa Ceramics ofrece un amplio soporte de personalizaci\u00f3n, desde el dise\u00f1o hasta el embalaje.<\/li>\n<\/ul>\n<\/div>\n\n\n\n<div class=\"wp-block-column is-layout-flow wp-block-column-is-layout-flow\">\n<figure class=\"wp-block-image size-full\"><img decoding=\"async\" width=\"800\" height=\"800\" src=\"https:\/\/www.czqunfa.com\/wp-content\/uploads\/2026\/02\/bulk-ceramic-mugs-with-spoon-hand-painted-relief-rabbit-mug-1.webp\" alt=\"tazas de cer\u00e1mica a granel con cuchara taza de conejo en relieve pintada a mano-1\" class=\"wp-image-1808\" srcset=\"https:\/\/www.czqunfa.com\/wp-content\/uploads\/2026\/02\/bulk-ceramic-mugs-with-spoon-hand-painted-relief-rabbit-mug-1.webp 800w, https:\/\/www.czqunfa.com\/wp-content\/uploads\/2026\/02\/bulk-ceramic-mugs-with-spoon-hand-painted-relief-rabbit-mug-1-300x300.webp 300w, https:\/\/www.czqunfa.com\/wp-content\/uploads\/2026\/02\/bulk-ceramic-mugs-with-spoon-hand-painted-relief-rabbit-mug-1-150x150.webp 150w, https:\/\/www.czqunfa.com\/wp-content\/uploads\/2026\/02\/bulk-ceramic-mugs-with-spoon-hand-painted-relief-rabbit-mug-1-768x768.webp 768w, https:\/\/www.czqunfa.com\/wp-content\/uploads\/2026\/02\/bulk-ceramic-mugs-with-spoon-hand-painted-relief-rabbit-mug-1-12x12.webp 12w, https:\/\/www.czqunfa.com\/wp-content\/uploads\/2026\/02\/bulk-ceramic-mugs-with-spoon-hand-painted-relief-rabbit-mug-1-600x600.webp 600w, https:\/\/www.czqunfa.com\/wp-content\/uploads\/2026\/02\/bulk-ceramic-mugs-with-spoon-hand-painted-relief-rabbit-mug-1-100x100.webp 100w\" sizes=\"(max-width: 800px) 100vw, 800px\" \/><\/figure>\n<\/div>\n<\/div>\n\n\n\n<figure class=\"wp-block-gallery has-nested-images columns-default is-cropped wp-block-gallery-1 is-layout-flex wp-block-gallery-is-layout-flex\">\n<figure class=\"wp-block-image size-full\"><img decoding=\"async\" width=\"800\" height=\"800\" data-id=\"1809\" src=\"https:\/\/www.czqunfa.com\/wp-content\/uploads\/2026\/02\/bulk-ceramic-mugs-with-spoon-hand-painted-relief-rabbit-mug-2.webp\" alt=\"tazas de cer\u00e1mica a granel con cuchara taza de conejo en relieve pintada a mano 2\" class=\"wp-image-1809\" srcset=\"https:\/\/www.czqunfa.com\/wp-content\/uploads\/2026\/02\/bulk-ceramic-mugs-with-spoon-hand-painted-relief-rabbit-mug-2.webp 800w, https:\/\/www.czqunfa.com\/wp-content\/uploads\/2026\/02\/bulk-ceramic-mugs-with-spoon-hand-painted-relief-rabbit-mug-2-300x300.webp 300w, https:\/\/www.czqunfa.com\/wp-content\/uploads\/2026\/02\/bulk-ceramic-mugs-with-spoon-hand-painted-relief-rabbit-mug-2-150x150.webp 150w, https:\/\/www.czqunfa.com\/wp-content\/uploads\/2026\/02\/bulk-ceramic-mugs-with-spoon-hand-painted-relief-rabbit-mug-2-768x768.webp 768w, https:\/\/www.czqunfa.com\/wp-content\/uploads\/2026\/02\/bulk-ceramic-mugs-with-spoon-hand-painted-relief-rabbit-mug-2-12x12.webp 12w, https:\/\/www.czqunfa.com\/wp-content\/uploads\/2026\/02\/bulk-ceramic-mugs-with-spoon-hand-painted-relief-rabbit-mug-2-600x600.webp 600w, https:\/\/www.czqunfa.com\/wp-content\/uploads\/2026\/02\/bulk-ceramic-mugs-with-spoon-hand-painted-relief-rabbit-mug-2-100x100.webp 100w\" sizes=\"(max-width: 800px) 100vw, 800px\" \/><\/figure>\n\n\n\n<figure class=\"wp-block-image size-full\"><img decoding=\"async\" width=\"800\" height=\"800\" data-id=\"1810\" src=\"https:\/\/www.czqunfa.com\/wp-content\/uploads\/2026\/02\/bulk-ceramic-mugs-with-spoon-hand-painted-relief-rabbit-mug-3.webp\" alt=\"tazas de cer\u00e1mica a granel con cuchara taza de conejo en relieve pintada a mano 3\" class=\"wp-image-1810\" srcset=\"https:\/\/www.czqunfa.com\/wp-content\/uploads\/2026\/02\/bulk-ceramic-mugs-with-spoon-hand-painted-relief-rabbit-mug-3.webp 800w, https:\/\/www.czqunfa.com\/wp-content\/uploads\/2026\/02\/bulk-ceramic-mugs-with-spoon-hand-painted-relief-rabbit-mug-3-300x300.webp 300w, https:\/\/www.czqunfa.com\/wp-content\/uploads\/2026\/02\/bulk-ceramic-mugs-with-spoon-hand-painted-relief-rabbit-mug-3-150x150.webp 150w, https:\/\/www.czqunfa.com\/wp-content\/uploads\/2026\/02\/bulk-ceramic-mugs-with-spoon-hand-painted-relief-rabbit-mug-3-768x768.webp 768w, https:\/\/www.czqunfa.com\/wp-content\/uploads\/2026\/02\/bulk-ceramic-mugs-with-spoon-hand-painted-relief-rabbit-mug-3-12x12.webp 12w, https:\/\/www.czqunfa.com\/wp-content\/uploads\/2026\/02\/bulk-ceramic-mugs-with-spoon-hand-painted-relief-rabbit-mug-3-600x600.webp 600w, https:\/\/www.czqunfa.com\/wp-content\/uploads\/2026\/02\/bulk-ceramic-mugs-with-spoon-hand-painted-relief-rabbit-mug-3-100x100.webp 100w\" sizes=\"(max-width: 800px) 100vw, 800px\" \/><\/figure>\n<\/figure>\n\n\n\n<p><\/p>","protected":false},"excerpt":{"rendered":"<p>Bienvenido a comprar estas tazas de cer\u00e1mica a granel con cucharas, es pintado a mano con un conejo en relieve, hecha de cer\u00e1mica de alta calidad, durable. Ideal para caf\u00e9, leche, y los mercados de regalo. Apoyamos el suministro a granel y personalizaci\u00f3n OEM completo, incluyendo logotipo, color y embalaje, perfecto para marcas, mayoristas y compradores promocionales.<\/p>\n<h2>Par\u00e1metros de las tazas de cer\u00e1mica a granel<\/h2>\n<table border=\"0\" width=\"328\" cellspacing=\"0\" cellpadding=\"0\">\n<tbody>\n<tr>\n<td width=\"116\" height=\"17\">Fabricante<\/td>\n<td width=\"211\">QUNFA<\/td>\n<\/tr>\n<tr>\n<td width=\"116\" height=\"17\">Tipo de producto<\/td>\n<td>Taza y jarra<\/td>\n<\/tr>\n<tr>\n<td width=\"116\" height=\"17\">N.\u00ba de modelo.<\/td>\n<td>T23-0258<\/td>\n<\/tr>\n<tr>\n<td width=\"116\" height=\"17\">Material<\/td>\n<td width=\"211\">Gres<\/td>\n<\/tr>\n<tr>\n<td width=\"116\" height=\"17\">Color<\/td>\n<td width=\"211\">Azul, Rosa<\/td>\n<\/tr>\n<tr>\n<td width=\"116\" height=\"16\">Patr\u00f3n<\/td>\n<td width=\"211\">Conejo<\/td>\n<\/tr>\n<tr>\n<td width=\"116\" height=\"31\">Dimensi\u00f3n<\/td>\n<td width=\"211\">Taza: 13.5*11*9.3cm<br \/>Cuchara: 15,5 cm<\/td>\n<\/tr>\n<tr>\n<td width=\"116\" height=\"17\">Cantidad m\u00ednima de pedido<\/td>\n<td width=\"211\">1000 unidades<\/td>\n<\/tr>\n<tr>\n<td width=\"116\" height=\"17\">Personalizado<\/td>\n<td width=\"211\">Color\/Tama\u00f1o\/Logotipo\/Embalaje\/Forma<\/td>\n<\/tr>\n<\/tbody>\n<\/table>","protected":false},"featured_media":1813,"comment_status":"closed","ping_status":"closed","template":"","meta":{"_acf_changed":false},"product_brand":[],"product_cat":[18,44],"product_tag":[],"class_list":{"0":"post-1786","1":"product","2":"type-product","3":"status-publish","4":"has-post-thumbnail","6":"product_cat-drinkware-supplier","7":"product_cat-wholesale-cups-and-mugs","9":"first","10":"instock","11":"shipping-taxable","12":"product-type-simple"},"acf":[],"_links":{"self":[{"href":"https:\/\/www.czqunfa.com\/es\/wp-json\/wp\/v2\/product\/1786","targetHints":{"allow":["GET"]}}],"collection":[{"href":"https:\/\/www.czqunfa.com\/es\/wp-json\/wp\/v2\/product"}],"about":[{"href":"https:\/\/www.czqunfa.com\/es\/wp-json\/wp\/v2\/types\/product"}],"replies":[{"embeddable":true,"href":"https:\/\/www.czqunfa.com\/es\/wp-json\/wp\/v2\/comments?post=1786"}],"wp:featuredmedia":[{"embeddable":true,"href":"https:\/\/www.czqunfa.com\/es\/wp-json\/wp\/v2\/media\/1813"}],"wp:attachment":[{"href":"https:\/\/www.czqunfa.com\/es\/wp-json\/wp\/v2\/media?parent=1786"}],"wp:term":[{"taxonomy":"product_brand","embeddable":true,"href":"https:\/\/www.czqunfa.com\/es\/wp-json\/wp\/v2\/product_brand?post=1786"},{"taxonomy":"product_cat","embeddable":true,"href":"https:\/\/www.czqunfa.com\/es\/wp-json\/wp\/v2\/product_cat?post=1786"},{"taxonomy":"product_tag","embeddable":true,"href":"https:\/\/www.czqunfa.com\/es\/wp-json\/wp\/v2\/product_tag?post=1786"}],"curies":[{"name":"wp","href":"https:\/\/api.w.org\/{rel}","templated":true}]}}