{"id":1769,"date":"2026-02-06T03:40:18","date_gmt":"2026-02-06T03:40:18","guid":{"rendered":"https:\/\/www.czqunfa.com\/?post_type=product&#038;p=1769"},"modified":"2026-02-06T03:40:20","modified_gmt":"2026-02-06T03:40:20","slug":"coffee-cup-and-saucer-set-bulk","status":"publish","type":"product","link":"https:\/\/www.czqunfa.com\/es\/producto\/coffee-cup-and-saucer-set-bulk\/","title":{"rendered":"Taza de caf\u00e9 y platillo conjunto a granel, personalizado lindo tazas de cer\u00e1mica"},"content":{"rendered":"<div class=\"wp-block-columns is-layout-flex wp-container-core-columns-is-layout-9d6595d7 wp-block-columns-is-layout-flex\">\n<div class=\"wp-block-column is-layout-flow wp-block-column-is-layout-flow\">\n<h2 class=\"wp-block-heading\">Caracter\u00edsticas del Juego de Taza y Plato de Caf\u00e9 a Granel<\/h2>\n\n\n\n<ul class=\"wp-block-list\">\n<li><strong>Aplicaci\u00f3n vers\u00e1til:<\/strong> Nuestro juego de taza de caf\u00e9 y platillo a granel no s\u00f3lo es una taza de caf\u00e9 profesional de especialidad, sino que su moderada capacidad tambi\u00e9n es adecuada como taza de leche para el desayuno o taza de t\u00e9 por la tarde, ofreciendo m\u00faltiples usos en un solo juego.<\/li>\n\n\n\n<li><strong>Material cer\u00e1mico de primera calidad:<\/strong> Fabricado en cer\u00e1mica de alta calidad, este juego n\u00f3rdico de taza y plato de caf\u00e9 a granel ofrece una excelente durabilidad y resistencia al calor y al fr\u00edo. Ideal para uso comercial a largo plazo en cafeter\u00edas, hoteles y restaurantes.<\/li>\n\n\n\n<li><strong>Glaseado liso:<\/strong> El fino esmalte del juego de tazas y platillos de caf\u00e9 a granel evita que las manchas y los olores persistan, facilitando la limpieza de las tazas. Adecuado para uso frecuente en hogares y establecimientos de restauraci\u00f3n, manteniendo una textura como nueva durante mucho tiempo y reduciendo las p\u00e9rdidas operativas de los restaurantes.<\/li>\n\n\n\n<li><strong>Experto OEM\/ODM:<\/strong> Estas bonitas tazas de cer\u00e1mica personalizadas tienen un pedido m\u00ednimo de 1.000 unidades, admiten la impresi\u00f3n del logotipo en el cuerpo de la taza, el desarrollo de patrones exclusivos y el embalaje en caja de regalo de colores personalizados, lo que le ayudar\u00e1 a crear una imagen de marca diferenciada.<\/li>\n\n\n\n<li><strong>Garant\u00eda de calidad para la exportaci\u00f3n:<\/strong> Las bonitas tazas de cer\u00e1mica personalizadas cumplen m\u00faltiples normas internacionales de seguridad alimentaria y no contienen plomo ni cadmio. Proporcionamos toda la documentaci\u00f3n necesaria para garantizar el despacho de aduanas y la entrada en los canales minoristas de gama alta.<\/li>\n<\/ul>\n<\/div>\n\n\n\n<div class=\"wp-block-column is-layout-flow wp-block-column-is-layout-flow\">\n<figure class=\"wp-block-image size-full\"><img decoding=\"async\" width=\"1000\" height=\"1000\" src=\"https:\/\/www.czqunfa.com\/wp-content\/uploads\/2026\/02\/coffee-cup-and-saucer-set-bulk-custom-cute-ceramic-mugs-2.webp\" alt=\"juego de tazas y platillos de caf\u00e9 a granel tazas de cer\u00e1mica personalizadas-2\" class=\"wp-image-1771\" srcset=\"https:\/\/www.czqunfa.com\/wp-content\/uploads\/2026\/02\/coffee-cup-and-saucer-set-bulk-custom-cute-ceramic-mugs-2.webp 1000w, https:\/\/www.czqunfa.com\/wp-content\/uploads\/2026\/02\/coffee-cup-and-saucer-set-bulk-custom-cute-ceramic-mugs-2-300x300.webp 300w, https:\/\/www.czqunfa.com\/wp-content\/uploads\/2026\/02\/coffee-cup-and-saucer-set-bulk-custom-cute-ceramic-mugs-2-150x150.webp 150w, https:\/\/www.czqunfa.com\/wp-content\/uploads\/2026\/02\/coffee-cup-and-saucer-set-bulk-custom-cute-ceramic-mugs-2-768x768.webp 768w, https:\/\/www.czqunfa.com\/wp-content\/uploads\/2026\/02\/coffee-cup-and-saucer-set-bulk-custom-cute-ceramic-mugs-2-12x12.webp 12w, https:\/\/www.czqunfa.com\/wp-content\/uploads\/2026\/02\/coffee-cup-and-saucer-set-bulk-custom-cute-ceramic-mugs-2-600x600.webp 600w, https:\/\/www.czqunfa.com\/wp-content\/uploads\/2026\/02\/coffee-cup-and-saucer-set-bulk-custom-cute-ceramic-mugs-2-100x100.webp 100w\" sizes=\"(max-width: 1000px) 100vw, 1000px\" \/><\/figure>\n<\/div>\n<\/div>\n\n\n\n<figure class=\"wp-block-gallery has-nested-images columns-default is-cropped wp-block-gallery-1 is-layout-flex wp-block-gallery-is-layout-flex\">\n<figure class=\"wp-block-image size-full\"><img decoding=\"async\" width=\"1000\" height=\"1000\" data-id=\"1772\" src=\"https:\/\/www.czqunfa.com\/wp-content\/uploads\/2026\/02\/coffee-cup-and-saucer-set-bulk-custom-cute-ceramic-mugs-3.webp\" alt=\"juego de tazas y platillos de caf\u00e9 a granel tazas de cer\u00e1mica personalizadas-3\" class=\"wp-image-1772\" srcset=\"https:\/\/www.czqunfa.com\/wp-content\/uploads\/2026\/02\/coffee-cup-and-saucer-set-bulk-custom-cute-ceramic-mugs-3.webp 1000w, https:\/\/www.czqunfa.com\/wp-content\/uploads\/2026\/02\/coffee-cup-and-saucer-set-bulk-custom-cute-ceramic-mugs-3-300x300.webp 300w, https:\/\/www.czqunfa.com\/wp-content\/uploads\/2026\/02\/coffee-cup-and-saucer-set-bulk-custom-cute-ceramic-mugs-3-150x150.webp 150w, https:\/\/www.czqunfa.com\/wp-content\/uploads\/2026\/02\/coffee-cup-and-saucer-set-bulk-custom-cute-ceramic-mugs-3-768x768.webp 768w, https:\/\/www.czqunfa.com\/wp-content\/uploads\/2026\/02\/coffee-cup-and-saucer-set-bulk-custom-cute-ceramic-mugs-3-12x12.webp 12w, https:\/\/www.czqunfa.com\/wp-content\/uploads\/2026\/02\/coffee-cup-and-saucer-set-bulk-custom-cute-ceramic-mugs-3-600x600.webp 600w, https:\/\/www.czqunfa.com\/wp-content\/uploads\/2026\/02\/coffee-cup-and-saucer-set-bulk-custom-cute-ceramic-mugs-3-100x100.webp 100w\" sizes=\"(max-width: 1000px) 100vw, 1000px\" \/><\/figure>\n\n\n\n<figure class=\"wp-block-image size-full\"><img decoding=\"async\" width=\"1000\" height=\"1000\" data-id=\"1774\" src=\"https:\/\/www.czqunfa.com\/wp-content\/uploads\/2026\/02\/coffee-cup-and-saucer-set-bulk-custom-cute-ceramic-mugs-5.webp\" alt=\"juego de tazas y platillos de caf\u00e9 a granel tazas de cer\u00e1mica personalizadas-5\" class=\"wp-image-1774\" srcset=\"https:\/\/www.czqunfa.com\/wp-content\/uploads\/2026\/02\/coffee-cup-and-saucer-set-bulk-custom-cute-ceramic-mugs-5.webp 1000w, https:\/\/www.czqunfa.com\/wp-content\/uploads\/2026\/02\/coffee-cup-and-saucer-set-bulk-custom-cute-ceramic-mugs-5-300x300.webp 300w, https:\/\/www.czqunfa.com\/wp-content\/uploads\/2026\/02\/coffee-cup-and-saucer-set-bulk-custom-cute-ceramic-mugs-5-150x150.webp 150w, https:\/\/www.czqunfa.com\/wp-content\/uploads\/2026\/02\/coffee-cup-and-saucer-set-bulk-custom-cute-ceramic-mugs-5-768x768.webp 768w, https:\/\/www.czqunfa.com\/wp-content\/uploads\/2026\/02\/coffee-cup-and-saucer-set-bulk-custom-cute-ceramic-mugs-5-12x12.webp 12w, https:\/\/www.czqunfa.com\/wp-content\/uploads\/2026\/02\/coffee-cup-and-saucer-set-bulk-custom-cute-ceramic-mugs-5-600x600.webp 600w, https:\/\/www.czqunfa.com\/wp-content\/uploads\/2026\/02\/coffee-cup-and-saucer-set-bulk-custom-cute-ceramic-mugs-5-100x100.webp 100w\" sizes=\"(max-width: 1000px) 100vw, 1000px\" \/><\/figure>\n<\/figure>\n\n\n\n<p><\/p>","protected":false},"excerpt":{"rendered":"<p>Bienvenido a comprar esta taza de caf\u00e9 n\u00f3rdico y platillo conjunto a granel est\u00e1 hecho de cer\u00e1mica de primera calidad con un esmalte suave, f\u00e1cil de limpiar y excelente resistencia al calor. Dise\u00f1adas para cafeter\u00edas, restaurantes y marcas minoristas, estas bonitas tazas de cer\u00e1mica personalizadas admiten la impresi\u00f3n de logotipos y la personalizaci\u00f3n de etiquetas privadas. Aptas para lavavajillas, microondas y horno, son una soluci\u00f3n duradera y elegante para mayoristas de regalos y compras de cafeter\u00edas de todo el mundo.<\/p>\n<h2>Juego de taza y platillo de caf\u00e9 Par\u00e1metro a granel<\/h2>\n<table border=\"0\" width=\"328\" cellspacing=\"0\" cellpadding=\"0\">\n<tbody>\n<tr>\n<td width=\"116\" height=\"17\">Fabricante<\/td>\n<td width=\"211\">QUNFA<\/td>\n<\/tr>\n<tr>\n<td width=\"116\" height=\"17\">Tipo de producto<\/td>\n<td>Taza y jarra<\/td>\n<\/tr>\n<tr>\n<td width=\"116\" height=\"17\">N.\u00ba de modelo.<\/td>\n<td width=\"211\">QF22-0248<\/td>\n<\/tr>\n<tr>\n<td width=\"116\" height=\"17\">Material<\/td>\n<td width=\"211\">Gres<\/td>\n<\/tr>\n<tr>\n<td width=\"116\" height=\"17\">Color<\/td>\n<td width=\"211\">Beige<\/td>\n<\/tr>\n<tr>\n<td width=\"116\" height=\"31\">Dimensi\u00f3n<\/td>\n<td width=\"211\">Taza: 12*8.4*6.7cm<br \/>Disco: 16*16*2,2cm<\/td>\n<\/tr>\n<tr>\n<td width=\"116\" height=\"17\">Cantidad m\u00ednima de pedido<\/td>\n<td width=\"211\">1000 unidades<\/td>\n<\/tr>\n<tr>\n<td width=\"116\" height=\"17\">Personalizado<\/td>\n<td width=\"211\">Color\/Tama\u00f1o\/Logotipo\/Embalaje\/Forma<\/td>\n<\/tr>\n<\/tbody>\n<\/table>","protected":false},"featured_media":1770,"comment_status":"closed","ping_status":"closed","template":"","meta":{"_acf_changed":false},"product_brand":[],"product_cat":[18,44],"product_tag":[],"class_list":{"0":"post-1769","1":"product","2":"type-product","3":"status-publish","4":"has-post-thumbnail","6":"product_cat-drinkware-supplier","7":"product_cat-wholesale-cups-and-mugs","9":"first","10":"instock","11":"shipping-taxable","12":"product-type-simple"},"acf":[],"_links":{"self":[{"href":"https:\/\/www.czqunfa.com\/es\/wp-json\/wp\/v2\/product\/1769","targetHints":{"allow":["GET"]}}],"collection":[{"href":"https:\/\/www.czqunfa.com\/es\/wp-json\/wp\/v2\/product"}],"about":[{"href":"https:\/\/www.czqunfa.com\/es\/wp-json\/wp\/v2\/types\/product"}],"replies":[{"embeddable":true,"href":"https:\/\/www.czqunfa.com\/es\/wp-json\/wp\/v2\/comments?post=1769"}],"wp:featuredmedia":[{"embeddable":true,"href":"https:\/\/www.czqunfa.com\/es\/wp-json\/wp\/v2\/media\/1770"}],"wp:attachment":[{"href":"https:\/\/www.czqunfa.com\/es\/wp-json\/wp\/v2\/media?parent=1769"}],"wp:term":[{"taxonomy":"product_brand","embeddable":true,"href":"https:\/\/www.czqunfa.com\/es\/wp-json\/wp\/v2\/product_brand?post=1769"},{"taxonomy":"product_cat","embeddable":true,"href":"https:\/\/www.czqunfa.com\/es\/wp-json\/wp\/v2\/product_cat?post=1769"},{"taxonomy":"product_tag","embeddable":true,"href":"https:\/\/www.czqunfa.com\/es\/wp-json\/wp\/v2\/product_tag?post=1769"}],"curies":[{"name":"wp","href":"https:\/\/api.w.org\/{rel}","templated":true}]}}