{"id":1740,"date":"2026-02-09T06:46:27","date_gmt":"2026-02-09T06:46:27","guid":{"rendered":"https:\/\/www.czqunfa.com\/?post_type=product&#038;p=1740"},"modified":"2026-02-09T06:46:29","modified_gmt":"2026-02-09T06:46:29","slug":"ceramic-coffee-dripper-wholesale","status":"publish","type":"product","link":"https:\/\/www.czqunfa.com\/es\/producto\/ceramic-coffee-dripper-wholesale\/","title":{"rendered":"Goteador de Caf\u00e9 de Cer\u00e1mica al por mayor, Juego de Cafetera Pour Over"},"content":{"rendered":"<div class=\"wp-block-columns is-layout-flex wp-container-core-columns-is-layout-9d6595d7 wp-block-columns-is-layout-flex\">\n<div class=\"wp-block-column is-layout-flow wp-block-column-is-layout-flow\">\n<h2 class=\"wp-block-heading\">Caracter\u00edsticas del gotero de cer\u00e1mica para caf\u00e9 al por mayor<\/h2>\n\n\n\n<p><strong>Elaborados con esmero, se disfrutan con tranquilidad: <\/strong>Este gotero de caf\u00e9 de cer\u00e1mica al por mayor est\u00e1 hecho de arcilla natural, ecol\u00f3gica y sin plomo, que se cuece repetidamente a altas temperaturas. No s\u00f3lo es seguro e inofensivo, sino que tambi\u00e9n conserva el rico aroma original del caf\u00e9. Incluso cuando se utiliza a diario, siempre puede sentirse a gusto.<\/p>\n\n\n\n<p><strong>Vaso de filtro ondulado, extracci\u00f3n uniforme:<\/strong> El exclusivo patr\u00f3n ondulado de la pared interior de la taza de filtro de este goteador de caf\u00e9 de cer\u00e1mica al por mayor puede guiar suavemente el flujo de agua, garantizando que cada grano de caf\u00e9 quede completamente empapado. El caf\u00e9 extra\u00eddo tiene una rica untuosidad y un aroma pleno, con un sabor rico y suave al consumirlo.<\/p>\n\n\n\n<p><strong>Con un c\u00f3modo agarre, comparte la temperatura justa: <\/strong>Este gotero de caf\u00e9 de cer\u00e1mica para preparar a mano al por mayor, con asa antideslizante y resistente al calor, resulta s\u00f3lido y c\u00f3modo de sujetar. Con una capacidad de 350 ml, es ideal para preparar una cafetera para dos o tres amigos. Tanto si se toma solo a diario como si se celebra una peque\u00f1a reuni\u00f3n el fin de semana, es un c\u00e1lido compa\u00f1ero.<\/p>\n\n\n\n<p><strong>F\u00e1cil de mantener, embellece suavemente la vida: <\/strong>Este gotero de caf\u00e9 de cer\u00e1mica al por mayor est\u00e1 recubierto de un suave esmalte en su superficie. Se limpia f\u00e1cilmente y no deja residuos. En un c\u00e1lido color marr\u00f3n vintage, es discreto y suave. Colocado tranquilamente sobre la mesa o en un rinc\u00f3n de la cocina, se convierte en una c\u00e1lida escena de la vida cotidiana.<\/p>\n\n\n\n<p><strong>Soluci\u00f3n de elaboraci\u00f3n de cerveza ecol\u00f3gica y reutilizable:<\/strong> Esta cafetera vertedora personalizada cuenta con goteros de cer\u00e1mica reutilizables que reducen los residuos de filtros de papel (cuando se combinan con filtros met\u00e1licos), en l\u00ednea con las tendencias de productos sostenibles en los mercados mundiales del caf\u00e9.<\/p>\n<\/div>\n\n\n\n<div class=\"wp-block-column is-layout-flow wp-block-column-is-layout-flow\">\n<figure class=\"wp-block-image size-full is-resized\"><img decoding=\"async\" width=\"1000\" height=\"1000\" src=\"https:\/\/www.czqunfa.com\/wp-content\/uploads\/2026\/02\/coffee-dripper-wholesale-2.webp\" alt=\"gotero-cafetera-de-ceramica-set-2\" class=\"wp-image-1747\" style=\"width:308px;height:auto\" srcset=\"https:\/\/www.czqunfa.com\/wp-content\/uploads\/2026\/02\/coffee-dripper-wholesale-2.webp 1000w, https:\/\/www.czqunfa.com\/wp-content\/uploads\/2026\/02\/coffee-dripper-wholesale-2-300x300.webp 300w, https:\/\/www.czqunfa.com\/wp-content\/uploads\/2026\/02\/coffee-dripper-wholesale-2-150x150.webp 150w, https:\/\/www.czqunfa.com\/wp-content\/uploads\/2026\/02\/coffee-dripper-wholesale-2-768x768.webp 768w, https:\/\/www.czqunfa.com\/wp-content\/uploads\/2026\/02\/coffee-dripper-wholesale-2-12x12.webp 12w, https:\/\/www.czqunfa.com\/wp-content\/uploads\/2026\/02\/coffee-dripper-wholesale-2-600x600.webp 600w, https:\/\/www.czqunfa.com\/wp-content\/uploads\/2026\/02\/coffee-dripper-wholesale-2-100x100.webp 100w\" sizes=\"(max-width: 1000px) 100vw, 1000px\" \/><\/figure>\n<\/div>\n<\/div>\n\n\n\n<div class=\"wp-block-columns is-layout-flex wp-container-core-columns-is-layout-9d6595d7 wp-block-columns-is-layout-flex\">\n<div class=\"wp-block-column is-layout-flow wp-block-column-is-layout-flow\">\n<figure class=\"wp-block-image size-full\"><img decoding=\"async\" width=\"1000\" height=\"1000\" src=\"https:\/\/www.czqunfa.com\/wp-content\/uploads\/2026\/02\/coffee-dripper-wholesale-4.webp\" alt=\"cafetera-gotera-de-cer\u00e1mica-set-4\" class=\"wp-image-1749\" srcset=\"https:\/\/www.czqunfa.com\/wp-content\/uploads\/2026\/02\/coffee-dripper-wholesale-4.webp 1000w, https:\/\/www.czqunfa.com\/wp-content\/uploads\/2026\/02\/coffee-dripper-wholesale-4-300x300.webp 300w, https:\/\/www.czqunfa.com\/wp-content\/uploads\/2026\/02\/coffee-dripper-wholesale-4-150x150.webp 150w, https:\/\/www.czqunfa.com\/wp-content\/uploads\/2026\/02\/coffee-dripper-wholesale-4-768x768.webp 768w, https:\/\/www.czqunfa.com\/wp-content\/uploads\/2026\/02\/coffee-dripper-wholesale-4-12x12.webp 12w, https:\/\/www.czqunfa.com\/wp-content\/uploads\/2026\/02\/coffee-dripper-wholesale-4-600x600.webp 600w, https:\/\/www.czqunfa.com\/wp-content\/uploads\/2026\/02\/coffee-dripper-wholesale-4-100x100.webp 100w\" sizes=\"(max-width: 1000px) 100vw, 1000px\" \/><\/figure>\n<\/div>\n\n\n\n<div class=\"wp-block-column is-layout-flow wp-block-column-is-layout-flow\">\n<figure class=\"wp-block-image size-full\"><img decoding=\"async\" width=\"1000\" height=\"1000\" src=\"https:\/\/www.czqunfa.com\/wp-content\/uploads\/2026\/02\/coffee-dripper-wholesale-5.webp\" alt=\"set-5 cafeteras-goteadoras-de-caf\u00e9-de-cer\u00e1mica-al-mayor\" class=\"wp-image-1750\" srcset=\"https:\/\/www.czqunfa.com\/wp-content\/uploads\/2026\/02\/coffee-dripper-wholesale-5.webp 1000w, https:\/\/www.czqunfa.com\/wp-content\/uploads\/2026\/02\/coffee-dripper-wholesale-5-300x300.webp 300w, https:\/\/www.czqunfa.com\/wp-content\/uploads\/2026\/02\/coffee-dripper-wholesale-5-150x150.webp 150w, https:\/\/www.czqunfa.com\/wp-content\/uploads\/2026\/02\/coffee-dripper-wholesale-5-768x768.webp 768w, https:\/\/www.czqunfa.com\/wp-content\/uploads\/2026\/02\/coffee-dripper-wholesale-5-12x12.webp 12w, https:\/\/www.czqunfa.com\/wp-content\/uploads\/2026\/02\/coffee-dripper-wholesale-5-600x600.webp 600w, https:\/\/www.czqunfa.com\/wp-content\/uploads\/2026\/02\/coffee-dripper-wholesale-5-100x100.webp 100w\" sizes=\"(max-width: 1000px) 100vw, 1000px\" \/><\/figure>\n<\/div>\n<\/div>\n\n\n\n<p><\/p>","protected":false},"excerpt":{"rendered":"<p>Bienvenido a comprar este gotero de caf\u00e9 de cer\u00e1mica al por mayor, que est\u00e1 hecho de cer\u00e1mica de alta calidad. Su exclusiva taza de filtro ondulada gu\u00eda el flujo de agua para una extracci\u00f3n uniforme, permiti\u00e9ndole preparar el caf\u00e9 f\u00e1cilmente. Ideal para marcas de caf\u00e9, distribuidores, cafeter\u00edas y proyectos promocionales que buscan soluciones de caf\u00e9 vertido de marca propia y alta calidad. Ofrecemos servicios de venta al por mayor para satisfacer las necesidades de compras a gran escala a precios de f\u00e1brica competitivos.<\/p>\n<h2>Caracter\u00edsticas del gotero de cer\u00e1mica para caf\u00e9 al por mayor<\/h2>\n<table border=\"0\" width=\"505\" cellspacing=\"0\" cellpadding=\"0\">\n<tbody>\n<tr>\n<td width=\"179\" height=\"20\">Fabricante<\/td>\n<td width=\"325\">QUNFA<\/td>\n<\/tr>\n<tr>\n<td width=\"179\" height=\"20\">Tipo de producto<\/td>\n<td width=\"325\">Gotero de cer\u00e1mica para caf\u00e9<\/td>\n<\/tr>\n<tr>\n<td width=\"179\" height=\"20\">N.\u00ba de modelo.<\/td>\n<td width=\"325\">T25-0005<\/td>\n<\/tr>\n<tr>\n<td width=\"179\" height=\"20\">Material<\/td>\n<td width=\"325\">Gres<\/td>\n<\/tr>\n<tr>\n<td width=\"179\" height=\"18\">Color<\/td>\n<td width=\"325\">Marr\u00f3n<\/td>\n<\/tr>\n<tr>\n<td width=\"179\" height=\"36\">Dimensi\u00f3n<\/td>\n<td width=\"325\">Taza del filtro: 15*9.8*11cm<br \/>Olla filtrante: 10.4*10.4*7.5cm<\/td>\n<\/tr>\n<tr>\n<td width=\"179\" height=\"18\">Capacidad<\/td>\n<td width=\"325\">500 ml<\/td>\n<\/tr>\n<tr>\n<td width=\"179\" height=\"18\">Cantidad m\u00ednima de pedido<\/td>\n<td width=\"325\">1000 unidades<\/td>\n<\/tr>\n<tr>\n<td width=\"179\" height=\"18\">Personalizado<\/td>\n<td width=\"325\">Color\/Tama\u00f1o\/Logotipo\/Embalaje\/Forma<\/td>\n<\/tr>\n<\/tbody>\n<\/table>","protected":false},"featured_media":1746,"comment_status":"closed","ping_status":"closed","template":"","meta":{"_acf_changed":false},"product_brand":[],"product_cat":[18,41],"product_tag":[],"class_list":{"0":"post-1740","1":"product","2":"type-product","3":"status-publish","4":"has-post-thumbnail","6":"product_cat-drinkware-supplier","7":"product_cat-coffee-dripper-supplier","9":"first","10":"instock","11":"shipping-taxable","12":"product-type-simple"},"acf":[],"_links":{"self":[{"href":"https:\/\/www.czqunfa.com\/es\/wp-json\/wp\/v2\/product\/1740","targetHints":{"allow":["GET"]}}],"collection":[{"href":"https:\/\/www.czqunfa.com\/es\/wp-json\/wp\/v2\/product"}],"about":[{"href":"https:\/\/www.czqunfa.com\/es\/wp-json\/wp\/v2\/types\/product"}],"replies":[{"embeddable":true,"href":"https:\/\/www.czqunfa.com\/es\/wp-json\/wp\/v2\/comments?post=1740"}],"wp:featuredmedia":[{"embeddable":true,"href":"https:\/\/www.czqunfa.com\/es\/wp-json\/wp\/v2\/media\/1746"}],"wp:attachment":[{"href":"https:\/\/www.czqunfa.com\/es\/wp-json\/wp\/v2\/media?parent=1740"}],"wp:term":[{"taxonomy":"product_brand","embeddable":true,"href":"https:\/\/www.czqunfa.com\/es\/wp-json\/wp\/v2\/product_brand?post=1740"},{"taxonomy":"product_cat","embeddable":true,"href":"https:\/\/www.czqunfa.com\/es\/wp-json\/wp\/v2\/product_cat?post=1740"},{"taxonomy":"product_tag","embeddable":true,"href":"https:\/\/www.czqunfa.com\/es\/wp-json\/wp\/v2\/product_tag?post=1740"}],"curies":[{"name":"wp","href":"https:\/\/api.w.org\/{rel}","templated":true}]}}