{"id":1713,"date":"2026-01-30T06:23:07","date_gmt":"2026-01-30T06:23:07","guid":{"rendered":"https:\/\/www.czqunfa.com\/?post_type=product&#038;p=1713"},"modified":"2026-01-30T06:23:09","modified_gmt":"2026-01-30T06:23:09","slug":"dinner-set-wholesale","status":"publish","type":"product","link":"https:\/\/www.czqunfa.com\/es\/producto\/dinner-set-wholesale\/","title":{"rendered":"Vajilla de Navidad al por mayor, Vajilla ecol\u00f3gica a granel"},"content":{"rendered":"<div class=\"wp-block-columns is-layout-flex wp-container-core-columns-is-layout-9d6595d7 wp-block-columns-is-layout-flex\">\n<div class=\"wp-block-column is-layout-flow wp-block-column-is-layout-flow\">\n<h2 class=\"wp-block-heading\">Caracter\u00edsticas de la Vajilla de Navidad al por mayor<\/h2>\n\n\n\n<ul class=\"wp-block-list\">\n<li><strong>Material cer\u00e1mico ecol\u00f3gico de alta calidad:<\/strong> Esta vajilla de Navidad al por mayor est\u00e1 fabricada con materiales cer\u00e1micos ecol\u00f3gicos cuidadosamente seleccionados, cocidos a altas temperaturas, que ofrecen una excelente durabilidad, resistencia al calor y resistencia al choque t\u00e9rmico. Dise\u00f1ado para el suministro a granel y el uso comercial a largo plazo.<\/li>\n\n\n\n<li><strong>Amplia gama de productos: <\/strong>La vajilla de Navidad al por mayor incluye cuencos y tazas de varios tama\u00f1os, de 4,7\u2033 a 6,2\u2033, as\u00ed como moldes profesionales para tartas, ollas cubiertas y moldes para hornear de varios tama\u00f1os, para satisfacer todas las necesidades de la cena de Navidad, desde la preparaci\u00f3n de la cocina hasta la presentaci\u00f3n de la mesa.<\/li>\n\n\n\n<li><strong>Alta eficiencia de embalaje, log\u00edstica sin complicaciones:<\/strong> Nuestra vajilla ecol\u00f3gica a granel presenta un dise\u00f1o anidado para los moldes y las ollas, lo que aumenta considerablemente la capacidad de carga de los contenedores y le ahorra considerables gastos de env\u00edo transfronterizo.<\/li>\n\n\n\n<li><strong>Directo del fabricante, precios competitivos:<\/strong> Esta vajilla de Navidad al por mayor se vende directamente del fabricante, que ofrece precios al por mayor muy atractivos. Cantidad m\u00ednima de pedido de 1000 unidades, lo que le ayudar\u00e1 a lanzar sus superventas de la temporada navide\u00f1a a bajo coste.<\/li>\n\n\n\n<li><strong>Servicios de personalizaci\u00f3n flexibles: <\/strong>Nuestra vajilla de Navidad al por mayor admite la personalizaci\u00f3n de patrones espec\u00edficos de Navidad, colores de esmalte y logotipos de marca. Tenemos un equipo maduro del R&amp;D que pueda responder r\u00e1pidamente a sus necesidades de OEM\/ODM.<\/li>\n<\/ul>\n<\/div>\n\n\n\n<div class=\"wp-block-column is-layout-flow wp-block-column-is-layout-flow\">\n<figure class=\"wp-block-image size-full\"><img decoding=\"async\" width=\"1000\" height=\"1000\" src=\"https:\/\/www.czqunfa.com\/wp-content\/uploads\/2026\/01\/christmas-dinner-set-wholesale-bulk-eco-friendly-tableware-8.webp\" alt=\"vajilla de navidad-vajilla al por mayor-bulk-vajilla ecol\u00f3gica-8\" class=\"wp-image-1733\" srcset=\"https:\/\/www.czqunfa.com\/wp-content\/uploads\/2026\/01\/christmas-dinner-set-wholesale-bulk-eco-friendly-tableware-8.webp 1000w, https:\/\/www.czqunfa.com\/wp-content\/uploads\/2026\/01\/christmas-dinner-set-wholesale-bulk-eco-friendly-tableware-8-300x300.webp 300w, https:\/\/www.czqunfa.com\/wp-content\/uploads\/2026\/01\/christmas-dinner-set-wholesale-bulk-eco-friendly-tableware-8-150x150.webp 150w, https:\/\/www.czqunfa.com\/wp-content\/uploads\/2026\/01\/christmas-dinner-set-wholesale-bulk-eco-friendly-tableware-8-768x768.webp 768w, https:\/\/www.czqunfa.com\/wp-content\/uploads\/2026\/01\/christmas-dinner-set-wholesale-bulk-eco-friendly-tableware-8-12x12.webp 12w, https:\/\/www.czqunfa.com\/wp-content\/uploads\/2026\/01\/christmas-dinner-set-wholesale-bulk-eco-friendly-tableware-8-600x600.webp 600w, https:\/\/www.czqunfa.com\/wp-content\/uploads\/2026\/01\/christmas-dinner-set-wholesale-bulk-eco-friendly-tableware-8-100x100.webp 100w\" sizes=\"(max-width: 1000px) 100vw, 1000px\" \/><\/figure>\n<\/div>\n<\/div>\n\n\n\n<figure class=\"wp-block-table\"><table class=\"has-fixed-layout\"><tbody><tr><td>Nombre del producto<\/td><td>N\u00ba de art\u00edculo.<\/td><td>Talla<\/td><\/tr><tr><td>Cuenco de 4,7<\/td><td>23-0091-4<\/td><td>12 \u00d7 12 \u00d7 5,7 cm<\/td><\/tr><tr><td>Cuenco de 5,6<\/td><td>2236-31<\/td><td>14,3 \u00d7 14,3 \u00d7 7 cm<\/td><\/tr><tr><td>Tartera<\/td><td>T24-0133-1<\/td><td>7,6 \u00d7 7,6 \u00d7 5,1 cm<\/td><\/tr><tr><td>Bandeja de puntas<\/td><td>24-0052-2<\/td><td>28,5 \u00d7 22,4 \u00d7 4,3 cm<\/td><\/tr><tr><td>Marmita redonda con tapa<\/td><td>T24-0092-2 \/ T24-0312<\/td><td>S: Cuerpo: 20 \u00d7 15,8 \u00d7 6,1 cm, Tapa: 20,1 \u00d7 16,1 \u00d7 2,3 cm<br>M: Cuerpo: 25 \u00d7 20 \u00d7 8 cm, Tapa: 25 \u00d7 20 \u00d7 3 cm<\/td><\/tr><tr><td>Molde para tartas<\/td><td>21136-2 \/ 1137-2<\/td><td>S: 20,3 \u00d7 20,3 \u00d7 2,5 cm<br>M: 26 \u00d7 26 \u00d7 5,5 cm<\/td><\/tr><tr><td>Plato de 8<\/td><td>2238-29<\/td><td>20,3 \u00d7 20,3 \u00d7 2,5 cm<\/td><\/tr><tr><td>5.1\u2033 Taza<\/td><td>23-2477-5<\/td><td>12,8 \u00d7 9,1 \u00d7 8,5 cm<\/td><\/tr><tr><td>Taza de 6,2<\/td><td>22-0218-2<\/td><td>15,6 \u00d7 11,9 \u00d7 9,5 cm<\/td><\/tr><tr><td>Asa Cuenco<\/td><td>1963-17<\/td><td>21,8 \u00d7 14,3 \u00d7 7,1 cm<\/td><\/tr><tr><td>Tartera<\/td><td>1659-8<\/td><td>7,7 \u00d7 7,7 \u00d7 5,3 cm<\/td><\/tr><tr><td>Molde<\/td><td>23-0050-6 \/ 23-0015-3 \/ 24-0279-5<\/td><td>S: 17 \u00d7 10 \u00d7 6 cm<br>M: 24 \u00d7 12,5 \u00d7 7,5 cm<br>L: 28 \u00d7 15,5 \u00d7 8,3 cm<\/td><\/tr><\/tbody><\/table><\/figure>\n\n\n\n<figure class=\"wp-block-gallery has-nested-images columns-default is-cropped wp-block-gallery-1 is-layout-flex wp-block-gallery-is-layout-flex\">\n<figure class=\"wp-block-image size-large\"><img decoding=\"async\" width=\"1000\" height=\"1000\" data-id=\"1734\" src=\"https:\/\/www.czqunfa.com\/wp-content\/uploads\/2026\/01\/christmas-dinner-set-wholesale-bulk-eco-friendly-tableware-9.webp\" alt=\"vajilla de navidad-vajilla al por mayor-bulk-vajilla ecol\u00f3gica-9\" class=\"wp-image-1734\" srcset=\"https:\/\/www.czqunfa.com\/wp-content\/uploads\/2026\/01\/christmas-dinner-set-wholesale-bulk-eco-friendly-tableware-9.webp 1000w, https:\/\/www.czqunfa.com\/wp-content\/uploads\/2026\/01\/christmas-dinner-set-wholesale-bulk-eco-friendly-tableware-9-300x300.webp 300w, https:\/\/www.czqunfa.com\/wp-content\/uploads\/2026\/01\/christmas-dinner-set-wholesale-bulk-eco-friendly-tableware-9-150x150.webp 150w, https:\/\/www.czqunfa.com\/wp-content\/uploads\/2026\/01\/christmas-dinner-set-wholesale-bulk-eco-friendly-tableware-9-768x768.webp 768w, https:\/\/www.czqunfa.com\/wp-content\/uploads\/2026\/01\/christmas-dinner-set-wholesale-bulk-eco-friendly-tableware-9-12x12.webp 12w, https:\/\/www.czqunfa.com\/wp-content\/uploads\/2026\/01\/christmas-dinner-set-wholesale-bulk-eco-friendly-tableware-9-600x600.webp 600w, https:\/\/www.czqunfa.com\/wp-content\/uploads\/2026\/01\/christmas-dinner-set-wholesale-bulk-eco-friendly-tableware-9-100x100.webp 100w\" sizes=\"(max-width: 1000px) 100vw, 1000px\" \/><\/figure>\n\n\n\n<figure class=\"wp-block-image size-large\"><img decoding=\"async\" width=\"1000\" height=\"1000\" data-id=\"1731\" src=\"https:\/\/www.czqunfa.com\/wp-content\/uploads\/2026\/01\/christmas-dinner-set-wholesale-bulk-eco-friendly-tableware-6.webp\" alt=\"vajilla de navidad-vajilla al por mayor-bulk-vajilla ecol\u00f3gica-6\" class=\"wp-image-1731\" srcset=\"https:\/\/www.czqunfa.com\/wp-content\/uploads\/2026\/01\/christmas-dinner-set-wholesale-bulk-eco-friendly-tableware-6.webp 1000w, https:\/\/www.czqunfa.com\/wp-content\/uploads\/2026\/01\/christmas-dinner-set-wholesale-bulk-eco-friendly-tableware-6-300x300.webp 300w, https:\/\/www.czqunfa.com\/wp-content\/uploads\/2026\/01\/christmas-dinner-set-wholesale-bulk-eco-friendly-tableware-6-150x150.webp 150w, https:\/\/www.czqunfa.com\/wp-content\/uploads\/2026\/01\/christmas-dinner-set-wholesale-bulk-eco-friendly-tableware-6-768x768.webp 768w, https:\/\/www.czqunfa.com\/wp-content\/uploads\/2026\/01\/christmas-dinner-set-wholesale-bulk-eco-friendly-tableware-6-12x12.webp 12w, https:\/\/www.czqunfa.com\/wp-content\/uploads\/2026\/01\/christmas-dinner-set-wholesale-bulk-eco-friendly-tableware-6-600x600.webp 600w, https:\/\/www.czqunfa.com\/wp-content\/uploads\/2026\/01\/christmas-dinner-set-wholesale-bulk-eco-friendly-tableware-6-100x100.webp 100w\" sizes=\"(max-width: 1000px) 100vw, 1000px\" \/><\/figure>\n<\/figure>","protected":false},"excerpt":{"rendered":"<p>Bienvenido a comprar nuestra vajilla de Navidad al por mayor, fabricada en gres ecol\u00f3gico de alta calidad, que combina un dise\u00f1o festivo cl\u00e1sico con una funcionalidad moderna. Los productos ofrecen una excelente durabilidad, garantizando la resistencia tanto al calor como al fr\u00edo, y son totalmente aptos para lavavajillas, microondas y horno, proporcionando una soluci\u00f3n de comedor festivo fiable para los compradores globales.<\/p>\n<h2>Vajilla de Navidad Par\u00e1metros al por mayor<\/h2>\n<table border=\"0\" width=\"102\" cellspacing=\"0\" cellpadding=\"0\">\n<tbody>\n<tr>\n<td width=\"51\" height=\"31\">Fabricante<\/td>\n<td width=\"51\">QUNFA<\/td>\n<\/tr>\n<tr>\n<td width=\"51\" height=\"31\">Tipo de producto<\/td>\n<td width=\"51\">Juego de vajilla<\/td>\n<\/tr>\n<tr>\n<td width=\"51\" height=\"16\">N.\u00ba de modelo.<\/td>\n<td width=\"51\">2238-29<\/td>\n<\/tr>\n<tr>\n<td width=\"51\" height=\"31\">Material<\/td>\n<td width=\"51\">Gres<\/td>\n<\/tr>\n<tr>\n<td width=\"51\" height=\"31\">Color<\/td>\n<td width=\"51\">Rojo<\/td>\n<\/tr>\n<tr>\n<td width=\"51\" height=\"31\">Cantidad m\u00ednima de pedido<\/td>\n<td width=\"51\">1000 unidades<\/td>\n<\/tr>\n<tr>\n<td width=\"51\" height=\"61\">Personalizado<\/td>\n<td width=\"51\">Color\/Tama\u00f1o\/Logotipo\/Embalaje\/Forma<\/td>\n<\/tr>\n<tr>\n<td width=\"51\" height=\"31\">Patr\u00f3n<\/td>\n<td width=\"51\">Patr\u00f3n de Navidad<\/td>\n<\/tr>\n<\/tbody>\n<\/table>","protected":false},"featured_media":1730,"comment_status":"closed","ping_status":"closed","template":"","meta":{"_acf_changed":false},"product_brand":[],"product_cat":[20,25],"product_tag":[],"class_list":{"0":"post-1713","1":"product","2":"type-product","3":"status-publish","4":"has-post-thumbnail","6":"product_cat-dinnerware-supplier","7":"product_cat-dinner-set-supplier","9":"first","10":"instock","11":"shipping-taxable","12":"product-type-simple"},"acf":[],"_links":{"self":[{"href":"https:\/\/www.czqunfa.com\/es\/wp-json\/wp\/v2\/product\/1713","targetHints":{"allow":["GET"]}}],"collection":[{"href":"https:\/\/www.czqunfa.com\/es\/wp-json\/wp\/v2\/product"}],"about":[{"href":"https:\/\/www.czqunfa.com\/es\/wp-json\/wp\/v2\/types\/product"}],"replies":[{"embeddable":true,"href":"https:\/\/www.czqunfa.com\/es\/wp-json\/wp\/v2\/comments?post=1713"}],"wp:featuredmedia":[{"embeddable":true,"href":"https:\/\/www.czqunfa.com\/es\/wp-json\/wp\/v2\/media\/1730"}],"wp:attachment":[{"href":"https:\/\/www.czqunfa.com\/es\/wp-json\/wp\/v2\/media?parent=1713"}],"wp:term":[{"taxonomy":"product_brand","embeddable":true,"href":"https:\/\/www.czqunfa.com\/es\/wp-json\/wp\/v2\/product_brand?post=1713"},{"taxonomy":"product_cat","embeddable":true,"href":"https:\/\/www.czqunfa.com\/es\/wp-json\/wp\/v2\/product_cat?post=1713"},{"taxonomy":"product_tag","embeddable":true,"href":"https:\/\/www.czqunfa.com\/es\/wp-json\/wp\/v2\/product_tag?post=1713"}],"curies":[{"name":"wp","href":"https:\/\/api.w.org\/{rel}","templated":true}]}}