{"id":1650,"date":"2026-01-30T02:36:53","date_gmt":"2026-01-30T02:36:53","guid":{"rendered":"https:\/\/www.czqunfa.com\/?post_type=product&#038;p=1650"},"modified":"2026-01-30T03:41:22","modified_gmt":"2026-01-30T03:41:22","slug":"custom-dinnerware-sets","status":"publish","type":"product","link":"https:\/\/www.czqunfa.com\/es\/producto\/custom-dinnerware-sets\/","title":{"rendered":"Vajilla Personalizada Flor de Campana, Vajilla de Cer\u00e1mica a Granel"},"content":{"rendered":"<div class=\"wp-block-columns is-layout-flex wp-container-core-columns-is-layout-9d6595d7 wp-block-columns-is-layout-flex\">\n<div class=\"wp-block-column is-layout-flow wp-block-column-is-layout-flow\">\n<h2 class=\"wp-block-heading\">Caracter\u00edsticas de las vajillas a medida<\/h2>\n\n\n\n<ul class=\"wp-block-list\">\n<li><strong>Dise\u00f1o cl\u00e1sico de flor de campana: <\/strong>Nuestros juegos de vajilla personalizados est\u00e1n dise\u00f1ados con un patr\u00f3n cl\u00e1sico de flor de campana, dise\u00f1o simple y cl\u00e1sico, perfecto para uso en restaurantes, fiestas, colecci\u00f3n minorista y mercado de regalos, con servicio OEM\/ODM.<\/li>\n\n\n\n<li><strong>Gres ecol\u00f3gico Material:<\/strong> Estas vajillas personalizadas se fabrican con materias primas minerales puras, naturales y no t\u00f3xicas, en consonancia con las tendencias medioambientales mundiales. Esto no solo favorece la imagen de la marca, sino que tambi\u00e9n satisface los requisitos de compra del mercado de productos ecol\u00f3gicos de gama alta.<\/li>\n\n\n\n<li><strong>Acabado extremadamente f\u00e1cil de limpiar:<\/strong> Nuestra vajilla de cer\u00e1mica al por mayor est\u00e1 dise\u00f1ada para cocinas modernas y servicios de catering. La superficie es densa y lisa, resistente a las manchas de aceite y a los olores, manteniendo un aspecto limpio y nuevo durante mucho tiempo. Todas las vajillas son aptas para lavavajillas, microondas y horno, lo que contribuye a reducir los costes de funcionamiento y mantenimiento.<\/li>\n\n\n\n<li><strong>Venta directa de f\u00e1brica y MOQ (1000):<\/strong> Ofrecemos vajillas de cer\u00e1mica al por mayor a precios competitivos, eliminando intermediarios. La personalizaci\u00f3n est\u00e1 disponible con un MOQ de 1000 piezas, apoyando el r\u00e1pido crecimiento de las marcas peque\u00f1as y medianas.<\/li>\n\n\n\n<li><strong>Tallas completas para juegos al por mayor:<\/strong> Estos juegos de vajilla personalizados est\u00e1n disponibles en cuencos, tazas y platos de varios tama\u00f1os. Esta vajilla de cer\u00e1mica es perfecta para envases a granel, paquetes de venta al por menor y soluciones de vajilla personalizadas.<\/li>\n<\/ul>\n<\/div>\n\n\n\n<div class=\"wp-block-column is-layout-flow wp-block-column-is-layout-flow\">\n<figure class=\"wp-block-image size-full\"><img decoding=\"async\" width=\"800\" height=\"800\" src=\"https:\/\/www.czqunfa.com\/wp-content\/uploads\/2026\/01\/bell-flower-custom-dinnerware-sets-bulk-ceramic-tableware-4.webp\" alt=\"bell-flower-vajilla a medida-vajilla de cer\u00e1mica a granel-4\" class=\"wp-image-1654\" srcset=\"https:\/\/www.czqunfa.com\/wp-content\/uploads\/2026\/01\/bell-flower-custom-dinnerware-sets-bulk-ceramic-tableware-4.webp 800w, https:\/\/www.czqunfa.com\/wp-content\/uploads\/2026\/01\/bell-flower-custom-dinnerware-sets-bulk-ceramic-tableware-4-300x300.webp 300w, https:\/\/www.czqunfa.com\/wp-content\/uploads\/2026\/01\/bell-flower-custom-dinnerware-sets-bulk-ceramic-tableware-4-150x150.webp 150w, https:\/\/www.czqunfa.com\/wp-content\/uploads\/2026\/01\/bell-flower-custom-dinnerware-sets-bulk-ceramic-tableware-4-768x768.webp 768w, https:\/\/www.czqunfa.com\/wp-content\/uploads\/2026\/01\/bell-flower-custom-dinnerware-sets-bulk-ceramic-tableware-4-12x12.webp 12w, https:\/\/www.czqunfa.com\/wp-content\/uploads\/2026\/01\/bell-flower-custom-dinnerware-sets-bulk-ceramic-tableware-4-600x600.webp 600w, https:\/\/www.czqunfa.com\/wp-content\/uploads\/2026\/01\/bell-flower-custom-dinnerware-sets-bulk-ceramic-tableware-4-100x100.webp 100w\" sizes=\"(max-width: 800px) 100vw, 800px\" \/><\/figure>\n<\/div>\n<\/div>\n\n\n\n<figure class=\"wp-block-gallery has-nested-images columns-default is-cropped wp-block-gallery-1 is-layout-flex wp-block-gallery-is-layout-flex\">\n<figure class=\"wp-block-image size-full\"><img decoding=\"async\" width=\"800\" height=\"800\" data-id=\"1652\" src=\"https:\/\/www.czqunfa.com\/wp-content\/uploads\/2026\/01\/bell-flower-custom-dinnerware-sets-bulk-ceramic-tableware-2.webp\" alt=\"bell-flower-vajilla a medida-vajilla de cer\u00e1mica a granel-2\" class=\"wp-image-1652\" srcset=\"https:\/\/www.czqunfa.com\/wp-content\/uploads\/2026\/01\/bell-flower-custom-dinnerware-sets-bulk-ceramic-tableware-2.webp 800w, https:\/\/www.czqunfa.com\/wp-content\/uploads\/2026\/01\/bell-flower-custom-dinnerware-sets-bulk-ceramic-tableware-2-300x300.webp 300w, https:\/\/www.czqunfa.com\/wp-content\/uploads\/2026\/01\/bell-flower-custom-dinnerware-sets-bulk-ceramic-tableware-2-150x150.webp 150w, https:\/\/www.czqunfa.com\/wp-content\/uploads\/2026\/01\/bell-flower-custom-dinnerware-sets-bulk-ceramic-tableware-2-768x768.webp 768w, https:\/\/www.czqunfa.com\/wp-content\/uploads\/2026\/01\/bell-flower-custom-dinnerware-sets-bulk-ceramic-tableware-2-12x12.webp 12w, https:\/\/www.czqunfa.com\/wp-content\/uploads\/2026\/01\/bell-flower-custom-dinnerware-sets-bulk-ceramic-tableware-2-600x600.webp 600w, https:\/\/www.czqunfa.com\/wp-content\/uploads\/2026\/01\/bell-flower-custom-dinnerware-sets-bulk-ceramic-tableware-2-100x100.webp 100w\" sizes=\"(max-width: 800px) 100vw, 800px\" \/><\/figure>\n\n\n\n<figure class=\"wp-block-image size-full\"><img decoding=\"async\" width=\"800\" height=\"800\" data-id=\"1656\" src=\"https:\/\/www.czqunfa.com\/wp-content\/uploads\/2026\/01\/bell-flower-custom-dinnerware-sets-bulk-ceramic-tableware-6.webp\" alt=\"bell-flower-vajilla a medida-vajilla de cer\u00e1mica a granel-6\" class=\"wp-image-1656\" srcset=\"https:\/\/www.czqunfa.com\/wp-content\/uploads\/2026\/01\/bell-flower-custom-dinnerware-sets-bulk-ceramic-tableware-6.webp 800w, https:\/\/www.czqunfa.com\/wp-content\/uploads\/2026\/01\/bell-flower-custom-dinnerware-sets-bulk-ceramic-tableware-6-300x300.webp 300w, https:\/\/www.czqunfa.com\/wp-content\/uploads\/2026\/01\/bell-flower-custom-dinnerware-sets-bulk-ceramic-tableware-6-150x150.webp 150w, https:\/\/www.czqunfa.com\/wp-content\/uploads\/2026\/01\/bell-flower-custom-dinnerware-sets-bulk-ceramic-tableware-6-768x768.webp 768w, https:\/\/www.czqunfa.com\/wp-content\/uploads\/2026\/01\/bell-flower-custom-dinnerware-sets-bulk-ceramic-tableware-6-12x12.webp 12w, https:\/\/www.czqunfa.com\/wp-content\/uploads\/2026\/01\/bell-flower-custom-dinnerware-sets-bulk-ceramic-tableware-6-600x600.webp 600w, https:\/\/www.czqunfa.com\/wp-content\/uploads\/2026\/01\/bell-flower-custom-dinnerware-sets-bulk-ceramic-tableware-6-100x100.webp 100w\" sizes=\"(max-width: 800px) 100vw, 800px\" \/><\/figure>\n<\/figure>\n\n\n\n<p><\/p>","protected":false},"excerpt":{"rendered":"<p>Bienvenido a comprar nuestros juegos de vajilla personalizados con un patr\u00f3n cl\u00e1sico de flor de campana, hechos de gres de alta calidad. Esta vajilla de cer\u00e1mica al por mayor est\u00e1 dise\u00f1ada para fiestas de alto nivel y restaurantes modernos, garantizando la resistencia al calor y al fr\u00edo y el pleno cumplimiento de las normas de seguridad para lavavajillas, microondas y horno. Disponemos de varios tama\u00f1os y de servicios de personalizaci\u00f3n OEM\/ODM para compras al por mayor.<\/p>\n<h2>Vajillas a medida Par\u00e1metros<\/h2>\n<table width=\"328\">\n<tbody>\n<tr>\n<td width=\"116\">Fabricante<\/td>\n<td width=\"211\">QUNFA<\/td>\n<\/tr>\n<tr>\n<td width=\"116\">Tipo de producto<\/td>\n<td width=\"211\">Juego de vajilla<\/td>\n<\/tr>\n<tr>\n<td width=\"116\">N.\u00ba de modelo.<\/td>\n<td width=\"211\">2236-17\u00a0<\/td>\n<\/tr>\n<tr>\n<td width=\"116\">Material<\/td>\n<td width=\"211\">Gres<\/td>\n<\/tr>\n<tr>\n<td width=\"116\">Color<\/td>\n<td width=\"211\">Personalizado<\/td>\n<\/tr>\n<tr>\n<td width=\"116\">Dimensi\u00f3n<\/td>\n<td width=\"211\">5.6\u2033 cuenco redondo:14.3*14.3*6.7cm<br \/>5.6\u2033 taza redonda:14.5*11*10.7cm<br \/>Plato de cer\u00e1mica de 8\u201d:20.3*20.3*1.9cm<br \/>10.5\u201d plato de cer\u00e1mica:26.7*26.7*3.5cm<\/td>\n<\/tr>\n<tr>\n<td width=\"116\">Patr\u00f3n<\/td>\n<td width=\"211\">Flor de campana<\/td>\n<\/tr>\n<tr>\n<td width=\"116\">Cantidad m\u00ednima de pedido<\/td>\n<td width=\"211\">1000 unidades<\/td>\n<\/tr>\n<tr>\n<td width=\"116\">Personalizado<\/td>\n<td width=\"211\">Color\/Tama\u00f1o\/Logotipo\/Embalaje\/Forma<\/td>\n<\/tr>\n<\/tbody>\n<\/table>","protected":false},"featured_media":1651,"comment_status":"closed","ping_status":"closed","template":"","meta":{"_acf_changed":false},"product_brand":[],"product_cat":[20,25],"product_tag":[],"class_list":{"0":"post-1650","1":"product","2":"type-product","3":"status-publish","4":"has-post-thumbnail","6":"product_cat-dinnerware-supplier","7":"product_cat-dinner-set-supplier","9":"first","10":"instock","11":"shipping-taxable","12":"product-type-simple"},"acf":[],"_links":{"self":[{"href":"https:\/\/www.czqunfa.com\/es\/wp-json\/wp\/v2\/product\/1650","targetHints":{"allow":["GET"]}}],"collection":[{"href":"https:\/\/www.czqunfa.com\/es\/wp-json\/wp\/v2\/product"}],"about":[{"href":"https:\/\/www.czqunfa.com\/es\/wp-json\/wp\/v2\/types\/product"}],"replies":[{"embeddable":true,"href":"https:\/\/www.czqunfa.com\/es\/wp-json\/wp\/v2\/comments?post=1650"}],"wp:featuredmedia":[{"embeddable":true,"href":"https:\/\/www.czqunfa.com\/es\/wp-json\/wp\/v2\/media\/1651"}],"wp:attachment":[{"href":"https:\/\/www.czqunfa.com\/es\/wp-json\/wp\/v2\/media?parent=1650"}],"wp:term":[{"taxonomy":"product_brand","embeddable":true,"href":"https:\/\/www.czqunfa.com\/es\/wp-json\/wp\/v2\/product_brand?post=1650"},{"taxonomy":"product_cat","embeddable":true,"href":"https:\/\/www.czqunfa.com\/es\/wp-json\/wp\/v2\/product_cat?post=1650"},{"taxonomy":"product_tag","embeddable":true,"href":"https:\/\/www.czqunfa.com\/es\/wp-json\/wp\/v2\/product_tag?post=1650"}],"curies":[{"name":"wp","href":"https:\/\/api.w.org\/{rel}","templated":true}]}}