{"id":1642,"date":"2026-01-30T01:56:40","date_gmt":"2026-01-30T01:56:40","guid":{"rendered":"https:\/\/www.czqunfa.com\/?post_type=product&#038;p=1642"},"modified":"2026-01-30T01:56:41","modified_gmt":"2026-01-30T01:56:41","slug":"restaurant-supply-dinnerware-sets","status":"publish","type":"product","link":"https:\/\/www.czqunfa.com\/es\/producto\/restaurant-supply-dinnerware-sets\/","title":{"rendered":"Vajilla para restaurante Relief Series, apta para horno"},"content":{"rendered":"<div class=\"wp-block-columns is-layout-flex wp-container-core-columns-is-layout-9d6595d7 wp-block-columns-is-layout-flex\">\n<div class=\"wp-block-column is-layout-flow wp-block-column-is-layout-flow\">\n<h2 class=\"wp-block-heading\">Caracter\u00edsticas de las Vajillas Restaurant Supply<\/h2>\n\n\n\n<ul class=\"wp-block-list\">\n<li><strong>Dise\u00f1o de jacquard en relieve con tem\u00e1tica forestal: <\/strong>Estas vajillas para restaurantes han sido cuidadosamente dise\u00f1adas con capas t\u00e1ctiles y motivos de bosques naturales en relieve para mejorar la experiencia gastron\u00f3mica. Funcionan bien para restaurantes, minoristas y proyectos de personalizaci\u00f3n de regalos que busquen diferenciaci\u00f3n y reconocimiento de marca.<\/li>\n\n\n\n<li><strong>Colecci\u00f3n:<\/strong> Esta colecci\u00f3n de vajillas para restaurantes incluye un plato rectangular extragrande de 17\u2033 (perfecto para grandes bandejas de marisco o catering para fiestas), cuencos con base, jarras de zumo, mantequeras y tarros de almacenamiento, que proporcionan una soluci\u00f3n integral para las necesidades de vajilla. Ideal para la compra al por mayor en hosteler\u00eda.<\/li>\n\n\n\n<li><strong>Caja fuerte de tres v\u00edas:<\/strong> Estas vajillas para restaurantes ofrecen una excelente estabilidad f\u00edsica y son totalmente compatibles con lavavajillas, microondas y hornos. Su resistencia al calor y al fr\u00edo garantiza su durabilidad en los entornos comerciales m\u00e1s exigentes.<\/li>\n\n\n\n<li><strong>F\u00e1cil de limpiar:<\/strong> La suave y delicada superficie esmaltada de esta vajilla al por mayor apta para horno impide que se adhieran el aceite y las manchas de comida, por lo que su limpieza resulta f\u00e1cil e higi\u00e9nica. Cumple los requisitos del sector de la restauraci\u00f3n en cuanto a eficacia de limpieza y seguridad alimentaria.<\/li>\n\n\n\n<li><strong>Control de calidad de las exportaciones maduras:<\/strong> Cada pieza de vajilla gofrada se somete a un riguroso proceso de control de calidad para garantizar la claridad del dibujo y la integridad estructural, lo que reduce los riesgos de calidad en el comercio a gran escala. Los precios directos de f\u00e1brica garantizan su competitividad en el mercado y sus m\u00e1rgenes de beneficio.<\/li>\n<\/ul>\n<\/div>\n\n\n\n<div class=\"wp-block-column is-layout-flow wp-block-column-is-layout-flow\">\n<figure class=\"wp-block-image size-full\"><img decoding=\"async\" width=\"800\" height=\"800\" src=\"https:\/\/www.czqunfa.com\/wp-content\/uploads\/2026\/01\/relief-series-restaurant-supply-dinnerware-sets-oven-safe-6.webp\" alt=\"relief-series-servicios de restaurante-vajillas-seguras para horno-6\" class=\"wp-image-1648\" srcset=\"https:\/\/www.czqunfa.com\/wp-content\/uploads\/2026\/01\/relief-series-restaurant-supply-dinnerware-sets-oven-safe-6.webp 800w, https:\/\/www.czqunfa.com\/wp-content\/uploads\/2026\/01\/relief-series-restaurant-supply-dinnerware-sets-oven-safe-6-300x300.webp 300w, https:\/\/www.czqunfa.com\/wp-content\/uploads\/2026\/01\/relief-series-restaurant-supply-dinnerware-sets-oven-safe-6-150x150.webp 150w, https:\/\/www.czqunfa.com\/wp-content\/uploads\/2026\/01\/relief-series-restaurant-supply-dinnerware-sets-oven-safe-6-768x768.webp 768w, https:\/\/www.czqunfa.com\/wp-content\/uploads\/2026\/01\/relief-series-restaurant-supply-dinnerware-sets-oven-safe-6-12x12.webp 12w, https:\/\/www.czqunfa.com\/wp-content\/uploads\/2026\/01\/relief-series-restaurant-supply-dinnerware-sets-oven-safe-6-600x600.webp 600w, https:\/\/www.czqunfa.com\/wp-content\/uploads\/2026\/01\/relief-series-restaurant-supply-dinnerware-sets-oven-safe-6-100x100.webp 100w\" sizes=\"(max-width: 800px) 100vw, 800px\" \/><\/figure>\n<\/div>\n<\/div>\n\n\n\n<figure class=\"wp-block-gallery has-nested-images columns-default is-cropped wp-block-gallery-1 is-layout-flex wp-block-gallery-is-layout-flex\">\n<figure class=\"wp-block-image size-full\"><img decoding=\"async\" width=\"800\" height=\"800\" data-id=\"1645\" src=\"https:\/\/www.czqunfa.com\/wp-content\/uploads\/2026\/01\/relief-series-restaurant-supply-dinnerware-sets-oven-safe-3.webp\" alt=\"relief-series-servicios de restaurante-vajillas-seguras para horno-3\" class=\"wp-image-1645\" srcset=\"https:\/\/www.czqunfa.com\/wp-content\/uploads\/2026\/01\/relief-series-restaurant-supply-dinnerware-sets-oven-safe-3.webp 800w, https:\/\/www.czqunfa.com\/wp-content\/uploads\/2026\/01\/relief-series-restaurant-supply-dinnerware-sets-oven-safe-3-300x300.webp 300w, https:\/\/www.czqunfa.com\/wp-content\/uploads\/2026\/01\/relief-series-restaurant-supply-dinnerware-sets-oven-safe-3-150x150.webp 150w, https:\/\/www.czqunfa.com\/wp-content\/uploads\/2026\/01\/relief-series-restaurant-supply-dinnerware-sets-oven-safe-3-768x768.webp 768w, https:\/\/www.czqunfa.com\/wp-content\/uploads\/2026\/01\/relief-series-restaurant-supply-dinnerware-sets-oven-safe-3-12x12.webp 12w, https:\/\/www.czqunfa.com\/wp-content\/uploads\/2026\/01\/relief-series-restaurant-supply-dinnerware-sets-oven-safe-3-600x600.webp 600w, https:\/\/www.czqunfa.com\/wp-content\/uploads\/2026\/01\/relief-series-restaurant-supply-dinnerware-sets-oven-safe-3-100x100.webp 100w\" sizes=\"(max-width: 800px) 100vw, 800px\" \/><\/figure>\n\n\n\n<figure class=\"wp-block-image size-full\"><img decoding=\"async\" width=\"800\" height=\"800\" data-id=\"1643\" src=\"https:\/\/www.czqunfa.com\/wp-content\/uploads\/2026\/01\/relief-series-restaurant-supply-dinnerware-sets-oven-safe-1.webp\" alt=\"relief-series-restaurant-supply-dinnerware-sets-oven-safe-1\" class=\"wp-image-1643\" srcset=\"https:\/\/www.czqunfa.com\/wp-content\/uploads\/2026\/01\/relief-series-restaurant-supply-dinnerware-sets-oven-safe-1.webp 800w, https:\/\/www.czqunfa.com\/wp-content\/uploads\/2026\/01\/relief-series-restaurant-supply-dinnerware-sets-oven-safe-1-300x300.webp 300w, https:\/\/www.czqunfa.com\/wp-content\/uploads\/2026\/01\/relief-series-restaurant-supply-dinnerware-sets-oven-safe-1-150x150.webp 150w, https:\/\/www.czqunfa.com\/wp-content\/uploads\/2026\/01\/relief-series-restaurant-supply-dinnerware-sets-oven-safe-1-768x768.webp 768w, https:\/\/www.czqunfa.com\/wp-content\/uploads\/2026\/01\/relief-series-restaurant-supply-dinnerware-sets-oven-safe-1-12x12.webp 12w, https:\/\/www.czqunfa.com\/wp-content\/uploads\/2026\/01\/relief-series-restaurant-supply-dinnerware-sets-oven-safe-1-600x600.webp 600w, https:\/\/www.czqunfa.com\/wp-content\/uploads\/2026\/01\/relief-series-restaurant-supply-dinnerware-sets-oven-safe-1-100x100.webp 100w\" sizes=\"(max-width: 800px) 100vw, 800px\" \/><\/figure>\n<\/figure>\n\n\n\n<p><\/p>","protected":false},"excerpt":{"rendered":"<p>Bienvenido a comprar nuestros juegos de vajilla de suministro de restaurante de la serie de relieve del bosque, hechos a mano de gres de alta calidad, dise\u00f1ados para restaurantes conscientes de la calidad y los mercados dom\u00e9sticos. Qunfa Ceramics ofrece servicios personalizados para varios tama\u00f1os, incluyendo platos grandes de 17\u2033 y jarras de zumo, ayudando a los mayoristas globales a crear series de marca \u00fanicas y competitivas.<\/p>\n<h2>Restaurant Supply Vajillas Par\u00e1metros<\/h2>\n<table width=\"328\">\n<tbody>\n<tr>\n<td width=\"116\">Fabricante<\/td>\n<td width=\"211\">QUNFA<\/td>\n<\/tr>\n<tr>\n<td width=\"116\">Tipo de producto<\/td>\n<td>Juego de vajilla<\/td>\n<\/tr>\n<tr>\n<td width=\"116\">N.\u00ba de modelo.<\/td>\n<td width=\"211\">\u00a023-2641<\/td>\n<\/tr>\n<tr>\n<td width=\"116\">Material<\/td>\n<td width=\"211\">Gres<\/td>\n<\/tr>\n<tr>\n<td width=\"116\">Color<\/td>\n<td width=\"211\">Blanco<\/td>\n<\/tr>\n<tr>\n<td width=\"116\">Dimensi\u00f3n<\/td>\n<td width=\"211\">17\u2033placa:43.6*18.7*5cm 1772g<br \/>Bosque en relieve con pie cuenco:22*22*12.8cm 1439g<br \/>Tolva de zumo en relieve forestal :18.5*10*13.5cm<br \/>Jar:Body:10.8*10.8*15.2cm Lid:10.8*10.8*3.5cm<br \/>Cuerpo del azucarero: 10.8*10.8*3.5cm Tapa:5.5*5.5*4.2cm<br \/>Taza de leche: 14*9.2*10.5cm<br \/>Tapa de mantequilla 18.4*8.9*8.5cm Mantequera: 21*11.4*2.5cm<\/td>\n<\/tr>\n<tr>\n<td width=\"116\">Cantidad m\u00ednima de pedido<\/td>\n<td width=\"211\">1000 unidades<\/td>\n<\/tr>\n<tr>\n<td width=\"116\">Personalizado<\/td>\n<td width=\"211\">Color\/Tama\u00f1o\/Logotipo\/Embalaje\/Forma<\/td>\n<\/tr>\n<\/tbody>\n<\/table>","protected":false},"featured_media":1649,"comment_status":"closed","ping_status":"closed","template":"","meta":{"_acf_changed":false},"product_brand":[],"product_cat":[20,25],"product_tag":[],"class_list":{"0":"post-1642","1":"product","2":"type-product","3":"status-publish","4":"has-post-thumbnail","6":"product_cat-dinnerware-supplier","7":"product_cat-dinner-set-supplier","9":"first","10":"instock","11":"shipping-taxable","12":"product-type-simple"},"acf":[],"_links":{"self":[{"href":"https:\/\/www.czqunfa.com\/es\/wp-json\/wp\/v2\/product\/1642","targetHints":{"allow":["GET"]}}],"collection":[{"href":"https:\/\/www.czqunfa.com\/es\/wp-json\/wp\/v2\/product"}],"about":[{"href":"https:\/\/www.czqunfa.com\/es\/wp-json\/wp\/v2\/types\/product"}],"replies":[{"embeddable":true,"href":"https:\/\/www.czqunfa.com\/es\/wp-json\/wp\/v2\/comments?post=1642"}],"wp:featuredmedia":[{"embeddable":true,"href":"https:\/\/www.czqunfa.com\/es\/wp-json\/wp\/v2\/media\/1649"}],"wp:attachment":[{"href":"https:\/\/www.czqunfa.com\/es\/wp-json\/wp\/v2\/media?parent=1642"}],"wp:term":[{"taxonomy":"product_brand","embeddable":true,"href":"https:\/\/www.czqunfa.com\/es\/wp-json\/wp\/v2\/product_brand?post=1642"},{"taxonomy":"product_cat","embeddable":true,"href":"https:\/\/www.czqunfa.com\/es\/wp-json\/wp\/v2\/product_cat?post=1642"},{"taxonomy":"product_tag","embeddable":true,"href":"https:\/\/www.czqunfa.com\/es\/wp-json\/wp\/v2\/product_tag?post=1642"}],"curies":[{"name":"wp","href":"https:\/\/api.w.org\/{rel}","templated":true}]}}