{"id":1591,"date":"2026-02-02T06:40:00","date_gmt":"2026-02-02T06:40:00","guid":{"rendered":"https:\/\/www.czqunfa.com\/?post_type=product&#038;p=1591"},"modified":"2026-02-02T06:40:05","modified_gmt":"2026-02-02T06:40:05","slug":"custom-printed-ceramic-plates","status":"publish","type":"product","link":"https:\/\/www.czqunfa.com\/es\/producto\/custom-printed-ceramic-plates\/","title":{"rendered":"Platos de Cer\u00e1mica Impresos a Medida, Plato Pintado a Mano Mariposa"},"content":{"rendered":"<div class=\"wp-block-columns is-layout-flex wp-container-core-columns-is-layout-9d6595d7 wp-block-columns-is-layout-flex\">\n<div class=\"wp-block-column is-layout-flow wp-block-column-is-layout-flow\">\n<h2 class=\"wp-block-heading\">Caracter\u00edsticas de las placas cer\u00e1micas impresas a medida<\/h2>\n\n\n\n<p><strong>Productos de gres de alta calidad:<\/strong> Estos platos de cer\u00e1mica con impresi\u00f3n personalizada est\u00e1n fabricados en gres de alta calidad y se cuecen a altas temperaturas, por lo que presentan una excelente resistencia a los golpes y al desgaste. Son adecuados para situaciones de uso frecuente en hoteles, grupos de restauraci\u00f3n, etc.<\/p>\n\n\n\n<p><strong>Dise\u00f1o art\u00edstico:<\/strong> Estos platos de cer\u00e1mica impresos a medida est\u00e1n dibujados a mano con motivos de mariposas por artesanos. Los colores de los motivos son permanentes y la superficie es lisa y no t\u00f3xica, por lo que cumple las normas de seguridad para el contacto con alimentos.<\/p>\n\n\n\n<p><strong>Servicio a medida:<\/strong> Estos platos de cer\u00e1mica impresos a medida admiten la personalizaci\u00f3n de logotipos y motivos dibujados a mano, creando una serie de productos \u00fanicos para usted.<\/p>\n\n\n\n<p><strong>Dise\u00f1o de esmalte liso y f\u00e1cil limpieza:<\/strong> Nuestros platos de cer\u00e1mica al por mayor resistentes a altas temperaturas presentan un dise\u00f1o de esmalte de alta calidad, con un tacto suave, que evita eficazmente las manchas y los residuos de aceite, y son f\u00e1ciles de limpiar.<\/p>\n\n\n\n<p><strong>Funciones de uso:<\/strong> Los platos de cer\u00e1mica al por mayor pueden calentarse en el microondas y lavarse en el lavavajillas. Son seguros en el frigor\u00edfico. Se recomienda evitar las operaciones bruscas de enfriamiento y calentamiento, que pueden mantener mejor el producto.<\/p>\n<\/div>\n\n\n\n<div class=\"wp-block-column is-layout-flow wp-block-column-is-layout-flow\">\n<figure class=\"wp-block-image size-full\"><img decoding=\"async\" width=\"1000\" height=\"1000\" src=\"https:\/\/www.czqunfa.com\/wp-content\/uploads\/2026\/01\/ceramic-plate-1.webp\" alt=\"placas ceramicas impresas a medida-placa pintada a mano mariposa-2\" class=\"wp-image-1600\" srcset=\"https:\/\/www.czqunfa.com\/wp-content\/uploads\/2026\/01\/ceramic-plate-1.webp 1000w, https:\/\/www.czqunfa.com\/wp-content\/uploads\/2026\/01\/ceramic-plate-1-300x300.webp 300w, https:\/\/www.czqunfa.com\/wp-content\/uploads\/2026\/01\/ceramic-plate-1-150x150.webp 150w, https:\/\/www.czqunfa.com\/wp-content\/uploads\/2026\/01\/ceramic-plate-1-768x768.webp 768w, https:\/\/www.czqunfa.com\/wp-content\/uploads\/2026\/01\/ceramic-plate-1-12x12.webp 12w, https:\/\/www.czqunfa.com\/wp-content\/uploads\/2026\/01\/ceramic-plate-1-600x600.webp 600w, https:\/\/www.czqunfa.com\/wp-content\/uploads\/2026\/01\/ceramic-plate-1-100x100.webp 100w\" sizes=\"(max-width: 1000px) 100vw, 1000px\" \/><\/figure>\n<\/div>\n<\/div>\n\n\n\n<div class=\"wp-block-columns is-layout-flex wp-container-core-columns-is-layout-9d6595d7 wp-block-columns-is-layout-flex\">\n<div class=\"wp-block-column is-layout-flow wp-block-column-is-layout-flow\">\n<figure class=\"wp-block-image size-full\"><img decoding=\"async\" width=\"1000\" height=\"1000\" src=\"https:\/\/www.czqunfa.com\/wp-content\/uploads\/2026\/01\/ceramic-plate-2.webp\" alt=\"placa cer\u00e1mica-mayorista-3\" class=\"wp-image-1601\" srcset=\"https:\/\/www.czqunfa.com\/wp-content\/uploads\/2026\/01\/ceramic-plate-2.webp 1000w, https:\/\/www.czqunfa.com\/wp-content\/uploads\/2026\/01\/ceramic-plate-2-300x300.webp 300w, https:\/\/www.czqunfa.com\/wp-content\/uploads\/2026\/01\/ceramic-plate-2-150x150.webp 150w, https:\/\/www.czqunfa.com\/wp-content\/uploads\/2026\/01\/ceramic-plate-2-768x768.webp 768w, https:\/\/www.czqunfa.com\/wp-content\/uploads\/2026\/01\/ceramic-plate-2-12x12.webp 12w, https:\/\/www.czqunfa.com\/wp-content\/uploads\/2026\/01\/ceramic-plate-2-600x600.webp 600w, https:\/\/www.czqunfa.com\/wp-content\/uploads\/2026\/01\/ceramic-plate-2-100x100.webp 100w\" sizes=\"(max-width: 1000px) 100vw, 1000px\" \/><\/figure>\n<\/div>\n\n\n\n<div class=\"wp-block-column is-layout-flow wp-block-column-is-layout-flow\">\n<figure class=\"wp-block-image size-full\"><img decoding=\"async\" width=\"1000\" height=\"1000\" src=\"https:\/\/www.czqunfa.com\/wp-content\/uploads\/2026\/01\/ceramic-plate-5.webp\" alt=\"placa cer\u00e1mica-mayorista-6\" class=\"wp-image-1604\" srcset=\"https:\/\/www.czqunfa.com\/wp-content\/uploads\/2026\/01\/ceramic-plate-5.webp 1000w, https:\/\/www.czqunfa.com\/wp-content\/uploads\/2026\/01\/ceramic-plate-5-300x300.webp 300w, https:\/\/www.czqunfa.com\/wp-content\/uploads\/2026\/01\/ceramic-plate-5-150x150.webp 150w, https:\/\/www.czqunfa.com\/wp-content\/uploads\/2026\/01\/ceramic-plate-5-768x768.webp 768w, https:\/\/www.czqunfa.com\/wp-content\/uploads\/2026\/01\/ceramic-plate-5-12x12.webp 12w, https:\/\/www.czqunfa.com\/wp-content\/uploads\/2026\/01\/ceramic-plate-5-600x600.webp 600w, https:\/\/www.czqunfa.com\/wp-content\/uploads\/2026\/01\/ceramic-plate-5-100x100.webp 100w\" sizes=\"(max-width: 1000px) 100vw, 1000px\" \/><\/figure>\n<\/div>\n<\/div>\n\n\n\n<p><\/p>","protected":false},"excerpt":{"rendered":"<p>Le invitamos a adquirir nuestros platos de cer\u00e1mica impresos personalizados con motivos de mariposas. Los patrones dibujados a mano se crean utilizando esmaltes de alta calidad y luego se cuecen en un horno, lo que resulta en una superficie lisa y no t\u00f3xica que cumple con las normas de seguridad de contacto con alimentos. La calidad de nuestro producto se mantiene constante, siendo seguro, fiable y duradero. Es f\u00e1cil de limpiar y puede personalizarse para reflejar su imagen de marca.<\/p>\n<h2><strong>Par\u00e1metros de las placas cer\u00e1micas impresas a medida<\/strong><\/h2>\n<table width=\"534\">\n<tbody>\n<tr>\n<td width=\"116\">Fabricante<\/td>\n<td width=\"211\">QUNFA<\/td>\n<\/tr>\n<tr>\n<td width=\"116\">Tipo de producto<\/td>\n<td>Placa cer\u00e1mica<\/td>\n<\/tr>\n<tr>\n<td width=\"116\">N.\u00ba de modelo.<\/td>\n<td width=\"211\">2237-32\/2238-33<\/td>\n<\/tr>\n<tr>\n<td width=\"116\">Material<\/td>\n<td width=\"211\">Gres<\/td>\n<\/tr>\n<tr>\n<td width=\"116\">Patr\u00f3n<\/td>\n<td width=\"211\">Mariposa bordada a mano con borde azul<\/td>\n<\/tr>\n<tr>\n<td width=\"116\">Dimensi\u00f3n<\/td>\n<td width=\"211\">10.5\u2033plate(2237-32):26.2\u00d726.2\u00d73.5cm<br \/>8\u2033plate(2238-33):20x20x2cm<\/td>\n<\/tr>\n<tr>\n<td width=\"116\">Cantidad m\u00ednima de pedido<\/td>\n<td width=\"211\">1000 unidades<\/td>\n<\/tr>\n<tr>\n<td width=\"116\">Personalizado<\/td>\n<td width=\"211\">Color\/Tama\u00f1o\/Logotipo\/Embalaje\/Forma<\/td>\n<\/tr>\n<\/tbody>\n<\/table>","protected":false},"featured_media":1599,"comment_status":"closed","ping_status":"closed","template":"","meta":{"_acf_changed":false},"product_brand":[],"product_cat":[34,20],"product_tag":[],"class_list":{"0":"post-1591","1":"product","2":"type-product","3":"status-publish","4":"has-post-thumbnail","6":"product_cat-dinnerware-plates-wholesale","7":"product_cat-dinnerware-supplier","9":"first","10":"instock","11":"shipping-taxable","12":"product-type-simple"},"acf":[],"_links":{"self":[{"href":"https:\/\/www.czqunfa.com\/es\/wp-json\/wp\/v2\/product\/1591","targetHints":{"allow":["GET"]}}],"collection":[{"href":"https:\/\/www.czqunfa.com\/es\/wp-json\/wp\/v2\/product"}],"about":[{"href":"https:\/\/www.czqunfa.com\/es\/wp-json\/wp\/v2\/types\/product"}],"replies":[{"embeddable":true,"href":"https:\/\/www.czqunfa.com\/es\/wp-json\/wp\/v2\/comments?post=1591"}],"wp:featuredmedia":[{"embeddable":true,"href":"https:\/\/www.czqunfa.com\/es\/wp-json\/wp\/v2\/media\/1599"}],"wp:attachment":[{"href":"https:\/\/www.czqunfa.com\/es\/wp-json\/wp\/v2\/media?parent=1591"}],"wp:term":[{"taxonomy":"product_brand","embeddable":true,"href":"https:\/\/www.czqunfa.com\/es\/wp-json\/wp\/v2\/product_brand?post=1591"},{"taxonomy":"product_cat","embeddable":true,"href":"https:\/\/www.czqunfa.com\/es\/wp-json\/wp\/v2\/product_cat?post=1591"},{"taxonomy":"product_tag","embeddable":true,"href":"https:\/\/www.czqunfa.com\/es\/wp-json\/wp\/v2\/product_tag?post=1591"}],"curies":[{"name":"wp","href":"https:\/\/api.w.org\/{rel}","templated":true}]}}