{"id":1578,"date":"2026-01-24T06:24:35","date_gmt":"2026-01-24T06:24:35","guid":{"rendered":"https:\/\/www.czqunfa.com\/?post_type=product&#038;p=1578"},"modified":"2026-01-24T06:24:37","modified_gmt":"2026-01-24T06:24:37","slug":"wholesale-ceramic-planters","status":"publish","type":"product","link":"https:\/\/www.czqunfa.com\/es\/producto\/wholesale-ceramic-planters\/","title":{"rendered":"Jardineras de cer\u00e1mica al por mayor de primera calidad con elegante marco de hierro"},"content":{"rendered":"<div class=\"wp-block-columns is-layout-flex wp-container-core-columns-is-layout-9d6595d7 wp-block-columns-is-layout-flex\">\n<div class=\"wp-block-column is-layout-flow wp-block-column-is-layout-flow\">\n<h2 class=\"wp-block-heading\">Caracter\u00edsticas de las macetas de cer\u00e1mica al por mayor<\/h2>\n\n\n\n<ul class=\"wp-block-list\">\n<li><strong>Gres de alta calidad:<\/strong> Estas macetas de cer\u00e1mica al por mayor est\u00e1n hechas de gres grueso, que soporta muy bien el calor y el fr\u00edo. Son aptas tanto para interiores como para exteriores, y se adaptan a diferentes tipos de entornos de exposici\u00f3n de plantas verdes.<\/li>\n\n\n\n<li><strong>Elegante marco de hierro:<\/strong> Estas macetas de cer\u00e1mica al por mayor vienen con un marco de metal dise\u00f1ado a medida. El acabado negro mate contrasta perfectamente con el esmalte liso, mejorando el atractivo visual y a\u00f1adiendo una est\u00e9tica moderna.<\/li>\n\n\n\n<li><strong>Acabado esmaltado superior:<\/strong> Estas macetas de jard\u00edn a granel est\u00e1n acabadas con un esmalte blanco de alta calidad, que les confiere un aspecto muy limpio y vibrante. Su superficie sedosa es muy hidr\u00f3foba, lo que permite limpiarla f\u00e1cilmente y utilizarla con frecuencia en hogares y comercios sin que pierda brillo.<\/li>\n\n\n\n<li><strong>M\u00faltiples tama\u00f1os y combinaciones disponibles: <\/strong>Estas macetas de jard\u00edn a granel pueden combinarse en serie con distintos tama\u00f1os o alturas, lo que permite a los clientes venderlas f\u00e1cilmente en lotes o como parte de un proyecto, aumentando el valor medio del pedido y la competitividad general del proyecto.<\/li>\n\n\n\n<li><strong>Directo de f\u00e1brica y MOQ bajo: <\/strong>Estas macetas de cer\u00e1mica al por mayor se suministran directamente desde f\u00e1brica, ofreciendo precios altamente competitivos. La cantidad m\u00ednima de pedido es de s\u00f3lo 1000 piezas, por lo que es ideal para mayoristas, marcas de muebles para el hogar y canales de regalo.<\/li>\n<\/ul>\n<\/div>\n\n\n\n<div class=\"wp-block-column is-layout-flow wp-block-column-is-layout-flow\">\n<figure class=\"wp-block-image size-full\"><img decoding=\"async\" width=\"1000\" height=\"1000\" src=\"https:\/\/www.czqunfa.com\/wp-content\/uploads\/2026\/01\/premium-wholesale-ceramic-planters-with-elegant-iron-frame-2.webp\" alt=\"jardineras-ceramica-mayor-precio-con-marco-de-hierro-elegante-2\" class=\"wp-image-1585\" srcset=\"https:\/\/www.czqunfa.com\/wp-content\/uploads\/2026\/01\/premium-wholesale-ceramic-planters-with-elegant-iron-frame-2.webp 1000w, https:\/\/www.czqunfa.com\/wp-content\/uploads\/2026\/01\/premium-wholesale-ceramic-planters-with-elegant-iron-frame-2-300x300.webp 300w, https:\/\/www.czqunfa.com\/wp-content\/uploads\/2026\/01\/premium-wholesale-ceramic-planters-with-elegant-iron-frame-2-150x150.webp 150w, https:\/\/www.czqunfa.com\/wp-content\/uploads\/2026\/01\/premium-wholesale-ceramic-planters-with-elegant-iron-frame-2-768x768.webp 768w, https:\/\/www.czqunfa.com\/wp-content\/uploads\/2026\/01\/premium-wholesale-ceramic-planters-with-elegant-iron-frame-2-12x12.webp 12w, https:\/\/www.czqunfa.com\/wp-content\/uploads\/2026\/01\/premium-wholesale-ceramic-planters-with-elegant-iron-frame-2-600x600.webp 600w, https:\/\/www.czqunfa.com\/wp-content\/uploads\/2026\/01\/premium-wholesale-ceramic-planters-with-elegant-iron-frame-2-100x100.webp 100w\" sizes=\"(max-width: 1000px) 100vw, 1000px\" \/><\/figure>\n<\/div>\n<\/div>\n\n\n\n<figure class=\"wp-block-gallery has-nested-images columns-default is-cropped wp-block-gallery-1 is-layout-flex wp-block-gallery-is-layout-flex\">\n<figure class=\"wp-block-image size-full\"><img decoding=\"async\" width=\"1000\" height=\"1000\" data-id=\"1589\" src=\"https:\/\/www.czqunfa.com\/wp-content\/uploads\/2026\/01\/premium-wholesale-ceramic-planters-with-elegant-iron-frame-6.webp\" alt=\"jardineras-ceramica-mayor-precio-con-elegante-marco-de-hierro-6\" class=\"wp-image-1589\" srcset=\"https:\/\/www.czqunfa.com\/wp-content\/uploads\/2026\/01\/premium-wholesale-ceramic-planters-with-elegant-iron-frame-6.webp 1000w, https:\/\/www.czqunfa.com\/wp-content\/uploads\/2026\/01\/premium-wholesale-ceramic-planters-with-elegant-iron-frame-6-300x300.webp 300w, https:\/\/www.czqunfa.com\/wp-content\/uploads\/2026\/01\/premium-wholesale-ceramic-planters-with-elegant-iron-frame-6-150x150.webp 150w, https:\/\/www.czqunfa.com\/wp-content\/uploads\/2026\/01\/premium-wholesale-ceramic-planters-with-elegant-iron-frame-6-768x768.webp 768w, https:\/\/www.czqunfa.com\/wp-content\/uploads\/2026\/01\/premium-wholesale-ceramic-planters-with-elegant-iron-frame-6-12x12.webp 12w, https:\/\/www.czqunfa.com\/wp-content\/uploads\/2026\/01\/premium-wholesale-ceramic-planters-with-elegant-iron-frame-6-600x600.webp 600w, https:\/\/www.czqunfa.com\/wp-content\/uploads\/2026\/01\/premium-wholesale-ceramic-planters-with-elegant-iron-frame-6-100x100.webp 100w\" sizes=\"(max-width: 1000px) 100vw, 1000px\" \/><\/figure>\n\n\n\n<figure class=\"wp-block-image size-full\"><img decoding=\"async\" width=\"800\" height=\"800\" data-id=\"1588\" src=\"https:\/\/www.czqunfa.com\/wp-content\/uploads\/2026\/01\/premium-wholesale-ceramic-planters-with-elegant-iron-frame-5.webp\" alt=\"jardineras-ceramica-mayor-precio-con-elegante-marco-de-hierro-5\" class=\"wp-image-1588\" srcset=\"https:\/\/www.czqunfa.com\/wp-content\/uploads\/2026\/01\/premium-wholesale-ceramic-planters-with-elegant-iron-frame-5.webp 800w, https:\/\/www.czqunfa.com\/wp-content\/uploads\/2026\/01\/premium-wholesale-ceramic-planters-with-elegant-iron-frame-5-300x300.webp 300w, https:\/\/www.czqunfa.com\/wp-content\/uploads\/2026\/01\/premium-wholesale-ceramic-planters-with-elegant-iron-frame-5-150x150.webp 150w, https:\/\/www.czqunfa.com\/wp-content\/uploads\/2026\/01\/premium-wholesale-ceramic-planters-with-elegant-iron-frame-5-768x768.webp 768w, https:\/\/www.czqunfa.com\/wp-content\/uploads\/2026\/01\/premium-wholesale-ceramic-planters-with-elegant-iron-frame-5-12x12.webp 12w, https:\/\/www.czqunfa.com\/wp-content\/uploads\/2026\/01\/premium-wholesale-ceramic-planters-with-elegant-iron-frame-5-600x600.webp 600w, https:\/\/www.czqunfa.com\/wp-content\/uploads\/2026\/01\/premium-wholesale-ceramic-planters-with-elegant-iron-frame-5-100x100.webp 100w\" sizes=\"(max-width: 800px) 100vw, 800px\" \/><\/figure>\n<\/figure>\n\n\n\n<p><\/p>","protected":false},"excerpt":{"rendered":"<p>Le damos la bienvenida a la compra al por mayor de estas macetas de cer\u00e1mica de alta calidad con elegantes marcos de hierro, que resultan ideales para la decoraci\u00f3n del hogar y el jard\u00edn. Dise\u00f1ados tanto para interiores como para exteriores, ofrecen un equilibrio perfecto entre funcionalidad y est\u00e9tica. Disponibles para pedidos al por mayor con personalizaci\u00f3n OEM\/ODM, estas macetas de cer\u00e1mica son una opci\u00f3n fiable para marcas, minoristas y proyectos comerciales.<\/p>\n<h2>Mayorista Jardineras de Cer\u00e1mica Par\u00e1metro<\/h2>\n<table width=\"328\">\n<tbody>\n<tr>\n<td width=\"116\">Fabricante<\/td>\n<td width=\"211\">QUNFA<\/td>\n<\/tr>\n<tr>\n<td width=\"116\">Tipo de producto<\/td>\n<td>Maceta<\/td>\n<\/tr>\n<tr>\n<td width=\"116\">N.\u00ba de modelo.<\/td>\n<td width=\"211\">T22-0105\/06\/07<\/td>\n<\/tr>\n<tr>\n<td width=\"116\">Material<\/td>\n<td width=\"211\">Gres<\/td>\n<\/tr>\n<tr>\n<td width=\"116\">Color<\/td>\n<td width=\"211\">Blanco<\/td>\n<\/tr>\n<tr>\n<td width=\"116\">Dimensi\u00f3n<\/td>\n<td width=\"211\">\u00a0S:9.5*9.5*9cm Soporte de hierro:11.2cm*11cm<br \/>M:10*10*10.6cm Soporte de hierro:11.8cm*13cm<br \/>L:12.5*12.5*7.7cm Soporte de hierro:14.21cm*8.2cm<\/td>\n<\/tr>\n<tr>\n<td width=\"116\">Cantidad m\u00ednima de pedido<\/td>\n<td width=\"211\">1000 unidades<\/td>\n<\/tr>\n<tr>\n<td width=\"116\">Personalizado<\/td>\n<td width=\"211\">Color\/Tama\u00f1o\/Logotipo\/Embalaje\/Forma<\/td>\n<\/tr>\n<\/tbody>\n<\/table>","protected":false},"featured_media":1586,"comment_status":"closed","ping_status":"closed","template":"","meta":{"_acf_changed":false},"product_brand":[],"product_cat":[17,45],"product_tag":[],"class_list":{"0":"post-1578","1":"product","2":"type-product","3":"status-publish","4":"has-post-thumbnail","6":"product_cat-home-garden-decor-wholesale","7":"product_cat-wholesale-flower-pots-and-planters","9":"first","10":"instock","11":"shipping-taxable","12":"product-type-simple"},"acf":[],"_links":{"self":[{"href":"https:\/\/www.czqunfa.com\/es\/wp-json\/wp\/v2\/product\/1578","targetHints":{"allow":["GET"]}}],"collection":[{"href":"https:\/\/www.czqunfa.com\/es\/wp-json\/wp\/v2\/product"}],"about":[{"href":"https:\/\/www.czqunfa.com\/es\/wp-json\/wp\/v2\/types\/product"}],"replies":[{"embeddable":true,"href":"https:\/\/www.czqunfa.com\/es\/wp-json\/wp\/v2\/comments?post=1578"}],"wp:featuredmedia":[{"embeddable":true,"href":"https:\/\/www.czqunfa.com\/es\/wp-json\/wp\/v2\/media\/1586"}],"wp:attachment":[{"href":"https:\/\/www.czqunfa.com\/es\/wp-json\/wp\/v2\/media?parent=1578"}],"wp:term":[{"taxonomy":"product_brand","embeddable":true,"href":"https:\/\/www.czqunfa.com\/es\/wp-json\/wp\/v2\/product_brand?post=1578"},{"taxonomy":"product_cat","embeddable":true,"href":"https:\/\/www.czqunfa.com\/es\/wp-json\/wp\/v2\/product_cat?post=1578"},{"taxonomy":"product_tag","embeddable":true,"href":"https:\/\/www.czqunfa.com\/es\/wp-json\/wp\/v2\/product_tag?post=1578"}],"curies":[{"name":"wp","href":"https:\/\/api.w.org\/{rel}","templated":true}]}}