{"id":1569,"date":"2026-01-15T08:03:49","date_gmt":"2026-01-15T08:03:49","guid":{"rendered":"https:\/\/www.czqunfa.com\/?post_type=product&#038;p=1569"},"modified":"2026-01-15T08:09:53","modified_gmt":"2026-01-15T08:09:53","slug":"custom-flower-pots","status":"publish","type":"product","link":"https:\/\/www.czqunfa.com\/es\/producto\/custom-flower-pots\/","title":{"rendered":"Macetas a rayas personalizadas, macetas de cer\u00e1mica a granel para jard\u00edn"},"content":{"rendered":"<div class=\"wp-block-columns is-layout-flex wp-container-core-columns-is-layout-9d6595d7 wp-block-columns-is-layout-flex\">\n<div class=\"wp-block-column is-layout-flow wp-block-column-is-layout-flow\">\n<h2 class=\"wp-block-heading\">Caracter\u00edsticas de las macetas personalizadas<\/h2>\n\n\n\n<ul class=\"wp-block-list\">\n<li><strong>Material cer\u00e1mico de alta calidad: <\/strong>Estas macetas personalizadas est\u00e1n hechas de cer\u00e1mica de alta calidad cocida a altas temperaturas, lo que da como resultado una textura resistente y una superficie delicada. Ofrecen una excelente durabilidad y estabilidad, aptas para un uso prolongado en interiores y exteriores.<\/li>\n\n\n\n<li><strong>Elegante dise\u00f1o de rayas verticales:<\/strong> Estas macetas personalizadas presentan una forma cil\u00edndrica cl\u00e1sica combinada con un dise\u00f1o tridimensional en relieve de rayas verticales. Sencillas pero sofisticadas, complementan a la perfecci\u00f3n centros de jardiner\u00eda, oficinas y la decoraci\u00f3n moderna del hogar.<\/li>\n\n\n\n<li><strong>Aplicaci\u00f3n multiescenario interior\/exterior: <\/strong>Estos maceteros de cer\u00e1mica al por mayor est\u00e1n disponibles en tama\u00f1os grande, mediano y peque\u00f1o (nivel de 4,5 pulgadas), adecuados para diversos escenarios como decoraci\u00f3n del hogar, jardines, balcones, oficinas y expositores minoristas, satisfaciendo las necesidades de diferentes canales y mercados.<\/li>\n\n\n\n<li><strong>F\u00e1cil de limpiar y mantener:<\/strong> Estas macetas de cer\u00e1mica al por mayor tienen una superficie lisa y esmaltada de alta calidad que no s\u00f3lo es visualmente elegante, sino tambi\u00e9n muy f\u00e1cil de limpiar, lo que las hace ideales para uso dom\u00e9stico y de exposici\u00f3n comercial de alta frecuencia.<\/li>\n\n\n\n<li><strong>Precio directo de f\u00e1brica: <\/strong>Como fabricante de macetas de cer\u00e1mica, nuestras macetas personalizadas son producidas y vendidas directamente por la f\u00e1brica, lo que reduce los eslabones intermedios y proporciona a mayoristas, marcas y clientes de proyectos precios de f\u00e1brica m\u00e1s competitivos para la venta al por mayor de macetas de cer\u00e1mica.<\/li>\n<\/ul>\n<\/div>\n\n\n\n<div class=\"wp-block-column is-layout-flow wp-block-column-is-layout-flow\">\n<figure class=\"wp-block-image size-full\"><img decoding=\"async\" width=\"960\" height=\"960\" src=\"https:\/\/www.czqunfa.com\/wp-content\/uploads\/2026\/01\/striped-custom-flower-pots-bulk-ceramic-planters-for-garden-5.webp\" alt=\"macetas de cer\u00e1mica a rayas a granel para jard\u00edn-5\" class=\"wp-image-1576\" srcset=\"https:\/\/www.czqunfa.com\/wp-content\/uploads\/2026\/01\/striped-custom-flower-pots-bulk-ceramic-planters-for-garden-5.webp 960w, https:\/\/www.czqunfa.com\/wp-content\/uploads\/2026\/01\/striped-custom-flower-pots-bulk-ceramic-planters-for-garden-5-300x300.webp 300w, https:\/\/www.czqunfa.com\/wp-content\/uploads\/2026\/01\/striped-custom-flower-pots-bulk-ceramic-planters-for-garden-5-150x150.webp 150w, https:\/\/www.czqunfa.com\/wp-content\/uploads\/2026\/01\/striped-custom-flower-pots-bulk-ceramic-planters-for-garden-5-768x768.webp 768w, https:\/\/www.czqunfa.com\/wp-content\/uploads\/2026\/01\/striped-custom-flower-pots-bulk-ceramic-planters-for-garden-5-12x12.webp 12w, https:\/\/www.czqunfa.com\/wp-content\/uploads\/2026\/01\/striped-custom-flower-pots-bulk-ceramic-planters-for-garden-5-600x600.webp 600w, https:\/\/www.czqunfa.com\/wp-content\/uploads\/2026\/01\/striped-custom-flower-pots-bulk-ceramic-planters-for-garden-5-100x100.webp 100w\" sizes=\"(max-width: 960px) 100vw, 960px\" \/><\/figure>\n<\/div>\n<\/div>\n\n\n\n<figure class=\"wp-block-gallery has-nested-images columns-default is-cropped wp-block-gallery-1 is-layout-flex wp-block-gallery-is-layout-flex\">\n<figure class=\"wp-block-image size-full\"><img decoding=\"async\" width=\"960\" height=\"960\" data-id=\"1572\" src=\"https:\/\/www.czqunfa.com\/wp-content\/uploads\/2026\/01\/striped-custom-flower-pots-bulk-ceramic-planters-for-garden-1.webp\" alt=\"macetas de cer\u00e1mica a rayas para jard\u00edn-1\" class=\"wp-image-1572\" srcset=\"https:\/\/www.czqunfa.com\/wp-content\/uploads\/2026\/01\/striped-custom-flower-pots-bulk-ceramic-planters-for-garden-1.webp 960w, https:\/\/www.czqunfa.com\/wp-content\/uploads\/2026\/01\/striped-custom-flower-pots-bulk-ceramic-planters-for-garden-1-300x300.webp 300w, https:\/\/www.czqunfa.com\/wp-content\/uploads\/2026\/01\/striped-custom-flower-pots-bulk-ceramic-planters-for-garden-1-150x150.webp 150w, https:\/\/www.czqunfa.com\/wp-content\/uploads\/2026\/01\/striped-custom-flower-pots-bulk-ceramic-planters-for-garden-1-768x768.webp 768w, https:\/\/www.czqunfa.com\/wp-content\/uploads\/2026\/01\/striped-custom-flower-pots-bulk-ceramic-planters-for-garden-1-12x12.webp 12w, https:\/\/www.czqunfa.com\/wp-content\/uploads\/2026\/01\/striped-custom-flower-pots-bulk-ceramic-planters-for-garden-1-600x600.webp 600w, https:\/\/www.czqunfa.com\/wp-content\/uploads\/2026\/01\/striped-custom-flower-pots-bulk-ceramic-planters-for-garden-1-100x100.webp 100w\" sizes=\"(max-width: 960px) 100vw, 960px\" \/><\/figure>\n\n\n\n<figure class=\"wp-block-image size-full\"><img decoding=\"async\" width=\"960\" height=\"960\" data-id=\"1574\" src=\"https:\/\/www.czqunfa.com\/wp-content\/uploads\/2026\/01\/striped-custom-flower-pots-bulk-ceramic-planters-for-garden-3.webp\" alt=\"macetas de cer\u00e1mica a rayas para jard\u00edn-3\" class=\"wp-image-1574\" srcset=\"https:\/\/www.czqunfa.com\/wp-content\/uploads\/2026\/01\/striped-custom-flower-pots-bulk-ceramic-planters-for-garden-3.webp 960w, https:\/\/www.czqunfa.com\/wp-content\/uploads\/2026\/01\/striped-custom-flower-pots-bulk-ceramic-planters-for-garden-3-300x300.webp 300w, https:\/\/www.czqunfa.com\/wp-content\/uploads\/2026\/01\/striped-custom-flower-pots-bulk-ceramic-planters-for-garden-3-150x150.webp 150w, https:\/\/www.czqunfa.com\/wp-content\/uploads\/2026\/01\/striped-custom-flower-pots-bulk-ceramic-planters-for-garden-3-768x768.webp 768w, https:\/\/www.czqunfa.com\/wp-content\/uploads\/2026\/01\/striped-custom-flower-pots-bulk-ceramic-planters-for-garden-3-12x12.webp 12w, https:\/\/www.czqunfa.com\/wp-content\/uploads\/2026\/01\/striped-custom-flower-pots-bulk-ceramic-planters-for-garden-3-600x600.webp 600w, https:\/\/www.czqunfa.com\/wp-content\/uploads\/2026\/01\/striped-custom-flower-pots-bulk-ceramic-planters-for-garden-3-100x100.webp 100w\" sizes=\"(max-width: 960px) 100vw, 960px\" \/><\/figure>\n<\/figure>\n\n\n\n<p><\/p>","protected":false},"excerpt":{"rendered":"<p>Bienvenido a comprar estas macetas personalizadas de gres de alta calidad, con un sencillo dise\u00f1o a rayas que es a la vez decorativo y pr\u00e1ctico. Precio de f\u00e1brica al por mayor macetas de cer\u00e1mica con la producci\u00f3n en masa estable y plazos de entrega controlables apoyar la cooperaci\u00f3n a largo plazo, proporcionando una soluci\u00f3n de alto valor para la jardiner\u00eda moderna, al por mayor y los canales comerciales de regalo.<\/p>\n<h2>Par\u00e1metros de macetas personalizadas<\/h2>\n<table width=\"328\">\n<tbody>\n<tr>\n<td width=\"116\">Fabricante<\/td>\n<td width=\"211\">QUNFA<\/td>\n<\/tr>\n<tr>\n<td width=\"116\">Tipo de producto<\/td>\n<td>Maceta<\/td>\n<\/tr>\n<tr>\n<td width=\"116\">N.\u00ba de modelo.<\/td>\n<td width=\"211\">NO70\u00a0<\/td>\n<\/tr>\n<tr>\n<td width=\"116\">Material<\/td>\n<td width=\"211\">Gres<\/td>\n<\/tr>\n<tr>\n<td width=\"116\">Color<\/td>\n<td width=\"211\">Azul<\/td>\n<\/tr>\n<tr>\n<td width=\"116\">Dimensi\u00f3n<\/td>\n<td width=\"211\">L:22*22*19cm, Dish:19.2*19.2*2.2cm<br \/>M:18*18*16.5cm, Dish:15.8*15.8*2cm<br \/>S:14.5*14.5*14.5cm, Dish:12.5*12.5*1.6cm<\/td>\n<\/tr>\n<tr>\n<td width=\"116\">Cantidad m\u00ednima de pedido<\/td>\n<td width=\"211\">1000 unidades<\/td>\n<\/tr>\n<tr>\n<td width=\"116\">Personalizado<\/td>\n<td width=\"211\">Color\/Tama\u00f1o\/Logotipo\/Embalaje\/Forma<\/td>\n<\/tr>\n<\/tbody>\n<\/table>","protected":false},"featured_media":1575,"comment_status":"closed","ping_status":"closed","template":"","meta":{"_acf_changed":false},"product_brand":[],"product_cat":[17,45],"product_tag":[],"class_list":{"0":"post-1569","1":"product","2":"type-product","3":"status-publish","4":"has-post-thumbnail","6":"product_cat-home-garden-decor-wholesale","7":"product_cat-wholesale-flower-pots-and-planters","9":"first","10":"instock","11":"shipping-taxable","12":"product-type-simple"},"acf":[],"_links":{"self":[{"href":"https:\/\/www.czqunfa.com\/es\/wp-json\/wp\/v2\/product\/1569","targetHints":{"allow":["GET"]}}],"collection":[{"href":"https:\/\/www.czqunfa.com\/es\/wp-json\/wp\/v2\/product"}],"about":[{"href":"https:\/\/www.czqunfa.com\/es\/wp-json\/wp\/v2\/types\/product"}],"replies":[{"embeddable":true,"href":"https:\/\/www.czqunfa.com\/es\/wp-json\/wp\/v2\/comments?post=1569"}],"wp:featuredmedia":[{"embeddable":true,"href":"https:\/\/www.czqunfa.com\/es\/wp-json\/wp\/v2\/media\/1575"}],"wp:attachment":[{"href":"https:\/\/www.czqunfa.com\/es\/wp-json\/wp\/v2\/media?parent=1569"}],"wp:term":[{"taxonomy":"product_brand","embeddable":true,"href":"https:\/\/www.czqunfa.com\/es\/wp-json\/wp\/v2\/product_brand?post=1569"},{"taxonomy":"product_cat","embeddable":true,"href":"https:\/\/www.czqunfa.com\/es\/wp-json\/wp\/v2\/product_cat?post=1569"},{"taxonomy":"product_tag","embeddable":true,"href":"https:\/\/www.czqunfa.com\/es\/wp-json\/wp\/v2\/product_tag?post=1569"}],"curies":[{"name":"wp","href":"https:\/\/api.w.org\/{rel}","templated":true}]}}