{"id":1561,"date":"2026-01-15T03:49:53","date_gmt":"2026-01-15T03:49:53","guid":{"rendered":"https:\/\/www.czqunfa.com\/?post_type=product&#038;p=1561"},"modified":"2026-01-15T06:29:05","modified_gmt":"2026-01-15T06:29:05","slug":"wholesale-planter-pots","status":"publish","type":"product","link":"https:\/\/www.czqunfa.com\/es\/producto\/wholesale-planter-pots\/","title":{"rendered":"Mayorista Macetas con Platillo, Macetas de Cer\u00e1mica para Jard\u00edn al por Mayor"},"content":{"rendered":"<div class=\"wp-block-columns is-layout-flex wp-container-core-columns-is-layout-9d6595d7 wp-block-columns-is-layout-flex\">\n<div class=\"wp-block-column is-layout-flow wp-block-column-is-layout-flow\">\n<h2 class=\"wp-block-heading\">Caracter\u00edsticas de las macetas al por mayor<\/h2>\n\n\n\n<ul class=\"wp-block-list\">\n<li><strong>Gres de primera calidad: <\/strong>Estas macetas al por mayor tienen una forma c\u00f3nica cl\u00e1sica, flanqueada por un fino relieve de cactus y la art\u00edstica inscripci\u00f3n \u2018A GOOD LIFE\u2019 para realzar el aspecto de calidad del producto.<\/li>\n\n\n\n<li><strong>Colores de moda:<\/strong> Estas macetas al por mayor est\u00e1n disponibles en una amplia gama de colores de moda, como el rosa elegante, el verde vivo, el beige natural y el azul oscuro, entre otros, adecuados para combinar con diferentes entornos dom\u00e9sticos y de oficina.<\/li>\n\n\n\n<li><strong>Dise\u00f1o elegante:<\/strong> Estas macetas al por mayor presentan una forma c\u00f3nica cl\u00e1sica, adornada con delicados motivos de cactus en relieve y la art\u00edstica inscripci\u00f3n \u201cA GOOD LIFE\u201d, que realza la sensaci\u00f3n de calidad del producto.<\/li>\n\n\n\n<li><strong>Platillos a juego incluidos:<\/strong> La maceta de jard\u00edn de cer\u00e1mica a granel viene con una bandeja individual a juego para recoger eficazmente el exceso de agua y mantener toda su colecci\u00f3n de plantas de interior bajo control, y su entorno impoluto.<\/li>\n\n\n\n<li><strong>Aplicaci\u00f3n multiescenario: <\/strong>La maceta de jard\u00edn de cer\u00e1mica a granel est\u00e1 disponible en tres tama\u00f1os para satisfacer las necesidades de plantaci\u00f3n de suculentas y plantas de hoja ancha, que es el producto m\u00e1s vendido por los centros de jardiner\u00eda y minoristas.<\/li>\n\n\n\n<li><strong>Suministro al por mayor y a granel: <\/strong>Estas macetas al por mayor se ofrecen en cantidades a granel con una capacidad de producci\u00f3n estable, lo que garantiza una calidad constante y plazos de entrega fiables para mayoristas, importadores y cadenas minoristas.<\/li>\n<\/ul>\n<\/div>\n\n\n\n<div class=\"wp-block-column is-layout-flow wp-block-column-is-layout-flow\">\n<figure class=\"wp-block-image size-full\"><img decoding=\"async\" width=\"800\" height=\"800\" src=\"https:\/\/www.czqunfa.com\/wp-content\/uploads\/2026\/01\/wholesale-planter-pots-with-saucers-ceramic-garden-pot-bulk-6.webp\" alt=\"mayorista-macetas-con-platos-macetas-de-jardin-de-ceramica-garden-bulk-6\" class=\"wp-image-1567\" srcset=\"https:\/\/www.czqunfa.com\/wp-content\/uploads\/2026\/01\/wholesale-planter-pots-with-saucers-ceramic-garden-pot-bulk-6.webp 800w, https:\/\/www.czqunfa.com\/wp-content\/uploads\/2026\/01\/wholesale-planter-pots-with-saucers-ceramic-garden-pot-bulk-6-300x300.webp 300w, https:\/\/www.czqunfa.com\/wp-content\/uploads\/2026\/01\/wholesale-planter-pots-with-saucers-ceramic-garden-pot-bulk-6-150x150.webp 150w, https:\/\/www.czqunfa.com\/wp-content\/uploads\/2026\/01\/wholesale-planter-pots-with-saucers-ceramic-garden-pot-bulk-6-768x768.webp 768w, https:\/\/www.czqunfa.com\/wp-content\/uploads\/2026\/01\/wholesale-planter-pots-with-saucers-ceramic-garden-pot-bulk-6-12x12.webp 12w, https:\/\/www.czqunfa.com\/wp-content\/uploads\/2026\/01\/wholesale-planter-pots-with-saucers-ceramic-garden-pot-bulk-6-600x600.webp 600w, https:\/\/www.czqunfa.com\/wp-content\/uploads\/2026\/01\/wholesale-planter-pots-with-saucers-ceramic-garden-pot-bulk-6-100x100.webp 100w\" sizes=\"(max-width: 800px) 100vw, 800px\" \/><\/figure>\n<\/div>\n<\/div>\n\n\n\n<figure class=\"wp-block-gallery has-nested-images columns-default is-cropped wp-block-gallery-1 is-layout-flex wp-block-gallery-is-layout-flex\">\n<figure class=\"wp-block-image size-full\"><img decoding=\"async\" width=\"800\" height=\"800\" data-id=\"1566\" src=\"https:\/\/www.czqunfa.com\/wp-content\/uploads\/2026\/01\/wholesale-planter-pots-with-saucers-ceramic-garden-pot-bulk-5.webp\" alt=\"mayorista-macetas-con-platos-macetas-de-jardin-de-ceramica-garden-bulk-5\" class=\"wp-image-1566\" srcset=\"https:\/\/www.czqunfa.com\/wp-content\/uploads\/2026\/01\/wholesale-planter-pots-with-saucers-ceramic-garden-pot-bulk-5.webp 800w, https:\/\/www.czqunfa.com\/wp-content\/uploads\/2026\/01\/wholesale-planter-pots-with-saucers-ceramic-garden-pot-bulk-5-300x300.webp 300w, https:\/\/www.czqunfa.com\/wp-content\/uploads\/2026\/01\/wholesale-planter-pots-with-saucers-ceramic-garden-pot-bulk-5-150x150.webp 150w, https:\/\/www.czqunfa.com\/wp-content\/uploads\/2026\/01\/wholesale-planter-pots-with-saucers-ceramic-garden-pot-bulk-5-768x768.webp 768w, https:\/\/www.czqunfa.com\/wp-content\/uploads\/2026\/01\/wholesale-planter-pots-with-saucers-ceramic-garden-pot-bulk-5-12x12.webp 12w, https:\/\/www.czqunfa.com\/wp-content\/uploads\/2026\/01\/wholesale-planter-pots-with-saucers-ceramic-garden-pot-bulk-5-600x600.webp 600w, https:\/\/www.czqunfa.com\/wp-content\/uploads\/2026\/01\/wholesale-planter-pots-with-saucers-ceramic-garden-pot-bulk-5-100x100.webp 100w\" sizes=\"(max-width: 800px) 100vw, 800px\" \/><\/figure>\n\n\n\n<figure class=\"wp-block-image size-full\"><img decoding=\"async\" width=\"800\" height=\"800\" data-id=\"1565\" src=\"https:\/\/www.czqunfa.com\/wp-content\/uploads\/2026\/01\/wholesale-planter-pots-with-saucers-ceramic-garden-pot-bulk-4.webp\" alt=\"mayorista-macetas-con-platos-macetas-de-jardin-de-ceramica-garden-bulk-4\" class=\"wp-image-1565\" srcset=\"https:\/\/www.czqunfa.com\/wp-content\/uploads\/2026\/01\/wholesale-planter-pots-with-saucers-ceramic-garden-pot-bulk-4.webp 800w, https:\/\/www.czqunfa.com\/wp-content\/uploads\/2026\/01\/wholesale-planter-pots-with-saucers-ceramic-garden-pot-bulk-4-300x300.webp 300w, https:\/\/www.czqunfa.com\/wp-content\/uploads\/2026\/01\/wholesale-planter-pots-with-saucers-ceramic-garden-pot-bulk-4-150x150.webp 150w, https:\/\/www.czqunfa.com\/wp-content\/uploads\/2026\/01\/wholesale-planter-pots-with-saucers-ceramic-garden-pot-bulk-4-768x768.webp 768w, https:\/\/www.czqunfa.com\/wp-content\/uploads\/2026\/01\/wholesale-planter-pots-with-saucers-ceramic-garden-pot-bulk-4-12x12.webp 12w, https:\/\/www.czqunfa.com\/wp-content\/uploads\/2026\/01\/wholesale-planter-pots-with-saucers-ceramic-garden-pot-bulk-4-600x600.webp 600w, https:\/\/www.czqunfa.com\/wp-content\/uploads\/2026\/01\/wholesale-planter-pots-with-saucers-ceramic-garden-pot-bulk-4-100x100.webp 100w\" sizes=\"(max-width: 800px) 100vw, 800px\" \/><\/figure>\n<\/figure>\n\n\n\n<p><\/p>","protected":false},"excerpt":{"rendered":"<p>Bienvenido a comprar al por mayor estas macetas con platillos. Fabricadas en gres de alta calidad, estas macetas de cer\u00e1mica est\u00e1n dise\u00f1adas para jardiner\u00eda de interior y exterior, son duraderas y ofrecen una excelente resistencia a las fluctuaciones de temperatura. La superficie presenta un acabado en relieve y viene con una pr\u00e1ctica bandeja a juego, por lo que son ideales para centros de jardiner\u00eda, minoristas de plantas y proyectos comerciales de paisajismo que buscan macetas de cer\u00e1mica fiables al por mayor.<\/p>\n<h2>Mayorista Macetas Par\u00e1metros<\/h2>\n<table width=\"328\">\n<tbody>\n<tr>\n<td width=\"116\">Fabricante<\/td>\n<td width=\"211\">QUNFA<\/td>\n<\/tr>\n<tr>\n<td width=\"116\">Tipo de producto<\/td>\n<td>Maceta<\/td>\n<\/tr>\n<tr>\n<td width=\"116\">N.\u00ba de modelo.<\/td>\n<td width=\"211\">NO70\u00a0<\/td>\n<\/tr>\n<tr>\n<td width=\"116\">Material<\/td>\n<td width=\"211\">Gres<\/td>\n<\/tr>\n<tr>\n<td width=\"116\">Color<\/td>\n<td width=\"211\">Azul, Personalizado<\/td>\n<\/tr>\n<tr>\n<td width=\"116\">Dimensi\u00f3n<\/td>\n<td width=\"211\">L:22*22*19cm, Dish:19.2*19.2*2.2cm<br \/>M:18*18*16.5cm, Dish:15.8*15.8*2cm<br \/>S:14.5*14.5*14.5cm, Dish:12.5*12.5*1.6cm<\/td>\n<\/tr>\n<tr>\n<td width=\"116\">Cantidad m\u00ednima de pedido<\/td>\n<td width=\"211\">1000 unidades<\/td>\n<\/tr>\n<tr>\n<td width=\"116\">Personalizado<\/td>\n<td width=\"211\">Color\/Tama\u00f1o\/Logotipo\/Embalaje\/Forma<\/td>\n<\/tr>\n<\/tbody>\n<\/table>","protected":false},"featured_media":1563,"comment_status":"closed","ping_status":"closed","template":"","meta":{"_acf_changed":false},"product_brand":[],"product_cat":[17,45],"product_tag":[],"class_list":{"0":"post-1561","1":"product","2":"type-product","3":"status-publish","4":"has-post-thumbnail","6":"product_cat-home-garden-decor-wholesale","7":"product_cat-wholesale-flower-pots-and-planters","9":"first","10":"instock","11":"shipping-taxable","12":"product-type-simple"},"acf":[],"_links":{"self":[{"href":"https:\/\/www.czqunfa.com\/es\/wp-json\/wp\/v2\/product\/1561","targetHints":{"allow":["GET"]}}],"collection":[{"href":"https:\/\/www.czqunfa.com\/es\/wp-json\/wp\/v2\/product"}],"about":[{"href":"https:\/\/www.czqunfa.com\/es\/wp-json\/wp\/v2\/types\/product"}],"replies":[{"embeddable":true,"href":"https:\/\/www.czqunfa.com\/es\/wp-json\/wp\/v2\/comments?post=1561"}],"wp:featuredmedia":[{"embeddable":true,"href":"https:\/\/www.czqunfa.com\/es\/wp-json\/wp\/v2\/media\/1563"}],"wp:attachment":[{"href":"https:\/\/www.czqunfa.com\/es\/wp-json\/wp\/v2\/media?parent=1561"}],"wp:term":[{"taxonomy":"product_brand","embeddable":true,"href":"https:\/\/www.czqunfa.com\/es\/wp-json\/wp\/v2\/product_brand?post=1561"},{"taxonomy":"product_cat","embeddable":true,"href":"https:\/\/www.czqunfa.com\/es\/wp-json\/wp\/v2\/product_cat?post=1561"},{"taxonomy":"product_tag","embeddable":true,"href":"https:\/\/www.czqunfa.com\/es\/wp-json\/wp\/v2\/product_tag?post=1561"}],"curies":[{"name":"wp","href":"https:\/\/api.w.org\/{rel}","templated":true}]}}