{"id":1532,"date":"2026-01-14T10:28:29","date_gmt":"2026-01-14T10:28:29","guid":{"rendered":"https:\/\/www.czqunfa.com\/?post_type=product&#038;p=1532"},"modified":"2026-01-14T10:28:31","modified_gmt":"2026-01-14T10:28:31","slug":"wholesale-baking-pan-set","status":"publish","type":"product","link":"https:\/\/www.czqunfa.com\/es\/producto\/wholesale-baking-pan-set\/","title":{"rendered":"Mayorista Juego de Sartenes para Hornear con Borde, Bater\u00eda de Cer\u00e1mica Personalizada"},"content":{"rendered":"<div class=\"wp-block-columns is-layout-flex wp-container-core-columns-is-layout-9d6595d7 wp-block-columns-is-layout-flex\">\n<div class=\"wp-block-column is-layout-flow wp-block-column-is-layout-flow\">\n<h2 class=\"wp-block-heading\">Caracter\u00edsticas del Juego de Sartenes al por mayor<\/h2>\n\n\n\n<ul class=\"wp-block-list\">\n<li><strong>Gres de primera calidad Material: <\/strong>Este juego de moldes para hornear al por mayor est\u00e1 fabricado en gres de alta calidad y resistencia, capaz de soportar altas temperaturas en el horno durante mucho tiempo. Tambi\u00e9n se puede utilizar para diferentes estilos de cocina.<\/li>\n\n\n\n<li><strong>Est\u00e9tica elegante en azul degradado:<\/strong> Este juego de cacerolas para hornear al por mayor est\u00e1 decorado con esmalte azul degradado moderno, muestra el color natural, junto con el dise\u00f1o \u00fanico de borde corrugado, que no s\u00f3lo le aporta profundidad visual, sino que tambi\u00e9n hace que las asas sean antideslizantes.<\/li>\n\n\n\n<li><strong>Juego nido de 3 piezas:<\/strong> Este juego de cacerolas para hornear al por mayor est\u00e1 disponible en tres pr\u00e1cticos tama\u00f1os, desde porciones individuales hasta reuniones familiares. Este molde de cer\u00e1mica es perfecto para hornear pan, pasteles, guisos y lasa\u00f1a, as\u00ed como comidas al horno.<\/li>\n\n\n\n<li><strong>F\u00e1cil de limpiar y mantener:<\/strong> La cer\u00e1mica de cocci\u00f3n personalizada presenta un esmalte extremadamente suave, es f\u00e1cil de limpiar y no retiene f\u00e1cilmente la suciedad ni los olores, por lo que es ideal para un uso dom\u00e9stico y comercial intensivo, garantizando que se mantenga limpia y nueva durante mucho tiempo.<\/li>\n\n\n\n<li><strong>Venta directa de f\u00e1brica: <\/strong>Este juego de moldes para hornear al por mayor procede directamente de f\u00e1brica, eliminando intermediarios, lo que se traduce en precios altamente competitivos. Servicios de personalizaci\u00f3n profesional est\u00e1n disponibles para los clientes al por mayor.<\/li>\n<\/ul>\n<\/div>\n\n\n\n<div class=\"wp-block-column is-layout-flow wp-block-column-is-layout-flow\">\n<figure class=\"wp-block-image size-full\"><img decoding=\"async\" width=\"3712\" height=\"3712\" src=\"https:\/\/www.czqunfa.com\/wp-content\/uploads\/2026\/01\/wholesale-baking-pan-set-with-rim-custom-ceramic-bakeware-8.webp\" alt=\"mayorista-sarten-con-borde-personal-ceramica-8\" class=\"wp-image-1540\" srcset=\"https:\/\/www.czqunfa.com\/wp-content\/uploads\/2026\/01\/wholesale-baking-pan-set-with-rim-custom-ceramic-bakeware-8.webp 3712w, https:\/\/www.czqunfa.com\/wp-content\/uploads\/2026\/01\/wholesale-baking-pan-set-with-rim-custom-ceramic-bakeware-8-300x300.webp 300w, https:\/\/www.czqunfa.com\/wp-content\/uploads\/2026\/01\/wholesale-baking-pan-set-with-rim-custom-ceramic-bakeware-8-150x150.webp 150w, https:\/\/www.czqunfa.com\/wp-content\/uploads\/2026\/01\/wholesale-baking-pan-set-with-rim-custom-ceramic-bakeware-8-768x768.webp 768w, https:\/\/www.czqunfa.com\/wp-content\/uploads\/2026\/01\/wholesale-baking-pan-set-with-rim-custom-ceramic-bakeware-8-12x12.webp 12w, https:\/\/www.czqunfa.com\/wp-content\/uploads\/2026\/01\/wholesale-baking-pan-set-with-rim-custom-ceramic-bakeware-8-1200x1200.webp 1200w, https:\/\/www.czqunfa.com\/wp-content\/uploads\/2026\/01\/wholesale-baking-pan-set-with-rim-custom-ceramic-bakeware-8-600x600.webp 600w, https:\/\/www.czqunfa.com\/wp-content\/uploads\/2026\/01\/wholesale-baking-pan-set-with-rim-custom-ceramic-bakeware-8-100x100.webp 100w\" sizes=\"(max-width: 3712px) 100vw, 3712px\" \/><\/figure>\n<\/div>\n<\/div>\n\n\n\n<figure class=\"wp-block-gallery has-nested-images columns-default is-cropped wp-block-gallery-1 is-layout-flex wp-block-gallery-is-layout-flex\">\n<figure class=\"wp-block-image size-full\"><img decoding=\"async\" width=\"3712\" height=\"3712\" data-id=\"1539\" src=\"https:\/\/www.czqunfa.com\/wp-content\/uploads\/2026\/01\/wholesale-baking-pan-set-with-rim-custom-ceramic-bakeware-7.webp\" alt=\"mayorista-sarten-con-borde-personal-ceramica-7\" class=\"wp-image-1539\" srcset=\"https:\/\/www.czqunfa.com\/wp-content\/uploads\/2026\/01\/wholesale-baking-pan-set-with-rim-custom-ceramic-bakeware-7.webp 3712w, https:\/\/www.czqunfa.com\/wp-content\/uploads\/2026\/01\/wholesale-baking-pan-set-with-rim-custom-ceramic-bakeware-7-300x300.webp 300w, https:\/\/www.czqunfa.com\/wp-content\/uploads\/2026\/01\/wholesale-baking-pan-set-with-rim-custom-ceramic-bakeware-7-150x150.webp 150w, https:\/\/www.czqunfa.com\/wp-content\/uploads\/2026\/01\/wholesale-baking-pan-set-with-rim-custom-ceramic-bakeware-7-768x768.webp 768w, https:\/\/www.czqunfa.com\/wp-content\/uploads\/2026\/01\/wholesale-baking-pan-set-with-rim-custom-ceramic-bakeware-7-12x12.webp 12w, https:\/\/www.czqunfa.com\/wp-content\/uploads\/2026\/01\/wholesale-baking-pan-set-with-rim-custom-ceramic-bakeware-7-1200x1200.webp 1200w, https:\/\/www.czqunfa.com\/wp-content\/uploads\/2026\/01\/wholesale-baking-pan-set-with-rim-custom-ceramic-bakeware-7-600x600.webp 600w, https:\/\/www.czqunfa.com\/wp-content\/uploads\/2026\/01\/wholesale-baking-pan-set-with-rim-custom-ceramic-bakeware-7-100x100.webp 100w\" sizes=\"(max-width: 3712px) 100vw, 3712px\" \/><\/figure>\n\n\n\n<figure class=\"wp-block-image size-full\"><img decoding=\"async\" width=\"3712\" height=\"3712\" data-id=\"1541\" src=\"https:\/\/www.czqunfa.com\/wp-content\/uploads\/2026\/01\/wholesale-baking-pan-set-with-rim-custom-ceramic-bakeware-9.webp\" alt=\"mayorista-sarten-con-borde-personal-ceramica para hornear-9\" class=\"wp-image-1541\" srcset=\"https:\/\/www.czqunfa.com\/wp-content\/uploads\/2026\/01\/wholesale-baking-pan-set-with-rim-custom-ceramic-bakeware-9.webp 3712w, https:\/\/www.czqunfa.com\/wp-content\/uploads\/2026\/01\/wholesale-baking-pan-set-with-rim-custom-ceramic-bakeware-9-300x300.webp 300w, https:\/\/www.czqunfa.com\/wp-content\/uploads\/2026\/01\/wholesale-baking-pan-set-with-rim-custom-ceramic-bakeware-9-150x150.webp 150w, https:\/\/www.czqunfa.com\/wp-content\/uploads\/2026\/01\/wholesale-baking-pan-set-with-rim-custom-ceramic-bakeware-9-768x768.webp 768w, https:\/\/www.czqunfa.com\/wp-content\/uploads\/2026\/01\/wholesale-baking-pan-set-with-rim-custom-ceramic-bakeware-9-12x12.webp 12w, https:\/\/www.czqunfa.com\/wp-content\/uploads\/2026\/01\/wholesale-baking-pan-set-with-rim-custom-ceramic-bakeware-9-1200x1200.webp 1200w, https:\/\/www.czqunfa.com\/wp-content\/uploads\/2026\/01\/wholesale-baking-pan-set-with-rim-custom-ceramic-bakeware-9-600x600.webp 600w, https:\/\/www.czqunfa.com\/wp-content\/uploads\/2026\/01\/wholesale-baking-pan-set-with-rim-custom-ceramic-bakeware-9-100x100.webp 100w\" sizes=\"(max-width: 3712px) 100vw, 3712px\" \/><\/figure>\n<\/figure>\n\n\n\n<p><\/p>","protected":false},"excerpt":{"rendered":"<p>Bienvenido a comprar este juego de moldes para hornear al por mayor est\u00e1 hecho de gres de alta calidad, que ofrece una excelente resistencia al calor y durabilidad para el uso a largo plazo. Horno, microondas y lavavajillas, estos platos de cer\u00e1mica para hornear son f\u00e1ciles de limpiar y adecuado tanto para hornear en casa y cocinas comerciales.<\/p>\n<h2>Venta al por mayor Juego de moldes para hornear Par\u00e1metros<\/h2>\n<table border=\"0\" width=\"328\" cellspacing=\"0\" cellpadding=\"0\">\n<tbody>\n<tr>\n<td width=\"116\" height=\"17\">Fabricante<\/td>\n<td width=\"211\">QUNFA<\/td>\n<\/tr>\n<tr>\n<td width=\"116\" height=\"17\">Tipo de producto<\/td>\n<td>Fuente para hornear<\/td>\n<\/tr>\n<tr>\n<td width=\"116\" height=\"17\">N.\u00ba de modelo.<\/td>\n<td width=\"211\">QFB0110BL<\/td>\n<\/tr>\n<tr>\n<td width=\"116\" height=\"17\">Material<\/td>\n<td width=\"211\">Gres<\/td>\n<\/tr>\n<tr>\n<td width=\"116\" height=\"17\">Color<\/td>\n<td width=\"211\">Azul degradado<\/td>\n<\/tr>\n<tr>\n<td width=\"116\" height=\"46\">Dimensi\u00f3n<\/td>\n<td width=\"211\">S:24*20,5*5,3cm<br \/>M:30,3*25,8*5,8cm<br \/>L:36.5*30.8*6.8cm<\/td>\n<\/tr>\n<tr>\n<td width=\"116\" height=\"17\">Cantidad m\u00ednima de pedido<\/td>\n<td width=\"211\">1000 unidades<\/td>\n<\/tr>\n<tr>\n<td width=\"116\" height=\"17\">Personalizado<\/td>\n<td width=\"211\">Color\/Tama\u00f1o\/Logotipo\/Embalaje\/Forma<\/td>\n<\/tr>\n<\/tbody>\n<\/table>\n<p>&nbsp;<\/p>","protected":false},"featured_media":1533,"comment_status":"closed","ping_status":"closed","template":"","meta":{"_acf_changed":false},"product_brand":[],"product_cat":[22,23,27],"product_tag":[],"class_list":{"0":"post-1532","1":"product","2":"type-product","3":"status-publish","4":"has-post-thumbnail","6":"product_cat-bakeware-manufacturer","7":"product_cat-wholesale-baking-dishes","8":"product_cat-ceramic-pie-pan-supplier","10":"first","11":"instock","12":"shipping-taxable","13":"product-type-simple"},"acf":[],"_links":{"self":[{"href":"https:\/\/www.czqunfa.com\/es\/wp-json\/wp\/v2\/product\/1532","targetHints":{"allow":["GET"]}}],"collection":[{"href":"https:\/\/www.czqunfa.com\/es\/wp-json\/wp\/v2\/product"}],"about":[{"href":"https:\/\/www.czqunfa.com\/es\/wp-json\/wp\/v2\/types\/product"}],"replies":[{"embeddable":true,"href":"https:\/\/www.czqunfa.com\/es\/wp-json\/wp\/v2\/comments?post=1532"}],"wp:featuredmedia":[{"embeddable":true,"href":"https:\/\/www.czqunfa.com\/es\/wp-json\/wp\/v2\/media\/1533"}],"wp:attachment":[{"href":"https:\/\/www.czqunfa.com\/es\/wp-json\/wp\/v2\/media?parent=1532"}],"wp:term":[{"taxonomy":"product_brand","embeddable":true,"href":"https:\/\/www.czqunfa.com\/es\/wp-json\/wp\/v2\/product_brand?post=1532"},{"taxonomy":"product_cat","embeddable":true,"href":"https:\/\/www.czqunfa.com\/es\/wp-json\/wp\/v2\/product_cat?post=1532"},{"taxonomy":"product_tag","embeddable":true,"href":"https:\/\/www.czqunfa.com\/es\/wp-json\/wp\/v2\/product_tag?post=1532"}],"curies":[{"name":"wp","href":"https:\/\/api.w.org\/{rel}","templated":true}]}}