{"id":1525,"date":"2026-01-14T09:28:26","date_gmt":"2026-01-14T09:28:26","guid":{"rendered":"https:\/\/www.czqunfa.com\/?post_type=product&#038;p=1525"},"modified":"2026-01-14T09:28:28","modified_gmt":"2026-01-14T09:28:28","slug":"ceramic-bread-pan-wholesale","status":"publish","type":"product","link":"https:\/\/www.czqunfa.com\/es\/producto\/ceramic-bread-pan-wholesale\/","title":{"rendered":"5.2 \u201cSart\u00e9n de Pan de Cer\u00e1mica al por mayor, ata\u00fad personalizado Loaf Pan con Tapa para Halloween"},"content":{"rendered":"<div class=\"wp-block-columns is-layout-flex wp-container-core-columns-is-layout-9d6595d7 wp-block-columns-is-layout-flex\">\n<div class=\"wp-block-column is-layout-flow wp-block-column-is-layout-flow\">\n<h2 class=\"wp-block-heading\">Caracter\u00edsticas de la sart\u00e9n de cer\u00e1mica para pan al por mayor<\/h2>\n\n\n\n<ul class=\"wp-block-list\">\n<li><strong>Dise\u00f1o de ata\u00fad \u00fanico:<\/strong> Esta panera de cer\u00e1mica al por mayor presenta una forma geom\u00e9trica de \u201cata\u00fad\u201d muy reconocible, con las palabras \u201cDESCANSE EN PAZ\u201d y una decoraci\u00f3n en forma de cruz impresa en la tapa. Este dise\u00f1o diferenciado atrae r\u00e1pidamente la atenci\u00f3n de los consumidores, por lo que es un art\u00edculo muy vendido en mercados con tem\u00e1tica de Halloween o g\u00f3tica.<\/li>\n\n\n\n<li><strong>Material cer\u00e1mico de alta calidad:<\/strong> Este molde para pan personalizado con tapa est\u00e1 fabricado con cer\u00e1mica de alta densidad y calidad, cocida a altas temperaturas, lo que da como resultado una textura dura y resistente al desgaste. Esto garantiza la durabilidad y longevidad del producto durante un uso prolongado, adem\u00e1s de proporcionar una excelente resistencia al calor y al fr\u00edo.<\/li>\n\n\n\n<li><strong>Vers\u00e1til con tapa: <\/strong>Este molde de cer\u00e1mica para pan al por mayor viene con una tapa de cer\u00e1mica a juego, que no s\u00f3lo mejora la integridad del dise\u00f1o, sino que tambi\u00e9n ayuda a retener la humedad durante la cocci\u00f3n o puede utilizarse como caja de almacenamiento para evitar la entrada de polvo.<\/li>\n\n\n\n<li><strong>Apto para horno\/microondas\/lavavajillas:<\/strong> Este molde de pan de cer\u00e1mica al por mayor es seguro para su uso en hornos, microondas y lavavajillas, satisfaciendo las necesidades de uso de alta frecuencia de restaurantes, panader\u00edas, hoteles y canales minoristas, mejorando la eficiencia.<\/li>\n\n\n\n<li><strong>F\u00e1cil de limpiar:<\/strong> Este molde para pan personalizado con tapa tiene un esmalte suave de alto rendimiento, un tacto delicado, buenas propiedades antiadherentes y es f\u00e1cil de limpiar, por lo que se mantiene limpio y nuevo durante mucho tiempo, tanto para el bricolaje dom\u00e9stico como para cocinas comerciales.<\/li>\n\n\n\n<li><strong>Venta directa de f\u00e1brica y ventajas de personalizaci\u00f3n:<\/strong> Esta sart\u00e9n de pan de cer\u00e1mica al por mayor se suministra directamente desde la f\u00e1brica de origen, ofreciendo precios altamente competitivos a los clientes al por mayor. Apoyamos la personalizaci\u00f3n a granel a partir de 1000 piezas (como la modificaci\u00f3n del color, impresi\u00f3n del logotipo), ayudando a los clientes B-end a crear sus propias caracter\u00edsticas de marca.<\/li>\n<\/ul>\n<\/div>\n\n\n\n<div class=\"wp-block-column is-layout-flow wp-block-column-is-layout-flow\">\n<figure class=\"wp-block-image size-full\"><img decoding=\"async\" width=\"1000\" height=\"1000\" src=\"https:\/\/www.czqunfa.com\/wp-content\/uploads\/2026\/01\/ceramic-bread-pan-wholesale-custom-loaf-pan-with-lid-1.webp\" alt=\"sart\u00e9n-pan-cer\u00e1mica-mayorista-sart\u00e9n-pan personalizada-con-tapa-1\" class=\"wp-image-1526\" srcset=\"https:\/\/www.czqunfa.com\/wp-content\/uploads\/2026\/01\/ceramic-bread-pan-wholesale-custom-loaf-pan-with-lid-1.webp 1000w, https:\/\/www.czqunfa.com\/wp-content\/uploads\/2026\/01\/ceramic-bread-pan-wholesale-custom-loaf-pan-with-lid-1-300x300.webp 300w, https:\/\/www.czqunfa.com\/wp-content\/uploads\/2026\/01\/ceramic-bread-pan-wholesale-custom-loaf-pan-with-lid-1-150x150.webp 150w, https:\/\/www.czqunfa.com\/wp-content\/uploads\/2026\/01\/ceramic-bread-pan-wholesale-custom-loaf-pan-with-lid-1-768x768.webp 768w, https:\/\/www.czqunfa.com\/wp-content\/uploads\/2026\/01\/ceramic-bread-pan-wholesale-custom-loaf-pan-with-lid-1-12x12.webp 12w, https:\/\/www.czqunfa.com\/wp-content\/uploads\/2026\/01\/ceramic-bread-pan-wholesale-custom-loaf-pan-with-lid-1-600x600.webp 600w, https:\/\/www.czqunfa.com\/wp-content\/uploads\/2026\/01\/ceramic-bread-pan-wholesale-custom-loaf-pan-with-lid-1-100x100.webp 100w\" sizes=\"(max-width: 1000px) 100vw, 1000px\" \/><\/figure>\n<\/div>\n<\/div>\n\n\n\n<figure class=\"wp-block-gallery has-nested-images columns-default is-cropped wp-block-gallery-1 is-layout-flex wp-block-gallery-is-layout-flex\">\n<figure class=\"wp-block-image size-full\"><img decoding=\"async\" width=\"1000\" height=\"1000\" data-id=\"1527\" src=\"https:\/\/www.czqunfa.com\/wp-content\/uploads\/2026\/01\/ceramic-bread-pan-wholesale-custom-loaf-pan-with-lid-2.webp\" alt=\"sart\u00e9n de cer\u00e1mica para pan al por mayor - sart\u00e9n para pan personalizada con tapa-2\" class=\"wp-image-1527\" srcset=\"https:\/\/www.czqunfa.com\/wp-content\/uploads\/2026\/01\/ceramic-bread-pan-wholesale-custom-loaf-pan-with-lid-2.webp 1000w, https:\/\/www.czqunfa.com\/wp-content\/uploads\/2026\/01\/ceramic-bread-pan-wholesale-custom-loaf-pan-with-lid-2-300x300.webp 300w, https:\/\/www.czqunfa.com\/wp-content\/uploads\/2026\/01\/ceramic-bread-pan-wholesale-custom-loaf-pan-with-lid-2-150x150.webp 150w, https:\/\/www.czqunfa.com\/wp-content\/uploads\/2026\/01\/ceramic-bread-pan-wholesale-custom-loaf-pan-with-lid-2-768x768.webp 768w, https:\/\/www.czqunfa.com\/wp-content\/uploads\/2026\/01\/ceramic-bread-pan-wholesale-custom-loaf-pan-with-lid-2-12x12.webp 12w, https:\/\/www.czqunfa.com\/wp-content\/uploads\/2026\/01\/ceramic-bread-pan-wholesale-custom-loaf-pan-with-lid-2-600x600.webp 600w, https:\/\/www.czqunfa.com\/wp-content\/uploads\/2026\/01\/ceramic-bread-pan-wholesale-custom-loaf-pan-with-lid-2-100x100.webp 100w\" sizes=\"(max-width: 1000px) 100vw, 1000px\" \/><\/figure>\n\n\n\n<figure class=\"wp-block-image size-full\"><img decoding=\"async\" width=\"1000\" height=\"1000\" data-id=\"1528\" src=\"https:\/\/www.czqunfa.com\/wp-content\/uploads\/2026\/01\/ceramic-bread-pan-wholesale-custom-loaf-pan-with-lid-3.webp\" alt=\"sart\u00e9n de cer\u00e1mica para pan al por mayor - sart\u00e9n para pan personalizada con tapa-3\" class=\"wp-image-1528\" srcset=\"https:\/\/www.czqunfa.com\/wp-content\/uploads\/2026\/01\/ceramic-bread-pan-wholesale-custom-loaf-pan-with-lid-3.webp 1000w, https:\/\/www.czqunfa.com\/wp-content\/uploads\/2026\/01\/ceramic-bread-pan-wholesale-custom-loaf-pan-with-lid-3-300x300.webp 300w, https:\/\/www.czqunfa.com\/wp-content\/uploads\/2026\/01\/ceramic-bread-pan-wholesale-custom-loaf-pan-with-lid-3-150x150.webp 150w, https:\/\/www.czqunfa.com\/wp-content\/uploads\/2026\/01\/ceramic-bread-pan-wholesale-custom-loaf-pan-with-lid-3-768x768.webp 768w, https:\/\/www.czqunfa.com\/wp-content\/uploads\/2026\/01\/ceramic-bread-pan-wholesale-custom-loaf-pan-with-lid-3-12x12.webp 12w, https:\/\/www.czqunfa.com\/wp-content\/uploads\/2026\/01\/ceramic-bread-pan-wholesale-custom-loaf-pan-with-lid-3-600x600.webp 600w, https:\/\/www.czqunfa.com\/wp-content\/uploads\/2026\/01\/ceramic-bread-pan-wholesale-custom-loaf-pan-with-lid-3-100x100.webp 100w\" sizes=\"(max-width: 1000px) 100vw, 1000px\" \/><\/figure>\n<\/figure>\n\n\n\n<p><\/p>","protected":false},"excerpt":{"rendered":"<p>Bienvenido a comprar nuestra panera de cer\u00e1mica al por mayor. Con una forma de ata\u00fad \u00fanica como elemento central de dise\u00f1o, est\u00e1 fabricado con cer\u00e1mica seleccionada de alta calidad, con una estructura robusta y una excelente resistencia al calor y al fr\u00edo, adecuado para hacer panecillos personalizados, postres, o como caja de almacenamiento \u00fanica. P\u00f3ngase en contacto con nosotros ahora para obtener soluciones personalizadas y aprovechar la oportunidad en el mercado de la panader\u00eda especializada.<\/p>\n<h2>Sart\u00e9n de cer\u00e1mica para pan Mayorista Par\u00e1metros<\/h2>\n<table width=\"328\">\n<tbody>\n<tr>\n<td width=\"116\">Fabricante<\/td>\n<td width=\"211\">QUNFA<\/td>\n<\/tr>\n<tr>\n<td width=\"116\">Tipo de producto<\/td>\n<td>Molde para pan<\/td>\n<\/tr>\n<tr>\n<td width=\"116\">N.\u00ba de modelo.<\/td>\n<td width=\"211\">\u00a022-0164<\/td>\n<\/tr>\n<tr>\n<td width=\"116\">Material<\/td>\n<td width=\"211\">Gres<\/td>\n<\/tr>\n<tr>\n<td width=\"116\">Color<\/td>\n<td width=\"211\">Negro<\/td>\n<\/tr>\n<tr>\n<td width=\"116\">Dimensi\u00f3n<\/td>\n<td width=\"211\">Caja de ata\u00fad: 13.3*8.9*5.1cm<br \/>Tapa 13.3*8.9*4.5cm<\/td>\n<\/tr>\n<tr>\n<td width=\"116\">Cantidad m\u00ednima de pedido<\/td>\n<td width=\"211\">1000 unidades<\/td>\n<\/tr>\n<tr>\n<td width=\"116\">Personalizado<\/td>\n<td width=\"211\">Color\/Tama\u00f1o\/Logotipo\/Embalaje\/Forma<\/td>\n<\/tr>\n<\/tbody>\n<\/table>","protected":false},"featured_media":1529,"comment_status":"closed","ping_status":"closed","template":"","meta":{"_acf_changed":false},"product_brand":[],"product_cat":[22,26],"product_tag":[],"class_list":{"0":"post-1525","1":"product","2":"type-product","3":"status-publish","4":"has-post-thumbnail","6":"product_cat-bakeware-manufacturer","7":"product_cat-ceramic-loaf-pan-supplier","9":"first","10":"instock","11":"shipping-taxable","12":"product-type-simple"},"acf":[],"_links":{"self":[{"href":"https:\/\/www.czqunfa.com\/es\/wp-json\/wp\/v2\/product\/1525","targetHints":{"allow":["GET"]}}],"collection":[{"href":"https:\/\/www.czqunfa.com\/es\/wp-json\/wp\/v2\/product"}],"about":[{"href":"https:\/\/www.czqunfa.com\/es\/wp-json\/wp\/v2\/types\/product"}],"replies":[{"embeddable":true,"href":"https:\/\/www.czqunfa.com\/es\/wp-json\/wp\/v2\/comments?post=1525"}],"wp:featuredmedia":[{"embeddable":true,"href":"https:\/\/www.czqunfa.com\/es\/wp-json\/wp\/v2\/media\/1529"}],"wp:attachment":[{"href":"https:\/\/www.czqunfa.com\/es\/wp-json\/wp\/v2\/media?parent=1525"}],"wp:term":[{"taxonomy":"product_brand","embeddable":true,"href":"https:\/\/www.czqunfa.com\/es\/wp-json\/wp\/v2\/product_brand?post=1525"},{"taxonomy":"product_cat","embeddable":true,"href":"https:\/\/www.czqunfa.com\/es\/wp-json\/wp\/v2\/product_cat?post=1525"},{"taxonomy":"product_tag","embeddable":true,"href":"https:\/\/www.czqunfa.com\/es\/wp-json\/wp\/v2\/product_tag?post=1525"}],"curies":[{"name":"wp","href":"https:\/\/api.w.org\/{rel}","templated":true}]}}