{"id":1515,"date":"2026-02-06T02:45:41","date_gmt":"2026-02-06T02:45:41","guid":{"rendered":"https:\/\/www.czqunfa.com\/?post_type=product&#038;p=1515"},"modified":"2026-02-06T02:45:43","modified_gmt":"2026-02-06T02:45:43","slug":"coffee-mugs-in-bulk","status":"publish","type":"product","link":"https:\/\/www.czqunfa.com\/es\/producto\/coffee-mugs-in-bulk\/","title":{"rendered":"Tazas de Caf\u00e9 al por mayor, Taza de Cer\u00e1mica Lavable en Lavavajillas"},"content":{"rendered":"<div class=\"wp-block-columns is-layout-flex wp-container-core-columns-is-layout-9d6595d7 wp-block-columns-is-layout-flex\">\n<div class=\"wp-block-column is-layout-flow wp-block-column-is-layout-flow\">\n<h2 class=\"wp-block-heading\">Caracter\u00edsticas de las tazas de caf\u00e9 a granel<\/h2>\n\n\n\n<ul class=\"wp-block-list\">\n<li><strong>Material cer\u00e1mico de alta calidad:<\/strong> Fabricadas en cer\u00e1mica alimentaria de primera calidad, estas tazas de caf\u00e9 bicolor a granel ofrecen una excelente durabilidad y resistencia al calor. La pared engrosada de la taza garantiza un uso prolongado sin agrietarse, lo que las hace ideales para la distribuci\u00f3n al por mayor, cafeter\u00edas y proyectos promocionales.<\/li>\n\n\n\n<li><strong>Est\u00e9tica moderna bicolor:<\/strong> Estas tazas de caf\u00e9 bicolor a granel, con colores en el interior y el exterior o bicolor en el cuerpo y el asa, le permitir\u00e1n disfrutar de un bonito aspecto de capas anidadas con estas tazas.<\/li>\n\n\n\n<li><strong>Aplicaci\u00f3n vers\u00e1til:<\/strong> Estas tazas de caf\u00e9 a granel ofrecen un equilibrio perfecto entre di\u00e1metro y capacidad, lo que las convierte no s\u00f3lo en tazas de caf\u00e9 profesionales, sino tambi\u00e9n en tazas de leche para el desayuno y tazas de agua para la oficina, cubriendo as\u00ed diversos mercados de consumidores finales.<\/li>\n\n\n\n<li><strong>F\u00e1cil de limpiar:<\/strong> El interior de la taza de cer\u00e1mica al por mayor est\u00e1 recubierto con esmalte liso de alto brillo en la superficie, que es f\u00e1cil de lavar y no se adhiere f\u00e1cilmente a las manchas de caf\u00e9 o t\u00e9. Parece limpia y nueva incluso despu\u00e9s de mucho tiempo de uso.<\/li>\n\n\n\n<li><strong>Venta al por mayor y personalizaci\u00f3n disponibles:<\/strong> Nuestras tazas de cer\u00e1mica al por mayor admiten impresi\u00f3n de logotipos, personalizaci\u00f3n de colores, dise\u00f1o de envases y servicios OEM\/ODM, perfectos para importadores, mayoristas y marcas blancas.<\/li>\n<\/ul>\n<\/div>\n\n\n\n<div class=\"wp-block-column is-layout-flow wp-block-column-is-layout-flow\">\n<figure class=\"wp-block-image size-full\"><img decoding=\"async\" width=\"1000\" height=\"1000\" src=\"https:\/\/www.czqunfa.com\/wp-content\/uploads\/2026\/02\/coffee-mugs-in-bulk-dishwasher-safe-ceramic-mug-wholesale-1.webp\" alt=\"tazas de caf\u00e9 a granel tazas de cer\u00e1mica lavables en lavavajillas al por mayor-1\" class=\"wp-image-1754\" srcset=\"https:\/\/www.czqunfa.com\/wp-content\/uploads\/2026\/02\/coffee-mugs-in-bulk-dishwasher-safe-ceramic-mug-wholesale-1.webp 1000w, https:\/\/www.czqunfa.com\/wp-content\/uploads\/2026\/02\/coffee-mugs-in-bulk-dishwasher-safe-ceramic-mug-wholesale-1-300x300.webp 300w, https:\/\/www.czqunfa.com\/wp-content\/uploads\/2026\/02\/coffee-mugs-in-bulk-dishwasher-safe-ceramic-mug-wholesale-1-150x150.webp 150w, https:\/\/www.czqunfa.com\/wp-content\/uploads\/2026\/02\/coffee-mugs-in-bulk-dishwasher-safe-ceramic-mug-wholesale-1-768x768.webp 768w, https:\/\/www.czqunfa.com\/wp-content\/uploads\/2026\/02\/coffee-mugs-in-bulk-dishwasher-safe-ceramic-mug-wholesale-1-12x12.webp 12w, https:\/\/www.czqunfa.com\/wp-content\/uploads\/2026\/02\/coffee-mugs-in-bulk-dishwasher-safe-ceramic-mug-wholesale-1-600x600.webp 600w, https:\/\/www.czqunfa.com\/wp-content\/uploads\/2026\/02\/coffee-mugs-in-bulk-dishwasher-safe-ceramic-mug-wholesale-1-100x100.webp 100w\" sizes=\"(max-width: 1000px) 100vw, 1000px\" \/><\/figure>\n<\/div>\n<\/div>\n\n\n\n<figure class=\"wp-block-gallery has-nested-images columns-default is-cropped wp-block-gallery-1 is-layout-flex wp-block-gallery-is-layout-flex\">\n<figure class=\"wp-block-image size-full\"><img decoding=\"async\" width=\"1000\" height=\"1000\" data-id=\"1767\" src=\"https:\/\/www.czqunfa.com\/wp-content\/uploads\/2026\/02\/coffee-mugs-in-bulk-dishwasher-safe-ceramic-mug-wholesale-14.webp\" alt=\"tazas de caf\u00e9 a granel tazas de cer\u00e1mica lavables en lavavajillas al por mayor-14\" class=\"wp-image-1767\" srcset=\"https:\/\/www.czqunfa.com\/wp-content\/uploads\/2026\/02\/coffee-mugs-in-bulk-dishwasher-safe-ceramic-mug-wholesale-14.webp 1000w, https:\/\/www.czqunfa.com\/wp-content\/uploads\/2026\/02\/coffee-mugs-in-bulk-dishwasher-safe-ceramic-mug-wholesale-14-300x300.webp 300w, https:\/\/www.czqunfa.com\/wp-content\/uploads\/2026\/02\/coffee-mugs-in-bulk-dishwasher-safe-ceramic-mug-wholesale-14-150x150.webp 150w, https:\/\/www.czqunfa.com\/wp-content\/uploads\/2026\/02\/coffee-mugs-in-bulk-dishwasher-safe-ceramic-mug-wholesale-14-768x768.webp 768w, https:\/\/www.czqunfa.com\/wp-content\/uploads\/2026\/02\/coffee-mugs-in-bulk-dishwasher-safe-ceramic-mug-wholesale-14-12x12.webp 12w, https:\/\/www.czqunfa.com\/wp-content\/uploads\/2026\/02\/coffee-mugs-in-bulk-dishwasher-safe-ceramic-mug-wholesale-14-600x600.webp 600w, https:\/\/www.czqunfa.com\/wp-content\/uploads\/2026\/02\/coffee-mugs-in-bulk-dishwasher-safe-ceramic-mug-wholesale-14-100x100.webp 100w\" sizes=\"(max-width: 1000px) 100vw, 1000px\" \/><\/figure>\n\n\n\n<figure class=\"wp-block-image size-full\"><img decoding=\"async\" width=\"1000\" height=\"1000\" data-id=\"1758\" src=\"https:\/\/www.czqunfa.com\/wp-content\/uploads\/2026\/02\/coffee-mugs-in-bulk-dishwasher-safe-ceramic-mug-wholesale-5.webp\" alt=\"tazas de caf\u00e9 a granel tazas de cer\u00e1mica lavables en lavavajillas al por mayor-5\" class=\"wp-image-1758\" srcset=\"https:\/\/www.czqunfa.com\/wp-content\/uploads\/2026\/02\/coffee-mugs-in-bulk-dishwasher-safe-ceramic-mug-wholesale-5.webp 1000w, https:\/\/www.czqunfa.com\/wp-content\/uploads\/2026\/02\/coffee-mugs-in-bulk-dishwasher-safe-ceramic-mug-wholesale-5-300x300.webp 300w, https:\/\/www.czqunfa.com\/wp-content\/uploads\/2026\/02\/coffee-mugs-in-bulk-dishwasher-safe-ceramic-mug-wholesale-5-150x150.webp 150w, https:\/\/www.czqunfa.com\/wp-content\/uploads\/2026\/02\/coffee-mugs-in-bulk-dishwasher-safe-ceramic-mug-wholesale-5-768x768.webp 768w, https:\/\/www.czqunfa.com\/wp-content\/uploads\/2026\/02\/coffee-mugs-in-bulk-dishwasher-safe-ceramic-mug-wholesale-5-12x12.webp 12w, https:\/\/www.czqunfa.com\/wp-content\/uploads\/2026\/02\/coffee-mugs-in-bulk-dishwasher-safe-ceramic-mug-wholesale-5-600x600.webp 600w, https:\/\/www.czqunfa.com\/wp-content\/uploads\/2026\/02\/coffee-mugs-in-bulk-dishwasher-safe-ceramic-mug-wholesale-5-100x100.webp 100w\" sizes=\"(max-width: 1000px) 100vw, 1000px\" \/><\/figure>\n<\/figure>\n\n\n\n<p><\/p>","protected":false},"excerpt":{"rendered":"<p>Bienvenido a comprar nuestras tazas de caf\u00e9 de dos tonos a granel est\u00e1n hechos de cer\u00e1mica de alta calidad con una excelente resistencia al calor y durabilidad. Estas tazas aptas para lavavajillas son f\u00e1ciles de limpiar, aptas para microondas y horno, e ideales para cafeter\u00edas, restaurantes y proyectos promocionales. Disponemos de servicios de venta al por mayor y con logotipo personalizado, lo que las convierte en la opci\u00f3n perfecta para importadores y marcas blancas que buscan proveedores de tazas de cer\u00e1mica fiables.<\/p>\n<h2>Tazas de caf\u00e9 a granel Par\u00e1metro<\/h2>\n<table width=\"328\">\n<tbody>\n<tr>\n<td width=\"116\">Fabricante<\/td>\n<td width=\"211\">QUNFA<\/td>\n<\/tr>\n<tr>\n<td width=\"116\">Tipo de producto<\/td>\n<td>Taza y jarra<\/td>\n<\/tr>\n<tr>\n<td width=\"116\">N.\u00ba de modelo.<\/td>\n<td width=\"211\">\u00a0QF21-149<\/td>\n<\/tr>\n<tr>\n<td width=\"116\">Material<\/td>\n<td width=\"211\">Gres<\/td>\n<\/tr>\n<tr>\n<td width=\"116\">Color<\/td>\n<td width=\"211\">Blanco a gris, blanco a rojo, blanco a naranja, blanco a verde<\/td>\n<\/tr>\n<tr>\n<td width=\"116\">Dimensi\u00f3n<\/td>\n<td width=\"211\">12,7*9*13cm<\/td>\n<\/tr>\n<tr>\n<td width=\"116\">Cantidad m\u00ednima de pedido<\/td>\n<td width=\"211\">1000 unidades<\/td>\n<\/tr>\n<tr>\n<td width=\"116\">Personalizado<\/td>\n<td width=\"211\">Color\/Tama\u00f1o\/Logotipo\/Embalaje\/Forma<\/td>\n<\/tr>\n<\/tbody>\n<\/table>","protected":false},"featured_media":1763,"comment_status":"closed","ping_status":"closed","template":"","meta":{"_acf_changed":false},"product_brand":[],"product_cat":[18,44],"product_tag":[],"class_list":{"0":"post-1515","1":"product","2":"type-product","3":"status-publish","4":"has-post-thumbnail","6":"product_cat-drinkware-supplier","7":"product_cat-wholesale-cups-and-mugs","9":"first","10":"instock","11":"shipping-taxable","12":"product-type-simple"},"acf":[],"_links":{"self":[{"href":"https:\/\/www.czqunfa.com\/es\/wp-json\/wp\/v2\/product\/1515","targetHints":{"allow":["GET"]}}],"collection":[{"href":"https:\/\/www.czqunfa.com\/es\/wp-json\/wp\/v2\/product"}],"about":[{"href":"https:\/\/www.czqunfa.com\/es\/wp-json\/wp\/v2\/types\/product"}],"replies":[{"embeddable":true,"href":"https:\/\/www.czqunfa.com\/es\/wp-json\/wp\/v2\/comments?post=1515"}],"wp:featuredmedia":[{"embeddable":true,"href":"https:\/\/www.czqunfa.com\/es\/wp-json\/wp\/v2\/media\/1763"}],"wp:attachment":[{"href":"https:\/\/www.czqunfa.com\/es\/wp-json\/wp\/v2\/media?parent=1515"}],"wp:term":[{"taxonomy":"product_brand","embeddable":true,"href":"https:\/\/www.czqunfa.com\/es\/wp-json\/wp\/v2\/product_brand?post=1515"},{"taxonomy":"product_cat","embeddable":true,"href":"https:\/\/www.czqunfa.com\/es\/wp-json\/wp\/v2\/product_cat?post=1515"},{"taxonomy":"product_tag","embeddable":true,"href":"https:\/\/www.czqunfa.com\/es\/wp-json\/wp\/v2\/product_tag?post=1515"}],"curies":[{"name":"wp","href":"https:\/\/api.w.org\/{rel}","templated":true}]}}