{"id":1497,"date":"2026-01-10T06:30:50","date_gmt":"2026-01-10T06:30:50","guid":{"rendered":"https:\/\/www.czqunfa.com\/?post_type=product&#038;p=1497"},"modified":"2026-01-10T06:30:52","modified_gmt":"2026-01-10T06:30:52","slug":"wholesale-ceramic-ramekin","status":"publish","type":"product","link":"https:\/\/www.czqunfa.com\/es\/producto\/wholesale-ceramic-ramekin\/","title":{"rendered":"Mayorista Ramekin de Cer\u00e1mica Set de 3, Mayorista Tazas para Souffle"},"content":{"rendered":"<div class=\"wp-block-columns is-layout-flex wp-container-core-columns-is-layout-9d6595d7 wp-block-columns-is-layout-flex\">\n<div class=\"wp-block-column is-layout-flow wp-block-column-is-layout-flow\">\n<h2 class=\"wp-block-heading\">Caracter\u00edsticas del Mayorista Ramekin de Cer\u00e1mica<\/h2>\n\n\n\n<ul class=\"wp-block-list\">\n<li><strong>Esmalte iridiscente, realzando el estilo de la pantalla:<\/strong> Este juego de ramequines de cer\u00e1mica al por mayor utiliza un esmalte iridiscente \u00fanico, que presenta una variedad de brillos iridiscentes como el rojo anaranjado, el amarillo verdoso y el azul verdoso, lo que hace que los postres acabados sean visualmente excepcionales y estimulen eficazmente el consumo.<\/li>\n\n\n\n<li><strong>Recipiente multiusos para reposter\u00eda y postres: <\/strong>Este juego de ramequines de cer\u00e1mica al por mayor se puede utilizar para hacer souffl\u00e9, pudding, mousse, pastel horneado, postre, proyectos de artesan\u00eda de bricolaje, etc., y es la elecci\u00f3n de las marcas de reposter\u00eda, canales de catering, hoteles, as\u00ed como de los amantes de las manualidades de bricolaje.<\/li>\n\n\n\n<li><strong>Duradero y resistente, apto para cocinas comerciales:<\/strong> Se trata de un juego de cazuelas de cer\u00e1mica al por mayor de alta calidad, con textura gruesa y excelente resistencia al choque t\u00e9rmico, y cocci\u00f3n a alta temperatura. Es resistente al horno y enfriamiento r\u00e1pido, y es extremadamente durable.<\/li>\n\n\n\n<li><strong>Totalmente compatible con todos los aparatos de cocina, f\u00e1cil de limpiar:<\/strong> Estas tazas para souffl\u00e9 al por mayor tienen un suave esmalte que impide que se adhieran las manchas, lo que las hace aptas para el lavavajillas para una limpieza eficaz. Tambi\u00e9n son aptos para calentar en microondas y hornear en horno, cumpliendo los procedimientos operativos normalizados.<\/li>\n\n\n\n<li><strong>Personalizaci\u00f3n y envasado a granel disponibles: <\/strong>El juego de ramekin de cer\u00e1mica al por mayor est\u00e1 disponible en juegos de tres colores, con un pedido m\u00ednimo de 1000 juegos. Bajo pedido, se pueden personalizar, por ejemplo, imprimiendo el logotipo, y se entregan con un embalaje industrial resistente a los golpes para garantizar un transporte seguro.<\/li>\n<\/ul>\n<\/div>\n\n\n\n<div class=\"wp-block-column is-layout-flow wp-block-column-is-layout-flow\">\n<figure class=\"wp-block-image size-full\"><img decoding=\"async\" width=\"800\" height=\"800\" src=\"https:\/\/www.czqunfa.com\/wp-content\/uploads\/2026\/01\/wholesale-ceramic-ramekin-set-of-3-custom-souffle-cups-1.webp\" alt=\"mayorista-ceramica-ramekin-juego-de-3-tazas-personalizadas-1\" class=\"wp-image-1498\" srcset=\"https:\/\/www.czqunfa.com\/wp-content\/uploads\/2026\/01\/wholesale-ceramic-ramekin-set-of-3-custom-souffle-cups-1.webp 800w, https:\/\/www.czqunfa.com\/wp-content\/uploads\/2026\/01\/wholesale-ceramic-ramekin-set-of-3-custom-souffle-cups-1-300x300.webp 300w, https:\/\/www.czqunfa.com\/wp-content\/uploads\/2026\/01\/wholesale-ceramic-ramekin-set-of-3-custom-souffle-cups-1-150x150.webp 150w, https:\/\/www.czqunfa.com\/wp-content\/uploads\/2026\/01\/wholesale-ceramic-ramekin-set-of-3-custom-souffle-cups-1-768x768.webp 768w, https:\/\/www.czqunfa.com\/wp-content\/uploads\/2026\/01\/wholesale-ceramic-ramekin-set-of-3-custom-souffle-cups-1-12x12.webp 12w, https:\/\/www.czqunfa.com\/wp-content\/uploads\/2026\/01\/wholesale-ceramic-ramekin-set-of-3-custom-souffle-cups-1-600x600.webp 600w, https:\/\/www.czqunfa.com\/wp-content\/uploads\/2026\/01\/wholesale-ceramic-ramekin-set-of-3-custom-souffle-cups-1-100x100.webp 100w\" sizes=\"(max-width: 800px) 100vw, 800px\" \/><\/figure>\n<\/div>\n<\/div>\n\n\n\n<figure class=\"wp-block-gallery has-nested-images columns-default is-cropped wp-block-gallery-1 is-layout-flex wp-block-gallery-is-layout-flex\">\n<figure class=\"wp-block-image size-full\"><img decoding=\"async\" width=\"800\" height=\"800\" data-id=\"1502\" src=\"https:\/\/www.czqunfa.com\/wp-content\/uploads\/2026\/01\/wholesale-ceramic-ramekin-set-of-3-custom-souffle-cups-5.webp\" alt=\"mayorista-ceramica-ramekin-juego-de-3-tazas-personalizadas-5\" class=\"wp-image-1502\" srcset=\"https:\/\/www.czqunfa.com\/wp-content\/uploads\/2026\/01\/wholesale-ceramic-ramekin-set-of-3-custom-souffle-cups-5.webp 800w, https:\/\/www.czqunfa.com\/wp-content\/uploads\/2026\/01\/wholesale-ceramic-ramekin-set-of-3-custom-souffle-cups-5-300x300.webp 300w, https:\/\/www.czqunfa.com\/wp-content\/uploads\/2026\/01\/wholesale-ceramic-ramekin-set-of-3-custom-souffle-cups-5-150x150.webp 150w, https:\/\/www.czqunfa.com\/wp-content\/uploads\/2026\/01\/wholesale-ceramic-ramekin-set-of-3-custom-souffle-cups-5-768x768.webp 768w, https:\/\/www.czqunfa.com\/wp-content\/uploads\/2026\/01\/wholesale-ceramic-ramekin-set-of-3-custom-souffle-cups-5-12x12.webp 12w, https:\/\/www.czqunfa.com\/wp-content\/uploads\/2026\/01\/wholesale-ceramic-ramekin-set-of-3-custom-souffle-cups-5-600x600.webp 600w, https:\/\/www.czqunfa.com\/wp-content\/uploads\/2026\/01\/wholesale-ceramic-ramekin-set-of-3-custom-souffle-cups-5-100x100.webp 100w\" sizes=\"(max-width: 800px) 100vw, 800px\" \/><\/figure>\n\n\n\n<figure class=\"wp-block-image size-full\"><img decoding=\"async\" width=\"800\" height=\"800\" data-id=\"1500\" src=\"https:\/\/www.czqunfa.com\/wp-content\/uploads\/2026\/01\/wholesale-ceramic-ramekin-set-of-3-custom-souffle-cups-3.webp\" alt=\"mayorista-ceramica-ramekin-juego-de-3-tazas-de-puffle-personalizadas-3\" class=\"wp-image-1500\" srcset=\"https:\/\/www.czqunfa.com\/wp-content\/uploads\/2026\/01\/wholesale-ceramic-ramekin-set-of-3-custom-souffle-cups-3.webp 800w, https:\/\/www.czqunfa.com\/wp-content\/uploads\/2026\/01\/wholesale-ceramic-ramekin-set-of-3-custom-souffle-cups-3-300x300.webp 300w, https:\/\/www.czqunfa.com\/wp-content\/uploads\/2026\/01\/wholesale-ceramic-ramekin-set-of-3-custom-souffle-cups-3-150x150.webp 150w, https:\/\/www.czqunfa.com\/wp-content\/uploads\/2026\/01\/wholesale-ceramic-ramekin-set-of-3-custom-souffle-cups-3-768x768.webp 768w, https:\/\/www.czqunfa.com\/wp-content\/uploads\/2026\/01\/wholesale-ceramic-ramekin-set-of-3-custom-souffle-cups-3-12x12.webp 12w, https:\/\/www.czqunfa.com\/wp-content\/uploads\/2026\/01\/wholesale-ceramic-ramekin-set-of-3-custom-souffle-cups-3-600x600.webp 600w, https:\/\/www.czqunfa.com\/wp-content\/uploads\/2026\/01\/wholesale-ceramic-ramekin-set-of-3-custom-souffle-cups-3-100x100.webp 100w\" sizes=\"(max-width: 800px) 100vw, 800px\" \/><\/figure>\n<\/figure>\n\n\n\n<p><\/p>","protected":false},"excerpt":{"rendered":"<p>Bienvenido a comprar nuestro juego de ramequines de cer\u00e1mica al por mayor. Estas tazas de souffl\u00e9 de cer\u00e1mica arco iris al por mayor est\u00e1n dise\u00f1adas para panader\u00edas, tiendas de postres, hoteles y cadenas de restaurantes. Fabricado en cer\u00e1mica de alta calidad, tiene una excelente resistencia a la temperatura y durabilidad, y es seguro para su uso en hornos, microondas y lavavajillas. Se acepta la personalizaci\u00f3n a granel (pedido m\u00ednimo de 1000 juegos), ofreciendo opciones de personalizaci\u00f3n de marca y soluciones fiables de env\u00edo a granel.<\/p>\n<h2>Mayorista Ramekin de Cer\u00e1mica Par\u00e1metro<\/h2>\n<table border=\"0\" width=\"328\" cellspacing=\"0\" cellpadding=\"0\">\n<tbody>\n<tr>\n<td width=\"116\" height=\"17\">Fabricante<\/td>\n<td width=\"211\">QUNFA<\/td>\n<\/tr>\n<tr>\n<td width=\"116\" height=\"17\">Tipo de producto<\/td>\n<td>Ramekin<\/td>\n<\/tr>\n<tr>\n<td width=\"116\" height=\"17\">N.\u00ba de modelo.<\/td>\n<td width=\"211\">2061<\/td>\n<\/tr>\n<tr>\n<td width=\"116\" height=\"17\">Material<\/td>\n<td width=\"211\">Gres<\/td>\n<\/tr>\n<tr>\n<td width=\"116\" height=\"17\">Color<\/td>\n<td width=\"211\">Personalizado<\/td>\n<\/tr>\n<tr>\n<td width=\"116\" height=\"16\">Dimensi\u00f3n<\/td>\n<td width=\"211\">7,3*7,3*3,8CM<\/td>\n<\/tr>\n<tr>\n<td width=\"116\" height=\"17\">Cantidad m\u00ednima de pedido<\/td>\n<td width=\"211\">1000 unidades<\/td>\n<\/tr>\n<tr>\n<td width=\"116\" height=\"17\">Personalizado<\/td>\n<td width=\"211\">Color\/Tama\u00f1o\/Logotipo\/Embalaje\/Forma<\/td>\n<\/tr>\n<\/tbody>\n<\/table>","protected":false},"featured_media":1503,"comment_status":"closed","ping_status":"closed","template":"","meta":{"_acf_changed":false},"product_brand":[],"product_cat":[22,29],"product_tag":[],"class_list":{"0":"post-1497","1":"product","2":"type-product","3":"status-publish","4":"has-post-thumbnail","6":"product_cat-bakeware-manufacturer","7":"product_cat-wholesale-ramekins","9":"first","10":"instock","11":"shipping-taxable","12":"product-type-simple"},"acf":[],"_links":{"self":[{"href":"https:\/\/www.czqunfa.com\/es\/wp-json\/wp\/v2\/product\/1497","targetHints":{"allow":["GET"]}}],"collection":[{"href":"https:\/\/www.czqunfa.com\/es\/wp-json\/wp\/v2\/product"}],"about":[{"href":"https:\/\/www.czqunfa.com\/es\/wp-json\/wp\/v2\/types\/product"}],"replies":[{"embeddable":true,"href":"https:\/\/www.czqunfa.com\/es\/wp-json\/wp\/v2\/comments?post=1497"}],"wp:featuredmedia":[{"embeddable":true,"href":"https:\/\/www.czqunfa.com\/es\/wp-json\/wp\/v2\/media\/1503"}],"wp:attachment":[{"href":"https:\/\/www.czqunfa.com\/es\/wp-json\/wp\/v2\/media?parent=1497"}],"wp:term":[{"taxonomy":"product_brand","embeddable":true,"href":"https:\/\/www.czqunfa.com\/es\/wp-json\/wp\/v2\/product_brand?post=1497"},{"taxonomy":"product_cat","embeddable":true,"href":"https:\/\/www.czqunfa.com\/es\/wp-json\/wp\/v2\/product_cat?post=1497"},{"taxonomy":"product_tag","embeddable":true,"href":"https:\/\/www.czqunfa.com\/es\/wp-json\/wp\/v2\/product_tag?post=1497"}],"curies":[{"name":"wp","href":"https:\/\/api.w.org\/{rel}","templated":true}]}}