{"id":1470,"date":"2026-01-10T01:54:47","date_gmt":"2026-01-10T01:54:47","guid":{"rendered":"https:\/\/www.czqunfa.com\/?post_type=product&#038;p=1470"},"modified":"2026-01-10T02:35:11","modified_gmt":"2026-01-10T02:35:11","slug":"custom-ramen-bowl","status":"publish","type":"product","link":"https:\/\/www.czqunfa.com\/es\/producto\/custom-ramen-bowl\/","title":{"rendered":"Taz\u00f3n de Ramen Personalizado Estilo Japon\u00e9s, Taz\u00f3n de Fideos de Porcelana a Granel"},"content":{"rendered":"<div class=\"wp-block-columns is-layout-flex wp-container-core-columns-is-layout-9d6595d7 wp-block-columns-is-layout-flex\">\n<div class=\"wp-block-column is-layout-flow wp-block-column-is-layout-flow\">\n<h2 class=\"wp-block-heading\">Caracter\u00edsticas de Custom Ramen Bowl<\/h2>\n\n\n\n<ul class=\"wp-block-list\">\n<li><strong>Porcelana de alta calidad Material:<\/strong> Estos cuencos para ramen personalizados est\u00e1n hechos de porcelana cocida a alta temperatura de gran calidad, con una estructura densa, robusta y duradera, que posee una excelente resistencia al calor y al fr\u00edo, adecuada para entornos comerciales de alta frecuencia.<\/li>\n\n\n\n<li><strong>Dise\u00f1o japon\u00e9s pintado a mano con motivos horizontales:<\/strong> Estos cuencos para ramen personalizados presentan un estilo japon\u00e9s cl\u00e1sico con motivos horizontales pintados a mano. La textura, natural y delicada, combina la belleza tradicional con la est\u00e9tica moderna, realzando la calidad general de la mesa.<\/li>\n\n\n\n<li><strong>Forma pr\u00e1ctica y detalles:<\/strong> Este cuenco para ramen personalizado se basa en la forma est\u00e1ndar de cuenco c\u00f3nico de dise\u00f1o cl\u00e1sico. Algunos modelos est\u00e1n provistos de asas a ambos lados o de orificios para colgarlo; estas caracter\u00edsticas le facilitar\u00e1n la tarea de cocinar y de guardarlo colgado.<\/li>\n\n\n\n<li><strong>Esmalte f\u00e1cil de limpiar:<\/strong> Nuestro bol de porcelana para fideos a granel tiene una capa de esmalte suave y delicada que no retiene f\u00e1cilmente las manchas de aceite ni los restos de comida, por lo que es f\u00e1cil de limpiar y adecuado para un uso prolongado en restaurantes, tiendas de ramen y cadenas de restaurantes.<\/li>\n\n\n\n<li><strong>Normas de seguridad de calidad comercial:<\/strong> Nuestros cuencos de porcelana para fideos son aptos para lavavajillas, microondas y horno, por lo que se ajustan a las pr\u00e1cticas de las cocinas de los restaurantes modernos y mejoran la eficiencia de la cocina.<\/li>\n<\/ul>\n<\/div>\n\n\n\n<div class=\"wp-block-column is-layout-flow wp-block-column-is-layout-flow\">\n<figure class=\"wp-block-image size-full\"><img decoding=\"async\" width=\"1000\" height=\"1000\" src=\"https:\/\/www.czqunfa.com\/wp-content\/uploads\/2026\/01\/japanese-style-custom-ramen-bowl-porcelain-noodle-bowl-bulk-1.webp\" alt=\"taz\u00f3n-porcelana-para-fideos-tipo-japon\u00e9s-custom-ramen-bulk-1\" class=\"wp-image-1475\" srcset=\"https:\/\/www.czqunfa.com\/wp-content\/uploads\/2026\/01\/japanese-style-custom-ramen-bowl-porcelain-noodle-bowl-bulk-1.webp 1000w, https:\/\/www.czqunfa.com\/wp-content\/uploads\/2026\/01\/japanese-style-custom-ramen-bowl-porcelain-noodle-bowl-bulk-1-300x300.webp 300w, https:\/\/www.czqunfa.com\/wp-content\/uploads\/2026\/01\/japanese-style-custom-ramen-bowl-porcelain-noodle-bowl-bulk-1-150x150.webp 150w, https:\/\/www.czqunfa.com\/wp-content\/uploads\/2026\/01\/japanese-style-custom-ramen-bowl-porcelain-noodle-bowl-bulk-1-768x768.webp 768w, https:\/\/www.czqunfa.com\/wp-content\/uploads\/2026\/01\/japanese-style-custom-ramen-bowl-porcelain-noodle-bowl-bulk-1-12x12.webp 12w, https:\/\/www.czqunfa.com\/wp-content\/uploads\/2026\/01\/japanese-style-custom-ramen-bowl-porcelain-noodle-bowl-bulk-1-600x600.webp 600w, https:\/\/www.czqunfa.com\/wp-content\/uploads\/2026\/01\/japanese-style-custom-ramen-bowl-porcelain-noodle-bowl-bulk-1-100x100.webp 100w\" sizes=\"(max-width: 1000px) 100vw, 1000px\" \/><\/figure>\n<\/div>\n<\/div>\n\n\n\n<figure class=\"wp-block-gallery has-nested-images columns-default is-cropped wp-block-gallery-1 is-layout-flex wp-block-gallery-is-layout-flex\">\n<figure class=\"wp-block-image size-full\"><img decoding=\"async\" width=\"1000\" height=\"1000\" data-id=\"1476\" src=\"https:\/\/www.czqunfa.com\/wp-content\/uploads\/2026\/01\/japanese-style-custom-ramen-bowl-porcelain-noodle-bowl-bulk-2.webp\" alt=\"taz\u00f3n de porcelana para fideos de estilo japon\u00e9s a granel-2\" class=\"wp-image-1476\" srcset=\"https:\/\/www.czqunfa.com\/wp-content\/uploads\/2026\/01\/japanese-style-custom-ramen-bowl-porcelain-noodle-bowl-bulk-2.webp 1000w, https:\/\/www.czqunfa.com\/wp-content\/uploads\/2026\/01\/japanese-style-custom-ramen-bowl-porcelain-noodle-bowl-bulk-2-300x300.webp 300w, https:\/\/www.czqunfa.com\/wp-content\/uploads\/2026\/01\/japanese-style-custom-ramen-bowl-porcelain-noodle-bowl-bulk-2-150x150.webp 150w, https:\/\/www.czqunfa.com\/wp-content\/uploads\/2026\/01\/japanese-style-custom-ramen-bowl-porcelain-noodle-bowl-bulk-2-768x768.webp 768w, https:\/\/www.czqunfa.com\/wp-content\/uploads\/2026\/01\/japanese-style-custom-ramen-bowl-porcelain-noodle-bowl-bulk-2-12x12.webp 12w, https:\/\/www.czqunfa.com\/wp-content\/uploads\/2026\/01\/japanese-style-custom-ramen-bowl-porcelain-noodle-bowl-bulk-2-600x600.webp 600w, https:\/\/www.czqunfa.com\/wp-content\/uploads\/2026\/01\/japanese-style-custom-ramen-bowl-porcelain-noodle-bowl-bulk-2-100x100.webp 100w\" sizes=\"(max-width: 1000px) 100vw, 1000px\" \/><\/figure>\n\n\n\n<figure class=\"wp-block-image size-full\"><img decoding=\"async\" width=\"1000\" height=\"1000\" data-id=\"1478\" src=\"https:\/\/www.czqunfa.com\/wp-content\/uploads\/2026\/01\/japanese-style-custom-ramen-bowl-porcelain-noodle-bowl-bulk-4.webp\" alt=\"taz\u00f3n de porcelana para fideos a la japonesa 4 unidades\" class=\"wp-image-1478\" srcset=\"https:\/\/www.czqunfa.com\/wp-content\/uploads\/2026\/01\/japanese-style-custom-ramen-bowl-porcelain-noodle-bowl-bulk-4.webp 1000w, https:\/\/www.czqunfa.com\/wp-content\/uploads\/2026\/01\/japanese-style-custom-ramen-bowl-porcelain-noodle-bowl-bulk-4-300x300.webp 300w, https:\/\/www.czqunfa.com\/wp-content\/uploads\/2026\/01\/japanese-style-custom-ramen-bowl-porcelain-noodle-bowl-bulk-4-150x150.webp 150w, https:\/\/www.czqunfa.com\/wp-content\/uploads\/2026\/01\/japanese-style-custom-ramen-bowl-porcelain-noodle-bowl-bulk-4-768x768.webp 768w, https:\/\/www.czqunfa.com\/wp-content\/uploads\/2026\/01\/japanese-style-custom-ramen-bowl-porcelain-noodle-bowl-bulk-4-12x12.webp 12w, https:\/\/www.czqunfa.com\/wp-content\/uploads\/2026\/01\/japanese-style-custom-ramen-bowl-porcelain-noodle-bowl-bulk-4-600x600.webp 600w, https:\/\/www.czqunfa.com\/wp-content\/uploads\/2026\/01\/japanese-style-custom-ramen-bowl-porcelain-noodle-bowl-bulk-4-100x100.webp 100w\" sizes=\"(max-width: 1000px) 100vw, 1000px\" \/><\/figure>\n<\/figure>","protected":false},"excerpt":{"rendered":"<p>Bienvenido a comprar nuestro cuenco para ramen personalizado de estilo japon\u00e9s, dise\u00f1ado para negocios de restauraci\u00f3n, con una gran variedad de dise\u00f1os art\u00edsticos, como blanco y negro, azul y blanco pintados a mano, y texturas moteadas. Fabricados en cer\u00e1mica de alta calidad, son duraderos, tienen un suave esmalte f\u00e1cil de limpiar y vienen con pr\u00e1cticas asas o agujeros para colgar. Personalizamos soluciones de vajilla para su marca.<\/p>\n<h2>Par\u00e1metro del cuenco de ramen personalizado<\/h2>\n<table width=\"328\">\n<tbody>\n<tr>\n<td width=\"116\">Fabricante<\/td>\n<td width=\"211\">QUNFA<\/td>\n<\/tr>\n<tr>\n<td width=\"116\">Tipo de producto<\/td>\n<td>Cuenco de cer\u00e1mica para ramen<\/td>\n<\/tr>\n<tr>\n<td width=\"116\">N.\u00ba de modelo.<\/td>\n<td width=\"211\">\u00a022-0055<\/td>\n<\/tr>\n<tr>\n<td width=\"116\">Material<\/td>\n<td width=\"211\">Gres<\/td>\n<\/tr>\n<tr>\n<td width=\"116\">Color<\/td>\n<td width=\"211\">negro, azul<\/td>\n<\/tr>\n<tr>\n<td width=\"116\">Dimensi\u00f3n<\/td>\n<td width=\"211\">16.5*16.5*11.4cm<\/td>\n<\/tr>\n<tr>\n<td width=\"116\">Cantidad m\u00ednima de pedido<\/td>\n<td width=\"211\">1000 unidades<\/td>\n<\/tr>\n<tr>\n<td width=\"116\">Personalizado<\/td>\n<td width=\"211\">Color\/Tama\u00f1o\/Logotipo\/Embalaje\/Forma<\/td>\n<\/tr>\n<\/tbody>\n<\/table>","protected":false},"featured_media":1480,"comment_status":"closed","ping_status":"closed","template":"","meta":{"_acf_changed":false},"product_brand":[],"product_cat":[20,36],"product_tag":[],"class_list":{"0":"post-1470","1":"product","2":"type-product","3":"status-publish","4":"has-post-thumbnail","6":"product_cat-dinnerware-supplier","7":"product_cat-ceramic-bowl-supplier","9":"first","10":"instock","11":"shipping-taxable","12":"product-type-simple"},"acf":[],"_links":{"self":[{"href":"https:\/\/www.czqunfa.com\/es\/wp-json\/wp\/v2\/product\/1470","targetHints":{"allow":["GET"]}}],"collection":[{"href":"https:\/\/www.czqunfa.com\/es\/wp-json\/wp\/v2\/product"}],"about":[{"href":"https:\/\/www.czqunfa.com\/es\/wp-json\/wp\/v2\/types\/product"}],"replies":[{"embeddable":true,"href":"https:\/\/www.czqunfa.com\/es\/wp-json\/wp\/v2\/comments?post=1470"}],"wp:featuredmedia":[{"embeddable":true,"href":"https:\/\/www.czqunfa.com\/es\/wp-json\/wp\/v2\/media\/1480"}],"wp:attachment":[{"href":"https:\/\/www.czqunfa.com\/es\/wp-json\/wp\/v2\/media?parent=1470"}],"wp:term":[{"taxonomy":"product_brand","embeddable":true,"href":"https:\/\/www.czqunfa.com\/es\/wp-json\/wp\/v2\/product_brand?post=1470"},{"taxonomy":"product_cat","embeddable":true,"href":"https:\/\/www.czqunfa.com\/es\/wp-json\/wp\/v2\/product_cat?post=1470"},{"taxonomy":"product_tag","embeddable":true,"href":"https:\/\/www.czqunfa.com\/es\/wp-json\/wp\/v2\/product_tag?post=1470"}],"curies":[{"name":"wp","href":"https:\/\/api.w.org\/{rel}","templated":true}]}}