{"id":1240,"date":"2025-12-27T03:50:35","date_gmt":"2025-12-27T03:50:35","guid":{"rendered":"https:\/\/www.czqunfa.com\/?post_type=product&#038;p=1240"},"modified":"2025-12-27T06:57:10","modified_gmt":"2025-12-27T06:57:10","slug":"kitchen-utensil-holder-wholesale","status":"publish","type":"product","link":"https:\/\/www.czqunfa.com\/es\/producto\/kitchen-utensil-holder-wholesale\/","title":{"rendered":"Mayorista de utensilios de cocina, tarros de cer\u00e1mica para utensilios a granel"},"content":{"rendered":"<div class=\"wp-block-columns is-layout-flex wp-container-core-columns-is-layout-9d6595d7 wp-block-columns-is-layout-flex\">\n<div class=\"wp-block-column is-layout-flow wp-block-column-is-layout-flow\">\n<h2 class=\"wp-block-heading\">Caracter\u00edsticas del soporte para utensilios de cocina al por mayor<\/h2>\n\n\n\n<ul class=\"wp-block-list\">\n<li><strong>Dise\u00f1o del tema Flamingo:<\/strong> El estampado de flamencos con lentejuelas rojas sobre una base de cer\u00e1mica rosa claro suave crea un dise\u00f1o bonito y vibrante en este soporte para utensilios de cocina al por mayor. Este ingenioso dise\u00f1o hace que el soporte para utensilios de cocina sea una herramienta pr\u00e1ctica, adem\u00e1s de un elemento decorativo para iluminar tu cocina, rinc\u00f3n de caf\u00e9 o espacio dom\u00e9stico.<\/li>\n\n\n\n<li><strong>Material cer\u00e1mico duradero de alta calidad:<\/strong> Este soporte para utensilios de cocina al por mayor est\u00e1 fabricado en cer\u00e1mica de alta calidad, con una textura s\u00f3lida y densa, adecuada para una larga durabilidad en entornos comerciales o dom\u00e9sticos.<\/li>\n\n\n\n<li><strong>Esmalte suave, f\u00e1cil de limpiar: <\/strong>El esmalte superficial de este soporte para utensilios de cocina al por mayor es delicado, resistente a las manchas y a los ara\u00f1azos, adecuado para el entorno cotidiano de la cocina y cumple con los requisitos pr\u00e1cticos de las compras al por mayor.<\/li>\n\n\n\n<li><strong>Gran capacidad:<\/strong> Nuestro tarro para utensilios de gres tiene una forma cil\u00edndrica regular y un amplio espacio interior, ideal para guardar diversos utensilios de cocina de mango largo (como esp\u00e1tulas, cucharas, batidores), vajilla o como recipiente de almacenamiento multifuncional para portal\u00e1pices, porta-pinceles cosm\u00e9ticos, etc.<\/li>\n\n\n\n<li><strong>Adecuado para mercados mayoristas y de exportaci\u00f3n:<\/strong> Nuestro suministro de tarros para utensilios de gres cumple con los est\u00e1ndares internacionales para cer\u00e1mica de uso diario y es adecuado para compras al por mayor, comercio electr\u00f3nico transfronterizo y canales minoristas offline.<\/li>\n<\/ul>\n<\/div>\n\n\n\n<div class=\"wp-block-column is-layout-flow wp-block-column-is-layout-flow\">\n<figure class=\"wp-block-image size-full\"><img decoding=\"async\" width=\"800\" height=\"800\" src=\"https:\/\/www.czqunfa.com\/wp-content\/uploads\/2025\/12\/kitchen-utensil-holder-wholesale-stoneware-utensil-jar-bulk-1.webp\" alt=\"porta utensilios de cocina al por mayor, tarro de cer\u00e1mica para utensilios, a granel, 1\" class=\"wp-image-1248\" srcset=\"https:\/\/www.czqunfa.com\/wp-content\/uploads\/2025\/12\/kitchen-utensil-holder-wholesale-stoneware-utensil-jar-bulk-1.webp 800w, https:\/\/www.czqunfa.com\/wp-content\/uploads\/2025\/12\/kitchen-utensil-holder-wholesale-stoneware-utensil-jar-bulk-1-300x300.webp 300w, https:\/\/www.czqunfa.com\/wp-content\/uploads\/2025\/12\/kitchen-utensil-holder-wholesale-stoneware-utensil-jar-bulk-1-150x150.webp 150w, https:\/\/www.czqunfa.com\/wp-content\/uploads\/2025\/12\/kitchen-utensil-holder-wholesale-stoneware-utensil-jar-bulk-1-768x768.webp 768w, https:\/\/www.czqunfa.com\/wp-content\/uploads\/2025\/12\/kitchen-utensil-holder-wholesale-stoneware-utensil-jar-bulk-1-600x600.webp 600w, https:\/\/www.czqunfa.com\/wp-content\/uploads\/2025\/12\/kitchen-utensil-holder-wholesale-stoneware-utensil-jar-bulk-1-100x100.webp 100w\" sizes=\"(max-width: 800px) 100vw, 800px\" \/><\/figure>\n<\/div>\n<\/div>\n\n\n\n<figure class=\"wp-block-gallery has-nested-images columns-default is-cropped wp-block-gallery-1 is-layout-flex wp-block-gallery-is-layout-flex\">\n<figure class=\"wp-block-image size-full\"><img decoding=\"async\" width=\"800\" height=\"800\" data-id=\"1250\" src=\"https:\/\/www.czqunfa.com\/wp-content\/uploads\/2025\/12\/kitchen-utensil-holder-wholesale-stoneware-utensil-jar-bulk-3.webp\" alt=\"porta utensili de cocina al por mayor, tarro de gres para utensilios, a granel, 3\" class=\"wp-image-1250\" srcset=\"https:\/\/www.czqunfa.com\/wp-content\/uploads\/2025\/12\/kitchen-utensil-holder-wholesale-stoneware-utensil-jar-bulk-3.webp 800w, https:\/\/www.czqunfa.com\/wp-content\/uploads\/2025\/12\/kitchen-utensil-holder-wholesale-stoneware-utensil-jar-bulk-3-300x300.webp 300w, https:\/\/www.czqunfa.com\/wp-content\/uploads\/2025\/12\/kitchen-utensil-holder-wholesale-stoneware-utensil-jar-bulk-3-150x150.webp 150w, https:\/\/www.czqunfa.com\/wp-content\/uploads\/2025\/12\/kitchen-utensil-holder-wholesale-stoneware-utensil-jar-bulk-3-768x768.webp 768w, https:\/\/www.czqunfa.com\/wp-content\/uploads\/2025\/12\/kitchen-utensil-holder-wholesale-stoneware-utensil-jar-bulk-3-600x600.webp 600w, https:\/\/www.czqunfa.com\/wp-content\/uploads\/2025\/12\/kitchen-utensil-holder-wholesale-stoneware-utensil-jar-bulk-3-100x100.webp 100w\" sizes=\"(max-width: 800px) 100vw, 800px\" \/><\/figure>\n\n\n\n<figure class=\"wp-block-image size-full\"><img decoding=\"async\" width=\"800\" height=\"800\" data-id=\"1252\" src=\"https:\/\/www.czqunfa.com\/wp-content\/uploads\/2025\/12\/kitchen-utensil-holder-wholesale-stoneware-utensil-jar-bulk-5.webp\" alt=\"porta utensili de cocina al por mayor, tarro de gres para utensilios, a granel, 5\" class=\"wp-image-1252\" srcset=\"https:\/\/www.czqunfa.com\/wp-content\/uploads\/2025\/12\/kitchen-utensil-holder-wholesale-stoneware-utensil-jar-bulk-5.webp 800w, https:\/\/www.czqunfa.com\/wp-content\/uploads\/2025\/12\/kitchen-utensil-holder-wholesale-stoneware-utensil-jar-bulk-5-300x300.webp 300w, https:\/\/www.czqunfa.com\/wp-content\/uploads\/2025\/12\/kitchen-utensil-holder-wholesale-stoneware-utensil-jar-bulk-5-150x150.webp 150w, https:\/\/www.czqunfa.com\/wp-content\/uploads\/2025\/12\/kitchen-utensil-holder-wholesale-stoneware-utensil-jar-bulk-5-768x768.webp 768w, https:\/\/www.czqunfa.com\/wp-content\/uploads\/2025\/12\/kitchen-utensil-holder-wholesale-stoneware-utensil-jar-bulk-5-600x600.webp 600w, https:\/\/www.czqunfa.com\/wp-content\/uploads\/2025\/12\/kitchen-utensil-holder-wholesale-stoneware-utensil-jar-bulk-5-100x100.webp 100w\" sizes=\"(max-width: 800px) 100vw, 800px\" \/><\/figure>\n<\/figure>\n\n\n\n<p><\/p>","protected":false},"excerpt":{"rendered":"<p>Bienvenido a la venta al por mayor de nuestro soporte para utensilios de cocina Flamingo, que cuenta con un tarro de cer\u00e1mica resistente y recto, con un llamativo dise\u00f1o de flamenco. Este tarro de gres para utensilios ofrece una gran capacidad, una estructura estable y un acabado esmaltado liso, ideal para organizar los utensilios de cocina en hogares, restaurantes y hoteles. Se puede personalizar el color, el logotipo y el embalaje, lo que lo convierte en una opci\u00f3n perfecta para mayoristas de cocina, marcas de art\u00edculos para el hogar e importadores.<\/p>\n<h2>Par\u00e1metros de venta al por mayor de soportes para utensilios de cocina<\/h2>\n<table width=\"328\">\n<tbody>\n<tr>\n<td width=\"116\">Fabricante<\/td>\n<td width=\"211\">QUNFA<\/td>\n<\/tr>\n<tr>\n<td width=\"116\">Tipo de producto<\/td>\n<td>Porta utensilios<\/td>\n<\/tr>\n<tr>\n<td width=\"116\">N.\u00ba de modelo.<\/td>\n<td width=\"211\">19-0184-1\u00a0<\/td>\n<\/tr>\n<tr>\n<td width=\"116\">Material<\/td>\n<td width=\"211\">Gres<\/td>\n<\/tr>\n<tr>\n<td width=\"116\">Color<\/td>\n<td width=\"211\">Rosa<\/td>\n<\/tr>\n<tr>\n<td width=\"116\">Dimensi\u00f3n<\/td>\n<td width=\"211\">10 x 10 x 17,3 cm<\/td>\n<\/tr>\n<tr>\n<td width=\"116\">Cantidad m\u00ednima de pedido<\/td>\n<td width=\"211\">1000 unidades<\/td>\n<\/tr>\n<tr>\n<td width=\"116\">Personalizado<\/td>\n<td width=\"211\">Color\/Tama\u00f1o\/Logotipo\/Embalaje\/Forma<\/td>\n<\/tr>\n<\/tbody>\n<\/table>","protected":false},"featured_media":1253,"comment_status":"closed","ping_status":"closed","template":"","meta":{"_acf_changed":false},"product_brand":[],"product_cat":[21,17,47,24],"product_tag":[],"class_list":{"0":"post-1240","1":"product","2":"type-product","3":"status-publish","4":"has-post-thumbnail","6":"product_cat-ceramic-kitchenware-wholesale","7":"product_cat-home-garden-decor-wholesale","8":"product_cat-canister-supplier","9":"product_cat-utensil-holder-manufacturer","11":"first","12":"instock","13":"shipping-taxable","14":"product-type-simple"},"acf":[],"_links":{"self":[{"href":"https:\/\/www.czqunfa.com\/es\/wp-json\/wp\/v2\/product\/1240","targetHints":{"allow":["GET"]}}],"collection":[{"href":"https:\/\/www.czqunfa.com\/es\/wp-json\/wp\/v2\/product"}],"about":[{"href":"https:\/\/www.czqunfa.com\/es\/wp-json\/wp\/v2\/types\/product"}],"replies":[{"embeddable":true,"href":"https:\/\/www.czqunfa.com\/es\/wp-json\/wp\/v2\/comments?post=1240"}],"wp:featuredmedia":[{"embeddable":true,"href":"https:\/\/www.czqunfa.com\/es\/wp-json\/wp\/v2\/media\/1253"}],"wp:attachment":[{"href":"https:\/\/www.czqunfa.com\/es\/wp-json\/wp\/v2\/media?parent=1240"}],"wp:term":[{"taxonomy":"product_brand","embeddable":true,"href":"https:\/\/www.czqunfa.com\/es\/wp-json\/wp\/v2\/product_brand?post=1240"},{"taxonomy":"product_cat","embeddable":true,"href":"https:\/\/www.czqunfa.com\/es\/wp-json\/wp\/v2\/product_cat?post=1240"},{"taxonomy":"product_tag","embeddable":true,"href":"https:\/\/www.czqunfa.com\/es\/wp-json\/wp\/v2\/product_tag?post=1240"}],"curies":[{"name":"wp","href":"https:\/\/api.w.org\/{rel}","templated":true}]}}