{"id":1231,"date":"2025-12-27T03:00:21","date_gmt":"2025-12-27T03:00:21","guid":{"rendered":"https:\/\/www.czqunfa.com\/?post_type=product&#038;p=1231"},"modified":"2025-12-27T03:42:08","modified_gmt":"2025-12-27T03:42:08","slug":"ceramic-honey-pot-wholesale","status":"publish","type":"product","link":"https:\/\/www.czqunfa.com\/es\/producto\/ceramic-honey-pot-wholesale\/","title":{"rendered":"Bonitos tarros de cer\u00e1mica para miel al por mayor, tarros para almacenar alimentos a granel"},"content":{"rendered":"<div class=\"wp-block-columns is-layout-flex wp-container-core-columns-is-layout-9d6595d7 wp-block-columns-is-layout-flex\">\n<div class=\"wp-block-column is-layout-flow wp-block-column-is-layout-flow\">\n<h2 class=\"wp-block-heading\">Caracter\u00edsticas del tarro de miel de cer\u00e1mica al por mayor<\/h2>\n\n\n\n<ul class=\"wp-block-list\">\n<li><strong>Dise\u00f1o cl\u00e1sico de tarro de miel bicolor:<\/strong> Nuestro tarro de miel de cer\u00e1mica al por mayor presenta un cl\u00e1sico contraste de colores blanco y tostado, con finas rayas verticales en el cuerpo y una tapa abovedada blanca con una peque\u00f1a asa, lo que hace que el producto sea muy reconocible y visualmente atractivo.<\/li>\n\n\n\n<li><strong>Material cer\u00e1mico duradero:<\/strong> Estos tarros para almacenar alimentos a granel est\u00e1n fabricados con cer\u00e1mica cocida a alta temperatura, lo que da como resultado una estructura robusta que no es propensa a agrietarse. Adecuados para el uso a granel a largo plazo y la reposici\u00f3n repetida, cumplen los requisitos de durabilidad comercial.<\/li>\n\n\n\n<li><strong>Apto para uso alimentario y seguro: <\/strong>Estos tarros de conservaci\u00f3n de alimentos a granel utilizan esmalte de calidad alimentaria, sin plomo ni cadmio, adecuado para almacenar miel, az\u00facar, mermelada, condimentos y otros productos alimenticios, satisfaciendo las necesidades tanto de los servicios de alimentaci\u00f3n como de los canales minoristas.<\/li>\n\n\n\n<li><strong>Kit completo de servicio de miel:<\/strong> Nuestro tarro de miel de cer\u00e1mica se vende al por mayor en un kit completo que incluye el tarro, la tapa y una varilla agitadora de madera. El palo agitador tiene una protuberancia en espiral en un extremo, dise\u00f1ada espec\u00edficamente para agitar miel espesa y cristalizada, lo que aumenta la profesionalidad y facilidad de uso del producto. Listo para usar nada m\u00e1s sacarlo de la caja.<\/li>\n\n\n\n<li><strong>Apoyo a la venta al por mayor:<\/strong> Nuestro tarro de miel de cer\u00e1mica al por mayor ofrece un suministro estable de grandes cantidades, adecuado para mayoristas, importadores, cadenas de minoristas y aprovisionamiento de catering. La personalizaci\u00f3n es compatible para satisfacer su propia marca y las necesidades de diferenciaci\u00f3n del mercado.<\/li>\n<\/ul>\n<\/div>\n\n\n\n<div class=\"wp-block-column is-layout-flow wp-block-column-is-layout-flow\">\n<figure class=\"wp-block-image size-full\"><img decoding=\"async\" width=\"1000\" height=\"1000\" src=\"https:\/\/www.czqunfa.com\/wp-content\/uploads\/2025\/12\/cute-ceramic-honey-pot-wholesale-bulk-food-storage-jars-1.webp\" alt=\"tarros de miel de cer\u00e1mica al por mayor - tarros de conservas a granel-1\" class=\"wp-image-1234\" srcset=\"https:\/\/www.czqunfa.com\/wp-content\/uploads\/2025\/12\/cute-ceramic-honey-pot-wholesale-bulk-food-storage-jars-1.webp 1000w, https:\/\/www.czqunfa.com\/wp-content\/uploads\/2025\/12\/cute-ceramic-honey-pot-wholesale-bulk-food-storage-jars-1-300x300.webp 300w, https:\/\/www.czqunfa.com\/wp-content\/uploads\/2025\/12\/cute-ceramic-honey-pot-wholesale-bulk-food-storage-jars-1-150x150.webp 150w, https:\/\/www.czqunfa.com\/wp-content\/uploads\/2025\/12\/cute-ceramic-honey-pot-wholesale-bulk-food-storage-jars-1-768x768.webp 768w, https:\/\/www.czqunfa.com\/wp-content\/uploads\/2025\/12\/cute-ceramic-honey-pot-wholesale-bulk-food-storage-jars-1-600x600.webp 600w, https:\/\/www.czqunfa.com\/wp-content\/uploads\/2025\/12\/cute-ceramic-honey-pot-wholesale-bulk-food-storage-jars-1-100x100.webp 100w\" sizes=\"(max-width: 1000px) 100vw, 1000px\" \/><\/figure>\n<\/div>\n<\/div>\n\n\n\n<figure class=\"wp-block-gallery has-nested-images columns-default is-cropped wp-block-gallery-1 is-layout-flex wp-block-gallery-is-layout-flex\">\n<figure class=\"wp-block-image size-full\"><img decoding=\"async\" width=\"1000\" height=\"1000\" data-id=\"1236\" src=\"https:\/\/www.czqunfa.com\/wp-content\/uploads\/2025\/12\/cute-ceramic-honey-pot-wholesale-bulk-food-storage-jars-3.webp\" alt=\"tarros de miel de cer\u00e1mica al por mayor tarros de conservas a granel-3\" class=\"wp-image-1236\" srcset=\"https:\/\/www.czqunfa.com\/wp-content\/uploads\/2025\/12\/cute-ceramic-honey-pot-wholesale-bulk-food-storage-jars-3.webp 1000w, https:\/\/www.czqunfa.com\/wp-content\/uploads\/2025\/12\/cute-ceramic-honey-pot-wholesale-bulk-food-storage-jars-3-300x300.webp 300w, https:\/\/www.czqunfa.com\/wp-content\/uploads\/2025\/12\/cute-ceramic-honey-pot-wholesale-bulk-food-storage-jars-3-150x150.webp 150w, https:\/\/www.czqunfa.com\/wp-content\/uploads\/2025\/12\/cute-ceramic-honey-pot-wholesale-bulk-food-storage-jars-3-768x768.webp 768w, https:\/\/www.czqunfa.com\/wp-content\/uploads\/2025\/12\/cute-ceramic-honey-pot-wholesale-bulk-food-storage-jars-3-600x600.webp 600w, https:\/\/www.czqunfa.com\/wp-content\/uploads\/2025\/12\/cute-ceramic-honey-pot-wholesale-bulk-food-storage-jars-3-100x100.webp 100w\" sizes=\"(max-width: 1000px) 100vw, 1000px\" \/><\/figure>\n\n\n\n<figure class=\"wp-block-image size-full\"><img decoding=\"async\" width=\"1000\" height=\"1000\" data-id=\"1238\" src=\"https:\/\/www.czqunfa.com\/wp-content\/uploads\/2025\/12\/cute-ceramic-honey-pot-wholesale-bulk-food-storage-jars-5.webp\" alt=\"tarros de miel de cer\u00e1mica al por mayor - tarros de conservas a granel-5\" class=\"wp-image-1238\" srcset=\"https:\/\/www.czqunfa.com\/wp-content\/uploads\/2025\/12\/cute-ceramic-honey-pot-wholesale-bulk-food-storage-jars-5.webp 1000w, https:\/\/www.czqunfa.com\/wp-content\/uploads\/2025\/12\/cute-ceramic-honey-pot-wholesale-bulk-food-storage-jars-5-300x300.webp 300w, https:\/\/www.czqunfa.com\/wp-content\/uploads\/2025\/12\/cute-ceramic-honey-pot-wholesale-bulk-food-storage-jars-5-150x150.webp 150w, https:\/\/www.czqunfa.com\/wp-content\/uploads\/2025\/12\/cute-ceramic-honey-pot-wholesale-bulk-food-storage-jars-5-768x768.webp 768w, https:\/\/www.czqunfa.com\/wp-content\/uploads\/2025\/12\/cute-ceramic-honey-pot-wholesale-bulk-food-storage-jars-5-600x600.webp 600w, https:\/\/www.czqunfa.com\/wp-content\/uploads\/2025\/12\/cute-ceramic-honey-pot-wholesale-bulk-food-storage-jars-5-100x100.webp 100w\" sizes=\"(max-width: 1000px) 100vw, 1000px\" \/><\/figure>\n<\/figure>\n\n\n\n<p><\/p>","protected":false},"excerpt":{"rendered":"<p>Bienvenido a comprar nuestro tarro de miel de cer\u00e1mica al por mayor con tapas y un agitador de madera dedicado. Hecho de cer\u00e1mica de alta calidad y duradero, suave y f\u00e1cil de limpiar. Los tarros de almacenamiento de alimentos al por mayor est\u00e1n hechos de cer\u00e1mica de grado alimenticio de alta cocci\u00f3n para un uso seguro y duradero. Adecuados para marcas de alimentaci\u00f3n, supermercados boutique, hoteles y tiendas de regalos. Disponibles a granel con personalizaci\u00f3n OEM\/ODM para logotipo, color y envase.<\/p>\n<h2>Tarro de miel de cer\u00e1mica al por mayor Par\u00e1metro<\/h2>\n<table width=\"328\">\n<tbody>\n<tr>\n<td width=\"116\">Fabricante<\/td>\n<td width=\"211\">QUNFA<\/td>\n<\/tr>\n<tr>\n<td width=\"116\">Tipo de producto<\/td>\n<td>Tarro de almacenamiento<\/td>\n<\/tr>\n<tr>\n<td width=\"116\">N.\u00ba de modelo.<\/td>\n<td width=\"211\">QF21-060\u00a0<\/td>\n<\/tr>\n<tr>\n<td width=\"116\">Material<\/td>\n<td width=\"211\">Gres<\/td>\n<\/tr>\n<tr>\n<td width=\"116\">Color<\/td>\n<td width=\"211\">De blanco a marr\u00f3n<\/td>\n<\/tr>\n<tr>\n<td width=\"116\">Dimensi\u00f3n<\/td>\n<td width=\"211\">tapa:7,3*7,3*3,5cm<br \/>tarro:10.1*10.1*11.3cm<br \/>barra agitadora:15cm<\/td>\n<\/tr>\n<tr>\n<td width=\"116\">Cantidad m\u00ednima de pedido<\/td>\n<td width=\"211\">1000 unidades<\/td>\n<\/tr>\n<tr>\n<td width=\"116\">Personalizado<\/td>\n<td width=\"211\">Color\/Tama\u00f1o\/Logotipo\/Embalaje\/Forma<\/td>\n<\/tr>\n<\/tbody>\n<\/table>","protected":false},"featured_media":1239,"comment_status":"closed","ping_status":"closed","template":"","meta":{"_acf_changed":false},"product_brand":[],"product_cat":[17,47],"product_tag":[],"class_list":{"0":"post-1231","1":"product","2":"type-product","3":"status-publish","4":"has-post-thumbnail","6":"product_cat-home-garden-decor-wholesale","7":"product_cat-canister-supplier","9":"first","10":"instock","11":"shipping-taxable","12":"product-type-simple"},"acf":[],"_links":{"self":[{"href":"https:\/\/www.czqunfa.com\/es\/wp-json\/wp\/v2\/product\/1231","targetHints":{"allow":["GET"]}}],"collection":[{"href":"https:\/\/www.czqunfa.com\/es\/wp-json\/wp\/v2\/product"}],"about":[{"href":"https:\/\/www.czqunfa.com\/es\/wp-json\/wp\/v2\/types\/product"}],"replies":[{"embeddable":true,"href":"https:\/\/www.czqunfa.com\/es\/wp-json\/wp\/v2\/comments?post=1231"}],"wp:featuredmedia":[{"embeddable":true,"href":"https:\/\/www.czqunfa.com\/es\/wp-json\/wp\/v2\/media\/1239"}],"wp:attachment":[{"href":"https:\/\/www.czqunfa.com\/es\/wp-json\/wp\/v2\/media?parent=1231"}],"wp:term":[{"taxonomy":"product_brand","embeddable":true,"href":"https:\/\/www.czqunfa.com\/es\/wp-json\/wp\/v2\/product_brand?post=1231"},{"taxonomy":"product_cat","embeddable":true,"href":"https:\/\/www.czqunfa.com\/es\/wp-json\/wp\/v2\/product_cat?post=1231"},{"taxonomy":"product_tag","embeddable":true,"href":"https:\/\/www.czqunfa.com\/es\/wp-json\/wp\/v2\/product_tag?post=1231"}],"curies":[{"name":"wp","href":"https:\/\/api.w.org\/{rel}","templated":true}]}}