{"id":1220,"date":"2025-12-27T02:21:46","date_gmt":"2025-12-27T02:21:46","guid":{"rendered":"https:\/\/www.czqunfa.com\/?post_type=product&#038;p=1220"},"modified":"2025-12-27T02:59:17","modified_gmt":"2025-12-27T02:59:17","slug":"empty-candle-jars-bulk","status":"publish","type":"product","link":"https:\/\/www.czqunfa.com\/es\/producto\/empty-candle-jars-bulk\/","title":{"rendered":"Tarros de vela vac\u00edos sencillos a granel, recipientes de cer\u00e1mica personalizados para velas"},"content":{"rendered":"<div class=\"wp-block-columns is-layout-flex wp-container-core-columns-is-layout-9d6595d7 wp-block-columns-is-layout-flex\">\n<div class=\"wp-block-column is-layout-flow wp-block-column-is-layout-flow\">\n<h2 class=\"wp-block-heading\">Caracter\u00edsticas de los Tarros de Velas Vac\u00edos a Granel<\/h2>\n\n\n\n<ul class=\"wp-block-list\">\n<li><strong>Dise\u00f1o mate moderno y minimalista: <\/strong>Estos tarros de velas vac\u00edos a granel presentan una forma cil\u00edndrica con rayas verticales, combinadas con colores mate de baja saturaci\u00f3n como rosa claro, verde claro, blanco roto y amarillo brillante, que presentan una est\u00e9tica moderna, minimalista y sofisticada. Su vers\u00e1til dise\u00f1o se integra a la perfecci\u00f3n en diversos escenarios decorativos, como la Navidad, la decoraci\u00f3n diaria del hogar y las boutiques, realzando el atractivo visual de los expositores de productos.<\/li>\n\n\n\n<li><strong>Dise\u00f1o de tarro vac\u00edo, ideal para rellenar velas artesanales: <\/strong>Estos tarros vac\u00edos para velas a granel vienen con vasos vac\u00edos sin cera, muy pr\u00e1cticos para las f\u00e1bricas de velas y los estudios de velas artesanales para rellenar y hacer recetas personalizadas.<\/li>\n\n\n\n<li><strong>Material cer\u00e1mico duradero y de alta calidad:<\/strong> Estos tarros vac\u00edos para velas a granel est\u00e1n fabricados con cer\u00e1mica de alta calidad, que es s\u00f3lida y tiene una excelente resistencia al choque t\u00e9rmico. Puede soportar cambios de temperatura durante el llenado de cera y el uso diario, no es propenso a agrietarse y es duradero.<\/li>\n\n\n\n<li><strong>Multifuncional: <\/strong>Nuestros recipientes a medida para velas, con su atractivo dise\u00f1o, tambi\u00e9n pueden utilizarse como peque\u00f1os maceteros, organizadores de papeler\u00eda, contenedores de almacenamiento de utensilios de cocina o simplemente como art\u00edculos decorativos para el hogar, ampliando las ideas de venta y los escenarios de aplicaci\u00f3n para los clientes B2B.<\/li>\n\n\n\n<li><strong>Suministro estable, adecuado para compras a gran escala: <\/strong>Nuestros recipientes para velas personalizados admiten la producci\u00f3n en masa, lo que garantiza una calidad estable y plazos de entrega controlables, por lo que son adecuados para la cooperaci\u00f3n a largo plazo con vendedores de comercio electr\u00f3nico transfronterizo, propietarios de marcas y canales mayoristas.<\/li>\n<\/ul>\n<\/div>\n\n\n\n<div class=\"wp-block-column is-layout-flow wp-block-column-is-layout-flow\">\n<figure class=\"wp-block-image size-full\"><img decoding=\"async\" width=\"1000\" height=\"1000\" src=\"https:\/\/www.czqunfa.com\/wp-content\/uploads\/2025\/12\/simple-empty-candle-jars-bulk-custom-ceramic-candle-vessels-1.webp\" alt=\"tarros-vela-vacia-sencillos-vasos-de-ceramica-personalizados-1\" class=\"wp-image-1223\" srcset=\"https:\/\/www.czqunfa.com\/wp-content\/uploads\/2025\/12\/simple-empty-candle-jars-bulk-custom-ceramic-candle-vessels-1.webp 1000w, https:\/\/www.czqunfa.com\/wp-content\/uploads\/2025\/12\/simple-empty-candle-jars-bulk-custom-ceramic-candle-vessels-1-300x300.webp 300w, https:\/\/www.czqunfa.com\/wp-content\/uploads\/2025\/12\/simple-empty-candle-jars-bulk-custom-ceramic-candle-vessels-1-150x150.webp 150w, https:\/\/www.czqunfa.com\/wp-content\/uploads\/2025\/12\/simple-empty-candle-jars-bulk-custom-ceramic-candle-vessels-1-768x768.webp 768w, https:\/\/www.czqunfa.com\/wp-content\/uploads\/2025\/12\/simple-empty-candle-jars-bulk-custom-ceramic-candle-vessels-1-600x600.webp 600w, https:\/\/www.czqunfa.com\/wp-content\/uploads\/2025\/12\/simple-empty-candle-jars-bulk-custom-ceramic-candle-vessels-1-100x100.webp 100w\" sizes=\"(max-width: 1000px) 100vw, 1000px\" \/><\/figure>\n<\/div>\n<\/div>\n\n\n\n<figure class=\"wp-block-gallery has-nested-images columns-default is-cropped wp-block-gallery-1 is-layout-flex wp-block-gallery-is-layout-flex\">\n<figure class=\"wp-block-image size-full\"><img decoding=\"async\" width=\"1000\" height=\"1000\" data-id=\"1224\" src=\"https:\/\/www.czqunfa.com\/wp-content\/uploads\/2025\/12\/simple-empty-candle-jars-bulk-custom-ceramic-candle-vessels-2.webp\" alt=\"tarros-vela-vacia-sencillos-vasos-de-ceramica-personalizados-2\" class=\"wp-image-1224\" srcset=\"https:\/\/www.czqunfa.com\/wp-content\/uploads\/2025\/12\/simple-empty-candle-jars-bulk-custom-ceramic-candle-vessels-2.webp 1000w, https:\/\/www.czqunfa.com\/wp-content\/uploads\/2025\/12\/simple-empty-candle-jars-bulk-custom-ceramic-candle-vessels-2-300x300.webp 300w, https:\/\/www.czqunfa.com\/wp-content\/uploads\/2025\/12\/simple-empty-candle-jars-bulk-custom-ceramic-candle-vessels-2-150x150.webp 150w, https:\/\/www.czqunfa.com\/wp-content\/uploads\/2025\/12\/simple-empty-candle-jars-bulk-custom-ceramic-candle-vessels-2-768x768.webp 768w, https:\/\/www.czqunfa.com\/wp-content\/uploads\/2025\/12\/simple-empty-candle-jars-bulk-custom-ceramic-candle-vessels-2-600x600.webp 600w, https:\/\/www.czqunfa.com\/wp-content\/uploads\/2025\/12\/simple-empty-candle-jars-bulk-custom-ceramic-candle-vessels-2-100x100.webp 100w\" sizes=\"(max-width: 1000px) 100vw, 1000px\" \/><\/figure>\n\n\n\n<figure class=\"wp-block-image size-full\"><img decoding=\"async\" width=\"1000\" height=\"1000\" data-id=\"1227\" src=\"https:\/\/www.czqunfa.com\/wp-content\/uploads\/2025\/12\/simple-empty-candle-jars-bulk-custom-ceramic-candle-vessels-5.webp\" alt=\"tarros-vela-vac\u00edos-sencillos-bultos-vasos-de-cer\u00e1mica-personalizados-5\" class=\"wp-image-1227\" srcset=\"https:\/\/www.czqunfa.com\/wp-content\/uploads\/2025\/12\/simple-empty-candle-jars-bulk-custom-ceramic-candle-vessels-5.webp 1000w, https:\/\/www.czqunfa.com\/wp-content\/uploads\/2025\/12\/simple-empty-candle-jars-bulk-custom-ceramic-candle-vessels-5-300x300.webp 300w, https:\/\/www.czqunfa.com\/wp-content\/uploads\/2025\/12\/simple-empty-candle-jars-bulk-custom-ceramic-candle-vessels-5-150x150.webp 150w, https:\/\/www.czqunfa.com\/wp-content\/uploads\/2025\/12\/simple-empty-candle-jars-bulk-custom-ceramic-candle-vessels-5-768x768.webp 768w, https:\/\/www.czqunfa.com\/wp-content\/uploads\/2025\/12\/simple-empty-candle-jars-bulk-custom-ceramic-candle-vessels-5-600x600.webp 600w, https:\/\/www.czqunfa.com\/wp-content\/uploads\/2025\/12\/simple-empty-candle-jars-bulk-custom-ceramic-candle-vessels-5-100x100.webp 100w\" sizes=\"(max-width: 1000px) 100vw, 1000px\" \/><\/figure>\n<\/figure>\n\n\n\n<p><\/p>","protected":false},"excerpt":{"rendered":"<p>Bienvenido a comprar nuestros tarros de velas vac\u00edos a granel, dise\u00f1ados para la fabricaci\u00f3n profesional de velas y el suministro al por mayor. Estos recipientes de cer\u00e1mica personalizados para velas presentan un dise\u00f1o de rayas verticales y una variedad de suaves colores mate. Fabricados en cer\u00e1mica de alta calidad, son resistentes y duraderos, con una superficie lisa y f\u00e1cil de limpiar. Son los recipientes b\u00e1sicos perfectos para que los talleres de velas, las marcas de art\u00edculos para el hogar y las tiendas de regalos creen sus propios productos de marca.<\/p>\n<h2>Tarros vac\u00edos para velas Par\u00e1metro a granel<\/h2>\n<table width=\"328\">\n<tbody>\n<tr>\n<td width=\"116\">Fabricante<\/td>\n<td width=\"211\">QUNFA<\/td>\n<\/tr>\n<tr>\n<td width=\"116\">Tipo de producto<\/td>\n<td>Tarro para velas<\/td>\n<\/tr>\n<tr>\n<td width=\"116\">N.\u00ba de modelo.<\/td>\n<td width=\"211\">24-0290\u00a0<\/td>\n<\/tr>\n<tr>\n<td width=\"116\">Material<\/td>\n<td width=\"211\">Gres<\/td>\n<\/tr>\n<tr>\n<td width=\"116\">Color<\/td>\n<td width=\"211\">Rosa, naranja, azul, amarillo, gris<\/td>\n<\/tr>\n<tr>\n<td width=\"116\">Dimensi\u00f3n<\/td>\n<td width=\"211\">\u00a09*9*9,5cm<\/td>\n<\/tr>\n<tr>\n<td width=\"116\">Cantidad m\u00ednima de pedido<\/td>\n<td width=\"211\">1000 unidades<\/td>\n<\/tr>\n<tr>\n<td width=\"116\">Personalizado<\/td>\n<td width=\"211\">Color\/Tama\u00f1o\/Logotipo\/Embalaje\/Forma<\/td>\n<\/tr>\n<\/tbody>\n<\/table>","protected":false},"featured_media":1228,"comment_status":"closed","ping_status":"closed","template":"","meta":{"_acf_changed":false},"product_brand":[],"product_cat":[17,48],"product_tag":[],"class_list":{"0":"post-1220","1":"product","2":"type-product","3":"status-publish","4":"has-post-thumbnail","6":"product_cat-home-garden-decor-wholesale","7":"product_cat-wholesale-candle-containers","9":"first","10":"instock","11":"shipping-taxable","12":"product-type-simple"},"acf":[],"_links":{"self":[{"href":"https:\/\/www.czqunfa.com\/es\/wp-json\/wp\/v2\/product\/1220","targetHints":{"allow":["GET"]}}],"collection":[{"href":"https:\/\/www.czqunfa.com\/es\/wp-json\/wp\/v2\/product"}],"about":[{"href":"https:\/\/www.czqunfa.com\/es\/wp-json\/wp\/v2\/types\/product"}],"replies":[{"embeddable":true,"href":"https:\/\/www.czqunfa.com\/es\/wp-json\/wp\/v2\/comments?post=1220"}],"wp:featuredmedia":[{"embeddable":true,"href":"https:\/\/www.czqunfa.com\/es\/wp-json\/wp\/v2\/media\/1228"}],"wp:attachment":[{"href":"https:\/\/www.czqunfa.com\/es\/wp-json\/wp\/v2\/media?parent=1220"}],"wp:term":[{"taxonomy":"product_brand","embeddable":true,"href":"https:\/\/www.czqunfa.com\/es\/wp-json\/wp\/v2\/product_brand?post=1220"},{"taxonomy":"product_cat","embeddable":true,"href":"https:\/\/www.czqunfa.com\/es\/wp-json\/wp\/v2\/product_cat?post=1220"},{"taxonomy":"product_tag","embeddable":true,"href":"https:\/\/www.czqunfa.com\/es\/wp-json\/wp\/v2\/product_tag?post=1220"}],"curies":[{"name":"wp","href":"https:\/\/api.w.org\/{rel}","templated":true}]}}