{"id":1206,"date":"2025-12-26T10:05:01","date_gmt":"2025-12-26T10:05:01","guid":{"rendered":"https:\/\/www.czqunfa.com\/?post_type=product&#038;p=1206"},"modified":"2025-12-26T10:51:05","modified_gmt":"2025-12-26T10:51:05","slug":"custom-salt-and-pepper-shakers","status":"publish","type":"product","link":"https:\/\/www.czqunfa.com\/es\/producto\/custom-salt-and-pepper-shakers\/","title":{"rendered":"Saleros y pimenteros personalizados, tarros de cer\u00e1mica en forma de coraz\u00f3n a granel"},"content":{"rendered":"<div class=\"wp-block-columns is-layout-flex wp-container-core-columns-is-layout-9d6595d7 wp-block-columns-is-layout-flex\">\n<div class=\"wp-block-column is-layout-flow wp-block-column-is-layout-flow\">\n<h2 class=\"wp-block-heading\">Caracter\u00edsticas del salero y pimentero personalizados<\/h2>\n\n\n\n<ul class=\"wp-block-list\">\n<li><strong>Dise\u00f1o en forma de coraz\u00f3n:<\/strong> Estos saleros y pimenteros personalizados tienen la cl\u00e1sica forma de coraz\u00f3n con l\u00edneas redondeadas y un vibrante color rojo puro brillante. El dise\u00f1o desprende calidez y amor, mejorando significativamente el atractivo visual y el valor emocional de las mesas de comedor, las encimeras de cocina o los envases de comida para llevar, lo que los hace especialmente adecuados para restaurantes tem\u00e1ticos, cafeter\u00edas, regalos de boda o promociones navide\u00f1as.<\/li>\n\n\n\n<li><strong>Material cer\u00e1mico de primera calidad:<\/strong> Estos saleros y pimenteros personalizados est\u00e1n fabricados en cer\u00e1mica de alta densidad, lo que los hace robustos y capaces de soportar las variaciones de temperatura del entorno de la cocina, garantizando su durabilidad y resistencia a la rotura incluso en condiciones de uso comercial de alta frecuencia.<\/li>\n\n\n\n<li><strong>Funci\u00f3n de condimentaci\u00f3n eficaz y pr\u00e1ctica:<\/strong> Estos saleros y pimenteros personalizados est\u00e1n dise\u00f1ados con una abertura de textura fina y m\u00faltiples orificios (normalmente una abertura con varios orificios peque\u00f1os) adecuada para un vertido r\u00e1pido y controlado de sal, pimienta, chile en polvo, aplicable a comidas comerciales r\u00e1pidas.<\/li>\n\n\n\n<li><strong>F\u00e1cil limpieza y mantenimiento higi\u00e9nico:<\/strong> La superficie de este tarro de cer\u00e1mica tiene un esmalte liso que no absorbe f\u00e1cilmente los restos de aceite y condimentos, lo que facilita su lavado. El producto es totalmente compatible con los lavavajillas comerciales, proporcionando una limpieza eficaz y a fondo y una esterilizaci\u00f3n a alta temperatura, cumpliendo las normas de higiene de los establecimientos comerciales y manteniendo su aspecto pr\u00edstino durante mucho tiempo.<\/li>\n\n\n\n<li><strong>Suministro estable al por mayor: <\/strong>Este tarro de cer\u00e1mica al por mayor es adecuado para compras al por mayor, para hoteles, cadenas de restaurantes, marcas de muebles para el hogar, comercio electr\u00f3nico y canales de regalo. Los servicios de personalizaci\u00f3n OEM\/ODM est\u00e1n disponibles para satisfacer las necesidades de diferenciaci\u00f3n de la marca.<\/li>\n<\/ul>\n<\/div>\n\n\n\n<div class=\"wp-block-column is-layout-flow wp-block-column-is-layout-flow\">\n<figure class=\"wp-block-image size-full\"><img decoding=\"async\" width=\"800\" height=\"800\" src=\"https:\/\/www.czqunfa.com\/wp-content\/uploads\/2025\/12\/custom-salt-and-pepper-shakers-heart-shape-ceramic-jar-bulk-1.webp\" alt=\"altavoces de sal y pimienta personalizados - tarro de cer\u00e1mica en forma de coraz\u00f3n - bulto-1\" class=\"wp-image-1207\" srcset=\"https:\/\/www.czqunfa.com\/wp-content\/uploads\/2025\/12\/custom-salt-and-pepper-shakers-heart-shape-ceramic-jar-bulk-1.webp 800w, https:\/\/www.czqunfa.com\/wp-content\/uploads\/2025\/12\/custom-salt-and-pepper-shakers-heart-shape-ceramic-jar-bulk-1-300x300.webp 300w, https:\/\/www.czqunfa.com\/wp-content\/uploads\/2025\/12\/custom-salt-and-pepper-shakers-heart-shape-ceramic-jar-bulk-1-150x150.webp 150w, https:\/\/www.czqunfa.com\/wp-content\/uploads\/2025\/12\/custom-salt-and-pepper-shakers-heart-shape-ceramic-jar-bulk-1-768x768.webp 768w, https:\/\/www.czqunfa.com\/wp-content\/uploads\/2025\/12\/custom-salt-and-pepper-shakers-heart-shape-ceramic-jar-bulk-1-600x600.webp 600w, https:\/\/www.czqunfa.com\/wp-content\/uploads\/2025\/12\/custom-salt-and-pepper-shakers-heart-shape-ceramic-jar-bulk-1-100x100.webp 100w\" sizes=\"(max-width: 800px) 100vw, 800px\" \/><\/figure>\n<\/div>\n<\/div>\n\n\n\n<figure class=\"wp-block-gallery has-nested-images columns-default is-cropped wp-block-gallery-1 is-layout-flex wp-block-gallery-is-layout-flex\">\n<figure class=\"wp-block-image size-full\"><img decoding=\"async\" width=\"800\" height=\"800\" data-id=\"1208\" src=\"https:\/\/www.czqunfa.com\/wp-content\/uploads\/2025\/12\/custom-salt-and-pepper-shakers-heart-shape-ceramic-jar-bulk-2.webp\" alt=\"altavoces de sal y pimienta personalizados - tarro de cer\u00e1mica con forma de coraz\u00f3n - granel-2\" class=\"wp-image-1208\" srcset=\"https:\/\/www.czqunfa.com\/wp-content\/uploads\/2025\/12\/custom-salt-and-pepper-shakers-heart-shape-ceramic-jar-bulk-2.webp 800w, https:\/\/www.czqunfa.com\/wp-content\/uploads\/2025\/12\/custom-salt-and-pepper-shakers-heart-shape-ceramic-jar-bulk-2-300x300.webp 300w, https:\/\/www.czqunfa.com\/wp-content\/uploads\/2025\/12\/custom-salt-and-pepper-shakers-heart-shape-ceramic-jar-bulk-2-150x150.webp 150w, https:\/\/www.czqunfa.com\/wp-content\/uploads\/2025\/12\/custom-salt-and-pepper-shakers-heart-shape-ceramic-jar-bulk-2-768x768.webp 768w, https:\/\/www.czqunfa.com\/wp-content\/uploads\/2025\/12\/custom-salt-and-pepper-shakers-heart-shape-ceramic-jar-bulk-2-600x600.webp 600w, https:\/\/www.czqunfa.com\/wp-content\/uploads\/2025\/12\/custom-salt-and-pepper-shakers-heart-shape-ceramic-jar-bulk-2-100x100.webp 100w\" sizes=\"(max-width: 800px) 100vw, 800px\" \/><\/figure>\n\n\n\n<figure class=\"wp-block-image size-full\"><img decoding=\"async\" width=\"800\" height=\"800\" data-id=\"1211\" src=\"https:\/\/www.czqunfa.com\/wp-content\/uploads\/2025\/12\/custom-salt-and-pepper-shakers-heart-shape-ceramic-jar-bulk-5.webp\" alt=\"altavoces de sal y pimienta personalizados - tarro de cer\u00e1mica con forma de coraz\u00f3n - granel 5\" class=\"wp-image-1211\" srcset=\"https:\/\/www.czqunfa.com\/wp-content\/uploads\/2025\/12\/custom-salt-and-pepper-shakers-heart-shape-ceramic-jar-bulk-5.webp 800w, https:\/\/www.czqunfa.com\/wp-content\/uploads\/2025\/12\/custom-salt-and-pepper-shakers-heart-shape-ceramic-jar-bulk-5-300x300.webp 300w, https:\/\/www.czqunfa.com\/wp-content\/uploads\/2025\/12\/custom-salt-and-pepper-shakers-heart-shape-ceramic-jar-bulk-5-150x150.webp 150w, https:\/\/www.czqunfa.com\/wp-content\/uploads\/2025\/12\/custom-salt-and-pepper-shakers-heart-shape-ceramic-jar-bulk-5-768x768.webp 768w, https:\/\/www.czqunfa.com\/wp-content\/uploads\/2025\/12\/custom-salt-and-pepper-shakers-heart-shape-ceramic-jar-bulk-5-600x600.webp 600w, https:\/\/www.czqunfa.com\/wp-content\/uploads\/2025\/12\/custom-salt-and-pepper-shakers-heart-shape-ceramic-jar-bulk-5-100x100.webp 100w\" sizes=\"(max-width: 800px) 100vw, 800px\" \/><\/figure>\n<\/figure>\n\n\n\n<p><\/p>","protected":false},"excerpt":{"rendered":"<p>Bienvenido a comprar nuestro salero y pimentero personalizados, fabricados en cer\u00e1mica de alta calidad con una llamativa forma de coraz\u00f3n rojo brillante. Ideales para personalizaci\u00f3n OEM\/ODM, compra al por mayor, estos recipientes de cer\u00e1mica para condimentos son perfectos para minoristas, marcas de utensilios de cocina, hoteles y proveedores de regalos que buscan accesorios de cocina duraderos, elegantes y personalizables.<\/p>\n<h2>Salero y pimentero personalizados Par\u00e1metro<\/h2>\n<table width=\"328\">\n<tbody>\n<tr>\n<td width=\"116\">Fabricante<\/td>\n<td width=\"211\">QUNFA<\/td>\n<\/tr>\n<tr>\n<td width=\"116\">Tipo de producto<\/td>\n<td>Agitador S&amp;P<\/td>\n<\/tr>\n<tr>\n<td width=\"116\">N.\u00ba de modelo.<\/td>\n<td width=\"211\">23-2306-2\u00a0<\/td>\n<\/tr>\n<tr>\n<td width=\"116\">Material<\/td>\n<td width=\"211\">Gres<\/td>\n<\/tr>\n<tr>\n<td width=\"116\">Color<\/td>\n<td width=\"211\">Rojo<\/td>\n<\/tr>\n<tr>\n<td width=\"116\">Dimensi\u00f3n<\/td>\n<td width=\"211\">5,2\u00d73,5x5CM<\/td>\n<\/tr>\n<tr>\n<td width=\"116\">Cantidad m\u00ednima de pedido<\/td>\n<td width=\"211\">1000 unidades<\/td>\n<\/tr>\n<tr>\n<td width=\"116\">Personalizado<\/td>\n<td width=\"211\">Color\/Tama\u00f1o\/Logotipo\/Embalaje\/Forma<\/td>\n<\/tr>\n<\/tbody>\n<\/table>","protected":false},"featured_media":1212,"comment_status":"closed","ping_status":"closed","template":"","meta":{"_acf_changed":false},"product_brand":[],"product_cat":[37,19],"product_tag":[],"class_list":{"0":"post-1206","1":"product","2":"type-product","3":"status-publish","4":"has-post-thumbnail","6":"product_cat-seasoning-shakers-wholesale","7":"product_cat-wholesale-serveware","9":"first","10":"instock","11":"shipping-taxable","12":"product-type-simple"},"acf":[],"_links":{"self":[{"href":"https:\/\/www.czqunfa.com\/es\/wp-json\/wp\/v2\/product\/1206","targetHints":{"allow":["GET"]}}],"collection":[{"href":"https:\/\/www.czqunfa.com\/es\/wp-json\/wp\/v2\/product"}],"about":[{"href":"https:\/\/www.czqunfa.com\/es\/wp-json\/wp\/v2\/types\/product"}],"replies":[{"embeddable":true,"href":"https:\/\/www.czqunfa.com\/es\/wp-json\/wp\/v2\/comments?post=1206"}],"wp:featuredmedia":[{"embeddable":true,"href":"https:\/\/www.czqunfa.com\/es\/wp-json\/wp\/v2\/media\/1212"}],"wp:attachment":[{"href":"https:\/\/www.czqunfa.com\/es\/wp-json\/wp\/v2\/media?parent=1206"}],"wp:term":[{"taxonomy":"product_brand","embeddable":true,"href":"https:\/\/www.czqunfa.com\/es\/wp-json\/wp\/v2\/product_brand?post=1206"},{"taxonomy":"product_cat","embeddable":true,"href":"https:\/\/www.czqunfa.com\/es\/wp-json\/wp\/v2\/product_cat?post=1206"},{"taxonomy":"product_tag","embeddable":true,"href":"https:\/\/www.czqunfa.com\/es\/wp-json\/wp\/v2\/product_tag?post=1206"}],"curies":[{"name":"wp","href":"https:\/\/api.w.org\/{rel}","templated":true}]}}