{"id":1186,"date":"2025-12-26T08:03:58","date_gmt":"2025-12-26T08:03:58","guid":{"rendered":"https:\/\/www.czqunfa.com\/?post_type=product&#038;p=1186"},"modified":"2025-12-26T08:55:56","modified_gmt":"2025-12-26T08:55:56","slug":"ceramic-mugs-wholesale","status":"publish","type":"product","link":"https:\/\/www.czqunfa.com\/es\/producto\/ceramic-mugs-wholesale\/","title":{"rendered":"Venta al por mayor de tazas de cer\u00e1mica de 400 ml, suministro de tazas de cer\u00e1mica con relieve"},"content":{"rendered":"<div class=\"wp-block-columns is-layout-flex wp-container-core-columns-is-layout-9d6595d7 wp-block-columns-is-layout-flex\">\n<div class=\"wp-block-column is-layout-flow wp-block-column-is-layout-flow\">\n<h2 class=\"wp-block-heading\">Caracter\u00edsticas de las tazas de cer\u00e1mica al por mayor<\/h2>\n\n\n\n<ul class=\"wp-block-list\">\n<li><strong>Cer\u00e1mica duradera de alta calidad: <\/strong>Estas tazas de cer\u00e1mica al por mayor est\u00e1n fabricadas con materias primas cer\u00e1micas de primera calidad, lo que les confiere una textura s\u00f3lida y una excelente resistencia al choque t\u00e9rmico. Pueden soportar frecuentes cambios de temperatura, satisfaciendo los requisitos de uso de alta intensidad de los entornos comerciales y garantizando una larga durabilidad.<\/li>\n\n\n\n<li><strong>Dise\u00f1o en relieve: <\/strong>Estas tazas de cer\u00e1mica al por mayor presentan un dise\u00f1o en relieve tridimensional, que da lugar a texturas claras y un tacto delicado, lo que las distingue de las tazas de cer\u00e1mica planas ordinarias y las hace m\u00e1s adecuadas para la personalizaci\u00f3n de marcas y el mercado de gama media-alta.<\/li>\n\n\n\n<li><strong>Est\u00e9tica creativa en dos tonos:<\/strong> Estas tazas de cer\u00e1mica al por mayor combinan un cuerpo de color blanco puro con un interior de colores (amarillo\/naranja\/verde\/rosa\/gris, etc.) que resaltan en un atrevido estilo de bloques de color, en una serie de cohesi\u00f3n f\u00e1cilmente reconocible.<\/li>\n\n\n\n<li><strong>Recomendaci\u00f3n de lavarse las manos para prolongar la vida \u00fatil:<\/strong> Estas tazas de cer\u00e1mica al por mayor se recomiendan lavar a mano para mantener los detalles en relieve y la textura del esmalte, por lo que son adecuadas para la venta al por menor en boutiques y para el mercado del regalo.<\/li>\n\n\n\n<li><strong>Tama\u00f1o normalizado y uso vers\u00e1til:<\/strong> Estas tazas de cer\u00e1mica al por mayor tienen una capacidad uniforme de 400 ml, adecuada para contener diversas bebidas fr\u00edas y calientes como agua, caf\u00e9, leche, t\u00e9 y zumo, satisfaciendo las diversas necesidades de cafeter\u00edas, restaurantes, hoteles, oficinas y otros lugares.<\/li>\n\n\n\n<li><strong>Personalizaci\u00f3n disponible:<\/strong> Estas tazas de cer\u00e1mica al por mayor pueden personalizarse con motivos en relieve, logotipos, colores, efectos de esmalte y soluciones de envasado, atendiendo a las necesidades individuales de los propietarios de marcas, proveedores de regalos y adquisici\u00f3n de proyectos.<\/li>\n<\/ul>\n<\/div>\n\n\n\n<div class=\"wp-block-column is-layout-flow wp-block-column-is-layout-flow\">\n<figure class=\"wp-block-image size-full\"><img decoding=\"async\" width=\"1000\" height=\"1000\" src=\"https:\/\/www.czqunfa.com\/wp-content\/uploads\/2025\/12\/400ml-ceramic-mugs-wholesale-embossed-ceramic-cups-supply-11.webp\" alt=\"tazas de cer\u00e1mica de 400 ml - mayorista - tazas de cer\u00e1mica en relieve - suministro-11\" class=\"wp-image-1188\" srcset=\"https:\/\/www.czqunfa.com\/wp-content\/uploads\/2025\/12\/400ml-ceramic-mugs-wholesale-embossed-ceramic-cups-supply-11.webp 1000w, https:\/\/www.czqunfa.com\/wp-content\/uploads\/2025\/12\/400ml-ceramic-mugs-wholesale-embossed-ceramic-cups-supply-11-300x300.webp 300w, https:\/\/www.czqunfa.com\/wp-content\/uploads\/2025\/12\/400ml-ceramic-mugs-wholesale-embossed-ceramic-cups-supply-11-150x150.webp 150w, https:\/\/www.czqunfa.com\/wp-content\/uploads\/2025\/12\/400ml-ceramic-mugs-wholesale-embossed-ceramic-cups-supply-11-768x768.webp 768w, https:\/\/www.czqunfa.com\/wp-content\/uploads\/2025\/12\/400ml-ceramic-mugs-wholesale-embossed-ceramic-cups-supply-11-600x600.webp 600w, https:\/\/www.czqunfa.com\/wp-content\/uploads\/2025\/12\/400ml-ceramic-mugs-wholesale-embossed-ceramic-cups-supply-11-100x100.webp 100w\" sizes=\"(max-width: 1000px) 100vw, 1000px\" \/><\/figure>\n<\/div>\n<\/div>\n\n\n\n<figure class=\"wp-block-gallery has-nested-images columns-default is-cropped wp-block-gallery-1 is-layout-flex wp-block-gallery-is-layout-flex\">\n<figure class=\"wp-block-image size-full\"><img decoding=\"async\" width=\"1000\" height=\"1000\" data-id=\"1189\" src=\"https:\/\/www.czqunfa.com\/wp-content\/uploads\/2025\/12\/400ml-ceramic-mugs-wholesale-embossed-ceramic-cups-supply-12.webp\" alt=\"tazas de cer\u00e1mica de 400 ml - mayorista - tazas de cer\u00e1mica en relieve - suministro 12\" class=\"wp-image-1189\" srcset=\"https:\/\/www.czqunfa.com\/wp-content\/uploads\/2025\/12\/400ml-ceramic-mugs-wholesale-embossed-ceramic-cups-supply-12.webp 1000w, https:\/\/www.czqunfa.com\/wp-content\/uploads\/2025\/12\/400ml-ceramic-mugs-wholesale-embossed-ceramic-cups-supply-12-300x300.webp 300w, https:\/\/www.czqunfa.com\/wp-content\/uploads\/2025\/12\/400ml-ceramic-mugs-wholesale-embossed-ceramic-cups-supply-12-150x150.webp 150w, https:\/\/www.czqunfa.com\/wp-content\/uploads\/2025\/12\/400ml-ceramic-mugs-wholesale-embossed-ceramic-cups-supply-12-768x768.webp 768w, https:\/\/www.czqunfa.com\/wp-content\/uploads\/2025\/12\/400ml-ceramic-mugs-wholesale-embossed-ceramic-cups-supply-12-600x600.webp 600w, https:\/\/www.czqunfa.com\/wp-content\/uploads\/2025\/12\/400ml-ceramic-mugs-wholesale-embossed-ceramic-cups-supply-12-100x100.webp 100w\" sizes=\"(max-width: 1000px) 100vw, 1000px\" \/><\/figure>\n\n\n\n<figure class=\"wp-block-image size-full\"><img decoding=\"async\" width=\"1000\" height=\"1000\" data-id=\"1190\" src=\"https:\/\/www.czqunfa.com\/wp-content\/uploads\/2025\/12\/400ml-ceramic-mugs-wholesale-embossed-ceramic-cups-supply-13.webp\" alt=\"tazas de cer\u00e1mica de 400 ml con relieve al por mayor-13\" class=\"wp-image-1190\" srcset=\"https:\/\/www.czqunfa.com\/wp-content\/uploads\/2025\/12\/400ml-ceramic-mugs-wholesale-embossed-ceramic-cups-supply-13.webp 1000w, https:\/\/www.czqunfa.com\/wp-content\/uploads\/2025\/12\/400ml-ceramic-mugs-wholesale-embossed-ceramic-cups-supply-13-300x300.webp 300w, https:\/\/www.czqunfa.com\/wp-content\/uploads\/2025\/12\/400ml-ceramic-mugs-wholesale-embossed-ceramic-cups-supply-13-150x150.webp 150w, https:\/\/www.czqunfa.com\/wp-content\/uploads\/2025\/12\/400ml-ceramic-mugs-wholesale-embossed-ceramic-cups-supply-13-768x768.webp 768w, https:\/\/www.czqunfa.com\/wp-content\/uploads\/2025\/12\/400ml-ceramic-mugs-wholesale-embossed-ceramic-cups-supply-13-600x600.webp 600w, https:\/\/www.czqunfa.com\/wp-content\/uploads\/2025\/12\/400ml-ceramic-mugs-wholesale-embossed-ceramic-cups-supply-13-100x100.webp 100w\" sizes=\"(max-width: 1000px) 100vw, 1000px\" \/><\/figure>\n<\/figure>\n\n\n\n<p><\/p>","protected":false},"excerpt":{"rendered":"<p>Bienvenido a comprar estas tazas de cer\u00e1mica de 400 ml al por mayor con un dise\u00f1o en relieve, hechas de gres duradero para un uso a largo plazo. Estas tazas de cer\u00e1mica ecol\u00f3gicas admiten personalizaci\u00f3n OEM\/ODM, incluyendo logotipo, patr\u00f3n, color y embalaje, haci\u00e9ndolos ideales para hoteles, caf\u00e9s, regalos de empresa y marcas por menor. Un proveedor fiable de tazas de cer\u00e1mica con relieve para pedidos al por mayor y proyectos de marca blanca.<\/p>\n<h2>Tazas de cer\u00e1mica al por mayor Par\u00e1metro<\/h2>\n<table border=\"0\" width=\"328\" cellspacing=\"0\" cellpadding=\"0\">\n<tbody>\n<tr>\n<td width=\"116\" height=\"17\">Fabricante<\/td>\n<td width=\"211\">QUNFA<\/td>\n<\/tr>\n<tr>\n<td width=\"116\" height=\"17\">Tipo de producto<\/td>\n<td>Taza y jarra<\/td>\n<\/tr>\n<tr>\n<td width=\"116\" height=\"17\">N.\u00ba de modelo.<\/td>\n<td width=\"211\">QF22-117<\/td>\n<\/tr>\n<tr>\n<td width=\"116\" height=\"17\">Material<\/td>\n<td width=\"211\">Gres<\/td>\n<\/tr>\n<tr>\n<td width=\"116\" height=\"76\">Color<\/td>\n<td width=\"211\">Rosa por dentro y blanco por fuera, verde por dentro y blanco por fuera, azul por dentro y blanco por fuera, naranja por dentro y blanco por fuera, gris por dentro y blanco por fuera, amarillo por dentro y blanco por fuera.<\/td>\n<\/tr>\n<tr>\n<td width=\"116\" height=\"16\">Dimensi\u00f3n<\/td>\n<td width=\"211\">13.7*9.6*11.5CM<\/td>\n<\/tr>\n<tr>\n<td width=\"116\" height=\"17\">Cantidad m\u00ednima de pedido<\/td>\n<td width=\"211\">1000 unidades<\/td>\n<\/tr>\n<tr>\n<td width=\"116\" height=\"17\">Personalizado<\/td>\n<td width=\"211\">Color\/Tama\u00f1o\/Logotipo\/Embalaje\/Forma<\/td>\n<\/tr>\n<\/tbody>\n<\/table>","protected":false},"featured_media":1192,"comment_status":"closed","ping_status":"closed","template":"","meta":{"_acf_changed":false},"product_brand":[],"product_cat":[18,44],"product_tag":[],"class_list":{"0":"post-1186","1":"product","2":"type-product","3":"status-publish","4":"has-post-thumbnail","6":"product_cat-drinkware-supplier","7":"product_cat-wholesale-cups-and-mugs","9":"first","10":"instock","11":"shipping-taxable","12":"product-type-simple"},"acf":[],"_links":{"self":[{"href":"https:\/\/www.czqunfa.com\/es\/wp-json\/wp\/v2\/product\/1186","targetHints":{"allow":["GET"]}}],"collection":[{"href":"https:\/\/www.czqunfa.com\/es\/wp-json\/wp\/v2\/product"}],"about":[{"href":"https:\/\/www.czqunfa.com\/es\/wp-json\/wp\/v2\/types\/product"}],"replies":[{"embeddable":true,"href":"https:\/\/www.czqunfa.com\/es\/wp-json\/wp\/v2\/comments?post=1186"}],"wp:featuredmedia":[{"embeddable":true,"href":"https:\/\/www.czqunfa.com\/es\/wp-json\/wp\/v2\/media\/1192"}],"wp:attachment":[{"href":"https:\/\/www.czqunfa.com\/es\/wp-json\/wp\/v2\/media?parent=1186"}],"wp:term":[{"taxonomy":"product_brand","embeddable":true,"href":"https:\/\/www.czqunfa.com\/es\/wp-json\/wp\/v2\/product_brand?post=1186"},{"taxonomy":"product_cat","embeddable":true,"href":"https:\/\/www.czqunfa.com\/es\/wp-json\/wp\/v2\/product_cat?post=1186"},{"taxonomy":"product_tag","embeddable":true,"href":"https:\/\/www.czqunfa.com\/es\/wp-json\/wp\/v2\/product_tag?post=1186"}],"curies":[{"name":"wp","href":"https:\/\/api.w.org\/{rel}","templated":true}]}}