{"id":1176,"date":"2025-12-26T07:32:23","date_gmt":"2025-12-26T07:32:23","guid":{"rendered":"https:\/\/www.czqunfa.com\/?post_type=product&#038;p=1176"},"modified":"2025-12-27T02:39:21","modified_gmt":"2025-12-27T02:39:21","slug":"wholesale-ceramic-dinnerware","status":"publish","type":"product","link":"https:\/\/www.czqunfa.com\/es\/producto\/wholesale-ceramic-dinnerware\/","title":{"rendered":"Venta al por mayor de vajillas de cer\u00e1mica, vajillas con dise\u00f1os personalizados"},"content":{"rendered":"<div class=\"wp-block-columns is-layout-flex wp-container-core-columns-is-layout-9d6595d7 wp-block-columns-is-layout-flex\">\n<div class=\"wp-block-column is-layout-flow wp-block-column-is-layout-flow\">\n<h2 class=\"wp-block-heading\">Caracter\u00edsticas de la vajilla cer\u00e1mica al por mayor<\/h2>\n\n\n\n<ul class=\"wp-block-list\">\n<li><strong>Estilo art\u00edstico turco:<\/strong> Inspirada en el arte cer\u00e1mico tradicional turco, esta vajilla de cer\u00e1mica al por mayor est\u00e1 esmaltada con una paleta de colores \u00fanica en azul, blanco, rojo y amarillo. Los dise\u00f1os presentan delicadas flores, elementos geom\u00e9tricos y naturales (ramas, hojas y monta\u00f1as), y su aspecto completo y \u00fanico realmente realza el ambiente cultural y la est\u00e9tica del comedor.<\/li>\n\n\n\n<li><strong>Suite comercial completa:<\/strong> Esta vajilla de cer\u00e1mica al por mayor incluye desde platos de postre de 14 cm hasta cuencos para sopa o ensalada de 19 cm. Una sola l\u00ednea de productos cubre todas sus necesidades para presentar aperitivos, platos principales, sopas, bebidas y postres, lo que permite a restaurantes y hoteles comprar y coordinar el estilo de una sola vez.<\/li>\n\n\n\n<li><strong>Material cer\u00e1mico duradero y de alta calidad: <\/strong>Fabricada en cer\u00e1mica de alta densidad, esta vajilla de cer\u00e1mica al por mayor es robusta y resistente a los choques t\u00e9rmicos, lo que la hace adecuada para un uso frecuente y para las fluctuaciones de temperatura en las cocinas comerciales, y garantiza una larga vida \u00fatil.<\/li>\n\n\n\n<li><strong>Rendimiento superior y f\u00e1cil limpieza:<\/strong> Estas superficies personalizadas para vajillas tienen un esmalte suave que resiste las manchas, lo que permite lavarlas f\u00e1cilmente a mano y en el lavavajillas para una limpieza y desinfecci\u00f3n eficientes. Los bajos costes de mantenimiento garantizan que se mantengan brillantes y como nuevas durante mucho tiempo.<\/li>\n\n\n\n<li><strong>Patrones y tama\u00f1os altamente personalizables:<\/strong> Estos art\u00edculos de mesa personalizados permiten a los clientes B2B personalizar los dise\u00f1os y combinaciones de colores de su vajilla seg\u00fan el posicionamiento de su marca. Tambi\u00e9n es posible ajustar el tama\u00f1o de algunos productos, lo que los hace ideales para crear una imagen de marca \u00fanica, habitaciones de hotel tem\u00e1ticas o restaurantes especializados.<\/li>\n<\/ul>\n<\/div>\n\n\n\n<div class=\"wp-block-column is-layout-flow wp-block-column-is-layout-flow\">\n<figure class=\"wp-block-image size-full\"><img decoding=\"async\" width=\"800\" height=\"800\" src=\"https:\/\/www.czqunfa.com\/wp-content\/uploads\/2025\/12\/turkish-style-wholesale-ceramic-dinnerware-custom-pattern-tableware-3.webp\" alt=\"vajilla-de-cer\u00e1mica-al-por-mayor-de-estilo-turco-con-dise\u00f1o-personalizado-3\" class=\"wp-image-1180\" srcset=\"https:\/\/www.czqunfa.com\/wp-content\/uploads\/2025\/12\/turkish-style-wholesale-ceramic-dinnerware-custom-pattern-tableware-3.webp 800w, https:\/\/www.czqunfa.com\/wp-content\/uploads\/2025\/12\/turkish-style-wholesale-ceramic-dinnerware-custom-pattern-tableware-3-300x300.webp 300w, https:\/\/www.czqunfa.com\/wp-content\/uploads\/2025\/12\/turkish-style-wholesale-ceramic-dinnerware-custom-pattern-tableware-3-150x150.webp 150w, https:\/\/www.czqunfa.com\/wp-content\/uploads\/2025\/12\/turkish-style-wholesale-ceramic-dinnerware-custom-pattern-tableware-3-768x768.webp 768w, https:\/\/www.czqunfa.com\/wp-content\/uploads\/2025\/12\/turkish-style-wholesale-ceramic-dinnerware-custom-pattern-tableware-3-600x600.webp 600w, https:\/\/www.czqunfa.com\/wp-content\/uploads\/2025\/12\/turkish-style-wholesale-ceramic-dinnerware-custom-pattern-tableware-3-100x100.webp 100w\" sizes=\"(max-width: 800px) 100vw, 800px\" \/><\/figure>\n<\/div>\n<\/div>\n\n\n\n<figure class=\"wp-block-gallery has-nested-images columns-default is-cropped wp-block-gallery-1 is-layout-flex wp-block-gallery-is-layout-flex\">\n<figure class=\"wp-block-image size-full\"><img decoding=\"async\" width=\"800\" height=\"800\" data-id=\"1179\" src=\"https:\/\/www.czqunfa.com\/wp-content\/uploads\/2025\/12\/turkish-style-wholesale-ceramic-dinnerware-custom-pattern-tableware-2.webp\" alt=\"vajilla-de-cer\u00e1mica-al-por-mayor-de-estilo-turco-con-dise\u00f1os-personalizados-2\" class=\"wp-image-1179\" srcset=\"https:\/\/www.czqunfa.com\/wp-content\/uploads\/2025\/12\/turkish-style-wholesale-ceramic-dinnerware-custom-pattern-tableware-2.webp 800w, https:\/\/www.czqunfa.com\/wp-content\/uploads\/2025\/12\/turkish-style-wholesale-ceramic-dinnerware-custom-pattern-tableware-2-300x300.webp 300w, https:\/\/www.czqunfa.com\/wp-content\/uploads\/2025\/12\/turkish-style-wholesale-ceramic-dinnerware-custom-pattern-tableware-2-150x150.webp 150w, https:\/\/www.czqunfa.com\/wp-content\/uploads\/2025\/12\/turkish-style-wholesale-ceramic-dinnerware-custom-pattern-tableware-2-768x768.webp 768w, https:\/\/www.czqunfa.com\/wp-content\/uploads\/2025\/12\/turkish-style-wholesale-ceramic-dinnerware-custom-pattern-tableware-2-600x600.webp 600w, https:\/\/www.czqunfa.com\/wp-content\/uploads\/2025\/12\/turkish-style-wholesale-ceramic-dinnerware-custom-pattern-tableware-2-100x100.webp 100w\" sizes=\"(max-width: 800px) 100vw, 800px\" \/><\/figure>\n\n\n\n<figure class=\"wp-block-image size-full\"><img decoding=\"async\" width=\"800\" height=\"800\" data-id=\"1181\" src=\"https:\/\/www.czqunfa.com\/wp-content\/uploads\/2025\/12\/turkish-style-wholesale-ceramic-dinnerware-custom-pattern-tableware-4.webp\" alt=\"vajilla-de-cer\u00e1mica-al-por-mayor-estilo-turco-con-dise\u00f1o-personalizado-4\" class=\"wp-image-1181\" srcset=\"https:\/\/www.czqunfa.com\/wp-content\/uploads\/2025\/12\/turkish-style-wholesale-ceramic-dinnerware-custom-pattern-tableware-4.webp 800w, https:\/\/www.czqunfa.com\/wp-content\/uploads\/2025\/12\/turkish-style-wholesale-ceramic-dinnerware-custom-pattern-tableware-4-300x300.webp 300w, https:\/\/www.czqunfa.com\/wp-content\/uploads\/2025\/12\/turkish-style-wholesale-ceramic-dinnerware-custom-pattern-tableware-4-150x150.webp 150w, https:\/\/www.czqunfa.com\/wp-content\/uploads\/2025\/12\/turkish-style-wholesale-ceramic-dinnerware-custom-pattern-tableware-4-768x768.webp 768w, https:\/\/www.czqunfa.com\/wp-content\/uploads\/2025\/12\/turkish-style-wholesale-ceramic-dinnerware-custom-pattern-tableware-4-600x600.webp 600w, https:\/\/www.czqunfa.com\/wp-content\/uploads\/2025\/12\/turkish-style-wholesale-ceramic-dinnerware-custom-pattern-tableware-4-100x100.webp 100w\" sizes=\"(max-width: 800px) 100vw, 800px\" \/><\/figure>\n<\/figure>\n\n\n\n<p><\/p>","protected":false},"excerpt":{"rendered":"<p>Bienvenido a la compra al por mayor de esta vajilla de cer\u00e1mica de estilo turco, con ricos motivos tradicionales y dise\u00f1os personalizables. Fabricada en cer\u00e1mica resistente y cocida a alta temperatura, esta vajilla con motivos admite servicios OEM\/ODM, incluyendo colores personalizados, motivos y estampado de logotipos. Ideal para importadores, marcas, hoteles, restaurantes y minoristas que buscan vajillas de cer\u00e1mica distintivas y de alta calidad para comprar al por mayor.<\/p>\n<h2>Par\u00e1metros de la vajilla cer\u00e1mica al por mayor<\/h2>\n<table width=\"328\">\n<tbody>\n<tr>\n<td width=\"116\">Fabricante<\/td>\n<td width=\"211\">QUNFA<\/td>\n<\/tr>\n<tr>\n<td width=\"116\">Tipo de producto<\/td>\n<td>Juego de vajilla<\/td>\n<\/tr>\n<tr>\n<td width=\"116\">N.\u00ba de modelo.<\/td>\n<td width=\"211\">2433BL<\/td>\n<\/tr>\n<tr>\n<td width=\"116\">Material<\/td>\n<td width=\"211\">Gres<\/td>\n<\/tr>\n<tr>\n<td width=\"116\">Color<\/td>\n<td width=\"211\">Azul<\/td>\n<\/tr>\n<tr>\n<td width=\"116\">Dimensi\u00f3n<\/td>\n<td width=\"211\">\u00a0Plato de 8 pulgadas: 20,3 x 20,3 x 1,9 cm<br \/>Plato de 10,5 pulgadas: 26,7 x 26,7 x 3,5 cm<br \/>Cuenco redondo de 7,5 pulgadas: 19,1 x 19,1 x 4,8 cm<br \/>Taza de 14 oz: 12,7 x 9,8 x 9 cm<br \/>Plato redondo de 5,6 pulgadas: 14,3 x 14,3 x 6,7 cm<\/td>\n<\/tr>\n<tr>\n<td width=\"116\">Cantidad m\u00ednima de pedido<\/td>\n<td width=\"211\">1000 unidades<\/td>\n<\/tr>\n<tr>\n<td width=\"116\">Personalizado<\/td>\n<td width=\"211\">Color\/Tama\u00f1o\/Logotipo\/Embalaje\/Forma<\/td>\n<\/tr>\n<\/tbody>\n<\/table>","protected":false},"featured_media":1182,"comment_status":"closed","ping_status":"closed","template":"","meta":{"_acf_changed":false},"product_brand":[],"product_cat":[20,25],"product_tag":[],"class_list":{"0":"post-1176","1":"product","2":"type-product","3":"status-publish","4":"has-post-thumbnail","6":"product_cat-dinnerware-supplier","7":"product_cat-dinner-set-supplier","9":"first","10":"instock","11":"shipping-taxable","12":"product-type-simple"},"acf":[],"_links":{"self":[{"href":"https:\/\/www.czqunfa.com\/es\/wp-json\/wp\/v2\/product\/1176","targetHints":{"allow":["GET"]}}],"collection":[{"href":"https:\/\/www.czqunfa.com\/es\/wp-json\/wp\/v2\/product"}],"about":[{"href":"https:\/\/www.czqunfa.com\/es\/wp-json\/wp\/v2\/types\/product"}],"replies":[{"embeddable":true,"href":"https:\/\/www.czqunfa.com\/es\/wp-json\/wp\/v2\/comments?post=1176"}],"wp:featuredmedia":[{"embeddable":true,"href":"https:\/\/www.czqunfa.com\/es\/wp-json\/wp\/v2\/media\/1182"}],"wp:attachment":[{"href":"https:\/\/www.czqunfa.com\/es\/wp-json\/wp\/v2\/media?parent=1176"}],"wp:term":[{"taxonomy":"product_brand","embeddable":true,"href":"https:\/\/www.czqunfa.com\/es\/wp-json\/wp\/v2\/product_brand?post=1176"},{"taxonomy":"product_cat","embeddable":true,"href":"https:\/\/www.czqunfa.com\/es\/wp-json\/wp\/v2\/product_cat?post=1176"},{"taxonomy":"product_tag","embeddable":true,"href":"https:\/\/www.czqunfa.com\/es\/wp-json\/wp\/v2\/product_tag?post=1176"}],"curies":[{"name":"wp","href":"https:\/\/api.w.org\/{rel}","templated":true}]}}