{"id":1159,"date":"2025-12-26T06:37:10","date_gmt":"2025-12-26T06:37:10","guid":{"rendered":"https:\/\/www.czqunfa.com\/?post_type=product&#038;p=1159"},"modified":"2025-12-26T07:09:51","modified_gmt":"2025-12-26T07:09:51","slug":"wholesale-pet-bowls","status":"publish","type":"product","link":"https:\/\/www.czqunfa.com\/es\/producto\/wholesale-pet-bowls\/","title":{"rendered":"Comercio al por mayor de comederos para mascotas, comederos de cer\u00e1mica a granel para perros con soporte de hierro"},"content":{"rendered":"<div class=\"wp-block-columns is-layout-flex wp-container-core-columns-is-layout-9d6595d7 wp-block-columns-is-layout-flex\">\n<div class=\"wp-block-column is-layout-flow wp-block-column-is-layout-flow\">\n<h2 class=\"wp-block-heading\">Caracter\u00edsticas de los cuencos para mascotas al por mayor<\/h2>\n\n\n\n<ul class=\"wp-block-list\">\n<li><strong>Cuencos de cer\u00e1mica de alta calidad aptos para alimentos: <\/strong>Estos cuencos para mascotas al por mayor est\u00e1n fabricados con cer\u00e1mica de primera calidad cuidadosamente seleccionada, densa y robusta con una superficie lisa, que ofrece una excelente resistencia al calor y al fr\u00edo, y es segura, inodora y duradera.<\/li>\n\n\n\n<li><strong>Dise\u00f1o de alimentaci\u00f3n de elevaci\u00f3n saludable:<\/strong> Estos cuencos para mascotas al por mayor vienen con un robusto soporte arqueado de hierro negro que eleva el cuenco a una altura adecuada (aproximadamente 9 cm), ayudando a las mascotas a mantener una postura natural de la columna vertebral mientras comen, favoreciendo la digesti\u00f3n y reduciendo la tensi\u00f3n en el cuello.<\/li>\n\n\n\n<li><strong>Particiones funcionales y avisos inteligentes: <\/strong>Estos cuencos para mascotas al por mayor presentan un dise\u00f1o de doble cuenco, que distingue claramente entre las funciones \u201cBeber\u201d y \u201cSediento\u201d. Los cuencos tambi\u00e9n cuentan con llamativos patrones de impresi\u00f3n de la pata para guiar a las mascotas y a\u00f1adir diversi\u00f3n.<\/li>\n\n\n\n<li><strong>Dise\u00f1o estable, seguro y antideslizante:<\/strong> Estos cuencos de cer\u00e1mica a granel para perros tienen un soporte de hierro estable, antideslizante y resistente. El fondo plano del cuenco de cer\u00e1mica garantiza la estabilidad y evita que se vuelque mientras la mascota come.<\/li>\n\n\n\n<li><strong>Gran capacidad: <\/strong>Estos cuencos de cer\u00e1mica a granel para perros tienen una capacidad de 1.000 ml, lo que satisface las necesidades diarias de hogares con varias mascotas, tiendas de mascotas, hoteles para mascotas y otros establecimientos comerciales que sirven a perros o gatos de tama\u00f1o mediano o grande.<\/li>\n<\/ul>\n<\/div>\n\n\n\n<div class=\"wp-block-column is-layout-flow wp-block-column-is-layout-flow\">\n<figure class=\"wp-block-image size-full\"><img decoding=\"async\" width=\"960\" height=\"960\" src=\"https:\/\/www.czqunfa.com\/wp-content\/uploads\/2025\/12\/wholesale-pet-bowls-bulk-ceramic-dog-bowls-with-iron-arched-support-2.webp\" alt=\"mayorista-perros-ceramica-ceramica-perros-con-soporte-arqueado-de-hierro-2\" class=\"wp-image-1161\" srcset=\"https:\/\/www.czqunfa.com\/wp-content\/uploads\/2025\/12\/wholesale-pet-bowls-bulk-ceramic-dog-bowls-with-iron-arched-support-2.webp 960w, https:\/\/www.czqunfa.com\/wp-content\/uploads\/2025\/12\/wholesale-pet-bowls-bulk-ceramic-dog-bowls-with-iron-arched-support-2-300x300.webp 300w, https:\/\/www.czqunfa.com\/wp-content\/uploads\/2025\/12\/wholesale-pet-bowls-bulk-ceramic-dog-bowls-with-iron-arched-support-2-150x150.webp 150w, https:\/\/www.czqunfa.com\/wp-content\/uploads\/2025\/12\/wholesale-pet-bowls-bulk-ceramic-dog-bowls-with-iron-arched-support-2-768x768.webp 768w, https:\/\/www.czqunfa.com\/wp-content\/uploads\/2025\/12\/wholesale-pet-bowls-bulk-ceramic-dog-bowls-with-iron-arched-support-2-600x600.webp 600w, https:\/\/www.czqunfa.com\/wp-content\/uploads\/2025\/12\/wholesale-pet-bowls-bulk-ceramic-dog-bowls-with-iron-arched-support-2-100x100.webp 100w\" sizes=\"(max-width: 960px) 100vw, 960px\" \/><\/figure>\n<\/div>\n<\/div>\n\n\n\n<figure class=\"wp-block-gallery has-nested-images columns-default is-cropped wp-block-gallery-1 is-layout-flex wp-block-gallery-is-layout-flex\">\n<figure class=\"wp-block-image size-full\"><img decoding=\"async\" width=\"960\" height=\"960\" data-id=\"1162\" src=\"https:\/\/www.czqunfa.com\/wp-content\/uploads\/2025\/12\/wholesale-pet-bowls-bulk-ceramic-dog-bowls-with-iron-arched-support-3.webp\" alt=\"mayorista-mascota-mascota-cer\u00e1mica-mascota-cer\u00e1mica-mascota-cer\u00e1mica-cer\u00e1mica-cer\u00e1mica-cer\u00e1mica-cer\u00e1mica-cer\u00e1mica-cer\u00e1mica-cer\u00e1mica-cer\u00e1mica-cer\u00e1mica-cer\u00e1mica-cer\u00e1mica-cer\u00e1mica-cer\u00e1mica-3\" class=\"wp-image-1162\" srcset=\"https:\/\/www.czqunfa.com\/wp-content\/uploads\/2025\/12\/wholesale-pet-bowls-bulk-ceramic-dog-bowls-with-iron-arched-support-3.webp 960w, https:\/\/www.czqunfa.com\/wp-content\/uploads\/2025\/12\/wholesale-pet-bowls-bulk-ceramic-dog-bowls-with-iron-arched-support-3-300x300.webp 300w, https:\/\/www.czqunfa.com\/wp-content\/uploads\/2025\/12\/wholesale-pet-bowls-bulk-ceramic-dog-bowls-with-iron-arched-support-3-150x150.webp 150w, https:\/\/www.czqunfa.com\/wp-content\/uploads\/2025\/12\/wholesale-pet-bowls-bulk-ceramic-dog-bowls-with-iron-arched-support-3-768x768.webp 768w, https:\/\/www.czqunfa.com\/wp-content\/uploads\/2025\/12\/wholesale-pet-bowls-bulk-ceramic-dog-bowls-with-iron-arched-support-3-600x600.webp 600w, https:\/\/www.czqunfa.com\/wp-content\/uploads\/2025\/12\/wholesale-pet-bowls-bulk-ceramic-dog-bowls-with-iron-arched-support-3-100x100.webp 100w\" sizes=\"(max-width: 960px) 100vw, 960px\" \/><\/figure>\n\n\n\n<figure class=\"wp-block-image size-full\"><img decoding=\"async\" width=\"960\" height=\"960\" data-id=\"1163\" src=\"https:\/\/www.czqunfa.com\/wp-content\/uploads\/2025\/12\/wholesale-pet-bowls-bulk-ceramic-dog-bowls-with-iron-arched-support-4.webp\" alt=\"mayorista-mascotas-mascotas-ceramica-ceramica-mascotas-ceramica-ceramica-ceramica-ceramica-ceramica-ceramica-ceramica-ceramica-ceramica-ceramica-ceramica-4\" class=\"wp-image-1163\" srcset=\"https:\/\/www.czqunfa.com\/wp-content\/uploads\/2025\/12\/wholesale-pet-bowls-bulk-ceramic-dog-bowls-with-iron-arched-support-4.webp 960w, https:\/\/www.czqunfa.com\/wp-content\/uploads\/2025\/12\/wholesale-pet-bowls-bulk-ceramic-dog-bowls-with-iron-arched-support-4-300x300.webp 300w, https:\/\/www.czqunfa.com\/wp-content\/uploads\/2025\/12\/wholesale-pet-bowls-bulk-ceramic-dog-bowls-with-iron-arched-support-4-150x150.webp 150w, https:\/\/www.czqunfa.com\/wp-content\/uploads\/2025\/12\/wholesale-pet-bowls-bulk-ceramic-dog-bowls-with-iron-arched-support-4-768x768.webp 768w, https:\/\/www.czqunfa.com\/wp-content\/uploads\/2025\/12\/wholesale-pet-bowls-bulk-ceramic-dog-bowls-with-iron-arched-support-4-600x600.webp 600w, https:\/\/www.czqunfa.com\/wp-content\/uploads\/2025\/12\/wholesale-pet-bowls-bulk-ceramic-dog-bowls-with-iron-arched-support-4-100x100.webp 100w\" sizes=\"(max-width: 960px) 100vw, 960px\" \/><\/figure>\n<\/figure>\n\n\n\n<p><\/p>","protected":false},"excerpt":{"rendered":"<p>Bienvenido a comprar estos cuencos para mascotas al por mayor con soporte de hierro arqueado, perfecto para el uso a largo plazo, estable, y la alimentaci\u00f3n elevada. Este cuenco de cer\u00e1mica a granel para perros tiene un cuenco de cer\u00e1mica que es extra\u00edble y un soporte de hierro que es fuerte, puede adaptarse a diferentes situaciones de alimentaci\u00f3n, perfecto para marcas de mascotas, distribuidores y minoristas en el mercado mayorista que quieren ofrecer a los clientes soluciones de alimentaci\u00f3n personalizables y de alta calidad.<\/p>\n<h2>Mayorista Tazones para Mascotas Par\u00e1metros<\/h2>\n<table border=\"0\" width=\"328\" cellspacing=\"0\" cellpadding=\"0\">\n<tbody>\n<tr>\n<td width=\"116\" height=\"17\">Fabricante<\/td>\n<td width=\"211\">QUNFA<\/td>\n<\/tr>\n<tr>\n<td width=\"116\" height=\"17\">Tipo de producto<\/td>\n<td>Cuencos elevados para mascotas, cuencos dobles para mascotas<\/td>\n<\/tr>\n<tr>\n<td width=\"116\" height=\"17\">N.\u00ba de modelo.<\/td>\n<td width=\"211\">QF22CW-25<\/td>\n<\/tr>\n<tr>\n<td width=\"116\" height=\"17\">Material<\/td>\n<td width=\"211\">Gres<\/td>\n<\/tr>\n<tr>\n<td width=\"116\" height=\"17\">Color<\/td>\n<td width=\"211\">Blanco<\/td>\n<\/tr>\n<tr>\n<td width=\"116\" height=\"31\">Dimensi\u00f3n<\/td>\n<td width=\"211\">Cuenco:15.5*15.5*6.5CM<br \/>Soporte de hierro:34.3*16*9CM<\/td>\n<\/tr>\n<tr>\n<td width=\"116\" height=\"17\">Cantidad m\u00ednima de pedido<\/td>\n<td width=\"211\">1000 unidades<\/td>\n<\/tr>\n<tr>\n<td width=\"116\" height=\"17\">Personalizado<\/td>\n<td width=\"211\">Color\/Tama\u00f1o\/Logotipo\/Embalaje\/Forma<\/td>\n<\/tr>\n<\/tbody>\n<\/table>","protected":false},"featured_media":1165,"comment_status":"closed","ping_status":"closed","template":"","meta":{"_acf_changed":false},"product_brand":[],"product_cat":[16,52,51],"product_tag":[],"class_list":{"0":"post-1159","1":"product","2":"type-product","3":"status-publish","4":"has-post-thumbnail","6":"product_cat-pet-bowl-manufacturer","7":"product_cat-double-pet-bowl-factory","8":"product_cat-raised-pet-bowls-wholesale","10":"first","11":"instock","12":"shipping-taxable","13":"product-type-simple"},"acf":[],"_links":{"self":[{"href":"https:\/\/www.czqunfa.com\/es\/wp-json\/wp\/v2\/product\/1159","targetHints":{"allow":["GET"]}}],"collection":[{"href":"https:\/\/www.czqunfa.com\/es\/wp-json\/wp\/v2\/product"}],"about":[{"href":"https:\/\/www.czqunfa.com\/es\/wp-json\/wp\/v2\/types\/product"}],"replies":[{"embeddable":true,"href":"https:\/\/www.czqunfa.com\/es\/wp-json\/wp\/v2\/comments?post=1159"}],"wp:featuredmedia":[{"embeddable":true,"href":"https:\/\/www.czqunfa.com\/es\/wp-json\/wp\/v2\/media\/1165"}],"wp:attachment":[{"href":"https:\/\/www.czqunfa.com\/es\/wp-json\/wp\/v2\/media?parent=1159"}],"wp:term":[{"taxonomy":"product_brand","embeddable":true,"href":"https:\/\/www.czqunfa.com\/es\/wp-json\/wp\/v2\/product_brand?post=1159"},{"taxonomy":"product_cat","embeddable":true,"href":"https:\/\/www.czqunfa.com\/es\/wp-json\/wp\/v2\/product_cat?post=1159"},{"taxonomy":"product_tag","embeddable":true,"href":"https:\/\/www.czqunfa.com\/es\/wp-json\/wp\/v2\/product_tag?post=1159"}],"curies":[{"name":"wp","href":"https:\/\/api.w.org\/{rel}","templated":true}]}}