{"id":1149,"date":"2025-12-25T10:24:57","date_gmt":"2025-12-25T10:24:57","guid":{"rendered":"https:\/\/www.tongdeceramic.com\/?post_type=product&#038;p=1149"},"modified":"2025-12-27T09:48:34","modified_gmt":"2025-12-27T09:48:34","slug":"wholesale-flower-pots","status":"publish","type":"product","link":"https:\/\/www.czqunfa.com\/es\/producto\/wholesale-flower-pots\/","title":{"rendered":"Macetas al por mayor, macetas decorativas de cer\u00e1mica para jard\u00edn a granel"},"content":{"rendered":"<div class=\"wp-block-columns is-layout-flex wp-container-core-columns-is-layout-9d6595d7 wp-block-columns-is-layout-flex\">\n<div class=\"wp-block-column is-layout-flow wp-block-column-is-layout-flow\">\n<h2 class=\"wp-block-heading\">Caracter\u00edsticas de las macetas al por mayor<\/h2>\n\n\n\n<ul class=\"wp-block-list\">\n<li><strong>Material cer\u00e1mico de alta calidad y duradero:<\/strong> Estas macetas al por mayor est\u00e1n fabricadas en cer\u00e1mica de alta densidad y cocidas a altas temperaturas, lo que les confiere una estructura robusta con una excelente resistencia al calor, al fr\u00edo y a la intemperie, adecuada para un uso prolongado tanto en interiores como en exteriores.<\/li>\n\n\n\n<li><strong>Esmalte liso, f\u00e1cil de limpiar y mantener:<\/strong> El delicado y suave revestimiento esmaltado de las macetas al por mayor no atrae f\u00e1cilmente las manchas ni los restos de cal, lo que facilita la limpieza diaria y reduce los costes de mantenimiento en los negocios comerciales.<\/li>\n\n\n\n<li><strong>Combinando decoraci\u00f3n y practicidad: <\/strong>Estas macetas al por mayor, de aspecto sencillo pero con textura cer\u00e1mica, son adecuadas para patios, balcones, exposiciones de plantas de interior y paisajismo comercial, ya que realzan la est\u00e9tica general del espacio.<\/li>\n\n\n\n<li><strong>Asas pr\u00e1cticas:<\/strong> Estas macetas de cer\u00e1mica a granel est\u00e1n equipadas con asas sim\u00e9tricas a ambos lados para facilitar su manipulaci\u00f3n y colocaci\u00f3n. El dise\u00f1o vertical estandarizado permite apilarlas de forma estable, lo que supone un ahorro significativo de espacio de almacenamiento y log\u00edstica.<\/li>\n\n\n\n<li><strong>Disponible en varios tama\u00f1os: <\/strong>Estas macetas de cer\u00e1mica a granel son adecuadas para exhibir una gran variedad de flores, plantas verdes y plantas ornamentales. Satisfacen las necesidades de diferentes plantas y son adecuadas para mayoristas de macetas, marcas de jardiner\u00eda, comercio electr\u00f3nico transfronterizo y cadenas minoristas para la venta al por mayor y la personalizaci\u00f3n.<\/li>\n<\/ul>\n<\/div>\n\n\n\n<div class=\"wp-block-column is-layout-flow wp-block-column-is-layout-flow\">\n<figure class=\"wp-block-image size-full\"><img decoding=\"async\" width=\"1000\" height=\"1000\" src=\"https:\/\/www.czqunfa.com\/wp-content\/uploads\/2025\/12\/wholesale-flower-pots-decorative-ceramic-garden-pot-in-bulk-3.webp\" alt=\"macetas-de-cer\u00e1mica-decorativas-para-jard\u00edn-al-por-mayor-3\" class=\"wp-image-1155\" srcset=\"https:\/\/www.czqunfa.com\/wp-content\/uploads\/2025\/12\/wholesale-flower-pots-decorative-ceramic-garden-pot-in-bulk-3.webp 1000w, https:\/\/www.czqunfa.com\/wp-content\/uploads\/2025\/12\/wholesale-flower-pots-decorative-ceramic-garden-pot-in-bulk-3-300x300.webp 300w, https:\/\/www.czqunfa.com\/wp-content\/uploads\/2025\/12\/wholesale-flower-pots-decorative-ceramic-garden-pot-in-bulk-3-150x150.webp 150w, https:\/\/www.czqunfa.com\/wp-content\/uploads\/2025\/12\/wholesale-flower-pots-decorative-ceramic-garden-pot-in-bulk-3-768x768.webp 768w, https:\/\/www.czqunfa.com\/wp-content\/uploads\/2025\/12\/wholesale-flower-pots-decorative-ceramic-garden-pot-in-bulk-3-600x600.webp 600w, https:\/\/www.czqunfa.com\/wp-content\/uploads\/2025\/12\/wholesale-flower-pots-decorative-ceramic-garden-pot-in-bulk-3-100x100.webp 100w\" sizes=\"(max-width: 1000px) 100vw, 1000px\" \/><\/figure>\n<\/div>\n<\/div>\n\n\n\n<figure class=\"wp-block-gallery has-nested-images columns-default is-cropped wp-block-gallery-1 is-layout-flex wp-block-gallery-is-layout-flex\">\n<figure class=\"wp-block-image size-full\"><img decoding=\"async\" width=\"1000\" height=\"1000\" data-id=\"1153\" src=\"https:\/\/www.czqunfa.com\/wp-content\/uploads\/2025\/12\/wholesale-flower-pots-decorative-ceramic-garden-pot-in-bulk-1.webp\" alt=\"macetas-de-flores-al-por-menor-macetas-decorativas-de-cer\u00e1mica-para-jard\u00edn-a-granel-1\" class=\"wp-image-1153\" srcset=\"https:\/\/www.czqunfa.com\/wp-content\/uploads\/2025\/12\/wholesale-flower-pots-decorative-ceramic-garden-pot-in-bulk-1.webp 1000w, https:\/\/www.czqunfa.com\/wp-content\/uploads\/2025\/12\/wholesale-flower-pots-decorative-ceramic-garden-pot-in-bulk-1-300x300.webp 300w, https:\/\/www.czqunfa.com\/wp-content\/uploads\/2025\/12\/wholesale-flower-pots-decorative-ceramic-garden-pot-in-bulk-1-150x150.webp 150w, https:\/\/www.czqunfa.com\/wp-content\/uploads\/2025\/12\/wholesale-flower-pots-decorative-ceramic-garden-pot-in-bulk-1-768x768.webp 768w, https:\/\/www.czqunfa.com\/wp-content\/uploads\/2025\/12\/wholesale-flower-pots-decorative-ceramic-garden-pot-in-bulk-1-600x600.webp 600w, https:\/\/www.czqunfa.com\/wp-content\/uploads\/2025\/12\/wholesale-flower-pots-decorative-ceramic-garden-pot-in-bulk-1-100x100.webp 100w\" sizes=\"(max-width: 1000px) 100vw, 1000px\" \/><\/figure>\n\n\n\n<figure class=\"wp-block-image size-full\"><img decoding=\"async\" width=\"1000\" height=\"1000\" data-id=\"1157\" src=\"https:\/\/www.czqunfa.com\/wp-content\/uploads\/2025\/12\/wholesale-flower-pots-decorative-ceramic-garden-pot-in-bulk-5.webp\" alt=\"macetas-de-cer\u00e1mica-decorativas-para-jard\u00edn-al-por-mayor-5\" class=\"wp-image-1157\" srcset=\"https:\/\/www.czqunfa.com\/wp-content\/uploads\/2025\/12\/wholesale-flower-pots-decorative-ceramic-garden-pot-in-bulk-5.webp 1000w, https:\/\/www.czqunfa.com\/wp-content\/uploads\/2025\/12\/wholesale-flower-pots-decorative-ceramic-garden-pot-in-bulk-5-300x300.webp 300w, https:\/\/www.czqunfa.com\/wp-content\/uploads\/2025\/12\/wholesale-flower-pots-decorative-ceramic-garden-pot-in-bulk-5-150x150.webp 150w, https:\/\/www.czqunfa.com\/wp-content\/uploads\/2025\/12\/wholesale-flower-pots-decorative-ceramic-garden-pot-in-bulk-5-768x768.webp 768w, https:\/\/www.czqunfa.com\/wp-content\/uploads\/2025\/12\/wholesale-flower-pots-decorative-ceramic-garden-pot-in-bulk-5-600x600.webp 600w, https:\/\/www.czqunfa.com\/wp-content\/uploads\/2025\/12\/wholesale-flower-pots-decorative-ceramic-garden-pot-in-bulk-5-100x100.webp 100w\" sizes=\"(max-width: 1000px) 100vw, 1000px\" \/><\/figure>\n<\/figure>\n\n\n\n<p><\/p>","protected":false},"excerpt":{"rendered":"<p>Bienvenido a comprar nuestras macetas al por mayor, fabricadas en gres de alta calidad, dise\u00f1adas para ofrecer durabilidad, f\u00e1cil limpieza y uso prolongado en interiores o exteriores. Disponibles en varios tama\u00f1os, estas macetas de cer\u00e1mica son ideales para centros de jardiner\u00eda, minoristas, hoteles y proyectos de paisajismo, y admiten pedidos al por mayor y personalizaci\u00f3n OEM\/ODM.<\/p>\n<h2>Par\u00e1metros de las macetas al por mayor<\/h2>\n<table width=\"328\">\n<tbody>\n<tr>\n<td width=\"116\">Fabricante<\/td>\n<td width=\"211\">QUNFA<\/td>\n<\/tr>\n<tr>\n<td width=\"116\">Tipo de producto<\/td>\n<td>Maceta<\/td>\n<\/tr>\n<tr>\n<td width=\"116\">N.\u00ba de modelo.<\/td>\n<td width=\"211\">\u00a0QF14-308<\/td>\n<\/tr>\n<tr>\n<td width=\"116\">Material<\/td>\n<td width=\"211\">Gres<\/td>\n<\/tr>\n<tr>\n<td width=\"116\">Color<\/td>\n<td width=\"211\">Personalizado<\/td>\n<\/tr>\n<tr>\n<td width=\"116\">Dimensi\u00f3n<\/td>\n<td width=\"211\">M: 17,5 x 12,18 x 25,5 cm<br \/>S: 16 x 16 x 25,5 cm<\/td>\n<\/tr>\n<tr>\n<td width=\"116\">Cantidad m\u00ednima de pedido<\/td>\n<td width=\"211\">1000 unidades<\/td>\n<\/tr>\n<tr>\n<td width=\"116\">Personalizado<\/td>\n<td width=\"211\">Color\/Tama\u00f1o\/Logotipo\/Embalaje\/Forma<\/td>\n<\/tr>\n<\/tbody>\n<\/table>","protected":false},"featured_media":1158,"comment_status":"closed","ping_status":"closed","template":"","meta":{"_acf_changed":false},"product_brand":[],"product_cat":[17,46],"product_tag":[],"class_list":{"0":"post-1149","1":"product","2":"type-product","3":"status-publish","4":"has-post-thumbnail","6":"product_cat-home-garden-decor-wholesale","7":"product_cat-ceramic-vase-supplier","9":"first","10":"instock","11":"shipping-taxable","12":"product-type-simple"},"acf":[],"_links":{"self":[{"href":"https:\/\/www.czqunfa.com\/es\/wp-json\/wp\/v2\/product\/1149","targetHints":{"allow":["GET"]}}],"collection":[{"href":"https:\/\/www.czqunfa.com\/es\/wp-json\/wp\/v2\/product"}],"about":[{"href":"https:\/\/www.czqunfa.com\/es\/wp-json\/wp\/v2\/types\/product"}],"replies":[{"embeddable":true,"href":"https:\/\/www.czqunfa.com\/es\/wp-json\/wp\/v2\/comments?post=1149"}],"wp:featuredmedia":[{"embeddable":true,"href":"https:\/\/www.czqunfa.com\/es\/wp-json\/wp\/v2\/media\/1158"}],"wp:attachment":[{"href":"https:\/\/www.czqunfa.com\/es\/wp-json\/wp\/v2\/media?parent=1149"}],"wp:term":[{"taxonomy":"product_brand","embeddable":true,"href":"https:\/\/www.czqunfa.com\/es\/wp-json\/wp\/v2\/product_brand?post=1149"},{"taxonomy":"product_cat","embeddable":true,"href":"https:\/\/www.czqunfa.com\/es\/wp-json\/wp\/v2\/product_cat?post=1149"},{"taxonomy":"product_tag","embeddable":true,"href":"https:\/\/www.czqunfa.com\/es\/wp-json\/wp\/v2\/product_tag?post=1149"}],"curies":[{"name":"wp","href":"https:\/\/api.w.org\/{rel}","templated":true}]}}