{"id":1057,"date":"2025-12-25T08:58:43","date_gmt":"2025-12-25T08:58:43","guid":{"rendered":"https:\/\/www.tongdeceramic.com\/?post_type=product&#038;p=1057"},"modified":"2025-12-26T01:57:19","modified_gmt":"2025-12-26T01:57:19","slug":"bulk-loaf-pans","status":"publish","type":"product","link":"https:\/\/www.czqunfa.com\/es\/producto\/bulk-loaf-pans\/","title":{"rendered":"Moldes para pan a granel, moldes para pan de cer\u00e1mica aptos para horno al por mayor"},"content":{"rendered":"<div class=\"wp-block-columns is-layout-flex wp-container-core-columns-is-layout-9d6595d7 wp-block-columns-is-layout-flex\">\n<div class=\"wp-block-column is-layout-flow wp-block-column-is-layout-flow\">\n<h2 class=\"wp-block-heading\">Caracter\u00edsticas de los moldes para panes grandes<\/h2>\n\n\n\n<ul class=\"wp-block-list\">\n<li><strong>Material cer\u00e1mico de alta calidad:<\/strong> Estos moldes para pan a granel est\u00e1n fabricados en gres de alta calidad resistente al calor, cocidos a alta temperatura, con alta densidad, resistentes al calor y al fr\u00edo, adecuados para horneados frecuentes y uso comercial.<\/li>\n\n\n\n<li><strong>Apto para horno\/microondas\/lavavajillas:<\/strong> Estos moldes para pan a granel son aptos para su uso en hornos, microondas y lavavajillas, lo que satisface las necesidades de uso intensivo de restaurantes, panader\u00edas, hoteles y canales minoristas, mejorando la eficiencia.<\/li>\n\n\n\n<li><strong>Dise\u00f1o ondulado anti-derrames: <\/strong>Los moldes para pan a granel con un dise\u00f1o \u00fanico de bordes ondulados no solo a\u00f1aden un atractivo est\u00e9tico, sino que tambi\u00e9n evitan eficazmente que la masa o los l\u00edquidos se desborden durante el horneado, lo que mantiene el horno limpio y aumenta las tasas de \u00e9xito del horneado.<\/li>\n\n\n\n<li><strong>Tama\u00f1o pr\u00e1ctico est\u00e1ndar: <\/strong>El molde para pan de cer\u00e1mica al por mayor es el recipiente ideal para hacer panes de tama\u00f1o est\u00e1ndar, pasteles de carne, bizcochos o postres refrigerados, con resultados impecables y uniformes. Se adapta a la mayor\u00eda de las rejillas de hornos comerciales.<\/li>\n\n\n\n<li><strong>Se admite la venta al por mayor y la personalizaci\u00f3n:<\/strong> Nuestra panera de cer\u00e1mica al por mayor es ideal para compras a granel y ofrece opciones de personalizaci\u00f3n en cuanto a colores, esmaltes, logotipos y embalajes para satisfacer las diversas necesidades de los propietarios de marcas, importadores y distribuidores.<\/li>\n<\/ul>\n<\/div>\n\n\n\n<div class=\"wp-block-column is-layout-flow wp-block-column-is-layout-flow\">\n<figure class=\"wp-block-image size-full\"><img decoding=\"async\" width=\"1000\" height=\"1000\" src=\"https:\/\/www.czqunfa.com\/wp-content\/uploads\/2025\/12\/bulk-loaf-pans-oven-safe-ceramic-bread-pans-wholesale-4.webp\" alt=\"Moldes para pan a granel aptos para horno, moldes para pan de cer\u00e1mica, venta al por mayor, 4\" class=\"wp-image-1146\" srcset=\"https:\/\/www.czqunfa.com\/wp-content\/uploads\/2025\/12\/bulk-loaf-pans-oven-safe-ceramic-bread-pans-wholesale-4.webp 1000w, https:\/\/www.czqunfa.com\/wp-content\/uploads\/2025\/12\/bulk-loaf-pans-oven-safe-ceramic-bread-pans-wholesale-4-300x300.webp 300w, https:\/\/www.czqunfa.com\/wp-content\/uploads\/2025\/12\/bulk-loaf-pans-oven-safe-ceramic-bread-pans-wholesale-4-150x150.webp 150w, https:\/\/www.czqunfa.com\/wp-content\/uploads\/2025\/12\/bulk-loaf-pans-oven-safe-ceramic-bread-pans-wholesale-4-768x768.webp 768w, https:\/\/www.czqunfa.com\/wp-content\/uploads\/2025\/12\/bulk-loaf-pans-oven-safe-ceramic-bread-pans-wholesale-4-600x600.webp 600w, https:\/\/www.czqunfa.com\/wp-content\/uploads\/2025\/12\/bulk-loaf-pans-oven-safe-ceramic-bread-pans-wholesale-4-100x100.webp 100w\" sizes=\"(max-width: 1000px) 100vw, 1000px\" \/><\/figure>\n<\/div>\n<\/div>\n\n\n\n<figure class=\"wp-block-gallery has-nested-images columns-default is-cropped wp-block-gallery-1 is-layout-flex wp-block-gallery-is-layout-flex\">\n<figure class=\"wp-block-image size-full\"><img decoding=\"async\" width=\"1000\" height=\"1000\" data-id=\"1147\" src=\"https:\/\/www.czqunfa.com\/wp-content\/uploads\/2025\/12\/bulk-loaf-pans-oven-safe-ceramic-bread-pans-wholesale-5.webp\" alt=\"Bandejas para pan a granel aptas para horno, bandejas para pan de cer\u00e1mica, venta al por mayor, 5\" class=\"wp-image-1147\" srcset=\"https:\/\/www.czqunfa.com\/wp-content\/uploads\/2025\/12\/bulk-loaf-pans-oven-safe-ceramic-bread-pans-wholesale-5.webp 1000w, https:\/\/www.czqunfa.com\/wp-content\/uploads\/2025\/12\/bulk-loaf-pans-oven-safe-ceramic-bread-pans-wholesale-5-300x300.webp 300w, https:\/\/www.czqunfa.com\/wp-content\/uploads\/2025\/12\/bulk-loaf-pans-oven-safe-ceramic-bread-pans-wholesale-5-150x150.webp 150w, https:\/\/www.czqunfa.com\/wp-content\/uploads\/2025\/12\/bulk-loaf-pans-oven-safe-ceramic-bread-pans-wholesale-5-768x768.webp 768w, https:\/\/www.czqunfa.com\/wp-content\/uploads\/2025\/12\/bulk-loaf-pans-oven-safe-ceramic-bread-pans-wholesale-5-600x600.webp 600w, https:\/\/www.czqunfa.com\/wp-content\/uploads\/2025\/12\/bulk-loaf-pans-oven-safe-ceramic-bread-pans-wholesale-5-100x100.webp 100w\" sizes=\"(max-width: 1000px) 100vw, 1000px\" \/><\/figure>\n\n\n\n<figure class=\"wp-block-image size-full\"><img decoding=\"async\" width=\"1000\" height=\"1000\" data-id=\"1148\" src=\"https:\/\/www.czqunfa.com\/wp-content\/uploads\/2025\/12\/bulk-loaf-pans-oven-safe-ceramic-bread-pans-wholesale-6.webp\" alt=\"Moldes para pan a granel aptos para horno, moldes para pan de cer\u00e1mica, venta al por mayor, 6\" class=\"wp-image-1148\" srcset=\"https:\/\/www.czqunfa.com\/wp-content\/uploads\/2025\/12\/bulk-loaf-pans-oven-safe-ceramic-bread-pans-wholesale-6.webp 1000w, https:\/\/www.czqunfa.com\/wp-content\/uploads\/2025\/12\/bulk-loaf-pans-oven-safe-ceramic-bread-pans-wholesale-6-300x300.webp 300w, https:\/\/www.czqunfa.com\/wp-content\/uploads\/2025\/12\/bulk-loaf-pans-oven-safe-ceramic-bread-pans-wholesale-6-150x150.webp 150w, https:\/\/www.czqunfa.com\/wp-content\/uploads\/2025\/12\/bulk-loaf-pans-oven-safe-ceramic-bread-pans-wholesale-6-768x768.webp 768w, https:\/\/www.czqunfa.com\/wp-content\/uploads\/2025\/12\/bulk-loaf-pans-oven-safe-ceramic-bread-pans-wholesale-6-600x600.webp 600w, https:\/\/www.czqunfa.com\/wp-content\/uploads\/2025\/12\/bulk-loaf-pans-oven-safe-ceramic-bread-pans-wholesale-6-100x100.webp 100w\" sizes=\"(max-width: 1000px) 100vw, 1000px\" \/><\/figure>\n<\/figure>\n\n\n\n<p><\/p>","protected":false},"excerpt":{"rendered":"<p>Bienvenido a comprar nuestros moldes redondos para macarrones, fabricados en gres de alta calidad con una excelente resistencia al calor y al fr\u00edo. Aptos para horno, microondas y lavavajillas, con una superficie esmaltada lisa que facilita la limpieza. Ideales para compras al por mayor, personalizaci\u00f3n OEM\/ODM y suministro al por mayor a panader\u00edas, hoteles y marcas de menaje de cocina.<\/p>\n<h2>Par\u00e1metros de los moldes para panes grandes<\/h2>\n<table width=\"328\">\n<tbody>\n<tr>\n<td width=\"116\">Fabricante<\/td>\n<td width=\"211\">QUNFA<\/td>\n<\/tr>\n<tr>\n<td width=\"116\">Tipo de producto<\/td>\n<td>Molde para pan<\/td>\n<\/tr>\n<tr>\n<td width=\"116\">N.\u00ba de modelo.<\/td>\n<td width=\"211\">\u00a0QFF15-0074<\/td>\n<\/tr>\n<tr>\n<td width=\"116\">Material<\/td>\n<td width=\"211\">Gres<\/td>\n<\/tr>\n<tr>\n<td width=\"116\">Color<\/td>\n<td width=\"211\">Azul, Rojo, Personalizado<\/td>\n<\/tr>\n<tr>\n<td width=\"116\">Dimensi\u00f3n<\/td>\n<td width=\"211\">\u00a025 x 15 x 8 cm<\/td>\n<\/tr>\n<tr>\n<td width=\"116\">Cantidad m\u00ednima de pedido<\/td>\n<td width=\"211\">1000 unidades<\/td>\n<\/tr>\n<tr>\n<td width=\"116\">Personalizado<\/td>\n<td width=\"211\">Color\/Tama\u00f1o\/Logotipo\/Embalaje\/Forma<\/td>\n<\/tr>\n<\/tbody>\n<\/table>","protected":false},"featured_media":1144,"comment_status":"closed","ping_status":"closed","template":"","meta":{"_acf_changed":false},"product_brand":[],"product_cat":[22,26],"product_tag":[],"class_list":{"0":"post-1057","1":"product","2":"type-product","3":"status-publish","4":"has-post-thumbnail","6":"product_cat-bakeware-manufacturer","7":"product_cat-ceramic-loaf-pan-supplier","9":"first","10":"instock","11":"shipping-taxable","12":"product-type-simple"},"acf":[],"_links":{"self":[{"href":"https:\/\/www.czqunfa.com\/es\/wp-json\/wp\/v2\/product\/1057","targetHints":{"allow":["GET"]}}],"collection":[{"href":"https:\/\/www.czqunfa.com\/es\/wp-json\/wp\/v2\/product"}],"about":[{"href":"https:\/\/www.czqunfa.com\/es\/wp-json\/wp\/v2\/types\/product"}],"replies":[{"embeddable":true,"href":"https:\/\/www.czqunfa.com\/es\/wp-json\/wp\/v2\/comments?post=1057"}],"wp:featuredmedia":[{"embeddable":true,"href":"https:\/\/www.czqunfa.com\/es\/wp-json\/wp\/v2\/media\/1144"}],"wp:attachment":[{"href":"https:\/\/www.czqunfa.com\/es\/wp-json\/wp\/v2\/media?parent=1057"}],"wp:term":[{"taxonomy":"product_brand","embeddable":true,"href":"https:\/\/www.czqunfa.com\/es\/wp-json\/wp\/v2\/product_brand?post=1057"},{"taxonomy":"product_cat","embeddable":true,"href":"https:\/\/www.czqunfa.com\/es\/wp-json\/wp\/v2\/product_cat?post=1057"},{"taxonomy":"product_tag","embeddable":true,"href":"https:\/\/www.czqunfa.com\/es\/wp-json\/wp\/v2\/product_tag?post=1057"}],"curies":[{"name":"wp","href":"https:\/\/api.w.org\/{rel}","templated":true}]}}