{"id":994,"date":"2025-12-24T10:21:43","date_gmt":"2025-12-24T10:21:43","guid":{"rendered":"https:\/\/www.tongdeceramic.com\/?post_type=product&#038;p=994"},"modified":"2025-12-25T03:34:05","modified_gmt":"2025-12-25T03:34:05","slug":"ceramic-ramekins-wholesale","status":"publish","type":"product","link":"https:\/\/www.czqunfa.com\/de\/produkt\/ceramic-ramekins-wholesale\/","title":{"rendered":"3\u2033 runde Keramik-Auflaufformen Gro\u00dfhandel mit Aufdruck f\u00fcr die K\u00fcche"},"content":{"rendered":"<div class=\"wp-block-columns is-layout-flex wp-container-core-columns-is-layout-9d6595d7 wp-block-columns-is-layout-flex\">\n<div class=\"wp-block-column is-layout-flow wp-block-column-is-layout-flow\">\n<h2 class=\"wp-block-heading\">Eigenschaften von Keramik-Auflaufformen im Gro\u00dfhandel<\/h2>\n\n\n\n<ul class=\"wp-block-list\">\n<li><strong>Hochwertiges Keramikmaterial:<\/strong> Diese Keramik-Auflaufformen im Gro\u00dfhandel bestehen aus hochwertiger Keramik, die dicht und robust ist, eine gute Hitze- und K\u00e4ltebest\u00e4ndigkeit aufweist und eine lange Lebensdauer hat.<\/li>\n\n\n\n<li><strong>Witzige und einzigartige Designs: <\/strong>Diese Keramik-Auflaufformen sind in zwei Designs erh\u00e4ltlich: eine schwarze Version mit einem wei\u00dfen Totenkopf und dem Schriftzug \u201cBONE APP\u00c9TIT\u201d sowie eine orangefarbene Version mit einer schwarzen Katzensilhouette. Die einzigartigen und witzigen Designs eignen sich perfekt f\u00fcr Halloween und\/oder Mottopartys.<\/li>\n\n\n\n<li><strong>Kompakt und praktisch:<\/strong> Diese Ramekins in Gro\u00dfpackung haben eine zylindrische Form, sind klein und exquisit und eignen sich f\u00fcr die Zubereitung von Desserts f\u00fcr eine Person oder zur Aufbewahrung kleiner Snacks. Das stapelbare Design spart Platz in der K\u00fcche.<\/li>\n\n\n\n<li><strong>Multifunktionales K\u00fcchenutensil:<\/strong> Diese Keramik-Auflaufformen im Gro\u00dfhandel k\u00f6nnen nicht nur als Formen f\u00fcr Kuchen, Mousse und andere Desserts verwendet werden, sondern auch als Puddingbecher, Salatsch\u00fcsseln und Snackbeh\u00e4lter und bieten somit vielseitige Verwendungsm\u00f6glichkeiten.<\/li>\n\n\n\n<li><strong>Leicht zu reinigen und k\u00fcchentauglich:<\/strong> Diese Keramik-Auflaufformen f\u00fcr den Gro\u00dfhandel verf\u00fcgen \u00fcber glatte Innen- und Au\u00dfenfl\u00e4chen, die leicht zu reinigen und sp\u00fclmaschinen-, mikrowellen- und ofenfest sind, sodass das Erhitzen und Reinigen zum Kinderspiel wird.<\/li>\n<\/ul>\n<\/div>\n\n\n\n<div class=\"wp-block-column is-layout-flow wp-block-column-is-layout-flow\">\n<figure class=\"wp-block-image size-full\"><img decoding=\"async\" width=\"800\" height=\"800\" src=\"https:\/\/www.czqunfa.com\/wp-content\/uploads\/2025\/12\/322-round-ceramic-ramekins-wholesale-with-printed-for-kitchen-use-6.webp\" alt=\"3-Runden-Keramik-Auflaufformen-Gro\u00dfhandel-mit-Aufdruck-f\u00fcr-die-K\u00fcche-6\" class=\"wp-image-1055\" srcset=\"https:\/\/www.czqunfa.com\/wp-content\/uploads\/2025\/12\/322-round-ceramic-ramekins-wholesale-with-printed-for-kitchen-use-6.webp 800w, https:\/\/www.czqunfa.com\/wp-content\/uploads\/2025\/12\/322-round-ceramic-ramekins-wholesale-with-printed-for-kitchen-use-6-300x300.webp 300w, https:\/\/www.czqunfa.com\/wp-content\/uploads\/2025\/12\/322-round-ceramic-ramekins-wholesale-with-printed-for-kitchen-use-6-150x150.webp 150w, https:\/\/www.czqunfa.com\/wp-content\/uploads\/2025\/12\/322-round-ceramic-ramekins-wholesale-with-printed-for-kitchen-use-6-768x768.webp 768w, https:\/\/www.czqunfa.com\/wp-content\/uploads\/2025\/12\/322-round-ceramic-ramekins-wholesale-with-printed-for-kitchen-use-6-600x600.webp 600w, https:\/\/www.czqunfa.com\/wp-content\/uploads\/2025\/12\/322-round-ceramic-ramekins-wholesale-with-printed-for-kitchen-use-6-100x100.webp 100w\" sizes=\"(max-width: 800px) 100vw, 800px\" \/><\/figure>\n<\/div>\n<\/div>\n\n\n\n<figure class=\"wp-block-gallery has-nested-images columns-default is-cropped wp-block-gallery-1 is-layout-flex wp-block-gallery-is-layout-flex\">\n<figure class=\"wp-block-image size-full\"><img decoding=\"async\" width=\"800\" height=\"800\" data-id=\"1051\" src=\"https:\/\/www.czqunfa.com\/wp-content\/uploads\/2025\/12\/322-round-ceramic-ramekins-wholesale-with-printed-for-kitchen-use-2.webp\" alt=\"3-Runden-Keramik-Auflaufformen-Gro\u00dfhandel-mit-Aufdruck-f\u00fcr-die-K\u00fcche-2\" class=\"wp-image-1051\" srcset=\"https:\/\/www.czqunfa.com\/wp-content\/uploads\/2025\/12\/322-round-ceramic-ramekins-wholesale-with-printed-for-kitchen-use-2.webp 800w, https:\/\/www.czqunfa.com\/wp-content\/uploads\/2025\/12\/322-round-ceramic-ramekins-wholesale-with-printed-for-kitchen-use-2-300x300.webp 300w, https:\/\/www.czqunfa.com\/wp-content\/uploads\/2025\/12\/322-round-ceramic-ramekins-wholesale-with-printed-for-kitchen-use-2-150x150.webp 150w, https:\/\/www.czqunfa.com\/wp-content\/uploads\/2025\/12\/322-round-ceramic-ramekins-wholesale-with-printed-for-kitchen-use-2-768x768.webp 768w, https:\/\/www.czqunfa.com\/wp-content\/uploads\/2025\/12\/322-round-ceramic-ramekins-wholesale-with-printed-for-kitchen-use-2-600x600.webp 600w, https:\/\/www.czqunfa.com\/wp-content\/uploads\/2025\/12\/322-round-ceramic-ramekins-wholesale-with-printed-for-kitchen-use-2-100x100.webp 100w\" sizes=\"(max-width: 800px) 100vw, 800px\" \/><\/figure>\n\n\n\n<figure class=\"wp-block-image size-full\"><img decoding=\"async\" width=\"800\" height=\"800\" data-id=\"1053\" src=\"https:\/\/www.czqunfa.com\/wp-content\/uploads\/2025\/12\/322-round-ceramic-ramekins-wholesale-with-printed-for-kitchen-use-4.webp\" alt=\"3-Runden-Keramik-Auflaufformen-Gro\u00dfhandel-mit-Aufdruck-f\u00fcr-die-K\u00fcche-4\" class=\"wp-image-1053\" srcset=\"https:\/\/www.czqunfa.com\/wp-content\/uploads\/2025\/12\/322-round-ceramic-ramekins-wholesale-with-printed-for-kitchen-use-4.webp 800w, https:\/\/www.czqunfa.com\/wp-content\/uploads\/2025\/12\/322-round-ceramic-ramekins-wholesale-with-printed-for-kitchen-use-4-300x300.webp 300w, https:\/\/www.czqunfa.com\/wp-content\/uploads\/2025\/12\/322-round-ceramic-ramekins-wholesale-with-printed-for-kitchen-use-4-150x150.webp 150w, https:\/\/www.czqunfa.com\/wp-content\/uploads\/2025\/12\/322-round-ceramic-ramekins-wholesale-with-printed-for-kitchen-use-4-768x768.webp 768w, https:\/\/www.czqunfa.com\/wp-content\/uploads\/2025\/12\/322-round-ceramic-ramekins-wholesale-with-printed-for-kitchen-use-4-600x600.webp 600w, https:\/\/www.czqunfa.com\/wp-content\/uploads\/2025\/12\/322-round-ceramic-ramekins-wholesale-with-printed-for-kitchen-use-4-100x100.webp 100w\" sizes=\"(max-width: 800px) 100vw, 800px\" \/><\/figure>\n<\/figure>\n\n\n\n<p><\/p>","protected":false},"excerpt":{"rendered":"<p>Willkommen beim Gro\u00dfhandelskauf dieser runden 3-Zoll-Keramik-Auflaufformen. Sie bestehen aus hochwertiger Steingutkeramik, sind robust, langlebig und f\u00fcr die Verwendung in der Mikrowelle, im Backofen und in der Sp\u00fclmaschine geeignet. Die glatte Glasur ist leicht zu reinigen und dank ihrer kompakten Gr\u00f6\u00dfe eignen sie sich ideal f\u00fcr Saucen, Desserts und Backwaren. Individuelle Bedruckung ist m\u00f6glich; diese individuell gestaltbaren Keramik-Auflaufformen sind die ideale Wahl f\u00fcr den Gro\u00dfhandel mit K\u00fcchenutensilien und Gastronomiebedarf.<\/p>\n<h2>Runde Keramik-Auflaufformen Gro\u00dfhandel Parameter<\/h2>\n<table border=\"0\" width=\"328\" cellspacing=\"0\" cellpadding=\"0\">\n<tbody>\n<tr>\n<td width=\"116\" height=\"16\">Hersteller<\/td>\n<td width=\"211\">QUNFA<\/td>\n<\/tr>\n<tr>\n<td width=\"116\" height=\"16\">Produkttyp<\/td>\n<td width=\"211\">Ramequin<\/td>\n<\/tr>\n<tr>\n<td width=\"116\" height=\"16\">Modell-Nr.<\/td>\n<td width=\"211\">22-0161<\/td>\n<\/tr>\n<tr>\n<td width=\"116\" height=\"16\">Material<\/td>\n<td width=\"211\">Steinzeug<\/td>\n<\/tr>\n<tr>\n<td width=\"116\" height=\"16\">Farbe<\/td>\n<td width=\"211\">Schwarz, Orange<\/td>\n<\/tr>\n<tr>\n<td width=\"116\" height=\"16\">Dimension<\/td>\n<td width=\"211\">7,6 \u00d7 7,6 \u00d7 5,1 cm<\/td>\n<\/tr>\n<tr>\n<td width=\"116\" height=\"16\">Mindestbestellmenge<\/td>\n<td width=\"211\">1000 St\u00fcck<\/td>\n<\/tr>\n<tr>\n<td width=\"116\" height=\"16\">Kundenspezifisch<\/td>\n<td width=\"211\">Farbe\/Gr\u00f6\u00dfe\/Logo\/Verpackung\/Form<\/td>\n<\/tr>\n<\/tbody>\n<\/table>","protected":false},"featured_media":1050,"comment_status":"closed","ping_status":"closed","template":"","meta":{"_acf_changed":false},"product_brand":[],"product_cat":[22,29],"product_tag":[],"class_list":{"0":"post-994","1":"product","2":"type-product","3":"status-publish","4":"has-post-thumbnail","6":"product_cat-bakeware-manufacturer","7":"product_cat-wholesale-ramekins","9":"first","10":"instock","11":"shipping-taxable","12":"product-type-simple"},"acf":[],"_links":{"self":[{"href":"https:\/\/www.czqunfa.com\/de\/wp-json\/wp\/v2\/product\/994","targetHints":{"allow":["GET"]}}],"collection":[{"href":"https:\/\/www.czqunfa.com\/de\/wp-json\/wp\/v2\/product"}],"about":[{"href":"https:\/\/www.czqunfa.com\/de\/wp-json\/wp\/v2\/types\/product"}],"replies":[{"embeddable":true,"href":"https:\/\/www.czqunfa.com\/de\/wp-json\/wp\/v2\/comments?post=994"}],"wp:featuredmedia":[{"embeddable":true,"href":"https:\/\/www.czqunfa.com\/de\/wp-json\/wp\/v2\/media\/1050"}],"wp:attachment":[{"href":"https:\/\/www.czqunfa.com\/de\/wp-json\/wp\/v2\/media?parent=994"}],"wp:term":[{"taxonomy":"product_brand","embeddable":true,"href":"https:\/\/www.czqunfa.com\/de\/wp-json\/wp\/v2\/product_brand?post=994"},{"taxonomy":"product_cat","embeddable":true,"href":"https:\/\/www.czqunfa.com\/de\/wp-json\/wp\/v2\/product_cat?post=994"},{"taxonomy":"product_tag","embeddable":true,"href":"https:\/\/www.czqunfa.com\/de\/wp-json\/wp\/v2\/product_tag?post=994"}],"curies":[{"name":"wp","href":"https:\/\/api.w.org\/{rel}","templated":true}]}}