{"id":430,"date":"2025-12-22T08:27:35","date_gmt":"2025-12-22T08:27:35","guid":{"rendered":"https:\/\/www.tongdeceramic.com\/?post_type=product&#038;p=430"},"modified":"2025-12-25T03:32:09","modified_gmt":"2025-12-25T03:32:09","slug":"wholesale-soup-bowls","status":"publish","type":"product","link":"https:\/\/www.czqunfa.com\/de\/produkt\/wholesale-soup-bowls\/","title":{"rendered":"Gro\u00dfhandel Suppensch\u00fcsseln mit zwei Henkeln, Keramiksch\u00fcsseln in Gro\u00dfmengen"},"content":{"rendered":"<div class=\"wp-block-columns is-layout-flex wp-container-core-columns-is-layout-9d6595d7 wp-block-columns-is-layout-flex\">\n<div class=\"wp-block-column is-layout-flow wp-block-column-is-layout-flow\">\n<h2 class=\"wp-block-heading\">Merkmale von Suppensch\u00fcsseln f\u00fcr den Gro\u00dfhandel<\/h2>\n\n\n\n<ul class=\"wp-block-list\">\n<li><strong>Hochwertiges Keramikmaterial:<\/strong> Diese Suppensch\u00fcsseln f\u00fcr den Gro\u00dfhandel sind aus ausgew\u00e4hlter Premium-Keramik gefertigt, robust und langlebig, mit ausgezeichneter Hitze- und K\u00e4ltebest\u00e4ndigkeit und anpassungsf\u00e4hig an verschiedene Temperaturumgebungen.<\/li>\n\n\n\n<li><strong>Leicht zu reinigendes Design:<\/strong> Diese Suppensch\u00fcsseln f\u00fcr den Gro\u00dfhandel haben eine glatte und empfindliche Oberfl\u00e4che; Flecken haften nicht leicht an, sie lassen sich leicht absp\u00fclen und sauber halten und eignen sich sowohl f\u00fcr den t\u00e4glichen Gebrauch zu Hause als auch f\u00fcr den gewerblichen Gebrauch.<\/li>\n\n\n\n<li><strong>Doppelgriff-Design: <\/strong>Diese Suppensch\u00fcsseln f\u00fcr den Gro\u00dfhandel mit ergonomischem Doppelgriffdesign liegen stabil in der Hand und eignen sich besonders f\u00fcr hei\u00dfe Suppen, Eint\u00f6pfe und andere Speisen mit hohen Temperaturen. Sie verbessern die Sicherheit und den Komfort beim Essen.<\/li>\n\n\n\n<li><strong>Multifunktionale Verwendungsm\u00f6glichkeiten:<\/strong> Unsere gro\u00dfen Keramikschalen eignen sich f\u00fcr eine Vielzahl von Anl\u00e4ssen, nicht nur als Suppensch\u00fcssel und Salatsch\u00fcssel, sondern auch f\u00fcr Instant-Nudeln, Desserts usw. und erf\u00fcllen so vielf\u00e4ltige Catering-Anforderungen.<\/li>\n\n\n\n<li><strong>Kompatibel mit K\u00fcchenger\u00e4ten:<\/strong> Unsere ma\u00dfgefertigten Keramikschalen sind sp\u00fclmaschinen-, mikrowellen- und ofenfest, praktisch zum Erw\u00e4rmen, Reinigen und Aufbewahren, verbessern die Benutzerfreundlichkeit und erf\u00fcllen die Anforderungen an die Multifunktionalit\u00e4t moderner K\u00fcchen.<\/li>\n<\/ul>\n<\/div>\n\n\n\n<div class=\"wp-block-column is-layout-flow wp-block-column-is-layout-flow\">\n<figure class=\"wp-block-image size-full\"><img decoding=\"async\" width=\"1000\" height=\"1000\" src=\"https:\/\/www.czqunfa.com\/wp-content\/uploads\/2025\/12\/wholesale-soup-bowls-with-double-handles-ceramic-bowls-bulk-5.webp\" alt=\"Gro\u00dfhandel-Suppensch\u00fcsseln-mit-Doppelhenkeln-Keramiksch\u00fcsseln-Gro\u00dfpackung-5\" class=\"wp-image-596\" srcset=\"https:\/\/www.czqunfa.com\/wp-content\/uploads\/2025\/12\/wholesale-soup-bowls-with-double-handles-ceramic-bowls-bulk-5.webp 1000w, https:\/\/www.czqunfa.com\/wp-content\/uploads\/2025\/12\/wholesale-soup-bowls-with-double-handles-ceramic-bowls-bulk-5-300x300.webp 300w, https:\/\/www.czqunfa.com\/wp-content\/uploads\/2025\/12\/wholesale-soup-bowls-with-double-handles-ceramic-bowls-bulk-5-150x150.webp 150w, https:\/\/www.czqunfa.com\/wp-content\/uploads\/2025\/12\/wholesale-soup-bowls-with-double-handles-ceramic-bowls-bulk-5-768x768.webp 768w, https:\/\/www.czqunfa.com\/wp-content\/uploads\/2025\/12\/wholesale-soup-bowls-with-double-handles-ceramic-bowls-bulk-5-600x600.webp 600w, https:\/\/www.czqunfa.com\/wp-content\/uploads\/2025\/12\/wholesale-soup-bowls-with-double-handles-ceramic-bowls-bulk-5-100x100.webp 100w\" sizes=\"(max-width: 1000px) 100vw, 1000px\" \/><\/figure>\n<\/div>\n<\/div>\n\n\n\n<figure class=\"wp-block-gallery has-nested-images columns-default is-cropped wp-block-gallery-1 is-layout-flex wp-block-gallery-is-layout-flex\">\n<figure class=\"wp-block-image size-full\"><img decoding=\"async\" width=\"1000\" height=\"1000\" data-id=\"595\" src=\"https:\/\/www.czqunfa.com\/wp-content\/uploads\/2025\/12\/wholesale-soup-bowls-with-double-handles-ceramic-bowls-bulk-4.webp\" alt=\"Gro\u00dfhandel-Suppensch\u00fcsseln-mit-Doppelhenkeln-Keramiksch\u00fcsseln-Gro\u00dfpackung-4\" class=\"wp-image-595\" srcset=\"https:\/\/www.czqunfa.com\/wp-content\/uploads\/2025\/12\/wholesale-soup-bowls-with-double-handles-ceramic-bowls-bulk-4.webp 1000w, https:\/\/www.czqunfa.com\/wp-content\/uploads\/2025\/12\/wholesale-soup-bowls-with-double-handles-ceramic-bowls-bulk-4-300x300.webp 300w, https:\/\/www.czqunfa.com\/wp-content\/uploads\/2025\/12\/wholesale-soup-bowls-with-double-handles-ceramic-bowls-bulk-4-150x150.webp 150w, https:\/\/www.czqunfa.com\/wp-content\/uploads\/2025\/12\/wholesale-soup-bowls-with-double-handles-ceramic-bowls-bulk-4-768x768.webp 768w, https:\/\/www.czqunfa.com\/wp-content\/uploads\/2025\/12\/wholesale-soup-bowls-with-double-handles-ceramic-bowls-bulk-4-600x600.webp 600w, https:\/\/www.czqunfa.com\/wp-content\/uploads\/2025\/12\/wholesale-soup-bowls-with-double-handles-ceramic-bowls-bulk-4-100x100.webp 100w\" sizes=\"(max-width: 1000px) 100vw, 1000px\" \/><\/figure>\n\n\n\n<figure class=\"wp-block-image size-full\"><img decoding=\"async\" width=\"1000\" height=\"1000\" data-id=\"593\" src=\"https:\/\/www.czqunfa.com\/wp-content\/uploads\/2025\/12\/wholesale-soup-bowls-with-double-handles-ceramic-bowls-bulk-2.webp\" alt=\"Gro\u00dfhandel-Suppensch\u00fcsseln-mit-Doppelhenkeln-Keramiksch\u00fcsseln-Gro\u00dfpackung-2\" class=\"wp-image-593\" srcset=\"https:\/\/www.czqunfa.com\/wp-content\/uploads\/2025\/12\/wholesale-soup-bowls-with-double-handles-ceramic-bowls-bulk-2.webp 1000w, https:\/\/www.czqunfa.com\/wp-content\/uploads\/2025\/12\/wholesale-soup-bowls-with-double-handles-ceramic-bowls-bulk-2-300x300.webp 300w, https:\/\/www.czqunfa.com\/wp-content\/uploads\/2025\/12\/wholesale-soup-bowls-with-double-handles-ceramic-bowls-bulk-2-150x150.webp 150w, https:\/\/www.czqunfa.com\/wp-content\/uploads\/2025\/12\/wholesale-soup-bowls-with-double-handles-ceramic-bowls-bulk-2-768x768.webp 768w, https:\/\/www.czqunfa.com\/wp-content\/uploads\/2025\/12\/wholesale-soup-bowls-with-double-handles-ceramic-bowls-bulk-2-600x600.webp 600w, https:\/\/www.czqunfa.com\/wp-content\/uploads\/2025\/12\/wholesale-soup-bowls-with-double-handles-ceramic-bowls-bulk-2-100x100.webp 100w\" sizes=\"(max-width: 1000px) 100vw, 1000px\" \/><\/figure>\n<\/figure>\n\n\n\n<p><\/p>","protected":false},"excerpt":{"rendered":"<p>Willkommen beim Kauf dieser stapelbaren Suppensch\u00fcsseln mit einem Fassungsverm\u00f6gen von 20 oz, die mit doppelten Henkeln aus strapazierf\u00e4higem Steingut ausgestattet sind und sich durch hervorragende Hitzebest\u00e4ndigkeit und Langlebigkeit auszeichnen. Die Sch\u00fcsseln sind mit einer glatten Glasur versehen, sodass sie sich leicht reinigen lassen und f\u00fcr Suppen, Nudeln, Eint\u00f6pfe, Salate usw. geeignet sind. Sie eignen sich auch gut f\u00fcr den Gro\u00dfhandel, Restaurants, Hotels, Catering und alle anderen Arten der gewerblichen Nutzung.<\/p>\n<h2>Gro\u00dfhandel Suppensch\u00fcsseln Parameter<\/h2>\n<table border=\"0\" width=\"328\" cellspacing=\"0\" cellpadding=\"0\">\n<tbody>\n<tr>\n<td width=\"116\" height=\"16\">Hersteller<\/td>\n<td width=\"211\">QUNFA<\/td>\n<\/tr>\n<tr>\n<td width=\"116\" height=\"16\">Produkttyp<\/td>\n<td width=\"211\">Suppensch\u00fcssel<\/td>\n<\/tr>\n<tr>\n<td width=\"116\" height=\"16\">Modell-Nr.<\/td>\n<td width=\"211\">QF22-116<\/td>\n<\/tr>\n<tr>\n<td width=\"116\" height=\"16\">Material<\/td>\n<td width=\"211\">Steinzeug<\/td>\n<\/tr>\n<tr>\n<td width=\"116\" height=\"31\">Farbe<\/td>\n<td width=\"211\">Wei\u00df, Karamellfarben, Waldgr\u00fcn, Traubenfarben, Schwarz, Marineblau<\/td>\n<\/tr>\n<tr>\n<td width=\"116\" height=\"16\">Dimension<\/td>\n<td width=\"211\">19,1 \u00d7 13,4 \u00d7 6,3 cm<\/td>\n<\/tr>\n<tr>\n<td width=\"116\" height=\"16\">Mindestbestellmenge<\/td>\n<td width=\"211\">1000 St\u00fcck<\/td>\n<\/tr>\n<tr>\n<td width=\"116\" height=\"16\">Kundenspezifisch<\/td>\n<td width=\"211\">Farbe\/Gr\u00f6\u00dfe\/Logo\/Verpackung\/Form<\/td>\n<\/tr>\n<\/tbody>\n<\/table>","protected":false},"featured_media":594,"comment_status":"closed","ping_status":"closed","template":"","meta":{"_acf_changed":false},"product_brand":[],"product_cat":[20,36],"product_tag":[],"class_list":{"0":"post-430","1":"product","2":"type-product","3":"status-publish","4":"has-post-thumbnail","6":"product_cat-dinnerware-supplier","7":"product_cat-ceramic-bowl-supplier","9":"first","10":"instock","11":"shipping-taxable","12":"product-type-simple"},"acf":[],"_links":{"self":[{"href":"https:\/\/www.czqunfa.com\/de\/wp-json\/wp\/v2\/product\/430","targetHints":{"allow":["GET"]}}],"collection":[{"href":"https:\/\/www.czqunfa.com\/de\/wp-json\/wp\/v2\/product"}],"about":[{"href":"https:\/\/www.czqunfa.com\/de\/wp-json\/wp\/v2\/types\/product"}],"replies":[{"embeddable":true,"href":"https:\/\/www.czqunfa.com\/de\/wp-json\/wp\/v2\/comments?post=430"}],"wp:featuredmedia":[{"embeddable":true,"href":"https:\/\/www.czqunfa.com\/de\/wp-json\/wp\/v2\/media\/594"}],"wp:attachment":[{"href":"https:\/\/www.czqunfa.com\/de\/wp-json\/wp\/v2\/media?parent=430"}],"wp:term":[{"taxonomy":"product_brand","embeddable":true,"href":"https:\/\/www.czqunfa.com\/de\/wp-json\/wp\/v2\/product_brand?post=430"},{"taxonomy":"product_cat","embeddable":true,"href":"https:\/\/www.czqunfa.com\/de\/wp-json\/wp\/v2\/product_cat?post=430"},{"taxonomy":"product_tag","embeddable":true,"href":"https:\/\/www.czqunfa.com\/de\/wp-json\/wp\/v2\/product_tag?post=430"}],"curies":[{"name":"wp","href":"https:\/\/api.w.org\/{rel}","templated":true}]}}